{"id":90694,"date":"2026-05-14T09:05:03","date_gmt":"2026-05-14T09:05:03","guid":{"rendered":"https:\/\/hummy.ee\/?post_type=product&#038;p=90694"},"modified":"2026-05-14T09:05:03","modified_gmt":"2026-05-14T09:05:03","slug":"abc-design-sierra-3in1-ratu-komplekts","status":"publish","type":"product","link":"https:\/\/hummy.ee\/lv\/product\/abc-design-sierra-3in1-ratu-komplekts\/","title":{"rendered":"ABC Design Sierra 3in1 ratu komplekts"},"content":{"rendered":"<h6><strong><em>Ieslodz\u012bto komplekt\u0101 ietilpst:<\/em><\/strong><\/h6>\n<ul data-start=\"618\" data-end=\"796\">\n<li>\n<h6>Ratu kulba<\/h6>\n<\/li>\n<li>\n<h6>S\u0113dek\u013ca da\u013ca<\/h6>\n<\/li>\n<li>\n<h6>Dro\u0161\u012bbas \u0161\u016bpulis Tulip<\/h6>\n<\/li>\n<li>\n<h6>Ma\u0161\u012bnas s\u0113dekl\u012b\u0161a adapteri<\/h6>\n<\/li>\n<\/ul>\n<h6 data-pm-slice=\"1 1 []\"><strong><em>K\u0101p\u0113c izv\u0113l\u0113ties Sierra ratu komplektu?<\/em><\/strong><\/h6>\n<ul data-start=\"1045\" data-end=\"1715\">\n<li style=\"list-style-type: none;\" data-section-id=\"103r88t\" data-start=\"1045\" data-end=\"1100\">\n<ul>\n<li data-section-id=\"2cppeg\" data-start=\"686\" data-end=\"762\">\n<h6>3-in-1 ratu komplekts: kulba, s\u0113\u017eam\u0101 da\u013ca, i-Size autos\u0113dekl\u012btis un adapteri<\/h6>\n<\/li>\n<li data-section-id=\"1ebm3yd\" data-start=\"763\" data-end=\"811\">\n<h6>Ilgs lieto\u0161anas laiks: no dzim\u0161anas l\u012bdz 4 gadu vecumam<\/h6>\n<\/li>\n<li data-section-id=\"14cy5e1\" data-start=\"812\" data-end=\"884\">\n<h6>Maksim\u0101la dro\u0161\u012bba: i-Size (ECE R129) autos\u0113dekl\u012btis ar s\u0101nu aizsardz\u012bbu<\/h6>\n<\/li>\n<li data-section-id=\"fjyjx0\" data-start=\"885\" data-end=\"960\">\n<h6>Komforts mazulim: gu\u013cus poz\u012bcija, ventil\u0101cija un UV50+ saules aizsardz\u012bba<\/h6>\n<\/li>\n<li data-section-id=\"10ge8tc\" data-start=\"961\" data-end=\"1036\">\n<h6>Elast\u012bga lieto\u0161ana: revers\u012bvs s\u0113deklis (ar skatu uz priek\u0161u vai pret vec\u0101kiem)<\/h6>\n<\/li>\n<li data-section-id=\"mk4awk\" data-start=\"1037\" data-end=\"1095\">\n<h6>Kompakta saloc\u012b\u0161ana: ide\u0101li piem\u0113rots maz\u0101kai automa\u0161\u012bnai<\/h6>\n<\/li>\n<li data-section-id=\"16tdtfx\" data-start=\"1096\" data-end=\"1169\">\n<h6>Vienm\u0113r\u012bga brauk\u0161ana uz jebkura seguma: lieli, pret caurdur\u0161anu iztur\u012bgi rite\u0146i un amortiz\u0101cija<\/h6>\n<\/li>\n<\/ul>\n<\/li>\n<\/ul>\n<h6 data-section-id=\"c0oefk\" data-start=\"1722\" data-end=\"1781\"><em><span role=\"text\"><strong data-start=\"1726\" data-end=\"1781\">Salok\u0101ma kulba ar komfortu un ventil\u0101ciju<\/strong><\/span><\/em><\/h6>\n<h6 data-start=\"1783\" data-end=\"1955\">Pirmajos m\u0113ne\u0161os izmanto lielo kulbu, kas nodro\u0161ina dro\u0161u un \u0113rtu gu\u013cvietu jaundzimu\u0161ajam un pareizu gul\u0113\u0161anas poz\u012bciju l\u012bdz apm\u0113ram 6\u20139 m\u0113ne\u0161u vecumam. Pagarin\u0101mais UV50+ saules aizsargs pasarg\u0101 b\u0113rnu no saules, savuk\u0101rt divi ventil\u0101cijas un skat\u012b\u0161an\u0101s lodzi\u0146i nodro\u0161ina labu gaisa cirkul\u0101ciju.<br \/>Matracim ir m\u012bksta un paaugstin\u0101ta aizsargmala, kas notur mazu\u013ca galvu dro\u0161\u0101 att\u0101lum\u0101 no ventil\u0101cijas atver\u0113m. Pateicoties integr\u0113taj\u0101m atmi\u0146as pog\u0101m, kulbu var viegli no\u0146emt no r\u0101mja ar vienu roku, kas ir \u012bpa\u0161i \u0113rti ikdienas lieto\u0161an\u0101. Ar\u012b saloc\u012b\u0161ana ir \u0101tra un vienk\u0101r\u0161a.     <\/h6>\n<p>&nbsp;<\/p>\n<h6 data-section-id=\"bl2ng7\" data-start=\"2364\" data-end=\"2428\"><em><span role=\"text\"><strong data-start=\"2368\" data-end=\"2428\">Ide\u0101li s\u0113d\u0113\u0161anai: groz\u0101ms s\u0113deklis ar gu\u013cus poz\u012bciju<\/strong><\/span><\/em><\/h6>\n<h6 data-start=\"2430\" data-end=\"2513\">Kad b\u0113rns s\u0101k patst\u0101v\u012bgi s\u0113d\u0113t, var p\u0101riet uz komplekt\u0101 iek\u013cauto s\u0113\u017eamo da\u013cu. S\u0113dekli var ar vienu klik\u0161\u0137i pagriezt \u2014 b\u0113rns var braukt gan ar skatu pret tevi, gan uz priek\u0161u, p\u0113tot pasauli.<br \/>Atzveltne ir regul\u0113jama tr\u012bs poz\u012bcij\u0101s: s\u0113dus, atp\u016btas un piln\u012bgi gu\u013cus poz\u012bcij\u0101. Kop\u0101 ar regul\u0113jamu k\u0101ju balstu tas nodro\u0161ina maksim\u0101lu komfortu gan s\u0113\u017eot, gan gu\u013cot.<br \/>Pagarin\u0101mais UV50+ saules aizsargs un ventil\u0101cijas logi nodro\u0161ina pat\u012bkamu klimatu ar\u012b silt\u0101s dien\u0101s.    <\/h6>\n<h6 data-start=\"2924\" data-end=\"2968\">Dro\u0161\u012bbu nodro\u0161ina 5 punktu dro\u0161\u012bbas jostu sist\u0113ma.<\/p>\n<\/h6>\n<p>&nbsp;<\/p>\n<h6 data-section-id=\"4x3spg\" data-start=\"2975\" data-end=\"3027\"><em><span role=\"text\"><strong data-start=\"2979\" data-end=\"3027\">i-Size autos\u0113dekl\u012btis maksim\u0101lai dro\u0161\u012bbai<\/strong><\/span><\/em><\/h6>\n<h6 data-start=\"3029\" data-end=\"3138\">Komplekt\u0101 iek\u013cautais ABC Design Tulip i-Size autos\u0113dekl\u012btis ir piem\u0113rots jaundzimu\u0161ajiem l\u012bdz apm\u0113ram 15 m\u0113ne\u0161u vecumam (45\u201385 cm).<\/h6>\n<h6 data-start=\"3140\" data-end=\"3342\">Tas atbilst ECE R129 (i-Size) standartam un ir apr\u012bkots ar s\u0101nu triecienu aizsardz\u012bbu un polster\u0113tu 3 punktu dro\u0161\u012bbas jostu. Iz\u0146emamais ieliktnis, regul\u0113jamais galvas balsts un piel\u0101gojamie spilventi\u0146i aug kop\u0101 ar b\u0113rnu.<br \/>Ar komplekt\u0101 iek\u013cauto adapteru pal\u012bdz\u012bbu autos\u0113dekl\u012bti var viegli piestiprin\u0101t pie ratiem, neiztrauc\u0113jot b\u0113rna miegu. Autos\u0113dekl\u012bti automa\u0161\u012bn\u0101 var nostiprin\u0101t ar dro\u0161\u012bbas jostu vai k\u0101 papildapr\u012bkojumu izmantot 360\u00b0 groz\u0101mo Isofix <a href=\"https:\/\/hummy.ee\/lv\/?attachment_id=1148\" target=\"_blank\" rel=\"noopener\">Base Root<\/a> pamatni.   <\/h6>\n<p>&nbsp;<\/p>\n<h6 data-section-id=\"n0en0u\" data-start=\"3562\" data-end=\"3619\"><em><span role=\"text\"><strong data-start=\"3566\" data-end=\"3619\">Kompakts un praktisks ikdienas lieto\u0161anai<\/strong><\/span><\/em><\/h6>\n<h6 data-start=\"3621\" data-end=\"3702\">Sierra rati \u0101tri un viegli salok\u0101s kompakti \u2014 ar\u012b ar s\u0113\u017eamo da\u013cu. Ar divu pogu nospie\u0161anu ratus var saloc\u012bt un \u0113rti ievietot automa\u0161\u012bn\u0101 vai izmantot sabiedriskaj\u0101 transport\u0101. Lieli, pret caurdur\u0161anu iztur\u012bgi rite\u0146i, gult\u0146i un amortiz\u0101cija nodro\u0161ina vienm\u0113r\u012bgu brauk\u0161anu gan uz asfalta, bru\u0123a, gan me\u017ea tak\u0101m.<br \/>Priek\u0161\u0113jos rite\u0146us nepiecie\u0161am\u012bbas gad\u012bjum\u0101 var blo\u0137\u0113t nel\u012bdzen\u0101 reljef\u0101 vai atst\u0101t 360\u00b0 groz\u0101mus, lai pils\u0113t\u0101 b\u016btu viegl\u0101k manevr\u0113t. St\u0101vbremze nodro\u0161ina stabilit\u0101ti, un regul\u0113jamais rokturis piel\u0101gojas j\u016bsu augumam, lai stum\u0161ana b\u016btu \u0113rta un saudz\u012bga mugurai.    <\/h6>\n<p>&nbsp;<\/p>\n<h6 data-section-id=\"r9i5xw\" data-start=\"4166\" data-end=\"4219\"><em><span role=\"text\"><strong data-start=\"4170\" data-end=\"4219\">Pla\u0161a uzglab\u0101\u0161anas vieta un praktiski aksesu\u0101ri<\/strong><\/span><\/em><\/h6>\n<h6 data-start=\"4221\" data-end=\"4308\">Ietilp\u012bgs un iztur\u012bgs iepirkumu grozs \u013cauj \u0113rti pa\u0146emt l\u012bdzi visu nepiecie\u0161amo, dodoties \u0101r\u0101 ar mazuli. Univers\u0101lie stiprin\u0101juma punkti nodro\u0161ina, ka visi piederumi \u2014 auti\u0146biks\u012b\u0161u soma, kr\u016bzes tur\u0113t\u0101js vai lampa \u2014 dro\u0161i un \u0113rti piestiprin\u0101mi pie ratiem. <\/h6>\n<p>&nbsp;<\/p>\n<h6 data-section-id=\"1s2u894\" data-start=\"334\" data-end=\"359\"><em><span role=\"text\"><strong data-start=\"338\" data-end=\"359\">Tehniskie dati<\/strong><\/span><\/em><\/h6>\n<ul data-start=\"361\" data-end=\"872\">\n<li data-section-id=\"wjycj7\" data-start=\"361\" data-end=\"412\">\n<h6>Stumjamais rokturis: regul\u0113jams<\/h6>\n<\/li>\n<li data-section-id=\"102lawz\" data-start=\"413\" data-end=\"444\">\n<h6>Roktura augstums: 75\u2013108 cm<\/h6>\n<\/li>\n<li data-section-id=\"bdanlg\" data-start=\"445\" data-end=\"489\">\n<h6>Saloc\u012b\u0161ana: salok\u0101ms ar ab\u0101m rok\u0101m<\/h6>\n<\/li>\n<li data-section-id=\"98ocy6\" data-start=\"491\" data-end=\"539\">\n<h6>Rite\u0146i: pilngumijas rite\u0146i<\/h6>\n<\/li>\n<li data-section-id=\"1c473jk\" data-start=\"540\" data-end=\"614\">\n<h6>Rite\u0146u izm\u0113rs:<\/h6>\n<ul data-start=\"566\" data-end=\"614\">\n<li data-section-id=\"1dsv632\" data-start=\"566\" data-end=\"588\">\n<h6>Priek\u0161\u0113jie rite\u0146i: 20,5 cm<\/h6>\n<\/li>\n<li data-section-id=\"1s9l8i7\" data-start=\"591\" data-end=\"614\">\n<h6>Aizmugur\u0113jie rite\u0146i: 28,0 cm<\/h6>\n<\/li>\n<\/ul>\n<\/li>\n<li data-section-id=\"15seiwh\" data-start=\"615\" data-end=\"689\">\n<h6>Amortiz\u0101cija: individu\u0101la amortiz\u0101cija katram ritenim + papildu amortiz\u0101cija aizmugur\u0113jai asij<\/h6>\n<\/li>\n<li data-section-id=\"ndbmvq\" data-start=\"690\" data-end=\"730\">\n<h6>Bremzes: ar k\u0101ju vad\u0101ma st\u0101vbremze<\/h6>\n<\/li>\n<li data-section-id=\"5exlph\" data-start=\"732\" data-end=\"792\">\n<h6>S\u0113dek\u013ca virziens: groz\u0101ms<\/h6>\n<\/li>\n<li data-section-id=\"1p77j9e\" data-start=\"793\" data-end=\"844\">\n<h6>Atzveltne: 3 poz\u012bcijas<\/h6>\n<\/li>\n<li data-section-id=\"1wxoqnc\" data-start=\"845\" data-end=\"872\">\n<h6>K\u0101ju balsts: 3 poz\u012bcijas<\/h6>\n<\/li>\n<li>\n<h6>Svars:<\/h6>\n<ul data-start=\"566\" data-end=\"614\">\n<li data-section-id=\"1dsv632\" data-start=\"566\" data-end=\"588\">\n<h6>Ar s\u0113\u017eamo da\u013cu: 12,8 kg<\/h6>\n<\/li>\n<li data-section-id=\"1s9l8i7\" data-start=\"591\" data-end=\"614\">\n<h6>Ar kulbu: 11,7 kg<\/h6>\n<\/li>\n<\/ul>\n<\/li>\n<\/ul>\n<p>&nbsp;<\/p>\n<h6><em>Sierra ratu komplekts \u2013 apskati tuv\u0101k prezent\u0101cijas <a href=\"https:\/\/www.youtube.com\/watch?v=4hgFAOlZIO0\" target=\"_blank\" rel=\"noopener\">video<\/a>.<\/em><\/h6>\n<h6><em>Tulip autokr\u0113sli\u0146\u0161 - uzziniet vair\u0101k iepaz\u012b\u0161an\u0101s <a href=\"https:\/\/www.youtube.com\/watch?v=tzVPv3UReXk\">video.<\/a><\/em><\/h6>\n<p>&nbsp;<\/p>\n<h6 class=\"wp-block-column\"><em>Pareizie rite\u0146i padara b\u0113rnu rati\u0146u lieto\u0161anu daudz \u0113rt\u0101ku! Uzziniet, k\u0101 izv\u0113l\u0113ties sev piem\u0113rot\u0101ko risin\u0101jumu, Hummy <a href=\"https:\/\/hummy.ee\/lv\/kuru-bernu-ratinus-ar-riteniem-izveleties\/\" target=\"_blank\" rel=\"nofollow noopener\">blog\u0101.<\/a> <\/em><\/h6>\n","protected":false},"excerpt":{"rendered":"<h6 data-start=\"102\" data-end=\"176\">Sierra 3-in-1 ratu komplekts nodro\u0161ina visu nepiecie\u0161amo \u0113rtai un dro\u0161ai p\u0101rvieto\u0161anai kop\u0101 ar mazuli jau no pirmaj\u0101m dien\u0101m. Komplekt\u0101 ietilpst kulba, s\u0113\u017eam\u0101 da\u013ca, i-Size autos\u0113dekl\u012btis Tulip un adapteri \u2014 ide\u0101ls risin\u0101jums gan pastaig\u0101m, gan braucieniem ar automa\u0161\u012bnu.<br \/>Rati aug kop\u0101 ar b\u0113rnu un ir piem\u0113roti lieto\u0161anai no dzim\u0161anas l\u012bdz 4 gadu   vecumam. Pateicoties gudram dizainam, to var izmantot gan k\u0101 klasisku ratu komplektu, gan k\u0101 praktisku ce\u013co\u0161anas sist\u0113mu.<\/h6>\n","protected":false},"featured_media":90203,"comment_status":"open","ping_status":"closed","template":"","meta":{"_acf_changed":false,"om_disable_all_campaigns":false,"_monsterinsights_skip_tracking":false,"_monsterinsights_sitenote_active":false,"_monsterinsights_sitenote_note":"","_monsterinsights_sitenote_category":0,"_uf_show_specific_survey":0,"_uf_disable_surveys":false,"site-sidebar-layout":"default","site-content-layout":"","ast-site-content-layout":"default","site-content-style":"default","site-sidebar-style":"default","ast-global-header-display":"","ast-banner-title-visibility":"","ast-main-header-display":"","ast-hfb-above-header-display":"","ast-hfb-below-header-display":"","ast-hfb-mobile-header-display":"","site-post-title":"","ast-breadcrumbs-content":"","ast-featured-img":"","footer-sml-layout":"","theme-transparent-header-meta":"default","adv-header-id-meta":"","stick-header-meta":"","header-above-stick-meta":"","header-main-stick-meta":"","header-below-stick-meta":"","astra-migrate-meta-layouts":"set","ast-page-background-enabled":"default","ast-page-background-meta":{"desktop":{"background-color":"var(--ast-global-color-4)","background-image":"","background-repeat":"repeat","background-position":"center center","background-size":"auto","background-attachment":"scroll","background-type":"","background-media":"","overlay-type":"","overlay-color":"","overlay-opacity":"","overlay-gradient":""},"tablet":{"background-color":"","background-image":"","background-repeat":"repeat","background-position":"center center","background-size":"auto","background-attachment":"scroll","background-type":"","background-media":"","overlay-type":"","overlay-color":"","overlay-opacity":"","overlay-gradient":""},"mobile":{"background-color":"","background-image":"","background-repeat":"repeat","background-position":"center center","background-size":"auto","background-attachment":"scroll","background-type":"","background-media":"","overlay-type":"","overlay-color":"","overlay-opacity":"","overlay-gradient":""}},"ast-content-background-meta":{"desktop":{"background-color":"var(--ast-global-color-5)","background-image":"","background-repeat":"repeat","background-position":"center center","background-size":"auto","background-attachment":"scroll","background-type":"","background-media":"","overlay-type":"","overlay-color":"","overlay-opacity":"","overlay-gradient":""},"tablet":{"background-color":"var(--ast-global-color-5)","background-image":"","background-repeat":"repeat","background-position":"center center","background-size":"auto","background-attachment":"scroll","background-type":"","background-media":"","overlay-type":"","overlay-color":"","overlay-opacity":"","overlay-gradient":""},"mobile":{"background-color":"var(--ast-global-color-5)","background-image":"","background-repeat":"repeat","background-position":"center center","background-size":"auto","background-attachment":"scroll","background-type":"","background-media":"","overlay-type":"","overlay-color":"","overlay-opacity":"","overlay-gradient":""}}},"product_brand":[],"product_cat":[526,511,432,320],"product_tag":[],"class_list":{"0":"post-90694","1":"product","2":"type-product","3":"status-publish","4":"has-post-thumbnail","6":"product_cat-abc-dizains","7":"product_cat-jauni-produkti","8":"product_cat-cisternu","9":"product_cat-uncategorized-lv","10":"desktop-align-left","11":"tablet-align-left","12":"mobile-align-left","14":"first","15":"instock","16":"taxable","17":"shipping-taxable","18":"purchasable","19":"product-type-variable"},"acf":[],"aioseo_notices":[],"_links":{"self":[{"href":"https:\/\/hummy.ee\/lv\/wp-json\/wp\/v2\/product\/90694","targetHints":{"allow":["GET"]}}],"collection":[{"href":"https:\/\/hummy.ee\/lv\/wp-json\/wp\/v2\/product"}],"about":[{"href":"https:\/\/hummy.ee\/lv\/wp-json\/wp\/v2\/types\/product"}],"replies":[{"embeddable":true,"href":"https:\/\/hummy.ee\/lv\/wp-json\/wp\/v2\/comments?post=90694"}],"version-history":[{"count":1,"href":"https:\/\/hummy.ee\/lv\/wp-json\/wp\/v2\/product\/90694\/revisions"}],"predecessor-version":[{"id":90934,"href":"https:\/\/hummy.ee\/lv\/wp-json\/wp\/v2\/product\/90694\/revisions\/90934"}],"wp:featuredmedia":[{"embeddable":true,"href":"https:\/\/hummy.ee\/lv\/wp-json\/wp\/v2\/media\/90203"}],"wp:attachment":[{"href":"https:\/\/hummy.ee\/lv\/wp-json\/wp\/v2\/media?parent=90694"}],"wp:term":[{"taxonomy":"product_brand","embeddable":true,"href":"https:\/\/hummy.ee\/lv\/wp-json\/wp\/v2\/product_brand?post=90694"},{"taxonomy":"product_cat","embeddable":true,"href":"https:\/\/hummy.ee\/lv\/wp-json\/wp\/v2\/product_cat?post=90694"},{"taxonomy":"product_tag","embeddable":true,"href":"https:\/\/hummy.ee\/lv\/wp-json\/wp\/v2\/product_tag?post=90694"}],"curies":[{"name":"wp","href":"https:\/\/api.w.org\/{rel}","templated":true}]}}