{"id":85531,"date":"2026-03-03T19:16:31","date_gmt":"2026-03-03T19:16:31","guid":{"rendered":"https:\/\/hummy.ee\/product\/mamoa-divkarsie-un-dvinu-savienotaji\/"},"modified":"2026-03-04T10:26:44","modified_gmt":"2026-03-04T10:26:44","slug":"mamoa-divkarsie-un-dvinu-savienotaji","status":"publish","type":"product","link":"https:\/\/hummy.ee\/lv\/product\/mamoa-divkarsie-un-dvinu-savienotaji\/","title":{"rendered":"Mamoa divk\u0101r\u0161ie un dv\u012b\u0146u savienot\u0101ji"},"content":{"rendered":"<h6>Divk\u0101r\u0161ie un dv\u012b\u0146u savienot\u0101ji padara ikdienas p\u0101rvieto\u0161anos ar diviem b\u0113rniem vienk\u0101r\u0161u, \u0113rtu un dro\u0161u \u2013 gan dodoties uz veikalu, pastaig\u0101, gan ce\u013cojum\u0101. Rati\u0146us var saloc\u012bt uzglab\u0101\u0161anai vai transport\u0113\u0161anai, un adapteri paliek piestiprin\u0101ti, padarot to lieto\u0161anu v\u0113l \u0113rt\u0101ku.<\/h6>\n<p>&nbsp;<\/p>\n<h6><em><strong>Sader\u012bba:<\/strong><\/em><\/h6>\n<ul>\n<li>\n<h6>Mamoa ratini M1<\/h6>\n<\/li>\n<li>\n<h6>Mamoa ratini TS1<\/h6>\n<\/li>\n<\/ul>\n","protected":false},"excerpt":{"rendered":"<h6 data-start=\"281\" data-end=\"575\">Vai jums ir dv\u012b\u0146i vai divi mazi b\u0113rni? Mamoa Twin\/Duo divk\u0101r\u0161ie un dv\u012b\u0146u savienot\u0101ji ir neaizvietojams piederums, ja v\u0113laties savienot divus Mamoa rati\u0146us. Ar komplektu, kas sast\u0101v no trim skav\u0101m, varat \u0101tri un \u0113rti savienot divus Mamoa rati\u0146us. V\u0113laties p\u0101rvietoties atsevi\u0161\u0137i? Nav probl\u0113mu \u2013 tr\u012bs savienot\u0101ju skavas var no\u0146emt da\u017e\u0101s sekund\u0113s, un turpin\u0101t ce\u013cu ar diviem atsevi\u0161\u0137iem rati\u0146iem.<\/h6>\n","protected":false},"featured_media":85484,"comment_status":"open","ping_status":"closed","template":"","meta":{"_acf_changed":false,"om_disable_all_campaigns":false,"_monsterinsights_skip_tracking":false,"_monsterinsights_sitenote_active":false,"_monsterinsights_sitenote_note":"","_monsterinsights_sitenote_category":0,"_uf_show_specific_survey":0,"_uf_disable_surveys":false,"site-sidebar-layout":"default","site-content-layout":"","ast-site-content-layout":"default","site-content-style":"default","site-sidebar-style":"default","ast-global-header-display":"","ast-banner-title-visibility":"","ast-main-header-display":"","ast-hfb-above-header-display":"","ast-hfb-below-header-display":"","ast-hfb-mobile-header-display":"","site-post-title":"","ast-breadcrumbs-content":"","ast-featured-img":"","footer-sml-layout":"","theme-transparent-header-meta":"default","adv-header-id-meta":"","stick-header-meta":"","header-above-stick-meta":"","header-main-stick-meta":"","header-below-stick-meta":"","astra-migrate-meta-layouts":"set","ast-page-background-enabled":"default","ast-page-background-meta":{"desktop":{"background-color":"var(--ast-global-color-4)","background-image":"","background-repeat":"repeat","background-position":"center center","background-size":"auto","background-attachment":"scroll","background-type":"","background-media":"","overlay-type":"","overlay-color":"","overlay-opacity":"","overlay-gradient":""},"tablet":{"background-color":"","background-image":"","background-repeat":"repeat","background-position":"center center","background-size":"auto","background-attachment":"scroll","background-type":"","background-media":"","overlay-type":"","overlay-color":"","overlay-opacity":"","overlay-gradient":""},"mobile":{"background-color":"","background-image":"","background-repeat":"repeat","background-position":"center center","background-size":"auto","background-attachment":"scroll","background-type":"","background-media":"","overlay-type":"","overlay-color":"","overlay-opacity":"","overlay-gradient":""}},"ast-content-background-meta":{"desktop":{"background-color":"var(--ast-global-color-5)","background-image":"","background-repeat":"repeat","background-position":"center center","background-size":"auto","background-attachment":"scroll","background-type":"","background-media":"","overlay-type":"","overlay-color":"","overlay-opacity":"","overlay-gradient":""},"tablet":{"background-color":"var(--ast-global-color-5)","background-image":"","background-repeat":"repeat","background-position":"center center","background-size":"auto","background-attachment":"scroll","background-type":"","background-media":"","overlay-type":"","overlay-color":"","overlay-opacity":"","overlay-gradient":""},"mobile":{"background-color":"var(--ast-global-color-5)","background-image":"","background-repeat":"repeat","background-position":"center center","background-size":"auto","background-attachment":"scroll","background-type":"","background-media":"","overlay-type":"","overlay-color":"","overlay-opacity":"","overlay-gradient":""}}},"product_brand":[],"product_cat":[372,322,511,1373],"product_tag":[],"class_list":{"0":"post-85531","1":"product","2":"type-product","3":"status-publish","4":"has-post-thumbnail","6":"product_cat-adapteri","7":"product_cat-apgriesanas-piederumi","8":"product_cat-jauni-produkti","9":"product_cat-mamoa","10":"desktop-align-left","11":"tablet-align-left","12":"mobile-align-left","14":"first","15":"instock","16":"taxable","17":"shipping-taxable","18":"purchasable","19":"product-type-simple"},"acf":[],"aioseo_notices":[],"_links":{"self":[{"href":"https:\/\/hummy.ee\/lv\/wp-json\/wp\/v2\/product\/85531","targetHints":{"allow":["GET"]}}],"collection":[{"href":"https:\/\/hummy.ee\/lv\/wp-json\/wp\/v2\/product"}],"about":[{"href":"https:\/\/hummy.ee\/lv\/wp-json\/wp\/v2\/types\/product"}],"replies":[{"embeddable":true,"href":"https:\/\/hummy.ee\/lv\/wp-json\/wp\/v2\/comments?post=85531"}],"version-history":[{"count":1,"href":"https:\/\/hummy.ee\/lv\/wp-json\/wp\/v2\/product\/85531\/revisions"}],"predecessor-version":[{"id":85538,"href":"https:\/\/hummy.ee\/lv\/wp-json\/wp\/v2\/product\/85531\/revisions\/85538"}],"wp:featuredmedia":[{"embeddable":true,"href":"https:\/\/hummy.ee\/lv\/wp-json\/wp\/v2\/media\/85484"}],"wp:attachment":[{"href":"https:\/\/hummy.ee\/lv\/wp-json\/wp\/v2\/media?parent=85531"}],"wp:term":[{"taxonomy":"product_brand","embeddable":true,"href":"https:\/\/hummy.ee\/lv\/wp-json\/wp\/v2\/product_brand?post=85531"},{"taxonomy":"product_cat","embeddable":true,"href":"https:\/\/hummy.ee\/lv\/wp-json\/wp\/v2\/product_cat?post=85531"},{"taxonomy":"product_tag","embeddable":true,"href":"https:\/\/hummy.ee\/lv\/wp-json\/wp\/v2\/product_tag?post=85531"}],"curies":[{"name":"wp","href":"https:\/\/api.w.org\/{rel}","templated":true}]}}