{"id":85519,"date":"2026-03-03T19:16:35","date_gmt":"2026-03-03T19:16:35","guid":{"rendered":"https:\/\/hummy.ee\/product\/mamoa-m1-autokresla-adapteris\/"},"modified":"2026-03-04T10:23:07","modified_gmt":"2026-03-04T10:23:07","slug":"mamoa-m1-autokresla-adapteris","status":"publish","type":"product","link":"https:\/\/hummy.ee\/lv\/product\/mamoa-m1-autokresla-adapteris\/","title":{"rendered":"Mamoa M1 autokr\u0113s\u013ca adapteris"},"content":{"rendered":"<h6 data-start=\"332\" data-end=\"848\">Mamoa autokr\u0113s\u013ca adapteri viegli piestiprin\u0101mi pie rati\u0146u priek\u0161\u0113j\u0101s barjeras stiprin\u0101juma viet\u0101m, nodro\u0161inot stabilu un dro\u0161u savienojumu. To uzst\u0101d\u012b\u0161ana ir \u0101tra un vienk\u0101r\u0161a, \u013caujot viegli piestiprin\u0101t b\u0113rna autokr\u0113slu bez sare\u017e\u0123\u012btiem papildus so\u013ciem. Tikpat vienk\u0101r\u0161i adapterus var ar\u012b no\u0146emt, \u013caujot \u0101tri p\u0101riet no rati\u0146iem uz braucienu automa\u0161\u012bn\u0101. Tas padara tos neaizvietojamus pal\u012bgus ikdienas gait\u0101s \u2013 gan iepirk\u0161an\u0101s, viz\u012btes pie \u0101rsta, gan vienk\u0101r\u0161as pastaigas svaig\u0101 gais\u0101.<\/h6>\n<p>&nbsp;<\/p>\n<h6 data-start=\"850\" data-end=\"1267\">Viena no liel\u0101kaj\u0101m priek\u0161roc\u012bb\u0101m ir to univers\u0101lums \u2013 Mamoa autokr\u0113s\u013ca adapteri ir piem\u0113roti daudziem zin\u0101miem autokr\u0113slu z\u012bmoliem, t\u0101p\u0113c jums nav j\u0101uztraucas par sader\u012bbu. Tas \u013cauj izmantot jau eso\u0161os b\u0113rnu piederumus bez papildu ieguld\u012bjumiem.<\/h6>\n","protected":false},"excerpt":{"rendered":"<h6>Mamoa autokr\u0113s\u013ca adapteri ir praktisks un \u0113rts papildapr\u012bkojums, kas \u013cauj savienot Mamoa M1 rati\u0146us ar b\u0113rna autokr\u0113slu un izmantot to gan k\u0101 autokr\u0113sla rati\u0146us, gan k\u0101 pastaigu rati\u0146us. Pateicoties adapteriem, autokr\u0113slu var \u0101tri un dro\u0161i piestiprin\u0101t rati\u0146u r\u0101mim \u2013 ide\u0101ls risin\u0101jums ce\u013cojumiem ar b\u0113rnu vai ikdienas lieto\u0161anai. Adapteri ir piem\u0113roti liel\u0101kajai da\u013cai Group 0 autokr\u0113sliem (0\u201312 m\u0113ne\u0161i).<\/h6>\n","protected":false},"featured_media":85517,"comment_status":"open","ping_status":"closed","template":"","meta":{"_acf_changed":false,"om_disable_all_campaigns":false,"_monsterinsights_skip_tracking":false,"_monsterinsights_sitenote_active":false,"_monsterinsights_sitenote_note":"","_monsterinsights_sitenote_category":0,"_uf_show_specific_survey":0,"_uf_disable_surveys":false,"site-sidebar-layout":"default","site-content-layout":"","ast-site-content-layout":"default","site-content-style":"default","site-sidebar-style":"default","ast-global-header-display":"","ast-banner-title-visibility":"","ast-main-header-display":"","ast-hfb-above-header-display":"","ast-hfb-below-header-display":"","ast-hfb-mobile-header-display":"","site-post-title":"","ast-breadcrumbs-content":"","ast-featured-img":"","footer-sml-layout":"","theme-transparent-header-meta":"default","adv-header-id-meta":"","stick-header-meta":"","header-above-stick-meta":"","header-main-stick-meta":"","header-below-stick-meta":"","astra-migrate-meta-layouts":"set","ast-page-background-enabled":"default","ast-page-background-meta":{"desktop":{"background-color":"var(--ast-global-color-4)","background-image":"","background-repeat":"repeat","background-position":"center center","background-size":"auto","background-attachment":"scroll","background-type":"","background-media":"","overlay-type":"","overlay-color":"","overlay-opacity":"","overlay-gradient":""},"tablet":{"background-color":"","background-image":"","background-repeat":"repeat","background-position":"center center","background-size":"auto","background-attachment":"scroll","background-type":"","background-media":"","overlay-type":"","overlay-color":"","overlay-opacity":"","overlay-gradient":""},"mobile":{"background-color":"","background-image":"","background-repeat":"repeat","background-position":"center center","background-size":"auto","background-attachment":"scroll","background-type":"","background-media":"","overlay-type":"","overlay-color":"","overlay-opacity":"","overlay-gradient":""}},"ast-content-background-meta":{"desktop":{"background-color":"var(--ast-global-color-5)","background-image":"","background-repeat":"repeat","background-position":"center center","background-size":"auto","background-attachment":"scroll","background-type":"","background-media":"","overlay-type":"","overlay-color":"","overlay-opacity":"","overlay-gradient":""},"tablet":{"background-color":"var(--ast-global-color-5)","background-image":"","background-repeat":"repeat","background-position":"center center","background-size":"auto","background-attachment":"scroll","background-type":"","background-media":"","overlay-type":"","overlay-color":"","overlay-opacity":"","overlay-gradient":""},"mobile":{"background-color":"var(--ast-global-color-5)","background-image":"","background-repeat":"repeat","background-position":"center center","background-size":"auto","background-attachment":"scroll","background-type":"","background-media":"","overlay-type":"","overlay-color":"","overlay-opacity":"","overlay-gradient":""}}},"product_brand":[],"product_cat":[372,322,511,1373],"product_tag":[],"class_list":{"0":"post-85519","1":"product","2":"type-product","3":"status-publish","4":"has-post-thumbnail","6":"product_cat-adapteri","7":"product_cat-apgriesanas-piederumi","8":"product_cat-jauni-produkti","9":"product_cat-mamoa","10":"desktop-align-left","11":"tablet-align-left","12":"mobile-align-left","14":"first","15":"instock","16":"taxable","17":"shipping-taxable","18":"purchasable","19":"product-type-simple"},"acf":[],"aioseo_notices":[],"_links":{"self":[{"href":"https:\/\/hummy.ee\/lv\/wp-json\/wp\/v2\/product\/85519","targetHints":{"allow":["GET"]}}],"collection":[{"href":"https:\/\/hummy.ee\/lv\/wp-json\/wp\/v2\/product"}],"about":[{"href":"https:\/\/hummy.ee\/lv\/wp-json\/wp\/v2\/types\/product"}],"replies":[{"embeddable":true,"href":"https:\/\/hummy.ee\/lv\/wp-json\/wp\/v2\/comments?post=85519"}],"version-history":[{"count":1,"href":"https:\/\/hummy.ee\/lv\/wp-json\/wp\/v2\/product\/85519\/revisions"}],"predecessor-version":[{"id":85532,"href":"https:\/\/hummy.ee\/lv\/wp-json\/wp\/v2\/product\/85519\/revisions\/85532"}],"wp:featuredmedia":[{"embeddable":true,"href":"https:\/\/hummy.ee\/lv\/wp-json\/wp\/v2\/media\/85517"}],"wp:attachment":[{"href":"https:\/\/hummy.ee\/lv\/wp-json\/wp\/v2\/media?parent=85519"}],"wp:term":[{"taxonomy":"product_brand","embeddable":true,"href":"https:\/\/hummy.ee\/lv\/wp-json\/wp\/v2\/product_brand?post=85519"},{"taxonomy":"product_cat","embeddable":true,"href":"https:\/\/hummy.ee\/lv\/wp-json\/wp\/v2\/product_cat?post=85519"},{"taxonomy":"product_tag","embeddable":true,"href":"https:\/\/hummy.ee\/lv\/wp-json\/wp\/v2\/product_tag?post=85519"}],"curies":[{"name":"wp","href":"https:\/\/api.w.org\/{rel}","templated":true}]}}