{"id":85481,"date":"2026-03-03T19:16:25","date_gmt":"2026-03-03T19:16:25","guid":{"rendered":"https:\/\/hummy.ee\/product\/mamoa-ratini-ts1\/"},"modified":"2026-03-04T10:25:58","modified_gmt":"2026-03-04T10:25:58","slug":"mamoa-ratini-ts1","status":"publish","type":"product","link":"https:\/\/hummy.ee\/lv\/product\/mamoa-ratini-ts1\/","title":{"rendered":"Mamoa ratini TS1"},"content":{"rendered":"<h6 data-start=\"669\" data-end=\"971\"><em><strong>Komplekt\u0101 ietilpst:<\/strong><\/em><\/h6>\n<ul>\n<li>\n<h6>Kr\u016b\u017eu tur\u0113t\u0101js<\/h6>\n<\/li>\n<li>\n<h6>Dro\u0161\u012bbas stienis<\/h6>\n<\/li>\n<li>\n<h6>P\u0101rvad\u0101\u0161anas soma<\/h6>\n<\/li>\n<\/ul>\n<h6 data-start=\"1093\" data-end=\"1150\"><strong><em>Dati no<\/em><\/strong><\/h6>\n<ul data-start=\"1152\" data-end=\"1348\">\n<li data-start=\"1152\" data-end=\"1177\">\n<h6 data-start=\"1154\" data-end=\"1177\">Rati\u0146u svars: 7,5 kg<\/h6>\n<\/li>\n<li data-start=\"1178\" data-end=\"1208\">\n<h6 data-start=\"1180\" data-end=\"1208\">Maksim\u0101lais b\u0113rna svars: 22\u202fkg<\/h6>\n<\/li>\n<li data-start=\"1209\" data-end=\"1246\">\n<h6 data-start=\"1211\" data-end=\"1246\">Izm\u0113ri saloc\u012bt\u0101 veid\u0101: 21 \u00d7 45 \u00d7 52 cm<\/h6>\n<\/li>\n<li data-start=\"1247\" data-end=\"1269\">\n<h6 data-start=\"1249\" data-end=\"1269\">R\u0101mis: met\u0101lisks<\/h6>\n<\/li>\n<li data-start=\"1270\" data-end=\"1293\">\n<h6 data-start=\"1272\" data-end=\"1293\">Rite\u0146i: 100% PU (priek\u0161\u0113jie rite\u0146i: 12,7 cm, aizmugur\u0113jie rite\u0146i: 15,2 cm)<\/h6>\n<\/li>\n<li>\n<h6 data-start=\"937\" data-end=\"962\">Iepirkumu groza maksim\u0101lais svars: 3\u202fkg<\/h6>\n<\/li>\n<li data-start=\"935\" data-end=\"962\">\n<h6>Sader\u012bba ar b\u0113rnu autos\u0113dekl\u012bti: J\u0101 (adapteri p\u0101rdod atsevi\u0161\u0137i)<\/h6>\n<\/li>\n<li data-start=\"935\" data-end=\"962\">\n<h6>Sader\u012bba ar Twin-Duo adapteriem: J\u0101 (adapteri pieejami atsevi\u0161\u0137i)<\/h6>\n<\/li>\n<\/ul>\n<h3 data-start=\"291\" data-end=\"346\"><strong><em>12 iemesli, k\u0101p\u0113c Mamoa TS1 ir tavs ide\u0101lais ce\u013cojumu rati\u0146\u0161<\/em><\/strong><\/h3>\n<p>&nbsp;<\/p>\n<h6 data-start=\"348\" data-end=\"388\"><strong>1. Pagarin\u0101tais jumti\u0146\u0161 ar skatu logu<\/strong><\/h6>\n<h6 data-start=\"389\" data-end=\"704\">Mamoa TS1 pastaigu rati\u0146i ir apr\u012bkoti ar pagarin\u0101tu jumti\u0146u, kas nodro\u0161ina lielisku aizsardz\u012bbu b\u0113rnam pret sauli, v\u0113ju un spilgtu gaismu. Jumti\u0146\u0101 eso\u0161ais lodzi\u0146\u0161 \u013cauj vec\u0101kiem viegli uzraudz\u012bt b\u0113rnu, netrauc\u0113jot vi\u0146a miegu vai mieru \u2013 ide\u0101ls risin\u0101jums ikdienas pastaig\u0101m un ce\u013cojumiem.<\/h6>\n<p>&nbsp;<\/p>\n<h6 data-start=\"711\" data-end=\"753\"><strong>2. Rati\u0146us var saloc\u012bt un atloc\u012bt ar vienu kust\u012bbu<\/strong><\/h6>\n<h6 data-start=\"754\" data-end=\"1016\">Inovat\u012bvais saloc\u012b\u0161anas meh\u0101nisms ar vienu pogu \u013cauj saloc\u012bt un atloc\u012bt ce\u013cojumu rati\u0146us ar vienu vienm\u0113r\u012bgu kust\u012bbu. Tas padara Mamoa TS1 pastaigu rati\u0146us \u012bpa\u0161i \u0113rtus situ\u0101cij\u0101s, kad nepiecie\u0161ama \u0101tra r\u012bc\u012bba \u2013 piem\u0113ram, sabiedriskaj\u0101 transport\u0101, ievietojot automa\u0161\u012bn\u0101 vai ce\u013cojot.<\/h6>\n<p>&nbsp;<\/p>\n<h6 data-start=\"1023\" data-end=\"1064\"><strong>3. Ventil\u0101cijas logs atzveltn\u0113<\/strong><\/h6>\n<h6 data-start=\"1065\" data-end=\"1279\">Papildu ventil\u0101cijas logs atzveltn\u0113, kas fiks\u0113jas ar magn\u0113tisko aizdari, nodro\u0161ina optim\u0101lu gaisa cirkul\u0101ciju. T\u012bkla dizains \u013cauj svaigajam gaisam br\u012bvi pl\u016bst, saglab\u0101jot b\u0113rnu v\u0113su un \u0113rtu pat silt\u0101k\u0101s dien\u0101s.<\/h6>\n<p>&nbsp;<\/p>\n<h6 data-start=\"1286\" data-end=\"1336\"><strong>4. Optim\u0101la ventil\u0101cija un aizsardz\u012bba pret sauli<\/strong><\/h6>\n<h6 data-start=\"1337\" data-end=\"1590\">Papildu ventil\u0101cijas t\u012bkls virs jumti\u0146a uzlabo gaisa cirkul\u0101ciju, kam\u0113r speci\u0101la aizsargaudums pasarg\u0101 b\u0113rnu no tie\u0161iem saules stariem. \u0160is risin\u0101jums nodro\u0161ina, ka rati\u0146i vienlaikus sniedz gan v\u0113sumu, gan efekt\u012bvu UV aizsardz\u012bbu.<\/h6>\n<p>&nbsp;<\/p>\n<h6 data-start=\"1597\" data-end=\"1635\"><strong>5. \u0112rts un praktisks aizmugur\u0113jais kabata<\/strong><\/h6>\n<h6 data-start=\"1636\" data-end=\"1840\">Mamoa TS1 ce\u013cojumu rati\u0146i ir apr\u012bkoti ar jaunu, praktisku aizmugur\u0113jo kabatu, kas ir ide\u0101li piem\u0113rota telefona, atsl\u0113gu vai citu maz\u0101ku priek\u0161metu glab\u0101\u0161anai. Viss nepiecie\u0161amais vienm\u0113r ir rokas stiepiena att\u0101lum\u0101 un dro\u0161i novietots.<\/h6>\n<p>&nbsp;<\/p>\n<h6 data-start=\"1847\" data-end=\"1899\"><strong>6. Uzlabots magn\u0113tiskais 5 punktu dro\u0161\u012bbas jostas sist\u0113ma<\/strong><\/h6>\n<h6 data-start=\"1900\" data-end=\"2129\">Uzlabot\u0101 magn\u0113tisk\u0101 5 punktu dro\u0161\u012bbas josta \u013cauj \u0101tri un viegli aizsl\u0113gt siksnas. Sist\u0113ma ir izstr\u0101d\u0101ta t\u0101, lai b\u016btu \u0113rta vec\u0101kiem, vienlaikus nodro\u0161inot b\u0113rnam maksim\u0101lu dro\u0161\u012bbu katr\u0101 braucien\u0101. Jost\u0101m ir divas augstuma regul\u0113\u0161anas iesp\u0113jas.<\/h6>\n<p>&nbsp;<\/p>\n<h6 data-start=\"2136\" data-end=\"2196\"><strong>7. Regul\u0113jama k\u0101ju balsta poz\u012bcija ar stil\u012bgu m\u0101ksl\u012bg\u0101s \u0101das deta\u013cu<\/strong><\/h6>\n<h6 data-start=\"2197\" data-end=\"2411\">Regul\u0113jamais k\u0101ju balsts piel\u0101gojas b\u0113rna augumam un nodro\u0161ina papildu komfortu gan s\u0113dus, gan gu\u013cus poz\u012bcij\u0101. K\u0101ju balstam ir pievienota iztur\u012bga un stil\u012bga m\u0101ksl\u012bg\u0101s \u0101das deta\u013ca.<\/h6>\n<p>&nbsp;<\/p>\n<h6 data-start=\"2418\" data-end=\"2460\"><strong>8. No\u0146emami rite\u0146i ar atstarojo\u0161\u0101m josl\u0101m<\/strong><\/h6>\n<h6 data-start=\"2461\" data-end=\"2693\">Visi \u010detri rite\u0146i ir no\u0146emami un apr\u012bkoti ar atstarojo\u0161\u0101m josl\u0101m, kas uzlabo redzam\u012bbu tums\u0101. Tas palielina dro\u0161\u012bbu vakara pastaigu laik\u0101 un padara Mamoa TS1 pastaigu rati\u0146us v\u0113l praktisk\u0101kus ikdienas lieto\u0161anai.<\/h6>\n<p>&nbsp;<\/p>\n<h6 data-start=\"2700\" data-end=\"2737\"><strong>9. Izcila amortiz\u0101cija<\/strong><\/h6>\n<h6 data-start=\"2738\" data-end=\"2959\">Uzlabot\u0101 amortiz\u0101cijas sist\u0113ma nodro\u0161ina b\u0113rnam vienm\u0113r\u012bgu un \u0113rtu braucienu pat uz nel\u012bdzen\u0101m virsm\u0101m. \u0160ie rati\u0146i pied\u0101v\u0101 stabilit\u0101ti un lielisku manevr\u0113tsp\u0113ju da\u017e\u0101dos segumos \u2013 no pils\u0113tas iel\u0101m l\u012bdz parkiem un grants ce\u013ciem.<\/h6>\n<p>&nbsp;<\/p>\n<h6 data-start=\"2966\" data-end=\"3011\"><strong>10. Inovat\u012bva start-stop brem\u017eu sist\u0113ma<\/strong><\/h6>\n<h6 data-start=\"3012\" data-end=\"3216\">Mamoa TS1 ir apr\u012bkoti ar m\u016bsdien\u012bgu start-stop brem\u017eu sist\u0113mu, kas nodro\u0161ina uzticamu bremz\u0113\u0161anu un vienk\u0101r\u0161u lieto\u0161anu. \u0160\u012b sist\u0113ma palielina dro\u0161\u012bbu un sniedz vec\u0101kiem p\u0101rliec\u012bbu jebkur\u0101 situ\u0101cij\u0101.<\/h6>\n<p>&nbsp;<\/p>\n<h6 data-start=\"3223\" data-end=\"3280\"><strong>11. No\u0146emams un daudzvirzienu regul\u0113jams dro\u0161\u012bbas stienis<\/strong><\/h6>\n<h6 data-start=\"3281\" data-end=\"3478\">Dro\u0161\u012bbas stienis ir piln\u012bb\u0101 no\u0146emams un atverams no vienas puses, \u013caujot tam pagriezties vair\u0101kos virzienos. Tas padara b\u0113rna ievieto\u0161anu un iz\u0146em\u0161anu no rati\u0146iem vieglu, vienlaikus nodro\u0161inot b\u0113rnam papildu \u0113rtumu.<\/h6>\n<p>&nbsp;<\/p>\n<h6 data-start=\"3485\" data-end=\"3535\"><strong>12. Regul\u0113jams s\u0113deklis un atzveltne l\u012bdz 175\u00b0<\/strong><\/h6>\n<h6 data-start=\"3536\" data-end=\"3759\">Mamoa TS1 pastaigu rati\u0146u s\u0113deklis ir regul\u0113jams tr\u012bs poz\u012bcij\u0101s l\u012bdz 175 gr\u0101diem. Tas \u013cauj b\u0113rnam s\u0113d\u0113t vertik\u0101li, atp\u016bsties vai \u0113rti gul\u0113t, padarot rati\u0146us ide\u0101li piem\u0113rotus gan \u012bsiem braucieniem, gan gar\u0101kiem ce\u013cojumiem.<\/h6>\n<p>&nbsp;<\/p>\n<h6 data-start=\"2244\" data-end=\"2300\"><strong><em>BUJ \u2013 Vai Mamoa ce\u013cojumu rati\u0146i ir piem\u0113roti k\u0101 rokas bag\u0101\u017ea lidma\u0161\u012bn\u0101?<\/em><\/strong><\/h6>\n<h6 data-start=\"2302\" data-end=\"2546\">J\u0101, visi Mamoa ce\u013cojumu rati\u0146u mode\u013ci atbilst <a href=\"https:\/\/www.iata.org\/en\/programs\/ops-infra\/baggage\/check-bag\/\" target=\"_blank\" rel=\"noopener\">IATA <\/a>noteiktajiem izm\u0113ru un svara ierobe\u017eojumiem, t\u0101p\u0113c tie ir ide\u0101li piem\u0113roti ce\u013co\u0161anai.<\/h6>\n<h6 data-start=\"2548\" data-end=\"2745\"><\/h6>\n","protected":false},"excerpt":{"rendered":"<h6 data-start=\"141\" data-end=\"593\">Mamoa TS1 pastaigu rati\u0146i ir kompakti un viegli ce\u013cojumu rati\u0146i, ko izstr\u0101d\u0101ju\u0161i Leclercbaby rad\u012bt\u0101ji. Tie ir paredz\u0113ti akt\u012bv\u0101m un ce\u013cot gribo\u0161\u0101m \u0123imen\u0113m. Pateicoties nelielajiem izm\u0113riem un vieglajam svaram, Mamoa TS1 ir ide\u0101li piem\u0113roti k\u0101 rokas bag\u0101\u017eas izm\u0113ra ce\u013cojumu rati\u0146i, lieliski piem\u0113roti gan lidojumiem, gan ikdienas p\u0101rvieto\u0161an\u0101s pils\u0113t\u0101. Svar\u0101 tikai 7,5 kg, tie ir vieni no \u0113rt\u0101kajiem un praktisk\u0101kajiem ce\u013cojumu rati\u0146iem tirg\u016b.<\/h6>\n","protected":false},"featured_media":85472,"comment_status":"open","ping_status":"closed","template":"","meta":{"_acf_changed":false,"om_disable_all_campaigns":false,"_monsterinsights_skip_tracking":false,"_monsterinsights_sitenote_active":false,"_monsterinsights_sitenote_note":"","_monsterinsights_sitenote_category":0,"_uf_show_specific_survey":0,"_uf_disable_surveys":false,"site-sidebar-layout":"default","site-content-layout":"","ast-site-content-layout":"default","site-content-style":"default","site-sidebar-style":"default","ast-global-header-display":"","ast-banner-title-visibility":"","ast-main-header-display":"","ast-hfb-above-header-display":"","ast-hfb-below-header-display":"","ast-hfb-mobile-header-display":"","site-post-title":"","ast-breadcrumbs-content":"","ast-featured-img":"","footer-sml-layout":"","theme-transparent-header-meta":"default","adv-header-id-meta":"","stick-header-meta":"","header-above-stick-meta":"","header-main-stick-meta":"","header-below-stick-meta":"","astra-migrate-meta-layouts":"set","ast-page-background-enabled":"default","ast-page-background-meta":{"desktop":{"background-color":"var(--ast-global-color-4)","background-image":"","background-repeat":"repeat","background-position":"center center","background-size":"auto","background-attachment":"scroll","background-type":"","background-media":"","overlay-type":"","overlay-color":"","overlay-opacity":"","overlay-gradient":""},"tablet":{"background-color":"","background-image":"","background-repeat":"repeat","background-position":"center center","background-size":"auto","background-attachment":"scroll","background-type":"","background-media":"","overlay-type":"","overlay-color":"","overlay-opacity":"","overlay-gradient":""},"mobile":{"background-color":"","background-image":"","background-repeat":"repeat","background-position":"center center","background-size":"auto","background-attachment":"scroll","background-type":"","background-media":"","overlay-type":"","overlay-color":"","overlay-opacity":"","overlay-gradient":""}},"ast-content-background-meta":{"desktop":{"background-color":"var(--ast-global-color-5)","background-image":"","background-repeat":"repeat","background-position":"center center","background-size":"auto","background-attachment":"scroll","background-type":"","background-media":"","overlay-type":"","overlay-color":"","overlay-opacity":"","overlay-gradient":""},"tablet":{"background-color":"var(--ast-global-color-5)","background-image":"","background-repeat":"repeat","background-position":"center center","background-size":"auto","background-attachment":"scroll","background-type":"","background-media":"","overlay-type":"","overlay-color":"","overlay-opacity":"","overlay-gradient":""},"mobile":{"background-color":"var(--ast-global-color-5)","background-image":"","background-repeat":"repeat","background-position":"center center","background-size":"auto","background-attachment":"scroll","background-type":"","background-media":"","overlay-type":"","overlay-color":"","overlay-opacity":"","overlay-gradient":""}}},"product_brand":[],"product_cat":[431,511,1373,432],"product_tag":[],"class_list":{"0":"post-85481","1":"product","2":"type-product","3":"status-publish","4":"has-post-thumbnail","6":"product_cat-ratini","7":"product_cat-jauni-produkti","8":"product_cat-mamoa","9":"product_cat-cisternu","10":"desktop-align-left","11":"tablet-align-left","12":"mobile-align-left","14":"first","15":"instock","16":"taxable","17":"shipping-taxable","18":"purchasable","19":"product-type-variable"},"acf":[],"aioseo_notices":[],"_links":{"self":[{"href":"https:\/\/hummy.ee\/lv\/wp-json\/wp\/v2\/product\/85481","targetHints":{"allow":["GET"]}}],"collection":[{"href":"https:\/\/hummy.ee\/lv\/wp-json\/wp\/v2\/product"}],"about":[{"href":"https:\/\/hummy.ee\/lv\/wp-json\/wp\/v2\/types\/product"}],"replies":[{"embeddable":true,"href":"https:\/\/hummy.ee\/lv\/wp-json\/wp\/v2\/comments?post=85481"}],"version-history":[{"count":2,"href":"https:\/\/hummy.ee\/lv\/wp-json\/wp\/v2\/product\/85481\/revisions"}],"predecessor-version":[{"id":85537,"href":"https:\/\/hummy.ee\/lv\/wp-json\/wp\/v2\/product\/85481\/revisions\/85537"}],"wp:featuredmedia":[{"embeddable":true,"href":"https:\/\/hummy.ee\/lv\/wp-json\/wp\/v2\/media\/85472"}],"wp:attachment":[{"href":"https:\/\/hummy.ee\/lv\/wp-json\/wp\/v2\/media?parent=85481"}],"wp:term":[{"taxonomy":"product_brand","embeddable":true,"href":"https:\/\/hummy.ee\/lv\/wp-json\/wp\/v2\/product_brand?post=85481"},{"taxonomy":"product_cat","embeddable":true,"href":"https:\/\/hummy.ee\/lv\/wp-json\/wp\/v2\/product_cat?post=85481"},{"taxonomy":"product_tag","embeddable":true,"href":"https:\/\/hummy.ee\/lv\/wp-json\/wp\/v2\/product_tag?post=85481"}],"curies":[{"name":"wp","href":"https:\/\/api.w.org\/{rel}","templated":true}]}}