{"id":85467,"date":"2026-03-03T19:15:44","date_gmt":"2026-03-03T19:15:44","guid":{"rendered":"https:\/\/hummy.ee\/product\/mamoa-ratini-m1\/"},"modified":"2026-03-04T10:25:36","modified_gmt":"2026-03-04T10:25:36","slug":"mamoa-ratini-m1","status":"publish","type":"product","link":"https:\/\/hummy.ee\/lv\/product\/mamoa-ratini-m1\/","title":{"rendered":"Mamoa ratini M1"},"content":{"rendered":"<h6><em><strong>Komplekt\u0101 ietilpst:<\/strong><\/em><\/h6>\n<ul>\n<li>\n<h6>Kr\u016b\u017eu tur\u0113t\u0101js<\/h6>\n<\/li>\n<li>\n<h6>Dro\u0161\u012bbas stienis<\/h6>\n<\/li>\n<li>\n<h6>P\u0101rvad\u0101\u0161anas soma<\/h6>\n<\/li>\n<\/ul>\n<h6 data-start=\"716\" data-end=\"736\"><em><strong>Dati no<\/strong><\/em><\/h6>\n<ul data-start=\"738\" data-end=\"962\">\n<li data-start=\"738\" data-end=\"763\">\n<h6 data-start=\"740\" data-end=\"763\">Rati\u0146a svars: 7,9 kg<\/h6>\n<\/li>\n<li data-start=\"764\" data-end=\"794\">\n<h6 data-start=\"766\" data-end=\"794\">Maksim\u0101lais b\u0113rna svars: 22\u202fkg<\/h6>\n<\/li>\n<li data-start=\"795\" data-end=\"832\">\n<h6 data-start=\"797\" data-end=\"832\">Izm\u0113ri saloc\u012bt\u0101 veid\u0101: 24 \u00d7 47 \u00d7 56 cm<\/h6>\n<\/li>\n<li data-start=\"833\" data-end=\"855\">\n<h6 data-start=\"835\" data-end=\"855\">R\u0101mis: met\u0101lisks<\/h6>\n<\/li>\n<li data-start=\"856\" data-end=\"879\">\n<h6 data-start=\"858\" data-end=\"879\">Rite\u0146i: 100% PU (priek\u0161\u0113jie rite\u0146i: 17,8 cm, aizmugur\u0113jie rite\u0146i: 20,3 cm)<\/h6>\n<\/li>\n<li data-start=\"935\" data-end=\"962\">\n<h6 data-start=\"937\" data-end=\"962\">Iepirkumu groza maksim\u0101lais svars: 3\u202fkg<\/h6>\n<\/li>\n<li data-start=\"935\" data-end=\"962\">\n<h6>Sader\u012bba ar b\u0113rnu autos\u0113dekl\u012bti: J\u0101 (adapteri p\u0101rdod atsevi\u0161\u0137i)<\/h6>\n<\/li>\n<li data-start=\"935\" data-end=\"962\">\n<h6>Sader\u012bba ar Twin-Duo adapteriem: J\u0101 (adapteri pieejami atsevi\u0161\u0137i)<\/h6>\n<\/li>\n<\/ul>\n<h3 data-start=\"291\" data-end=\"346\"><strong><em>12 iemesli, k\u0101p\u0113c Mamoa M1 ir j\u016bsu ide\u0101lais ce\u013cojumu rati\u0146\u0161<\/em><\/strong><\/h3>\n<p>&nbsp;<\/p>\n<h6 data-start=\"348\" data-end=\"388\"><strong>1. Pagarin\u0101tais jumti\u0146\u0161 ar skatu logu<\/strong><\/h6>\n<h6 data-start=\"389\" data-end=\"704\">Mamoa M1 rati\u0146i ir apr\u012bkoti ar pagarin\u0101to jumti\u0146u, kas nodro\u0161ina b\u0113rnam lielisku aizsardz\u012bbu no saules, v\u0113ja un spilgtas gaismas. Jumti\u0146\u0101 eso\u0161ais skata logs \u013cauj vec\u0101kiem viegli uzraudz\u012bt b\u0113rnu, netrauc\u0113jot vi\u0146a miegu vai mieru \u2013 ide\u0101ls risin\u0101jums ikdienas pastaig\u0101m un ce\u013cojumiem.<\/h6>\n<p>&nbsp;<\/p>\n<h6 data-start=\"711\" data-end=\"753\"><strong>2. Rati\u0146us var saloc\u012bt un atloc\u012bt ar vienu kust\u012bbu<\/strong><\/h6>\n<h6 data-start=\"754\" data-end=\"1016\">Inovat\u012bv\u0101 vienas pogas salok\u0101\u0161anas sist\u0113ma \u013cauj ce\u013cojumu rati\u0146us saloc\u012bt un atloc\u012bt ar vienu vienm\u0113r\u012bgu kust\u012bbu. Tas padara Mamoa M1 \u012bpa\u0161i \u0113rtu situ\u0101cij\u0101s, kur nepiecie\u0161ama \u0101tra r\u012bc\u012bba \u2013 piem\u0113ram, sabiedriskaj\u0101 transport\u0101, iekraujot auto vai ce\u013cojot.<\/h6>\n<p>&nbsp;<\/p>\n<h6 data-start=\"1023\" data-end=\"1064\"><strong>3. Ventil\u0101cijas logs atzveltn\u0113<\/strong><\/h6>\n<h6 data-start=\"1065\" data-end=\"1279\">Papildu ventil\u0101cijas logs atzveltn\u0113, kas fiks\u0113jas ar magn\u0113tisko aizdari, nodro\u0161ina optim\u0101lu gaisa cirkul\u0101ciju. T\u012bkla dizains \u013cauj svaigajam gaisam br\u012bvi pl\u016bst, saglab\u0101jot b\u0113rnu v\u0113su un \u0113rtu pat silt\u0101k\u0101s dien\u0101s.<\/h6>\n<p>&nbsp;<\/p>\n<h6 data-start=\"1286\" data-end=\"1336\"><strong>4. Optim\u0101la ventil\u0101cija un aizsardz\u012bba pret sauli<\/strong><\/h6>\n<h6 data-start=\"1337\" data-end=\"1590\">Papildu ventil\u0101cijas t\u012bkls virs jumti\u0146a uzlabo gaisa cirkul\u0101ciju, kam\u0113r speci\u0101la aizsargaudums pasarg\u0101 b\u0113rnu no tie\u0161iem saules stariem. \u0160is risin\u0101jums nodro\u0161ina, ka rati\u0146i vienlaikus sniedz gan v\u0113sumu, gan efekt\u012bvu UV aizsardz\u012bbu.<\/h6>\n<p>&nbsp;<\/p>\n<h6 data-start=\"1597\" data-end=\"1635\"><strong>5. \u0112rts un praktisks aizmugur\u0113jais kabata<\/strong><\/h6>\n<h6 data-start=\"1636\" data-end=\"1840\">Mamoa M1 ce\u013cojumu rati\u0146iem ir jauns praktisks aizmugur\u0113jais kabata, kas ide\u0101li piem\u0113rots t\u0101lru\u0146a, atsl\u0113gu vai citu nelielu priek\u0161metu glab\u0101\u0161anai. Viss nepiecie\u0161amais vienm\u0113r ir pa rokai un dro\u0161i viet\u0101.<\/h6>\n<p>&nbsp;<\/p>\n<h6 data-start=\"1847\" data-end=\"1899\"><strong>6. Uzlabots magn\u0113tiskais 5 punktu dro\u0161\u012bbas jostas sist\u0113ma<\/strong><\/h6>\n<h6 data-start=\"1900\" data-end=\"2129\">Uzlabot\u0101 magn\u0113tisk\u0101 5 punktu dro\u0161\u012bbas josta \u013cauj \u0101tri un viegli aizsl\u0113gt siksnas. Sist\u0113ma ir izstr\u0101d\u0101ta t\u0101, lai b\u016btu \u0113rta vec\u0101kiem, vienlaikus nodro\u0161inot b\u0113rnam maksim\u0101lu dro\u0161\u012bbu katr\u0101 braucien\u0101. Jost\u0101m ir divas augstuma regul\u0113\u0161anas iesp\u0113jas.<\/h6>\n<p>&nbsp;<\/p>\n<h6 data-start=\"2136\" data-end=\"2196\"><strong>7. Regul\u0113jama k\u0101ju balsta poz\u012bcija ar stil\u012bgu m\u0101ksl\u012bg\u0101s \u0101das deta\u013cu<\/strong><\/h6>\n<h6 data-start=\"2197\" data-end=\"2411\">Regul\u0113jamais k\u0101ju balsts piel\u0101gojas b\u0113rna augumam un nodro\u0161ina papildu komfortu gan s\u0113dus, gan gu\u013cus poz\u012bcij\u0101. K\u0101ju balstam ir pievienota iztur\u012bga un stil\u012bga m\u0101ksl\u012bg\u0101s \u0101das deta\u013ca.<\/h6>\n<p>&nbsp;<\/p>\n<h6 data-start=\"2418\" data-end=\"2460\"><strong>8. No\u0146emami rite\u0146i ar atstarojo\u0161\u0101m josl\u0101m<\/strong><\/h6>\n<h6 data-start=\"2461\" data-end=\"2693\">Visi \u010detri rite\u0146i ir no\u0146emami un apr\u012bkoti ar atstarojo\u0161\u0101m josl\u0101m, kas uzlabo redzam\u012bbu tums\u0101. Tas palielina dro\u0161\u012bbu vakara pastaig\u0101s un padara Mamoa M1 rati\u0146us v\u0113l praktisk\u0101kus ikdienas lieto\u0161anai.<\/h6>\n<p>&nbsp;<\/p>\n<h6 data-start=\"2700\" data-end=\"2737\"><strong>9. Izcila amortiz\u0101cija<\/strong><\/h6>\n<h6 data-start=\"2738\" data-end=\"2959\">Uzlabot\u0101 amortiz\u0101cijas sist\u0113ma nodro\u0161ina b\u0113rnam vienm\u0113r\u012bgu un \u0113rtu braucienu pat uz nel\u012bdzen\u0101m virsm\u0101m. \u0160ie rati\u0146i pied\u0101v\u0101 stabilit\u0101ti un lielisku manevr\u0113tsp\u0113ju da\u017e\u0101dos segumos \u2013 no pils\u0113tas iel\u0101m l\u012bdz parkiem un grants ce\u013ciem.<\/h6>\n<p>&nbsp;<\/p>\n<h6 data-start=\"2966\" data-end=\"3011\"><strong>10. Inovat\u012bva start-stop brem\u017eu sist\u0113ma<\/strong><\/h6>\n<h6 data-start=\"3012\" data-end=\"3216\">Mamoa M1 ir apr\u012bkoti ar modernu start-stop brem\u017eu sist\u0113mu, kas nodro\u0161ina uzticamu bremz\u0113\u0161anu un vienk\u0101r\u0161u lieto\u0161anu. \u0160\u012b sist\u0113ma palielina dro\u0161\u012bbu un sniedz vec\u0101kiem p\u0101rliec\u012bbu jebkur\u0101 situ\u0101cij\u0101.<\/h6>\n<p>&nbsp;<\/p>\n<h6 data-start=\"3223\" data-end=\"3280\"><strong>11. No\u0146emams un daudzvirzienu regul\u0113jams dro\u0161\u012bbas stienis<\/strong><\/h6>\n<h6 data-start=\"3281\" data-end=\"3478\">Dro\u0161\u012bbas stienis ir piln\u012bb\u0101 no\u0146emams un atverams no vienas puses, \u013caujot tam pagriezties vair\u0101kos virzienos. Tas padara b\u0113rna ievieto\u0161anu un iz\u0146em\u0161anu no rati\u0146iem vieglu, vienlaikus nodro\u0161inot b\u0113rnam papildu \u0113rtumu.<\/h6>\n<p>&nbsp;<\/p>\n<h6 data-start=\"3485\" data-end=\"3535\"><strong>12. Regul\u0113jams s\u0113deklis un atzveltne l\u012bdz 175\u00b0<\/strong><\/h6>\n<h6 data-start=\"3536\" data-end=\"3759\">Mamoa M1 rati\u0146u s\u0113dekli var regul\u0113t tr\u012bs poz\u012bcij\u0101s, l\u012bdz pat 175\u00b0. Tas \u013cauj b\u0113rnam s\u0113d\u0113t vertik\u0101li, atp\u016bsties vai \u0113rt\u0101 poz\u012bcij\u0101 gul\u0113t, padarot rati\u0146us ide\u0101li gan \u012bsiem braucieniem, gan gar\u0101kiem ce\u013cojumiem.<\/h6>\n","protected":false},"excerpt":{"rendered":"<h6 data-start=\"141\" data-end=\"649\">Mamoa M1 rati\u0146i ir turpin\u0101jums popul\u0101rajam Leclercbaby Auto-Fold XL modelim, apvienojot elegantu dizainu ar moderniem tehniskiem risin\u0101jumiem. \u0160ie ce\u013cojumu rati\u0146i ir izstr\u0101d\u0101ti \u0123imen\u0113m, kuras v\u0113las rati\u0146us, kas piem\u0113roti gan pils\u0113tas p\u0101rvieto\u0161anai, gan ce\u013co\u0161anai. Leclercbaby rad\u012bt\u0101ju jaun\u0101s Mamoa M1 s\u0113rijas rati\u0146i pied\u0101v\u0101 inovat\u012bvu vienas pogas salok\u0101\u0161anas meh\u0101nismu, uzlabotu amortiz\u0101ciju un gudrus dro\u0161\u012bbas risin\u0101jumus, padarot tos par vienu no vislab\u0101k apr\u012bkotajiem vieglo rati\u0146u mode\u013ciem sav\u0101 klas\u0113.<\/h6>\n","protected":false},"featured_media":85395,"comment_status":"open","ping_status":"closed","template":"","meta":{"_acf_changed":false,"om_disable_all_campaigns":false,"_monsterinsights_skip_tracking":false,"_monsterinsights_sitenote_active":false,"_monsterinsights_sitenote_note":"","_monsterinsights_sitenote_category":0,"_uf_show_specific_survey":0,"_uf_disable_surveys":false,"site-sidebar-layout":"default","site-content-layout":"","ast-site-content-layout":"default","site-content-style":"default","site-sidebar-style":"default","ast-global-header-display":"","ast-banner-title-visibility":"","ast-main-header-display":"","ast-hfb-above-header-display":"","ast-hfb-below-header-display":"","ast-hfb-mobile-header-display":"","site-post-title":"","ast-breadcrumbs-content":"","ast-featured-img":"","footer-sml-layout":"","theme-transparent-header-meta":"default","adv-header-id-meta":"","stick-header-meta":"","header-above-stick-meta":"","header-main-stick-meta":"","header-below-stick-meta":"","astra-migrate-meta-layouts":"set","ast-page-background-enabled":"default","ast-page-background-meta":{"desktop":{"background-color":"var(--ast-global-color-4)","background-image":"","background-repeat":"repeat","background-position":"center center","background-size":"auto","background-attachment":"scroll","background-type":"","background-media":"","overlay-type":"","overlay-color":"","overlay-opacity":"","overlay-gradient":""},"tablet":{"background-color":"","background-image":"","background-repeat":"repeat","background-position":"center center","background-size":"auto","background-attachment":"scroll","background-type":"","background-media":"","overlay-type":"","overlay-color":"","overlay-opacity":"","overlay-gradient":""},"mobile":{"background-color":"","background-image":"","background-repeat":"repeat","background-position":"center center","background-size":"auto","background-attachment":"scroll","background-type":"","background-media":"","overlay-type":"","overlay-color":"","overlay-opacity":"","overlay-gradient":""}},"ast-content-background-meta":{"desktop":{"background-color":"var(--ast-global-color-5)","background-image":"","background-repeat":"repeat","background-position":"center center","background-size":"auto","background-attachment":"scroll","background-type":"","background-media":"","overlay-type":"","overlay-color":"","overlay-opacity":"","overlay-gradient":""},"tablet":{"background-color":"var(--ast-global-color-5)","background-image":"","background-repeat":"repeat","background-position":"center center","background-size":"auto","background-attachment":"scroll","background-type":"","background-media":"","overlay-type":"","overlay-color":"","overlay-opacity":"","overlay-gradient":""},"mobile":{"background-color":"var(--ast-global-color-5)","background-image":"","background-repeat":"repeat","background-position":"center center","background-size":"auto","background-attachment":"scroll","background-type":"","background-media":"","overlay-type":"","overlay-color":"","overlay-opacity":"","overlay-gradient":""}}},"product_brand":[],"product_cat":[431,511,1373,432],"product_tag":[],"class_list":{"0":"post-85467","1":"product","2":"type-product","3":"status-publish","4":"has-post-thumbnail","6":"product_cat-ratini","7":"product_cat-jauni-produkti","8":"product_cat-mamoa","9":"product_cat-cisternu","10":"desktop-align-left","11":"tablet-align-left","12":"mobile-align-left","14":"first","15":"instock","16":"taxable","17":"shipping-taxable","18":"purchasable","19":"product-type-variable"},"acf":[],"aioseo_notices":[],"_links":{"self":[{"href":"https:\/\/hummy.ee\/lv\/wp-json\/wp\/v2\/product\/85467","targetHints":{"allow":["GET"]}}],"collection":[{"href":"https:\/\/hummy.ee\/lv\/wp-json\/wp\/v2\/product"}],"about":[{"href":"https:\/\/hummy.ee\/lv\/wp-json\/wp\/v2\/types\/product"}],"replies":[{"embeddable":true,"href":"https:\/\/hummy.ee\/lv\/wp-json\/wp\/v2\/comments?post=85467"}],"version-history":[{"count":1,"href":"https:\/\/hummy.ee\/lv\/wp-json\/wp\/v2\/product\/85467\/revisions"}],"predecessor-version":[{"id":85535,"href":"https:\/\/hummy.ee\/lv\/wp-json\/wp\/v2\/product\/85467\/revisions\/85535"}],"wp:featuredmedia":[{"embeddable":true,"href":"https:\/\/hummy.ee\/lv\/wp-json\/wp\/v2\/media\/85395"}],"wp:attachment":[{"href":"https:\/\/hummy.ee\/lv\/wp-json\/wp\/v2\/media?parent=85467"}],"wp:term":[{"taxonomy":"product_brand","embeddable":true,"href":"https:\/\/hummy.ee\/lv\/wp-json\/wp\/v2\/product_brand?post=85467"},{"taxonomy":"product_cat","embeddable":true,"href":"https:\/\/hummy.ee\/lv\/wp-json\/wp\/v2\/product_cat?post=85467"},{"taxonomy":"product_tag","embeddable":true,"href":"https:\/\/hummy.ee\/lv\/wp-json\/wp\/v2\/product_tag?post=85467"}],"curies":[{"name":"wp","href":"https:\/\/api.w.org\/{rel}","templated":true}]}}