{"id":83874,"date":"2026-02-19T20:49:32","date_gmt":"2026-02-19T20:49:32","guid":{"rendered":"https:\/\/hummy.ee\/product\/ergobaby-evolve-3in1-atlaizamais-kresls\/"},"modified":"2026-02-25T08:43:02","modified_gmt":"2026-02-25T08:43:02","slug":"ergobaby-supulkresls-evolve-3in1","status":"publish","type":"product","link":"https:\/\/hummy.ee\/lv\/product\/ergobaby-supulkresls-evolve-3in1\/","title":{"rendered":"Ergobaby \u0161\u016bpu\u013ckr\u0113sls Evolve 3in1"},"content":{"rendered":"<h6><em><strong>3 vien\u0101 \u0161\u016bpu\u013ckr\u0113sls<\/strong><\/em><\/h6>\n<ul data-start=\"611\" data-end=\"726\">\n<li data-start=\"611\" data-end=\"655\">\n<h6 data-start=\"613\" data-end=\"655\">\u0160\u016bpu\u013ckr\u0113sls jaundzimu\u0161ajiem (2,5\u20135,4 kg)<\/h6>\n<\/li>\n<li data-start=\"656\" data-end=\"683\">\n<h6 data-start=\"658\" data-end=\"683\">B\u0113rnu \u0161\u016bpulis (6\u20139 kg)<\/h6>\n<\/li>\n<li data-start=\"684\" data-end=\"726\">\n<h6 data-start=\"686\" data-end=\"726\">Maz\u0101 b\u0113rna kr\u0113sls (l\u012bdz 13 kg, aptuveni 3 gadi)<\/h6>\n<\/li>\n<\/ul>\n<h6 data-start=\"728\" data-end=\"870\">Kad b\u0113rns aug, \u0161\u016bpu\u013ckr\u0113sls ir piel\u0101gojams \u2013 iesp\u0113jams no\u0146emt jaundzimu\u0161\u0101 ielikni un izv\u0113l\u0113ties starp trim augstuma l\u012bme\u0146iem, kas atbalsta katru att\u012bst\u012bbas posmu.<\/h6>\n<ul data-start=\"872\" data-end=\"996\">\n<li data-start=\"872\" data-end=\"932\">\n<h6 data-start=\"874\" data-end=\"932\">Vid\u0113j\u0101 poz\u012bcija \u013cauj b\u0113rnam pa\u0161am maigi \u0161\u016bpoties<\/h6>\n<\/li>\n<li data-start=\"933\" data-end=\"996\">\n<h6 data-start=\"935\" data-end=\"996\">Augst\u0101k\u0101 poz\u012bcija piem\u0113rota mazajam b\u0113rnam, kur\u0161 v\u0113las nov\u0113rot apk\u0101rtni<\/h6>\n<\/li>\n<\/ul>\n<h6 data-start=\"1003\" data-end=\"1028\"><\/h6>\n<h6 data-start=\"1003\" data-end=\"1028\"><em><strong>Dabiska \u0161\u016bpo\u0161an\u0101s<\/strong><\/em><\/h6>\n<h6 data-start=\"1030\" data-end=\"1193\">Evolve \u0161\u016bpu\u013ckr\u0113sl\u0101 tiek izmantota dabiska \u0161\u016bpo\u0161an\u0101s tehnolo\u0123ija \u2013 nav nepiecie\u0161ami vadi, baterijas vai sl\u0113d\u017ei. B\u0113rna pa\u0161a kust\u012bbas liek \u0161\u016bpu\u013ckr\u0113slam \u0161\u016bpoties.<\/h6>\n<p>&nbsp;<\/p>\n<h6 data-start=\"1195\" data-end=\"1350\">Viegl\u0101 konstrukcija \u013cauj viegli p\u0101rvietot kr\u0113slu no istabas uz istabu, un tas kompakti salok\u0101s plakans, lai b\u016btu \u0113rti transport\u0113t vai uzglab\u0101t.<\/h6>\n<p>&nbsp;<\/p>\n<p>&nbsp;<\/p>\n<h6 data-start=\"1357\" data-end=\"1380\"><em><strong>Galven\u0101s iez\u012bmes<\/strong><\/em><\/h6>\n<ul data-start=\"1382\" data-end=\"1736\">\n<li data-start=\"1382\" data-end=\"1416\">\n<h6 data-start=\"1384\" data-end=\"1416\">Piem\u0113rots no 2,5 kg l\u012bdz 13 kg<\/h6>\n<\/li>\n<li data-start=\"1417\" data-end=\"1483\">\n<h6 data-start=\"1419\" data-end=\"1483\">3 vien\u0101: jaundzimu\u0161\u0101 \u0161\u016bpu\u013ckr\u0113sls, b\u0113rnu \u0161\u016bpulis un maz\u0101 b\u0113rna kr\u0113sls<\/h6>\n<\/li>\n<li data-start=\"1484\" data-end=\"1528\">\n<h6 data-start=\"1486\" data-end=\"1528\">Ergonomisks jaundzimu\u0161\u0101 ieliknis papildu atbalstam<\/h6>\n<\/li>\n<li data-start=\"1529\" data-end=\"1579\">\n<h6 data-start=\"1531\" data-end=\"1579\">3 regul\u0113jami augstuma l\u012bme\u0146i (ar k\u0101jas ped\u0101li)<\/h6>\n<\/li>\n<li data-start=\"1580\" data-end=\"1620\">\n<h6 data-start=\"1582\" data-end=\"1620\">Izstr\u0101d\u0101ts sadarb\u012bb\u0101 ar b\u0113rnu ortop\u0113du<\/h6>\n<\/li>\n<li data-start=\"1621\" data-end=\"1669\">\n<h6 data-start=\"1623\" data-end=\"1669\">Piln\u012bb\u0101 salok\u0101ms transport\u0113\u0161anas poz\u012bcij\u0101<\/h6>\n<\/li>\n<li data-start=\"1670\" data-end=\"1736\">\n<h6 data-start=\"1672\" data-end=\"1736\">Papildapr\u012bkojuma k\u0101 izv\u0113le iesp\u0113jams ieg\u0101d\u0101ties <a href=\"https:\/\/hummy.ee\/lv\/product\/ergobaby-bernu-kreslins-ar-rotalu-kreslu\/\" target=\"_blank\" rel=\"noopener\">rota\u013cu arku<\/a><\/h6>\n<\/li>\n<li data-start=\"1670\" data-end=\"1736\">\n<h6>Viegli t\u012br\u0101ms - mazg\u0101jams ma\u0161\u012bn\u0101<\/h6>\n<\/li>\n<\/ul>\n<h6 data-start=\"1743\" data-end=\"1771\"><\/h6>\n<h6 data-start=\"1743\" data-end=\"1771\"><em><strong>Materi\u0101li un apkope<\/strong><\/em><\/h6>\n<ul data-start=\"1773\" data-end=\"1868\">\n<li data-start=\"1773\" data-end=\"1806\">\n<h6 data-start=\"1775\" data-end=\"1806\">Audums: <strong data-start=\"21\" data-end=\"52\">Soft Knit + Breathable Mesh<\/strong><\/h6>\n<\/li>\n<li data-start=\"1807\" data-end=\"1828\">\n<h6 data-start=\"1809\" data-end=\"1828\">R\u0101mis: ABS plastmasa<\/h6>\n<\/li>\n<li data-start=\"1829\" data-end=\"1868\">\n<h6 data-start=\"1831\" data-end=\"1868\">S\u0113dek\u013ca p\u0101rvalks: no\u0146emams un mazg\u0101jams ve\u013cas ma\u0161\u012bn\u0101<\/h6>\n<\/li>\n<\/ul>\n","protected":false},"excerpt":{"rendered":"<h6 data-start=\"148\" data-end=\"331\">Evolve Mesh 3 vien\u0101 \u0161\u016bpu\u013ckr\u0113sls aug kop\u0101 ar b\u0113rnu no pirmaj\u0101m dz\u012bves dien\u0101m l\u012bdz mazu\u013ca vecumam. Vien\u0101 produkt\u0101 apvienots jaundzimu\u0161\u0101 \u0161\u016bpu\u013ckr\u0113sls, b\u0113rnu \u0161\u016bpulis un maz\u0101 b\u0113rna kr\u0113sls. No dzim\u0161anas tas nodro\u0161ina \u0113rt\u012bbu, pateicoties ergonomiskajam jaundzimu\u0161\u0101 ieliknim, kas izstr\u0101d\u0101ts sadarb\u012bb\u0101 ar b\u0113rnu ortop\u0113du. Jaunais elpojo\u0161ais t\u012bkli\u0146a materi\u0101ls (mesh) nodro\u0161ina maksim\u0101lu gaisa cirkul\u0101ciju un pal\u012bdz uztur\u0113t mazuli pat\u012bkami v\u0113su.<\/h6>\n","protected":false},"featured_media":83904,"comment_status":"open","ping_status":"closed","template":"","meta":{"_acf_changed":false,"om_disable_all_campaigns":false,"_monsterinsights_skip_tracking":false,"_monsterinsights_sitenote_active":false,"_monsterinsights_sitenote_note":"","_monsterinsights_sitenote_category":0,"_uf_show_specific_survey":0,"_uf_disable_surveys":false,"site-sidebar-layout":"default","site-content-layout":"","ast-site-content-layout":"default","site-content-style":"default","site-sidebar-style":"default","ast-global-header-display":"","ast-banner-title-visibility":"","ast-main-header-display":"","ast-hfb-above-header-display":"","ast-hfb-below-header-display":"","ast-hfb-mobile-header-display":"","site-post-title":"","ast-breadcrumbs-content":"","ast-featured-img":"","footer-sml-layout":"","theme-transparent-header-meta":"default","adv-header-id-meta":"","stick-header-meta":"","header-above-stick-meta":"","header-main-stick-meta":"","header-below-stick-meta":"","astra-migrate-meta-layouts":"set","ast-page-background-enabled":"default","ast-page-background-meta":{"desktop":{"background-color":"var(--ast-global-color-4)","background-image":"","background-repeat":"repeat","background-position":"center center","background-size":"auto","background-attachment":"scroll","background-type":"","background-media":"","overlay-type":"","overlay-color":"","overlay-opacity":"","overlay-gradient":""},"tablet":{"background-color":"","background-image":"","background-repeat":"repeat","background-position":"center center","background-size":"auto","background-attachment":"scroll","background-type":"","background-media":"","overlay-type":"","overlay-color":"","overlay-opacity":"","overlay-gradient":""},"mobile":{"background-color":"","background-image":"","background-repeat":"repeat","background-position":"center center","background-size":"auto","background-attachment":"scroll","background-type":"","background-media":"","overlay-type":"","overlay-color":"","overlay-opacity":"","overlay-gradient":""}},"ast-content-background-meta":{"desktop":{"background-color":"var(--ast-global-color-5)","background-image":"","background-repeat":"repeat","background-position":"center center","background-size":"auto","background-attachment":"scroll","background-type":"","background-media":"","overlay-type":"","overlay-color":"","overlay-opacity":"","overlay-gradient":""},"tablet":{"background-color":"var(--ast-global-color-5)","background-image":"","background-repeat":"repeat","background-position":"center center","background-size":"auto","background-attachment":"scroll","background-type":"","background-media":"","overlay-type":"","overlay-color":"","overlay-opacity":"","overlay-gradient":""},"mobile":{"background-color":"var(--ast-global-color-5)","background-image":"","background-repeat":"repeat","background-position":"center center","background-size":"auto","background-attachment":"scroll","background-type":"","background-media":"","overlay-type":"","overlay-color":"","overlay-opacity":"","overlay-gradient":""}}},"product_brand":[],"product_cat":[1333,511,1346],"product_tag":[],"class_list":{"0":"post-83874","1":"product","2":"type-product","3":"status-publish","4":"has-post-thumbnail","6":"product_cat-ergobaby","7":"product_cat-jauni-produkti","8":"product_cat-supulkresli","9":"desktop-align-left","10":"tablet-align-left","11":"mobile-align-left","13":"first","14":"instock","15":"taxable","16":"shipping-taxable","17":"purchasable","18":"product-type-variable"},"acf":[],"aioseo_notices":[],"_links":{"self":[{"href":"https:\/\/hummy.ee\/lv\/wp-json\/wp\/v2\/product\/83874","targetHints":{"allow":["GET"]}}],"collection":[{"href":"https:\/\/hummy.ee\/lv\/wp-json\/wp\/v2\/product"}],"about":[{"href":"https:\/\/hummy.ee\/lv\/wp-json\/wp\/v2\/types\/product"}],"replies":[{"embeddable":true,"href":"https:\/\/hummy.ee\/lv\/wp-json\/wp\/v2\/comments?post=83874"}],"version-history":[{"count":6,"href":"https:\/\/hummy.ee\/lv\/wp-json\/wp\/v2\/product\/83874\/revisions"}],"predecessor-version":[{"id":84710,"href":"https:\/\/hummy.ee\/lv\/wp-json\/wp\/v2\/product\/83874\/revisions\/84710"}],"wp:featuredmedia":[{"embeddable":true,"href":"https:\/\/hummy.ee\/lv\/wp-json\/wp\/v2\/media\/83904"}],"wp:attachment":[{"href":"https:\/\/hummy.ee\/lv\/wp-json\/wp\/v2\/media?parent=83874"}],"wp:term":[{"taxonomy":"product_brand","embeddable":true,"href":"https:\/\/hummy.ee\/lv\/wp-json\/wp\/v2\/product_brand?post=83874"},{"taxonomy":"product_cat","embeddable":true,"href":"https:\/\/hummy.ee\/lv\/wp-json\/wp\/v2\/product_cat?post=83874"},{"taxonomy":"product_tag","embeddable":true,"href":"https:\/\/hummy.ee\/lv\/wp-json\/wp\/v2\/product_tag?post=83874"}],"curies":[{"name":"wp","href":"https:\/\/api.w.org\/{rel}","templated":true}]}}