{"id":83590,"date":"2026-02-20T19:58:28","date_gmt":"2026-02-20T19:58:28","guid":{"rendered":"https:\/\/hummy.ee\/product\/ergobaby-bernu-kreslins-ar-rotalu-kreslu\/"},"modified":"2026-02-25T08:42:53","modified_gmt":"2026-02-25T08:42:53","slug":"ergobaby-supulkresla-rotalu-arka","status":"publish","type":"product","link":"https:\/\/hummy.ee\/lv\/product\/ergobaby-supulkresla-rotalu-arka\/","title":{"rendered":"Ergobaby \u0161\u016bpu\u013ckr\u0113sla rota\u013cu arka"},"content":{"rendered":"<h6>B\u0113rns var dro\u0161i satvert un izp\u0113t\u012bt rota\u013clietas, kas ir piem\u0113rotas vi\u0146a vecumam un veicina sensor\u0101s att\u012bst\u012bbas prasmes. Ide\u0101ls papildapr\u012bkojums, kas padara Ergobaby Evolve \u0161\u016bpu\u013ckr\u0113slu v\u0113l aizraujo\u0161\u0101ku.<\/h6>\n<p>&nbsp;<\/p>\n<h6 data-start=\"485\" data-end=\"508\"><em><strong>\u012apa\u0161\u012bbas<\/strong><\/em><\/h6>\n<ul data-start=\"510\" data-end=\"742\">\n<li data-start=\"510\" data-end=\"536\">\n<h6 data-start=\"512\" data-end=\"536\">Piem\u0113rots no 4\u20135 m\u0113ne\u0161u vecuma<\/h6>\n<\/li>\n<li data-start=\"537\" data-end=\"572\">\n<h6 data-start=\"539\" data-end=\"572\">Jautra un att\u012bsto\u0161a sp\u0113le z\u012bdai\u0146iem<\/h6>\n<\/li>\n<li data-start=\"573\" data-end=\"632\">\n<h6 data-start=\"575\" data-end=\"632\">Viegli piestiprin\u0101t un no\u0146emt<\/h6>\n<\/li>\n<li data-start=\"633\" data-end=\"681\">\n<h6 data-start=\"635\" data-end=\"681\">Veicina b\u0113rna motoriku un uzman\u012bbas prasmes<\/h6>\n<\/li>\n<li data-start=\"682\" data-end=\"742\">\n<h6 data-start=\"684\" data-end=\"742\">Stil\u012bgs dizains, kas iederas jebkur\u0101 b\u0113rnu istab\u0101<\/h6>\n<\/li>\n<\/ul>\n<p data-start=\"966\" data-end=\"1103\">\n","protected":false},"excerpt":{"rendered":"<h6>Rota\u013cu arka ir izstr\u0101d\u0101ta, \u0146emot v\u0113r\u0101 b\u0113rna att\u012bst\u012bbu un prieku, nodro\u0161inot vecumam atbilsto\u0161u, aizraujo\u0161u un dro\u0161u sp\u0113les pieredzi. Ergobaby \u0161\u016bpu\u013ckr\u0113sla rota\u013cu arka uztur b\u0113rnu akt\u012bvu un att\u012bsta vi\u0146a prasmes rota\u013c\u012bg\u0101 veid\u0101. Piem\u0113rota Ergobaby Evolve \u0161\u016bpu\u013ckr\u0113sliem.<\/h6>\n","protected":false},"featured_media":83598,"comment_status":"open","ping_status":"closed","template":"","meta":{"_acf_changed":false,"om_disable_all_campaigns":false,"_monsterinsights_skip_tracking":false,"_monsterinsights_sitenote_active":false,"_monsterinsights_sitenote_note":"","_monsterinsights_sitenote_category":0,"_uf_show_specific_survey":0,"_uf_disable_surveys":false,"site-sidebar-layout":"default","site-content-layout":"","ast-site-content-layout":"default","site-content-style":"default","site-sidebar-style":"default","ast-global-header-display":"","ast-banner-title-visibility":"","ast-main-header-display":"","ast-hfb-above-header-display":"","ast-hfb-below-header-display":"","ast-hfb-mobile-header-display":"","site-post-title":"","ast-breadcrumbs-content":"","ast-featured-img":"","footer-sml-layout":"","theme-transparent-header-meta":"default","adv-header-id-meta":"","stick-header-meta":"","header-above-stick-meta":"","header-main-stick-meta":"","header-below-stick-meta":"","astra-migrate-meta-layouts":"set","ast-page-background-enabled":"default","ast-page-background-meta":{"desktop":{"background-color":"var(--ast-global-color-4)","background-image":"","background-repeat":"repeat","background-position":"center center","background-size":"auto","background-attachment":"scroll","background-type":"","background-media":"","overlay-type":"","overlay-color":"","overlay-opacity":"","overlay-gradient":""},"tablet":{"background-color":"","background-image":"","background-repeat":"repeat","background-position":"center center","background-size":"auto","background-attachment":"scroll","background-type":"","background-media":"","overlay-type":"","overlay-color":"","overlay-opacity":"","overlay-gradient":""},"mobile":{"background-color":"","background-image":"","background-repeat":"repeat","background-position":"center center","background-size":"auto","background-attachment":"scroll","background-type":"","background-media":"","overlay-type":"","overlay-color":"","overlay-opacity":"","overlay-gradient":""}},"ast-content-background-meta":{"desktop":{"background-color":"var(--ast-global-color-5)","background-image":"","background-repeat":"repeat","background-position":"center center","background-size":"auto","background-attachment":"scroll","background-type":"","background-media":"","overlay-type":"","overlay-color":"","overlay-opacity":"","overlay-gradient":""},"tablet":{"background-color":"var(--ast-global-color-5)","background-image":"","background-repeat":"repeat","background-position":"center center","background-size":"auto","background-attachment":"scroll","background-type":"","background-media":"","overlay-type":"","overlay-color":"","overlay-opacity":"","overlay-gradient":""},"mobile":{"background-color":"var(--ast-global-color-5)","background-image":"","background-repeat":"repeat","background-position":"center center","background-size":"auto","background-attachment":"scroll","background-type":"","background-media":"","overlay-type":"","overlay-color":"","overlay-opacity":"","overlay-gradient":""}}},"product_brand":[],"product_cat":[1333,511,1346],"product_tag":[],"class_list":{"0":"post-83590","1":"product","2":"type-product","3":"status-publish","4":"has-post-thumbnail","6":"product_cat-ergobaby","7":"product_cat-jauni-produkti","8":"product_cat-supulkresli","9":"desktop-align-left","10":"tablet-align-left","11":"mobile-align-left","13":"first","14":"instock","15":"taxable","16":"shipping-taxable","17":"purchasable","18":"product-type-variable"},"acf":[],"aioseo_notices":[],"_links":{"self":[{"href":"https:\/\/hummy.ee\/lv\/wp-json\/wp\/v2\/product\/83590","targetHints":{"allow":["GET"]}}],"collection":[{"href":"https:\/\/hummy.ee\/lv\/wp-json\/wp\/v2\/product"}],"about":[{"href":"https:\/\/hummy.ee\/lv\/wp-json\/wp\/v2\/types\/product"}],"replies":[{"embeddable":true,"href":"https:\/\/hummy.ee\/lv\/wp-json\/wp\/v2\/comments?post=83590"}],"version-history":[{"count":4,"href":"https:\/\/hummy.ee\/lv\/wp-json\/wp\/v2\/product\/83590\/revisions"}],"predecessor-version":[{"id":84706,"href":"https:\/\/hummy.ee\/lv\/wp-json\/wp\/v2\/product\/83590\/revisions\/84706"}],"wp:featuredmedia":[{"embeddable":true,"href":"https:\/\/hummy.ee\/lv\/wp-json\/wp\/v2\/media\/83598"}],"wp:attachment":[{"href":"https:\/\/hummy.ee\/lv\/wp-json\/wp\/v2\/media?parent=83590"}],"wp:term":[{"taxonomy":"product_brand","embeddable":true,"href":"https:\/\/hummy.ee\/lv\/wp-json\/wp\/v2\/product_brand?post=83590"},{"taxonomy":"product_cat","embeddable":true,"href":"https:\/\/hummy.ee\/lv\/wp-json\/wp\/v2\/product_cat?post=83590"},{"taxonomy":"product_tag","embeddable":true,"href":"https:\/\/hummy.ee\/lv\/wp-json\/wp\/v2\/product_tag?post=83590"}],"curies":[{"name":"wp","href":"https:\/\/api.w.org\/{rel}","templated":true}]}}