{"id":83516,"date":"2026-02-20T19:58:23","date_gmt":"2026-02-20T19:58:23","guid":{"rendered":"https:\/\/hummy.ee\/product\/ergobaby-embrace-jaundzimusa-parnesajama-gultina\/"},"modified":"2026-02-25T08:41:40","modified_gmt":"2026-02-25T08:41:40","slug":"ergobaby-kengursoma-embrace","status":"publish","type":"product","link":"https:\/\/hummy.ee\/lv\/product\/ergobaby-kengursoma-embrace\/","title":{"rendered":"Ergobaby kengursoma Embrace"},"content":{"rendered":"<h6 data-start=\"923\" data-end=\"938\"><strong><em>N\u0113s\u0101\u0161anas poz\u012bcijas un piem\u0113rot\u012bba vecumam<\/em><\/strong><\/h6>\n<ul>\n<li data-start=\"1226\" data-end=\"1263\">\n<h6>Jaundzimu\u0161\u0101 re\u017e\u012bms (l\u012bdz 58 cm)<\/h6>\n<\/li>\n<li data-start=\"378\" data-end=\"405\">\n<h6>Ar seju uz iek\u0161u (b\u0113rniem virs 58 cm)<\/h6>\n<\/li>\n<li data-start=\"408\" data-end=\"435\">\n<h6>Ar seju uz \u0101ru (virs 66 cm)<\/h6>\n<\/li>\n<\/ul>\n<h6 data-start=\"1341\" data-end=\"1470\">B\u0113rnam augot, plat\u0101s krustot\u0101s plecu siksnas un regul\u0113jam\u0101 jostas siksna nodro\u0161ina \u0113rtu piel\u0101go\u0161anos da\u017e\u0101d\u0101m \u0137erme\u0146a uzb\u016bv\u0113m. N\u0113s\u0101jamais ir kompakts un viegls, to var viegli sarull\u0113t un \u0113rti ievietot auti\u0146biks\u012b\u0161u kabat\u0101 vai som\u0101.<\/h6>\n<p>&nbsp;<\/p>\n<h6><em><strong>Galven\u0101s \u012bpa\u0161\u012bbas<\/strong><\/em><\/h6>\n<ul>\n<li data-start=\"560\" data-end=\"632\">\n<h6>Tr\u012bs n\u0113s\u0101\u0161anas poz\u012bcijas<\/h6>\n<\/li>\n<li data-start=\"633\" data-end=\"661\">\n<h6>Piem\u0113rots vecumam: 0\u201318 m\u0113ne\u0161i (3,2\u201311,3 kg)<\/h6>\n<\/li>\n<li data-start=\"662\" data-end=\"693\">\n<h6>Ergonomisks un vesel\u012bgs gurniem<\/h6>\n<\/li>\n<li data-start=\"694\" data-end=\"723\">\n<h6>M\u012bkstin\u0101ta kakla atbalsta spilvena<\/h6>\n<\/li>\n<li data-start=\"724\" data-end=\"768\">\n<h6>Viegls un kompakts, ietilpst auti\u0146biks\u012b\u0161u kabat\u0101<\/h6>\n<\/li>\n<li data-start=\"1926\" data-end=\"1982\">\n<h6 data-start=\"1928\" data-end=\"1982\">Mazg\u0101\u0161ana ma\u0161\u012bn\u0101 aukst\u0101 \u016bden\u012b, \u017e\u0101v\u0113\u0161ana gais\u0101<\/h6>\n<\/li>\n<li data-start=\"1983\" data-end=\"2043\">\n<h6>Audumi ir test\u0113ti un apstiprin\u0101ti saska\u0146\u0101 ar \u00d6ko-Tex 100 standartu<\/h6>\n<\/li>\n<\/ul>\n","protected":false},"excerpt":{"rendered":"<h6 data-start=\"792\" data-end=\"1074\">Ergobaby Embrace jaundzimu\u0161\u0101 n\u0113s\u0101jamais \u2013 m\u012bksts, kompakts un viegls! Ide\u0101li piem\u0113rots jaundzimu\u0161ajiem, nodro\u0161ina ergonomisku atbalstu, draudz\u012bgs gurniem un m\u012bkstu kakla atbalstu. Viegli lietojams bez sare\u017e\u0123\u012bt\u0101m sait\u0113m, tur b\u0113rnu tuvu un br\u012bvas rokas garant\u0113tas. N\u0113s\u0101jiet no dzim\u0161anas (3,2 kg) l\u012bdz 18 m\u0113ne\u0161iem (11,3 kg).<\/h6>\n","protected":false},"featured_media":83554,"comment_status":"open","ping_status":"closed","template":"","meta":{"_acf_changed":false,"om_disable_all_campaigns":false,"_monsterinsights_skip_tracking":false,"_monsterinsights_sitenote_active":false,"_monsterinsights_sitenote_note":"","_monsterinsights_sitenote_category":0,"_uf_show_specific_survey":0,"_uf_disable_surveys":false,"site-sidebar-layout":"default","site-content-layout":"","ast-site-content-layout":"default","site-content-style":"default","site-sidebar-style":"default","ast-global-header-display":"","ast-banner-title-visibility":"","ast-main-header-display":"","ast-hfb-above-header-display":"","ast-hfb-below-header-display":"","ast-hfb-mobile-header-display":"","site-post-title":"","ast-breadcrumbs-content":"","ast-featured-img":"","footer-sml-layout":"","theme-transparent-header-meta":"default","adv-header-id-meta":"","stick-header-meta":"","header-above-stick-meta":"","header-main-stick-meta":"","header-below-stick-meta":"","astra-migrate-meta-layouts":"set","ast-page-background-enabled":"default","ast-page-background-meta":{"desktop":{"background-color":"var(--ast-global-color-4)","background-image":"","background-repeat":"repeat","background-position":"center center","background-size":"auto","background-attachment":"scroll","background-type":"","background-media":"","overlay-type":"","overlay-color":"","overlay-opacity":"","overlay-gradient":""},"tablet":{"background-color":"","background-image":"","background-repeat":"repeat","background-position":"center center","background-size":"auto","background-attachment":"scroll","background-type":"","background-media":"","overlay-type":"","overlay-color":"","overlay-opacity":"","overlay-gradient":""},"mobile":{"background-color":"","background-image":"","background-repeat":"repeat","background-position":"center center","background-size":"auto","background-attachment":"scroll","background-type":"","background-media":"","overlay-type":"","overlay-color":"","overlay-opacity":"","overlay-gradient":""}},"ast-content-background-meta":{"desktop":{"background-color":"var(--ast-global-color-5)","background-image":"","background-repeat":"repeat","background-position":"center center","background-size":"auto","background-attachment":"scroll","background-type":"","background-media":"","overlay-type":"","overlay-color":"","overlay-opacity":"","overlay-gradient":""},"tablet":{"background-color":"var(--ast-global-color-5)","background-image":"","background-repeat":"repeat","background-position":"center center","background-size":"auto","background-attachment":"scroll","background-type":"","background-media":"","overlay-type":"","overlay-color":"","overlay-opacity":"","overlay-gradient":""},"mobile":{"background-color":"var(--ast-global-color-5)","background-image":"","background-repeat":"repeat","background-position":"center center","background-size":"auto","background-attachment":"scroll","background-type":"","background-media":"","overlay-type":"","overlay-color":"","overlay-opacity":"","overlay-gradient":""}}},"product_brand":[],"product_cat":[894,1333,511],"product_tag":[],"class_list":{"0":"post-83516","1":"product","2":"type-product","3":"status-publish","4":"has-post-thumbnail","6":"product_cat-bagazas-somas","7":"product_cat-ergobaby","8":"product_cat-jauni-produkti","9":"desktop-align-left","10":"tablet-align-left","11":"mobile-align-left","13":"first","14":"instock","15":"taxable","16":"shipping-taxable","17":"purchasable","18":"product-type-variable"},"acf":[],"aioseo_notices":[],"_links":{"self":[{"href":"https:\/\/hummy.ee\/lv\/wp-json\/wp\/v2\/product\/83516","targetHints":{"allow":["GET"]}}],"collection":[{"href":"https:\/\/hummy.ee\/lv\/wp-json\/wp\/v2\/product"}],"about":[{"href":"https:\/\/hummy.ee\/lv\/wp-json\/wp\/v2\/types\/product"}],"replies":[{"embeddable":true,"href":"https:\/\/hummy.ee\/lv\/wp-json\/wp\/v2\/comments?post=83516"}],"version-history":[{"count":4,"href":"https:\/\/hummy.ee\/lv\/wp-json\/wp\/v2\/product\/83516\/revisions"}],"predecessor-version":[{"id":84707,"href":"https:\/\/hummy.ee\/lv\/wp-json\/wp\/v2\/product\/83516\/revisions\/84707"}],"wp:featuredmedia":[{"embeddable":true,"href":"https:\/\/hummy.ee\/lv\/wp-json\/wp\/v2\/media\/83554"}],"wp:attachment":[{"href":"https:\/\/hummy.ee\/lv\/wp-json\/wp\/v2\/media?parent=83516"}],"wp:term":[{"taxonomy":"product_brand","embeddable":true,"href":"https:\/\/hummy.ee\/lv\/wp-json\/wp\/v2\/product_brand?post=83516"},{"taxonomy":"product_cat","embeddable":true,"href":"https:\/\/hummy.ee\/lv\/wp-json\/wp\/v2\/product_cat?post=83516"},{"taxonomy":"product_tag","embeddable":true,"href":"https:\/\/hummy.ee\/lv\/wp-json\/wp\/v2\/product_tag?post=83516"}],"curies":[{"name":"wp","href":"https:\/\/api.w.org\/{rel}","templated":true}]}}