{"id":83484,"date":"2026-02-20T19:58:11","date_gmt":"2026-02-20T19:58:11","guid":{"rendered":"https:\/\/hummy.ee\/product\/ergobaby-omni-classic-mesh-ratini\/"},"modified":"2026-02-25T08:41:28","modified_gmt":"2026-02-25T08:41:28","slug":"ergobaby-kengursoma-omni-classic-mesh","status":"publish","type":"product","link":"https:\/\/hummy.ee\/lv\/product\/ergobaby-kengursoma-omni-classic-mesh\/","title":{"rendered":"Ergobaby \u0137engursoma Omni Classic Mesh"},"content":{"rendered":"<h6 data-start=\"923\" data-end=\"938\"><strong><em>N\u0113s\u0101\u0161anas poz\u012bcijas un vecuma atbilst\u012bba<\/em><\/strong><\/h6>\n<ul data-start=\"376\" data-end=\"493\">\n<li data-start=\"376\" data-end=\"405\">\n<h6 data-start=\"378\" data-end=\"405\">Ar seju pret iek\u0161u \u2013 0+ m\u0113ne\u0161i<\/h6>\n<\/li>\n<li data-start=\"406\" data-end=\"435\">\n<h6 data-start=\"408\" data-end=\"435\">Ar seju pret \u0101ru \u2013 5+ m\u0113ne\u0161i<\/h6>\n<\/li>\n<li data-start=\"436\" data-end=\"464\">\n<h6 data-start=\"438\" data-end=\"464\">Uz muguras n\u0113s\u0101\u0161ana \u2013 6+ m\u0113ne\u0161i<\/h6>\n<\/li>\n<li data-start=\"465\" data-end=\"493\">\n<h6 data-start=\"467\" data-end=\"493\">Uz gurniem n\u0113s\u0101\u0161ana \u2013 6+ m\u0113ne\u0161i<\/h6>\n<\/li>\n<\/ul>\n<h6 data-start=\"1387\" data-end=\"1560\"><\/h6>\n<h6 data-start=\"1818\" data-end=\"1981\"><em><strong>Akredit\u0113ta \u0137engursoma<\/strong><\/em><\/h6>\n<h6 data-start=\"74\" data-end=\"284\">Ergobaby Omni Classic Mesh \u0137engursoma ir sa\u0146\u0113musi Starptautisk\u0101s g\u016b\u017eas displ\u0101zijas instit\u016bta atzin\u012bbu k\u0101 \u201cg\u016b\u017eu vesel\u012bgu\u201d \u0137engursomu \u2013 regul\u0113jama g\u016b\u017eu atbalsta s\u0113deklis nodro\u0161ina ergonomiski pareizu M-pozu visos n\u0113s\u0101\u0161anas veidos.<\/h6>\n<h6 data-start=\"74\" data-end=\"284\"><\/h6>\n<p>&nbsp;<\/p>\n<h6 data-start=\"74\" data-end=\"284\"><em><strong>Ergobaby \u0137engursomas ir paz\u012bstamas ar savu \u0113rtumu<\/strong><\/em><\/h6>\n<h6 data-start=\"74\" data-end=\"284\">Jostas da\u013cas atbalsts un m\u012bkstie, polster\u0113tie plecu un jostas siksnu elementi nodro\u0161ina maksim\u0101lu \u0113rtumu n\u0113s\u0101\u0161an\u0101. \u0136engursomas plecu siksnas aizsl\u0113dzas priek\u0161pus\u0113, padarot n\u0113s\u0101\u0161anu vienk\u0101r\u0161\u0101ku. Siksnas var n\u0113s\u0101t krusteniski vai k\u0101 mugursomu \u2013 atkar\u012bb\u0101 no t\u0101, kas tev vis\u0113rt\u0101k. Omni Classic Mesh \u0137engursoma ir apr\u012bkota ar UPF 50+ kapuci saules un priv\u0101tuma aizsardz\u012bbai, un b\u0113rnu var \u0113rti barot n\u0113s\u0101\u0161anas laik\u0101. \u012apa\u0161\u012bba, ko vec\u0101ki \u012bpa\u0161i nov\u0113rt\u0113, ir no\u0146emama r\u0101v\u0113jsl\u0113dz\u0113ja somi\u0146a. T\u0101 \u013cauj glab\u0101t ikdienas nepiecie\u0161amos s\u012bkumus un piestiprin\u0101t somi\u0146u da\u017e\u0101d\u0101s viet\u0101s atkar\u012bb\u0101 no vajadz\u012bbas.<\/h6>\n<p>&nbsp;<\/p>\n<h6 data-start=\"749\" data-end=\"944\"><em><strong>Piem\u0113rots da\u017e\u0101diem \u0137erme\u0146a tipiem<\/strong> <\/em><\/h6>\n<h6 data-start=\"749\" data-end=\"944\">\u012asiem, gariem un plus izm\u0113ru \u0137erme\u0146iem. Jostas siksnu var n\u0113s\u0101t augstu vai zemu, lai nodro\u0161in\u0101tu maksim\u0101lu \u0113rtumu, \u012bpa\u0161i p\u0113c \u0137eizargrieziena.<\/h6>\n<p>&nbsp;<\/p>\n<h6 data-start=\"1122\" data-end=\"1303\"><\/h6>\n<h6 data-start=\"1122\" data-end=\"1303\"><em><strong>\u012apa\u0161\u012bbas<\/strong><\/em><\/h6>\n<ul>\n<li data-start=\"75\" data-end=\"148\">\n<h6 data-start=\"77\" data-end=\"148\">4 n\u0113s\u0101\u0161anas poz\u012bcijas \u2013 piel\u0101gojamas no jaundzimu\u0161\u0101 l\u012bdz mazu\u013ciem<\/h6>\n<\/li>\n<li data-start=\"149\" data-end=\"207\">\n<h6 data-start=\"151\" data-end=\"207\">Piem\u0113rots jaundzimu\u0161ajiem \u2013 nav nepiecie\u0161ams papildus ieliktnis<\/h6>\n<\/li>\n<li data-start=\"208\" data-end=\"259\">\n<h6 data-start=\"210\" data-end=\"259\">Ergonomiskas n\u0113s\u0101\u0161anas poz\u012bcijas (tostarp ar seju pret \u0101ru)<\/h6>\n<\/li>\n<li data-start=\"260\" data-end=\"287\">\n<h6 data-start=\"262\" data-end=\"287\">No\u0146emams somi\u0146\u0161 ar r\u0101v\u0113jsl\u0113dzi<\/h6>\n<\/li>\n<li data-start=\"288\" data-end=\"379\">\n<h6 data-start=\"290\" data-end=\"379\">Alasjostas atbalsts un polster\u0113tas plecu siksnas \u0161\u0137\u0113rs\u0101m p\u0101rliekamas liel\u0101kai \u0113rt\u012bbai un piem\u0113rot\u012bbai<\/h6>\n<\/li>\n<li data-start=\"380\" data-end=\"448\">\n<h6 data-start=\"382\" data-end=\"448\">Elpojo\u0161a un viegla t\u012bkli\u0146a materi\u0101la \u0137engursoma<\/h6>\n<\/li>\n<li data-start=\"449\" data-end=\"495\">\n<h6 data-start=\"451\" data-end=\"495\">Vecumam no 0 l\u012bdz 48 m\u0113ne\u0161iem vai svaram no 3,2 l\u012bdz 20,4 kg<\/h6>\n<\/li>\n<li data-start=\"534\" data-end=\"549\">\n<h6 data-start=\"536\" data-end=\"549\">Mazg\u0101jams ve\u013cas ma\u0161\u012bn\u0101<\/h6>\n<\/li>\n<li data-start=\"550\" data-end=\"569\">\n<h6 data-start=\"552\" data-end=\"569\">UPF 50+ kapuci<\/h6>\n<\/li>\n<li data-start=\"570\" data-end=\"586\">\n<h6 data-start=\"572\" data-end=\"586\">100% kokvilna<\/h6>\n<\/li>\n<li data-start=\"587\" data-end=\"642\">\n<h6 data-start=\"589\" data-end=\"642\">Jostas siksna regul\u0113jama 66\u2013132 cm, plecu siksnas 71\u2013117 cm<\/h6>\n<\/li>\n<\/ul>\n<h6><\/h6>\n<h6 data-start=\"923\" data-end=\"938\"><\/h6>\n","protected":false},"excerpt":{"rendered":"<h6>Ergobaby Omni Classic Mesh \u0137engursoma apvieno visas Ergobaby apbalvot\u0101s \u012bpa\u0161\u012bbas. No t\u012bkli\u0146a materi\u0101la izgatavot\u0101 soma ir \u0101rk\u0101rt\u012bgi viegla un elpojo\u0161a, uzturot tevi un mazu\u013cu v\u0113s\u0101ku. Univers\u0101la, visu vien\u0101 n\u0113s\u0101jam\u0101 soma, kas aug l\u012bdzi b\u0113rnam no dzim\u0161anas l\u012bdz \u010detru gadu vecumam.<\/h6>\n","protected":false},"featured_media":83499,"comment_status":"open","ping_status":"closed","template":"","meta":{"_acf_changed":false,"om_disable_all_campaigns":false,"_monsterinsights_skip_tracking":false,"_monsterinsights_sitenote_active":false,"_monsterinsights_sitenote_note":"","_monsterinsights_sitenote_category":0,"_uf_show_specific_survey":0,"_uf_disable_surveys":false,"site-sidebar-layout":"default","site-content-layout":"","ast-site-content-layout":"default","site-content-style":"default","site-sidebar-style":"default","ast-global-header-display":"","ast-banner-title-visibility":"","ast-main-header-display":"","ast-hfb-above-header-display":"","ast-hfb-below-header-display":"","ast-hfb-mobile-header-display":"","site-post-title":"","ast-breadcrumbs-content":"","ast-featured-img":"","footer-sml-layout":"","theme-transparent-header-meta":"default","adv-header-id-meta":"","stick-header-meta":"","header-above-stick-meta":"","header-main-stick-meta":"","header-below-stick-meta":"","astra-migrate-meta-layouts":"set","ast-page-background-enabled":"default","ast-page-background-meta":{"desktop":{"background-color":"var(--ast-global-color-4)","background-image":"","background-repeat":"repeat","background-position":"center center","background-size":"auto","background-attachment":"scroll","background-type":"","background-media":"","overlay-type":"","overlay-color":"","overlay-opacity":"","overlay-gradient":""},"tablet":{"background-color":"","background-image":"","background-repeat":"repeat","background-position":"center center","background-size":"auto","background-attachment":"scroll","background-type":"","background-media":"","overlay-type":"","overlay-color":"","overlay-opacity":"","overlay-gradient":""},"mobile":{"background-color":"","background-image":"","background-repeat":"repeat","background-position":"center center","background-size":"auto","background-attachment":"scroll","background-type":"","background-media":"","overlay-type":"","overlay-color":"","overlay-opacity":"","overlay-gradient":""}},"ast-content-background-meta":{"desktop":{"background-color":"var(--ast-global-color-5)","background-image":"","background-repeat":"repeat","background-position":"center center","background-size":"auto","background-attachment":"scroll","background-type":"","background-media":"","overlay-type":"","overlay-color":"","overlay-opacity":"","overlay-gradient":""},"tablet":{"background-color":"var(--ast-global-color-5)","background-image":"","background-repeat":"repeat","background-position":"center center","background-size":"auto","background-attachment":"scroll","background-type":"","background-media":"","overlay-type":"","overlay-color":"","overlay-opacity":"","overlay-gradient":""},"mobile":{"background-color":"var(--ast-global-color-5)","background-image":"","background-repeat":"repeat","background-position":"center center","background-size":"auto","background-attachment":"scroll","background-type":"","background-media":"","overlay-type":"","overlay-color":"","overlay-opacity":"","overlay-gradient":""}}},"product_brand":[],"product_cat":[894,1333,511],"product_tag":[],"class_list":{"0":"post-83484","1":"product","2":"type-product","3":"status-publish","4":"has-post-thumbnail","6":"product_cat-bagazas-somas","7":"product_cat-ergobaby","8":"product_cat-jauni-produkti","9":"desktop-align-left","10":"tablet-align-left","11":"mobile-align-left","13":"first","14":"instock","15":"taxable","16":"shipping-taxable","17":"purchasable","18":"product-type-variable"},"acf":[],"aioseo_notices":[],"_links":{"self":[{"href":"https:\/\/hummy.ee\/lv\/wp-json\/wp\/v2\/product\/83484","targetHints":{"allow":["GET"]}}],"collection":[{"href":"https:\/\/hummy.ee\/lv\/wp-json\/wp\/v2\/product"}],"about":[{"href":"https:\/\/hummy.ee\/lv\/wp-json\/wp\/v2\/types\/product"}],"replies":[{"embeddable":true,"href":"https:\/\/hummy.ee\/lv\/wp-json\/wp\/v2\/comments?post=83484"}],"version-history":[{"count":4,"href":"https:\/\/hummy.ee\/lv\/wp-json\/wp\/v2\/product\/83484\/revisions"}],"predecessor-version":[{"id":84708,"href":"https:\/\/hummy.ee\/lv\/wp-json\/wp\/v2\/product\/83484\/revisions\/84708"}],"wp:featuredmedia":[{"embeddable":true,"href":"https:\/\/hummy.ee\/lv\/wp-json\/wp\/v2\/media\/83499"}],"wp:attachment":[{"href":"https:\/\/hummy.ee\/lv\/wp-json\/wp\/v2\/media?parent=83484"}],"wp:term":[{"taxonomy":"product_brand","embeddable":true,"href":"https:\/\/hummy.ee\/lv\/wp-json\/wp\/v2\/product_brand?post=83484"},{"taxonomy":"product_cat","embeddable":true,"href":"https:\/\/hummy.ee\/lv\/wp-json\/wp\/v2\/product_cat?post=83484"},{"taxonomy":"product_tag","embeddable":true,"href":"https:\/\/hummy.ee\/lv\/wp-json\/wp\/v2\/product_tag?post=83484"}],"curies":[{"name":"wp","href":"https:\/\/api.w.org\/{rel}","templated":true}]}}