{"id":83344,"date":"2026-02-20T19:58:16","date_gmt":"2026-02-20T19:58:16","guid":{"rendered":"https:\/\/hummy.ee\/product\/ergobaby-upsie-sling-bernu-nesatajs\/"},"modified":"2026-02-25T08:39:19","modified_gmt":"2026-02-25T08:39:19","slug":"ergobaby-kengursoma-upsie-sling","status":"publish","type":"product","link":"https:\/\/hummy.ee\/lv\/product\/ergobaby-kengursoma-upsie-sling\/","title":{"rendered":"Ergobaby mazu\u013ca kengursoma Upsie Sling"},"content":{"rendered":"<h6><strong><em>N\u0113s\u0101\u0161anas pozas <\/em><\/strong><\/h6>\n<ul>\n<li data-start=\"1088\" data-end=\"1135\">\n<h6 data-start=\"1090\" data-end=\"1135\">N\u0113s\u0101\u0161ana uz gurniem \u2013 seju v\u0113rstu pret vec\u0101ku (6+ m\u0113ne\u0161i)<\/h6>\n<\/li>\n<li data-start=\"1136\" data-end=\"1178\">\n<h6 data-start=\"1138\" data-end=\"1178\">Priek\u0161\u0101 n\u0113s\u0101\u0161ana \u2013 seju v\u0113rstu pret vec\u0101ku (6+ m\u0113ne\u0161i)<\/h6>\n<\/li>\n<\/ul>\n<h6>Kompakts un viegls kengursoma ir ar kompaktu dizainu un viegli ievietojams auti\u0146biks\u012b\u0161u som\u0101 vai rati\u0146u groz\u0101. Tas vienm\u0113r ir l\u012bdzi, kad tas nepiecie\u0161ams.<\/h6>\n<p>&nbsp;<\/p>\n<h6 data-start=\"547\" data-end=\"570\"><em><strong>\u012apa\u0161\u012bbas<\/strong><\/em><\/h6>\n<ul data-start=\"572\" data-end=\"1058\">\n<li data-start=\"572\" data-end=\"605\">\n<h6 data-start=\"574\" data-end=\"605\">Piem\u0113rots b\u0113rniem no 6 l\u012bdz 48 m\u0113ne\u0161iem (7,7-20,4 kg)<\/h6>\n<\/li>\n<li data-start=\"606\" data-end=\"666\">\n<h6 data-start=\"608\" data-end=\"666\">ietilp\u012bgs un ergonomisks s\u0113deklis (atbalsta vesel\u012bgu M poz\u012bciju b\u0113rnam)<\/h6>\n<\/li>\n<li data-start=\"667\" data-end=\"724\">\n<h6 data-start=\"669\" data-end=\"724\">Polster\u0113ta un regul\u0113jama plecu siksna lietot\u0101ja \u0113rt\u012bb\u0101m<\/h6>\n<\/li>\n<li data-start=\"725\" data-end=\"766\">\n<h6 data-start=\"727\" data-end=\"766\">\u0100tra un vienk\u0101r\u0161a b\u0113rna pacel\u0161ana uz aug\u0161u un uz leju<\/h6>\n<\/li>\n<li data-start=\"725\" data-end=\"766\">\n<h6>Labs alternat\u012bvs rati\u0146iem \u012bsiem izbraucieniem<\/h6>\n<\/li>\n<li data-start=\"767\" data-end=\"839\">\n<h6 data-start=\"769\" data-end=\"839\">Kompakts un viegls \u2013 saliekams un viegli ievietojams auti\u0146biks\u012b\u0161u som\u0101 vai zem rati\u0146iem<\/h6>\n<\/li>\n<li data-start=\"840\" data-end=\"906\">\n<h6 data-start=\"842\" data-end=\"906\">Priek\u0161\u0113j\u0101 kabata telefonam, atsl\u0113g\u0101m un citiem nepiecie\u0161amiem priek\u0161metiem<\/h6>\n<\/li>\n<li data-start=\"907\" data-end=\"923\">\n<h6 data-start=\"909\" data-end=\"923\">Materi\u0101ls: 100% kokvilna<\/h6>\n<\/li>\n<li data-start=\"924\" data-end=\"959\">\n<h6 data-start=\"926\" data-end=\"959\">Atbilst CPSC dro\u0161\u012bbas standartiem<\/h6>\n<\/li>\n<li data-start=\"960\" data-end=\"1018\">\n<h6 data-start=\"962\" data-end=\"1018\">Novietojuma vadl\u012bnijas pal\u012bdz tur\u0113t b\u0113rnu centr\u0101 un pareiz\u0101 poz\u012bcij\u0101<\/h6>\n<\/li>\n<li data-start=\"1019\" data-end=\"1058\">\n<h6 data-start=\"1021\" data-end=\"1058\">Polster\u0113jums \u0113rtai n\u0113s\u0101\u0161anai<\/h6>\n<\/li>\n<\/ul>\n","protected":false},"excerpt":{"rendered":"<h6>Mazie b\u0113rni v\u0113las atkl\u0101t pasauli sav\u0101 temp\u0101 \u2013 skriet, apst\u0101ties, atkal kust\u0113ties. Un tad p\u0113k\u0161\u0146i nogurst k\u0101jas, un kl\u0113p\u012b ir j\u0101b\u016bt t\u016bl\u012bt un uzreiz. Tie\u0161i \u0161\u0101diem br\u012b\u017eiem ir rad\u012bts Ergobaby Upsie Sling mazu\u013ca kengursoma. Tas ir ide\u0101ls risin\u0101jums, ja dodies \u0101r\u0101 ar b\u0113rnu, bet nev\u0113lies vai nevar \u0146emt l\u012bdzi rati\u0146us. Vai t\u0101 b\u016btu \u0101tra iepirk\u0161an\u0101s, ce\u013cojums, rota\u013cu laukums vai pastaiga pils\u0113t\u0101 \u2013 Upsie Sling kengursoma pal\u012bdz dienu turpin\u0101t gludi un \u0113rti.<\/h6>\n<h6><\/h6>\n","protected":false},"featured_media":83361,"comment_status":"open","ping_status":"closed","template":"","meta":{"_acf_changed":false,"om_disable_all_campaigns":false,"_monsterinsights_skip_tracking":false,"_monsterinsights_sitenote_active":false,"_monsterinsights_sitenote_note":"","_monsterinsights_sitenote_category":0,"_uf_show_specific_survey":0,"_uf_disable_surveys":false,"site-sidebar-layout":"default","site-content-layout":"","ast-site-content-layout":"default","site-content-style":"default","site-sidebar-style":"default","ast-global-header-display":"","ast-banner-title-visibility":"","ast-main-header-display":"","ast-hfb-above-header-display":"","ast-hfb-below-header-display":"","ast-hfb-mobile-header-display":"","site-post-title":"","ast-breadcrumbs-content":"","ast-featured-img":"","footer-sml-layout":"","theme-transparent-header-meta":"default","adv-header-id-meta":"","stick-header-meta":"","header-above-stick-meta":"","header-main-stick-meta":"","header-below-stick-meta":"","astra-migrate-meta-layouts":"set","ast-page-background-enabled":"default","ast-page-background-meta":{"desktop":{"background-color":"var(--ast-global-color-4)","background-image":"","background-repeat":"repeat","background-position":"center center","background-size":"auto","background-attachment":"scroll","background-type":"","background-media":"","overlay-type":"","overlay-color":"","overlay-opacity":"","overlay-gradient":""},"tablet":{"background-color":"","background-image":"","background-repeat":"repeat","background-position":"center center","background-size":"auto","background-attachment":"scroll","background-type":"","background-media":"","overlay-type":"","overlay-color":"","overlay-opacity":"","overlay-gradient":""},"mobile":{"background-color":"","background-image":"","background-repeat":"repeat","background-position":"center center","background-size":"auto","background-attachment":"scroll","background-type":"","background-media":"","overlay-type":"","overlay-color":"","overlay-opacity":"","overlay-gradient":""}},"ast-content-background-meta":{"desktop":{"background-color":"var(--ast-global-color-5)","background-image":"","background-repeat":"repeat","background-position":"center center","background-size":"auto","background-attachment":"scroll","background-type":"","background-media":"","overlay-type":"","overlay-color":"","overlay-opacity":"","overlay-gradient":""},"tablet":{"background-color":"var(--ast-global-color-5)","background-image":"","background-repeat":"repeat","background-position":"center center","background-size":"auto","background-attachment":"scroll","background-type":"","background-media":"","overlay-type":"","overlay-color":"","overlay-opacity":"","overlay-gradient":""},"mobile":{"background-color":"var(--ast-global-color-5)","background-image":"","background-repeat":"repeat","background-position":"center center","background-size":"auto","background-attachment":"scroll","background-type":"","background-media":"","overlay-type":"","overlay-color":"","overlay-opacity":"","overlay-gradient":""}}},"product_brand":[],"product_cat":[894,1333,511],"product_tag":[],"class_list":{"0":"post-83344","1":"product","2":"type-product","3":"status-publish","4":"has-post-thumbnail","6":"product_cat-bagazas-somas","7":"product_cat-ergobaby","8":"product_cat-jauni-produkti","9":"desktop-align-left","10":"tablet-align-left","11":"mobile-align-left","13":"first","14":"instock","15":"taxable","16":"shipping-taxable","17":"purchasable","18":"product-type-variable"},"acf":[],"aioseo_notices":[],"_links":{"self":[{"href":"https:\/\/hummy.ee\/lv\/wp-json\/wp\/v2\/product\/83344","targetHints":{"allow":["GET"]}}],"collection":[{"href":"https:\/\/hummy.ee\/lv\/wp-json\/wp\/v2\/product"}],"about":[{"href":"https:\/\/hummy.ee\/lv\/wp-json\/wp\/v2\/types\/product"}],"replies":[{"embeddable":true,"href":"https:\/\/hummy.ee\/lv\/wp-json\/wp\/v2\/comments?post=83344"}],"version-history":[{"count":4,"href":"https:\/\/hummy.ee\/lv\/wp-json\/wp\/v2\/product\/83344\/revisions"}],"predecessor-version":[{"id":84722,"href":"https:\/\/hummy.ee\/lv\/wp-json\/wp\/v2\/product\/83344\/revisions\/84722"}],"wp:featuredmedia":[{"embeddable":true,"href":"https:\/\/hummy.ee\/lv\/wp-json\/wp\/v2\/media\/83361"}],"wp:attachment":[{"href":"https:\/\/hummy.ee\/lv\/wp-json\/wp\/v2\/media?parent=83344"}],"wp:term":[{"taxonomy":"product_brand","embeddable":true,"href":"https:\/\/hummy.ee\/lv\/wp-json\/wp\/v2\/product_brand?post=83344"},{"taxonomy":"product_cat","embeddable":true,"href":"https:\/\/hummy.ee\/lv\/wp-json\/wp\/v2\/product_cat?post=83344"},{"taxonomy":"product_tag","embeddable":true,"href":"https:\/\/hummy.ee\/lv\/wp-json\/wp\/v2\/product_tag?post=83344"}],"curies":[{"name":"wp","href":"https:\/\/api.w.org\/{rel}","templated":true}]}}