{"id":83234,"date":"2026-02-20T19:58:05","date_gmt":"2026-02-20T19:58:05","guid":{"rendered":"https:\/\/hummy.ee\/product\/ergobaby-hip-lift-sedekla-gurnu-balsts\/"},"modified":"2026-02-25T08:41:19","modified_gmt":"2026-02-25T08:41:19","slug":"ergobaby-lift-hip-seat","status":"publish","type":"product","link":"https:\/\/hummy.ee\/lv\/product\/ergobaby-lift-hip-seat\/","title":{"rendered":"Ergobaby b\u0113rnu p\u0101rn\u0113s\u0101jamais gurnu s\u0113deklis Lift Hip Seat"},"content":{"rendered":"<h6><strong><em>N\u0113s\u0101\u0161anas pozas <\/em><\/strong><\/h6>\n<ul>\n<li data-start=\"1260\" data-end=\"1279\">\n<h6 data-start=\"1262\" data-end=\"1279\">N\u0113s\u0101\u0161ana uz gurniem<\/h6>\n<\/li>\n<li data-start=\"1280\" data-end=\"1307\">\n<h6 data-start=\"1282\" data-end=\"1307\">Priek\u0161\u0101, seju v\u0113rstu pret vec\u0101ku<\/h6>\n<\/li>\n<li data-start=\"1308\" data-end=\"1327\">\n<h6 data-start=\"1310\" data-end=\"1327\">Priek\u0161\u0101, ar seju uz leju<\/h6>\n<\/li>\n<\/ul>\n<h6 data-start=\"400\" data-end=\"703\">P\u0101rn\u0113s\u0101jamais gurnu s\u0113deklis ir piem\u0113rots \u012bslaic\u012bgai lieto\u0161anai (6\u201348 m\u0113ne\u0161i), piem\u0113ram, m\u0101jas darbos vai \u0101tr\u0101s izie\u0161anas reiz\u0113s. Plata un polster\u0113ta jostas siksna kop\u0101 ar s\u0113dekli atbalsta b\u0113rnu, kam\u0113r to tur vien\u0101 rok\u0101. Polster\u0113tais s\u0113deklis ir nedaudz sl\u012bps un ar nesl\u012bdo\u0161u virsmu, lai b\u0113rns paliktu dro\u0161i viet\u0101. T\u0101 viet\u0101, lai past\u0101v\u012bgi tur\u0113tu augo\u0161u b\u0113rnu kl\u0113p\u012b vai uz gurniem, varat vi\u0146u atbalst\u012bt uz s\u0113dek\u013ca \u2013 t\u0101 samazin\u0101s slodzi rok\u0101m un jostas da\u013cai.<\/h6>\n<p>&nbsp;<\/p>\n<h6 data-start=\"1441\" data-end=\"1455\"><strong><em>\u012apa\u0161\u012bbas<\/em><\/strong><\/h6>\n<ul data-start=\"1456\" data-end=\"1924\">\n<li data-start=\"1456\" data-end=\"1541\">\n<h6 data-start=\"1458\" data-end=\"1541\">Polster\u0113ta plata priek\u0161gala siksna pal\u012bdz vienm\u0113r\u012bgi sadal\u012bt svaru un mazina muguras sasprindzin\u0101jumu.<\/h6>\n<\/li>\n<li data-start=\"1542\" data-end=\"1608\">\n<h6 data-start=\"1544\" data-end=\"1608\">Liela s\u0101nu kabata un priek\u0161\u0113j\u0101 t\u012bklveida kabata ikdienas piederumiem<\/h6>\n<\/li>\n<li data-start=\"1609\" data-end=\"1709\">\n<h6 data-start=\"1611\" data-end=\"1709\">G\u016b\u017eas loc\u012btavas pozai draudz\u012bga st\u0101ja - HDI (Starptautiskais g\u016b\u017eas loc\u012btavu displ\u0101zijas instit\u016bts) sertifik\u0101ts.<\/h6>\n<\/li>\n<li data-start=\"1710\" data-end=\"1738\">\n<h6 data-start=\"1712\" data-end=\"1738\">Materi\u0101ls: 100% poliesteris<\/h6>\n<\/li>\n<li data-start=\"1739\" data-end=\"1769\">\n<h6 data-start=\"1741\" data-end=\"1769\">No\u0146emams s\u0113deklis, kas pastiprin\u0101ts ar EPP<\/h6>\n<\/li>\n<li data-start=\"1801\" data-end=\"1816\">\n<h6 data-start=\"1803\" data-end=\"1816\">Mazg\u0101jams ve\u013cas ma\u0161\u012bn\u0101<\/h6>\n<\/li>\n<li data-start=\"1072\" data-end=\"1110\">\n<h6 data-start=\"1074\" data-end=\"1110\">Piem\u0113rot\u012bba: 6-48 m\u0113ne\u0161i (7,7-20,4 kg)<\/h6>\n<\/li>\n<li data-start=\"1171\" data-end=\"1207\">\n<h6 data-start=\"1173\" data-end=\"1207\">Loka siksna regul\u0113jama l\u012bdz 132 cm<\/h6>\n<\/li>\n<\/ul>\n","protected":false},"excerpt":{"rendered":"<h6 data-start=\"135\" data-end=\"398\">Ergobaby Lift b\u0113rnu p\u0101rn\u0113s\u0101jamais gurnu s\u0113deklis ir rad\u012bts br\u012b\u017eiem, kad b\u0113rns vienu mirkli v\u0113las b\u016bt kl\u0113p\u012b, bet n\u0101kamo jau pats skrien apk\u0101rt. Tas nodro\u0161ina maksim\u0101lu \u0113rtumu n\u0113s\u0101jot uz gurniem un padara b\u0113rna pacel\u0161anu un nolik\u0161anu \u0101tru un vienk\u0101r\u0161u \u2013 \u012bpa\u0161i liel\u0101kiem z\u012bdai\u0146iem un maziem b\u0113rniem.<\/h6>\n<h6 data-start=\"705\" data-end=\"836\"><\/h6>\n","protected":false},"featured_media":83249,"comment_status":"open","ping_status":"closed","template":"","meta":{"_acf_changed":false,"om_disable_all_campaigns":false,"_monsterinsights_skip_tracking":false,"_monsterinsights_sitenote_active":false,"_monsterinsights_sitenote_note":"","_monsterinsights_sitenote_category":0,"_uf_show_specific_survey":0,"_uf_disable_surveys":false,"site-sidebar-layout":"default","site-content-layout":"","ast-site-content-layout":"default","site-content-style":"default","site-sidebar-style":"default","ast-global-header-display":"","ast-banner-title-visibility":"","ast-main-header-display":"","ast-hfb-above-header-display":"","ast-hfb-below-header-display":"","ast-hfb-mobile-header-display":"","site-post-title":"","ast-breadcrumbs-content":"","ast-featured-img":"","footer-sml-layout":"","theme-transparent-header-meta":"default","adv-header-id-meta":"","stick-header-meta":"","header-above-stick-meta":"","header-main-stick-meta":"","header-below-stick-meta":"","astra-migrate-meta-layouts":"set","ast-page-background-enabled":"default","ast-page-background-meta":{"desktop":{"background-color":"var(--ast-global-color-4)","background-image":"","background-repeat":"repeat","background-position":"center center","background-size":"auto","background-attachment":"scroll","background-type":"","background-media":"","overlay-type":"","overlay-color":"","overlay-opacity":"","overlay-gradient":""},"tablet":{"background-color":"","background-image":"","background-repeat":"repeat","background-position":"center center","background-size":"auto","background-attachment":"scroll","background-type":"","background-media":"","overlay-type":"","overlay-color":"","overlay-opacity":"","overlay-gradient":""},"mobile":{"background-color":"","background-image":"","background-repeat":"repeat","background-position":"center center","background-size":"auto","background-attachment":"scroll","background-type":"","background-media":"","overlay-type":"","overlay-color":"","overlay-opacity":"","overlay-gradient":""}},"ast-content-background-meta":{"desktop":{"background-color":"var(--ast-global-color-5)","background-image":"","background-repeat":"repeat","background-position":"center center","background-size":"auto","background-attachment":"scroll","background-type":"","background-media":"","overlay-type":"","overlay-color":"","overlay-opacity":"","overlay-gradient":""},"tablet":{"background-color":"var(--ast-global-color-5)","background-image":"","background-repeat":"repeat","background-position":"center center","background-size":"auto","background-attachment":"scroll","background-type":"","background-media":"","overlay-type":"","overlay-color":"","overlay-opacity":"","overlay-gradient":""},"mobile":{"background-color":"var(--ast-global-color-5)","background-image":"","background-repeat":"repeat","background-position":"center center","background-size":"auto","background-attachment":"scroll","background-type":"","background-media":"","overlay-type":"","overlay-color":"","overlay-opacity":"","overlay-gradient":""}}},"product_brand":[],"product_cat":[894,1333,511],"product_tag":[],"class_list":{"0":"post-83234","1":"product","2":"type-product","3":"status-publish","4":"has-post-thumbnail","6":"product_cat-bagazas-somas","7":"product_cat-ergobaby","8":"product_cat-jauni-produkti","9":"desktop-align-left","10":"tablet-align-left","11":"mobile-align-left","13":"first","14":"instock","15":"taxable","16":"shipping-taxable","17":"purchasable","18":"product-type-variable"},"acf":[],"aioseo_notices":[],"_links":{"self":[{"href":"https:\/\/hummy.ee\/lv\/wp-json\/wp\/v2\/product\/83234","targetHints":{"allow":["GET"]}}],"collection":[{"href":"https:\/\/hummy.ee\/lv\/wp-json\/wp\/v2\/product"}],"about":[{"href":"https:\/\/hummy.ee\/lv\/wp-json\/wp\/v2\/types\/product"}],"replies":[{"embeddable":true,"href":"https:\/\/hummy.ee\/lv\/wp-json\/wp\/v2\/comments?post=83234"}],"version-history":[{"count":5,"href":"https:\/\/hummy.ee\/lv\/wp-json\/wp\/v2\/product\/83234\/revisions"}],"predecessor-version":[{"id":84720,"href":"https:\/\/hummy.ee\/lv\/wp-json\/wp\/v2\/product\/83234\/revisions\/84720"}],"wp:featuredmedia":[{"embeddable":true,"href":"https:\/\/hummy.ee\/lv\/wp-json\/wp\/v2\/media\/83249"}],"wp:attachment":[{"href":"https:\/\/hummy.ee\/lv\/wp-json\/wp\/v2\/media?parent=83234"}],"wp:term":[{"taxonomy":"product_brand","embeddable":true,"href":"https:\/\/hummy.ee\/lv\/wp-json\/wp\/v2\/product_brand?post=83234"},{"taxonomy":"product_cat","embeddable":true,"href":"https:\/\/hummy.ee\/lv\/wp-json\/wp\/v2\/product_cat?post=83234"},{"taxonomy":"product_tag","embeddable":true,"href":"https:\/\/hummy.ee\/lv\/wp-json\/wp\/v2\/product_tag?post=83234"}],"curies":[{"name":"wp","href":"https:\/\/api.w.org\/{rel}","templated":true}]}}