{"id":83184,"date":"2026-02-20T19:57:59","date_gmt":"2026-02-20T19:57:59","guid":{"rendered":"https:\/\/hummy.ee\/product\/ergobaby-omni-deluxe-lina-bernu-ratini\/"},"modified":"2026-02-25T08:41:06","modified_gmt":"2026-02-25T08:41:06","slug":"ergobaby-kengursoma-omni-deluxe-linen","status":"publish","type":"product","link":"https:\/\/hummy.ee\/lv\/product\/ergobaby-kengursoma-omni-deluxe-linen\/","title":{"rendered":"Ergobaby \u0137engursoma Omni Deluxe Linen"},"content":{"rendered":"<h6><strong><em>N\u0113s\u0101\u0161anas poz\u012bcijas un vecuma atbilst\u012bba<\/em><\/strong><\/h6>\n<ul data-start=\"376\" data-end=\"493\">\n<li data-start=\"376\" data-end=\"405\">\n<h6>Ar seju pret iek\u0161u \u2013 0+ m\u0113ne\u0161i<\/h6>\n<\/li>\n<li data-start=\"406\" data-end=\"435\">\n<h6>Ar seju pret \u0101ru \u2013 5+ m\u0113ne\u0161i<\/h6>\n<\/li>\n<li data-start=\"436\" data-end=\"464\">\n<h6>Uz muguras n\u0113s\u0101\u0161ana \u2013 6+ m\u0113ne\u0161i<\/h6>\n<\/li>\n<li data-start=\"465\" data-end=\"493\">\n<h6>Uz gurniem n\u0113s\u0101\u0161ana \u2013 6+ m\u0113ne\u0161i<\/h6>\n<\/li>\n<\/ul>\n<h6>Ergobaby \u0137engursomu viegli regul\u0113t \u2013 uz siksn\u0101m eso\u0161ie mar\u0137\u0113jumi pal\u012bdz \u0101tri iestat\u012bt piem\u0113rotu izm\u0113ru. Vienas rokas sl\u012bdregulators \u013cauj \u0101tri main\u012bt mazu\u013ca poz\u012bciju (seju pret seju \u2194 seju prom).<\/h6>\n<h6>Papildu funkcijas: 6 kabatas ikdienas nepiecie\u0161amajiem priek\u0161metiem, kapuce priv\u0101tuma un saules aizsardz\u012bbas nodro\u0161in\u0101\u0161anai, k\u0101 ar\u012b regul\u0113jams galvas balsts.<\/h6>\n<h6><\/h6>\n<h6><\/h6>\n<p>&nbsp;<\/p>\n<h6><strong><em>\u012apa\u0161\u012bbas<\/em><\/strong><\/h6>\n<ul data-start=\"940\" data-end=\"1580\">\n<li data-start=\"940\" data-end=\"1030\">\n<h6>Vecumam no 0 l\u012bdz 48 m\u0113ne\u0161iem vai svaram no 3,2 l\u012bdz 20,4 kg<\/h6>\n<\/li>\n<li data-start=\"1031\" data-end=\"1063\">\n<h6>Materi\u0101ls: izgatavots no dab\u012bga lina auduma<\/h6>\n<\/li>\n<li data-start=\"1064\" data-end=\"1140\">\n<h6>Komplekt\u0101 soma un r\u0101v\u0113jsl\u0113dz\u0113ja kabata muguras pus\u0113 liel\u0101kiem priek\u0161metiem<\/h6>\n<\/li>\n<li data-start=\"1141\" data-end=\"1199\">\n<h6>Divas elast\u012bgas jostas kabatas vid\u0113ja izm\u0113ra priek\u0161metiem<\/h6>\n<\/li>\n<li data-start=\"1200\" data-end=\"1245\">\n<h6>Divas kabatas ar r\u0101v\u0113jsl\u0113dzi maz\u0101kiem priek\u0161metiem<\/h6>\n<\/li>\n<li data-start=\"1246\" data-end=\"1323\">\n<h6>Siksnu mar\u0137\u0113jumi padara \u0137engursomu viegli piel\u0101gojamu vec\u0101kiem<\/h6>\n<\/li>\n<li data-start=\"1324\" data-end=\"1345\">\n<h6>\u013bauj \u0113rti barot b\u0113rnu ar kr\u016bti<\/h6>\n<\/li>\n<li data-start=\"1346\" data-end=\"1401\">\n<h6>Priek\u0161pus\u0113 atstarojo\u0161s logo, lai palielin\u0101tu dro\u0161\u012bbu<\/h6>\n<\/li>\n<li data-start=\"1402\" data-end=\"1459\">\n<h6>P\u0101rkl\u0101ti spr\u0101dzes t\u012br\u0101kam un gl\u012bt\u0101kam izskatam<\/h6>\n<\/li>\n<li data-start=\"1496\" data-end=\"1564\">\n<h6>Ar Starptautisk\u0101s g\u016b\u017eas loc\u012btavas displ\u0101zijas instit\u016bta sertifik\u0101tu<\/h6>\n<\/li>\n<li data-start=\"1565\" data-end=\"1580\">\n<h6>Mazg\u0101jams ve\u013cas ma\u0161\u012bn\u0101<\/h6>\n<\/li>\n<\/ul>\n","protected":false},"excerpt":{"rendered":"<h6 data-start=\"127\" data-end=\"360\">Ergobaby Omni Deluxe Linen \u0137engursoma no dab\u012bga lina apvieno maksim\u0101lu elpojam\u012bbu, izcilu komfortu un praktisku glab\u0101\u0161anas vietu. T\u0101 ir izstr\u0101d\u0101ta, lai nodro\u0161in\u0101tu n\u0113s\u0101t\u0101jam stingru atbalstu un saglab\u0101tu mazu\u013ca \u0113rtumu un dro\u0161\u012bbu tav\u0101 tuvum\u0101 \u2013 jebkur\u0101 laik\u0101 un jebkur\u0101 situ\u0101cij\u0101. Omni Deluxe pied\u0101v\u0101 visas nepiecie\u0161am\u0101s n\u0113s\u0101\u0161anas poz\u012bcijas no jaundzimu\u0161\u0101 l\u012bdz mazu\u013ca vecumam (0\u201348 m\u0113ne\u0161iem), piel\u0101gojoties b\u0113rna augumam. Pateicoties p\u0101rdom\u0101tajam dizainam, t\u0101 ir patiesi univers\u0101la \u201evisu vien\u0101\u201c \u0137engursoma \u2013 vien\u012bg\u0101 soma, kas nepiecie\u0161ama visam n\u0113s\u0101\u0161anas periodam.<\/h6>\n","protected":false},"featured_media":83223,"comment_status":"open","ping_status":"closed","template":"","meta":{"_acf_changed":false,"om_disable_all_campaigns":false,"_monsterinsights_skip_tracking":false,"_monsterinsights_sitenote_active":false,"_monsterinsights_sitenote_note":"","_monsterinsights_sitenote_category":0,"_uf_show_specific_survey":0,"_uf_disable_surveys":false,"site-sidebar-layout":"default","site-content-layout":"","ast-site-content-layout":"default","site-content-style":"default","site-sidebar-style":"default","ast-global-header-display":"","ast-banner-title-visibility":"","ast-main-header-display":"","ast-hfb-above-header-display":"","ast-hfb-below-header-display":"","ast-hfb-mobile-header-display":"","site-post-title":"","ast-breadcrumbs-content":"","ast-featured-img":"","footer-sml-layout":"","theme-transparent-header-meta":"default","adv-header-id-meta":"","stick-header-meta":"","header-above-stick-meta":"","header-main-stick-meta":"","header-below-stick-meta":"","astra-migrate-meta-layouts":"set","ast-page-background-enabled":"default","ast-page-background-meta":{"desktop":{"background-color":"var(--ast-global-color-4)","background-image":"","background-repeat":"repeat","background-position":"center center","background-size":"auto","background-attachment":"scroll","background-type":"","background-media":"","overlay-type":"","overlay-color":"","overlay-opacity":"","overlay-gradient":""},"tablet":{"background-color":"","background-image":"","background-repeat":"repeat","background-position":"center center","background-size":"auto","background-attachment":"scroll","background-type":"","background-media":"","overlay-type":"","overlay-color":"","overlay-opacity":"","overlay-gradient":""},"mobile":{"background-color":"","background-image":"","background-repeat":"repeat","background-position":"center center","background-size":"auto","background-attachment":"scroll","background-type":"","background-media":"","overlay-type":"","overlay-color":"","overlay-opacity":"","overlay-gradient":""}},"ast-content-background-meta":{"desktop":{"background-color":"var(--ast-global-color-5)","background-image":"","background-repeat":"repeat","background-position":"center center","background-size":"auto","background-attachment":"scroll","background-type":"","background-media":"","overlay-type":"","overlay-color":"","overlay-opacity":"","overlay-gradient":""},"tablet":{"background-color":"var(--ast-global-color-5)","background-image":"","background-repeat":"repeat","background-position":"center center","background-size":"auto","background-attachment":"scroll","background-type":"","background-media":"","overlay-type":"","overlay-color":"","overlay-opacity":"","overlay-gradient":""},"mobile":{"background-color":"var(--ast-global-color-5)","background-image":"","background-repeat":"repeat","background-position":"center center","background-size":"auto","background-attachment":"scroll","background-type":"","background-media":"","overlay-type":"","overlay-color":"","overlay-opacity":"","overlay-gradient":""}}},"product_brand":[],"product_cat":[894,1333,511],"product_tag":[],"class_list":{"0":"post-83184","1":"product","2":"type-product","3":"status-publish","4":"has-post-thumbnail","6":"product_cat-bagazas-somas","7":"product_cat-ergobaby","8":"product_cat-jauni-produkti","9":"desktop-align-left","10":"tablet-align-left","11":"mobile-align-left","13":"first","14":"instock","15":"taxable","16":"shipping-taxable","17":"purchasable","18":"product-type-variable"},"acf":[],"aioseo_notices":[],"_links":{"self":[{"href":"https:\/\/hummy.ee\/lv\/wp-json\/wp\/v2\/product\/83184","targetHints":{"allow":["GET"]}}],"collection":[{"href":"https:\/\/hummy.ee\/lv\/wp-json\/wp\/v2\/product"}],"about":[{"href":"https:\/\/hummy.ee\/lv\/wp-json\/wp\/v2\/types\/product"}],"replies":[{"embeddable":true,"href":"https:\/\/hummy.ee\/lv\/wp-json\/wp\/v2\/comments?post=83184"}],"version-history":[{"count":4,"href":"https:\/\/hummy.ee\/lv\/wp-json\/wp\/v2\/product\/83184\/revisions"}],"predecessor-version":[{"id":84712,"href":"https:\/\/hummy.ee\/lv\/wp-json\/wp\/v2\/product\/83184\/revisions\/84712"}],"wp:featuredmedia":[{"embeddable":true,"href":"https:\/\/hummy.ee\/lv\/wp-json\/wp\/v2\/media\/83223"}],"wp:attachment":[{"href":"https:\/\/hummy.ee\/lv\/wp-json\/wp\/v2\/media?parent=83184"}],"wp:term":[{"taxonomy":"product_brand","embeddable":true,"href":"https:\/\/hummy.ee\/lv\/wp-json\/wp\/v2\/product_brand?post=83184"},{"taxonomy":"product_cat","embeddable":true,"href":"https:\/\/hummy.ee\/lv\/wp-json\/wp\/v2\/product_cat?post=83184"},{"taxonomy":"product_tag","embeddable":true,"href":"https:\/\/hummy.ee\/lv\/wp-json\/wp\/v2\/product_tag?post=83184"}],"curies":[{"name":"wp","href":"https:\/\/api.w.org\/{rel}","templated":true}]}}