{"id":83129,"date":"2026-02-20T19:57:53","date_gmt":"2026-02-20T19:57:53","guid":{"rendered":"https:\/\/hummy.ee\/product\/ergobaby-omni-deluxe-mesh-carrycot-bernu-ratini\/"},"modified":"2026-02-25T08:40:56","modified_gmt":"2026-02-25T08:40:56","slug":"ergobaby-kengursoma-omni-deluxe-mesh","status":"publish","type":"product","link":"https:\/\/hummy.ee\/lv\/product\/ergobaby-kengursoma-omni-deluxe-mesh\/","title":{"rendered":"Ergobaby \u0137engursoma Omni Deluxe Mesh"},"content":{"rendered":"<h6 data-start=\"923\" data-end=\"938\"><strong><em>N\u0113s\u0101\u0161anas poz\u012bcijas un vecuma atbilst\u012bba<\/em><\/strong><\/h6>\n<ul data-start=\"376\" data-end=\"493\">\n<li data-start=\"376\" data-end=\"405\">\n<h6 data-start=\"378\" data-end=\"405\">Ar seju pret iek\u0161u \u2013 0+ m\u0113ne\u0161i<\/h6>\n<\/li>\n<li data-start=\"406\" data-end=\"435\">\n<h6 data-start=\"408\" data-end=\"435\">Ar seju pret \u0101ru \u2013 5+ m\u0113ne\u0161i<\/h6>\n<\/li>\n<li data-start=\"436\" data-end=\"464\">\n<h6 data-start=\"438\" data-end=\"464\">Uz muguras n\u0113s\u0101\u0161ana \u2013 6+ m\u0113ne\u0161i<\/h6>\n<\/li>\n<li data-start=\"465\" data-end=\"493\">\n<h6 data-start=\"467\" data-end=\"493\">Uz gurniem n\u0113s\u0101\u0161ana \u2013 6+ m\u0113ne\u0161i<\/h6>\n<\/li>\n<\/ul>\n<h6 data-start=\"495\" data-end=\"695\">Ergobaby \u0137engursomu viegli regul\u0113t \u2013 uz siksn\u0101m eso\u0161ie mar\u0137\u0113jumi pal\u012bdz \u0101tri iestat\u012bt piem\u0113rotu izm\u0113ru. Vienas rokas sl\u012bdregulators \u013cauj \u0101tri main\u012bt mazu\u013ca poz\u012bciju (seju pret seju \u2194 seju prom).<\/h6>\n<h6 data-start=\"697\" data-end=\"841\">Papildu funkcijas: 6 kabatas ikdienas nepiecie\u0161amajiem priek\u0161metiem, kapuce priv\u0101tuma un saules aizsardz\u012bbas nodro\u0161in\u0101\u0161anai, k\u0101 ar\u012b regul\u0113jams galvas balsts.<\/h6>\n<h6 data-start=\"697\" data-end=\"841\"><\/h6>\n<p>&nbsp;<\/p>\n<h6 data-start=\"923\" data-end=\"938\"><strong><em>\u012apa\u0161\u012bbas<\/em><\/strong><\/h6>\n<ul data-start=\"940\" data-end=\"1580\">\n<li data-start=\"940\" data-end=\"1030\">\n<h6 data-start=\"942\" data-end=\"1030\">Vecumam no 0 l\u012bdz 48 m\u0113ne\u0161iem vai svaram no 3,2 l\u012bdz 20,4 kg<\/h6>\n<\/li>\n<li data-start=\"1031\" data-end=\"1063\">\n<h6 data-start=\"1033\" data-end=\"1063\">Materi\u0101ls: siets (mesh)<\/h6>\n<\/li>\n<li data-start=\"1064\" data-end=\"1140\">\n<h6 data-start=\"1066\" data-end=\"1140\">Komplekt\u0101 soma un r\u0101v\u0113jsl\u0113dz\u0113ja kabata muguras pus\u0113 liel\u0101kiem priek\u0161metiem<\/h6>\n<\/li>\n<li data-start=\"1141\" data-end=\"1199\">\n<h6 data-start=\"1143\" data-end=\"1199\">Divas elast\u012bgas jostas kabatas vid\u0113ja izm\u0113ra priek\u0161metiem<\/h6>\n<\/li>\n<li data-start=\"1200\" data-end=\"1245\">\n<h6 data-start=\"1202\" data-end=\"1245\">Divas kabatas ar r\u0101v\u0113jsl\u0113dzi maz\u0101kiem priek\u0161metiem<\/h6>\n<\/li>\n<li data-start=\"1246\" data-end=\"1323\">\n<h6 data-start=\"1248\" data-end=\"1323\">Siksnu mar\u0137\u0113jumi padara \u0137engursomu viegli piel\u0101gojamu vec\u0101kiem<\/h6>\n<\/li>\n<li data-start=\"1324\" data-end=\"1345\">\n<h6 data-start=\"1326\" data-end=\"1345\">\u013bauj \u0113rti barot b\u0113rnu ar kr\u016bti<\/h6>\n<\/li>\n<li data-start=\"1346\" data-end=\"1401\">\n<h6 data-start=\"1348\" data-end=\"1401\">Priek\u0161pus\u0113 atstarojo\u0161s logo, lai palielin\u0101tu dro\u0161\u012bbu<\/h6>\n<\/li>\n<li data-start=\"1402\" data-end=\"1459\">\n<h6 data-start=\"1404\" data-end=\"1459\">P\u0101rkl\u0101ti spr\u0101dzes t\u012br\u0101kam un gl\u012bt\u0101kam izskatam<\/h6>\n<\/li>\n<li data-start=\"1496\" data-end=\"1564\">\n<h6 data-start=\"1498\" data-end=\"1564\">Ar Starptautisk\u0101s g\u016b\u017eas loc\u012btavas displ\u0101zijas instit\u016bta sertifik\u0101tu<\/h6>\n<\/li>\n<li data-start=\"1565\" data-end=\"1580\">\n<h6 data-start=\"1567\" data-end=\"1580\">Mazg\u0101jams ve\u013cas ma\u0161\u012bn\u0101<\/h6>\n<\/li>\n<\/ul>\n","protected":false},"excerpt":{"rendered":"<h6 data-start=\"126\" data-end=\"267\">Ergobaby elpojo\u0161s \u0137engursoma no t\u012bkli\u0146a materi\u0101la, izstr\u0101d\u0101ts ergonomiskam atbalstam un praktiskai glab\u0101\u0161anai, nodro\u0161ina n\u0113s\u0101t\u0101jam stingru atbalstu un saglab\u0101 mazu\u013ca \u0113rtumu. Omni Deluxe \u0137engursoma pied\u0101v\u0101 visas nepiecie\u0161am\u0101s n\u0113s\u0101\u0161anas poz\u012bcijas no jaundzimu\u0161\u0101 l\u012bdz mazu\u013ca vecumam (0\u201348 m\u0113ne\u0161iem).<\/h6>\n","protected":false},"featured_media":86081,"comment_status":"open","ping_status":"closed","template":"","meta":{"_acf_changed":false,"om_disable_all_campaigns":false,"_monsterinsights_skip_tracking":false,"_monsterinsights_sitenote_active":false,"_monsterinsights_sitenote_note":"","_monsterinsights_sitenote_category":0,"_uf_show_specific_survey":0,"_uf_disable_surveys":false,"site-sidebar-layout":"default","site-content-layout":"","ast-site-content-layout":"default","site-content-style":"default","site-sidebar-style":"default","ast-global-header-display":"","ast-banner-title-visibility":"","ast-main-header-display":"","ast-hfb-above-header-display":"","ast-hfb-below-header-display":"","ast-hfb-mobile-header-display":"","site-post-title":"","ast-breadcrumbs-content":"","ast-featured-img":"","footer-sml-layout":"","theme-transparent-header-meta":"default","adv-header-id-meta":"","stick-header-meta":"","header-above-stick-meta":"","header-main-stick-meta":"","header-below-stick-meta":"","astra-migrate-meta-layouts":"set","ast-page-background-enabled":"default","ast-page-background-meta":{"desktop":{"background-color":"var(--ast-global-color-4)","background-image":"","background-repeat":"repeat","background-position":"center center","background-size":"auto","background-attachment":"scroll","background-type":"","background-media":"","overlay-type":"","overlay-color":"","overlay-opacity":"","overlay-gradient":""},"tablet":{"background-color":"","background-image":"","background-repeat":"repeat","background-position":"center center","background-size":"auto","background-attachment":"scroll","background-type":"","background-media":"","overlay-type":"","overlay-color":"","overlay-opacity":"","overlay-gradient":""},"mobile":{"background-color":"","background-image":"","background-repeat":"repeat","background-position":"center center","background-size":"auto","background-attachment":"scroll","background-type":"","background-media":"","overlay-type":"","overlay-color":"","overlay-opacity":"","overlay-gradient":""}},"ast-content-background-meta":{"desktop":{"background-color":"var(--ast-global-color-5)","background-image":"","background-repeat":"repeat","background-position":"center center","background-size":"auto","background-attachment":"scroll","background-type":"","background-media":"","overlay-type":"","overlay-color":"","overlay-opacity":"","overlay-gradient":""},"tablet":{"background-color":"var(--ast-global-color-5)","background-image":"","background-repeat":"repeat","background-position":"center center","background-size":"auto","background-attachment":"scroll","background-type":"","background-media":"","overlay-type":"","overlay-color":"","overlay-opacity":"","overlay-gradient":""},"mobile":{"background-color":"var(--ast-global-color-5)","background-image":"","background-repeat":"repeat","background-position":"center center","background-size":"auto","background-attachment":"scroll","background-type":"","background-media":"","overlay-type":"","overlay-color":"","overlay-opacity":"","overlay-gradient":""}}},"product_brand":[],"product_cat":[894,1333,511],"product_tag":[],"class_list":{"0":"post-83129","1":"product","2":"type-product","3":"status-publish","4":"has-post-thumbnail","6":"product_cat-bagazas-somas","7":"product_cat-ergobaby","8":"product_cat-jauni-produkti","9":"desktop-align-left","10":"tablet-align-left","11":"mobile-align-left","13":"first","14":"instock","15":"taxable","16":"shipping-taxable","17":"purchasable","18":"product-type-variable"},"acf":[],"aioseo_notices":[],"_links":{"self":[{"href":"https:\/\/hummy.ee\/lv\/wp-json\/wp\/v2\/product\/83129","targetHints":{"allow":["GET"]}}],"collection":[{"href":"https:\/\/hummy.ee\/lv\/wp-json\/wp\/v2\/product"}],"about":[{"href":"https:\/\/hummy.ee\/lv\/wp-json\/wp\/v2\/types\/product"}],"replies":[{"embeddable":true,"href":"https:\/\/hummy.ee\/lv\/wp-json\/wp\/v2\/comments?post=83129"}],"version-history":[{"count":4,"href":"https:\/\/hummy.ee\/lv\/wp-json\/wp\/v2\/product\/83129\/revisions"}],"predecessor-version":[{"id":84711,"href":"https:\/\/hummy.ee\/lv\/wp-json\/wp\/v2\/product\/83129\/revisions\/84711"}],"wp:featuredmedia":[{"embeddable":true,"href":"https:\/\/hummy.ee\/lv\/wp-json\/wp\/v2\/media\/86081"}],"wp:attachment":[{"href":"https:\/\/hummy.ee\/lv\/wp-json\/wp\/v2\/media?parent=83129"}],"wp:term":[{"taxonomy":"product_brand","embeddable":true,"href":"https:\/\/hummy.ee\/lv\/wp-json\/wp\/v2\/product_brand?post=83129"},{"taxonomy":"product_cat","embeddable":true,"href":"https:\/\/hummy.ee\/lv\/wp-json\/wp\/v2\/product_cat?post=83129"},{"taxonomy":"product_tag","embeddable":true,"href":"https:\/\/hummy.ee\/lv\/wp-json\/wp\/v2\/product_tag?post=83129"}],"curies":[{"name":"wp","href":"https:\/\/api.w.org\/{rel}","templated":true}]}}