{"id":81994,"date":"2026-02-16T13:00:11","date_gmt":"2026-02-16T13:00:11","guid":{"rendered":"https:\/\/hummy.ee\/?post_type=product&#038;p=81994"},"modified":"2026-03-02T10:55:49","modified_gmt":"2026-03-02T10:55:49","slug":"iglu-liels-puzles-paklajs","status":"publish","type":"product","link":"https:\/\/hummy.ee\/lv\/product\/iglu-liels-puzles-paklajs\/","title":{"rendered":"IGLU liels puzles pakl\u0101js"},"content":{"rendered":"<h6><em><strong data-start=\"504\" data-end=\"532\">K\u0101p\u0113c izv\u0113l\u0113ties IGLU rota\u013cu komplektu?<\/strong><\/em><\/h6>\n<ul>\n<li>\n<h6>Palielina fizisko aktivit\u0101ti<\/h6>\n<\/li>\n<li>\n<h6>Stimul\u0113 rado\u0161umu un izt\u0113li<\/h6>\n<\/li>\n<li>\n<h6>Pal\u012bdz atbr\u012bvot lieko ener\u0123iju<\/h6>\n<\/li>\n<li>\n<h6>Nodro\u0161ina sensoro stimul\u0101ciju<\/h6>\n<\/li>\n<li>\n<h6>Attur b\u0113rnus no ekr\u0101na skat\u012b\u0161an\u0101s<\/h6>\n<\/li>\n<li>\n<h6>Veicina soci\u0101l\u0101s prasmes<\/h6>\n<\/li>\n<\/ul>\n<h6><\/h6>\n<h6><img decoding=\"async\" class=\"\" src=\"https:\/\/iglusoftplay.eu\/cdn\/shop\/files\/ikonas_enviroment-01_061d9a06-5ad9-4fb7-a868-c7b23eff39bb_1.png?v=1700659334\" width=\"50\" height=\"50\" \/>Bez BPA+Ftal\u0101tiem<\/h6>\n<h6><img decoding=\"async\" class=\"\" src=\"https:\/\/iglusoftplay.eu\/cdn\/shop\/files\/ikonas_enviroment-04_5c6aa86a-aa33-4666-949c-b2f12b5af4ef_1.png?v=1700659334\" width=\"50\" height=\"50\" \/>Viegli t\u012br\u0101mi<\/h6>\n<h6><img decoding=\"async\" class=\"\" src=\"https:\/\/iglusoftplay.eu\/cdn\/shop\/files\/ikonas_enviroment-03_543f8be0-895f-4ba5-9b54-80ea85594c82_1.png?v=1700659334\" width=\"50\" height=\"50\" \/>Izgatavoti atbild\u012bgi<\/h6>\n<p>&nbsp;<\/p>\n<h6><em>Apskatiet rota\u013cu komplektu kl\u0101stu vietn\u0113 <a href=\"https:\/\/hummy.ee\/lv\/rotalu-laukumi\/\" target=\"_blank\" rel=\"noopener\">IGLU<\/a>.<\/em><\/h6>\n","protected":false},"excerpt":{"rendered":"<h6 data-start=\"44\" data-end=\"266\">P\u0101rv\u0113rtiet jebkuru telpu par ko\u0161u rota\u013cu zonu ar m\u016bsu lielajiem putu puzles pakl\u0101jiem. \u0160\u012bs \u012bpa\u0161i biez\u0101s 3&#215;3 p\u0113du EVA putu fl\u012bzes viegli savienojas sav\u0101 starp\u0101, \u013caujot da\u017eu min\u016b\u0161u laik\u0101 izveidot pla\u0161as, m\u012bkstin\u0101tas aktivit\u0101\u0161u zonas. Katru pakl\u0101ju var apgriezt, lai atkl\u0101tu otru kr\u0101su, pied\u0101v\u0101jot \u010detras iespaid\u012bgas dizaina kombin\u0101cijas, kuras var kombin\u0113t un saska\u0146ot p\u0113c v\u0113lmes. Ide\u0101li piem\u0113roti sporta z\u0101l\u0113m, b\u0113rnud\u0101rziem vai m\u0101jas rota\u013cu istab\u0101m \u2013 tie ir pietiekami viegli, lai p\u0101rk\u0101rtotu jebkur\u0101 br\u012bd\u012b, un vienlaikus pietiekami iztur\u012bgi ikdienas piedz\u012bvojumiem. Katr\u0101 iepakojum\u0101 ir 4 pakl\u0101ji.<\/h6>\n","protected":false},"featured_media":82083,"comment_status":"open","ping_status":"closed","template":"","meta":{"_acf_changed":false,"om_disable_all_campaigns":false,"_monsterinsights_skip_tracking":false,"_monsterinsights_sitenote_active":false,"_monsterinsights_sitenote_note":"","_monsterinsights_sitenote_category":0,"_uf_show_specific_survey":0,"_uf_disable_surveys":false,"site-sidebar-layout":"default","site-content-layout":"","ast-site-content-layout":"default","site-content-style":"default","site-sidebar-style":"default","ast-global-header-display":"","ast-banner-title-visibility":"","ast-main-header-display":"","ast-hfb-above-header-display":"","ast-hfb-below-header-display":"","ast-hfb-mobile-header-display":"","site-post-title":"","ast-breadcrumbs-content":"","ast-featured-img":"","footer-sml-layout":"","theme-transparent-header-meta":"default","adv-header-id-meta":"","stick-header-meta":"","header-above-stick-meta":"","header-main-stick-meta":"","header-below-stick-meta":"","astra-migrate-meta-layouts":"set","ast-page-background-enabled":"default","ast-page-background-meta":{"desktop":{"background-color":"var(--ast-global-color-4)","background-image":"","background-repeat":"repeat","background-position":"center center","background-size":"auto","background-attachment":"scroll","background-type":"","background-media":"","overlay-type":"","overlay-color":"","overlay-opacity":"","overlay-gradient":""},"tablet":{"background-color":"","background-image":"","background-repeat":"repeat","background-position":"center center","background-size":"auto","background-attachment":"scroll","background-type":"","background-media":"","overlay-type":"","overlay-color":"","overlay-opacity":"","overlay-gradient":""},"mobile":{"background-color":"","background-image":"","background-repeat":"repeat","background-position":"center center","background-size":"auto","background-attachment":"scroll","background-type":"","background-media":"","overlay-type":"","overlay-color":"","overlay-opacity":"","overlay-gradient":""}},"ast-content-background-meta":{"desktop":{"background-color":"var(--ast-global-color-5)","background-image":"","background-repeat":"repeat","background-position":"center center","background-size":"auto","background-attachment":"scroll","background-type":"","background-media":"","overlay-type":"","overlay-color":"","overlay-opacity":"","overlay-gradient":""},"tablet":{"background-color":"var(--ast-global-color-5)","background-image":"","background-repeat":"repeat","background-position":"center center","background-size":"auto","background-attachment":"scroll","background-type":"","background-media":"","overlay-type":"","overlay-color":"","overlay-opacity":"","overlay-gradient":""},"mobile":{"background-color":"var(--ast-global-color-5)","background-image":"","background-repeat":"repeat","background-position":"center center","background-size":"auto","background-attachment":"scroll","background-type":"","background-media":"","overlay-type":"","overlay-color":"","overlay-opacity":"","overlay-gradient":""}}},"product_brand":[],"product_cat":[491,478,511,479],"product_tag":[],"class_list":{"0":"post-81994","1":"product","2":"type-product","3":"status-publish","4":"has-post-thumbnail","6":"product_cat-iglu-lv-2","7":"product_cat-iglu-lv","8":"product_cat-jauni-produkti","9":"product_cat-rotalu-laukumi","10":"desktop-align-left","11":"tablet-align-left","12":"mobile-align-left","14":"first","15":"instock","16":"sale","17":"taxable","18":"shipping-taxable","19":"purchasable","20":"product-type-variable"},"acf":[],"aioseo_notices":[],"_links":{"self":[{"href":"https:\/\/hummy.ee\/lv\/wp-json\/wp\/v2\/product\/81994","targetHints":{"allow":["GET"]}}],"collection":[{"href":"https:\/\/hummy.ee\/lv\/wp-json\/wp\/v2\/product"}],"about":[{"href":"https:\/\/hummy.ee\/lv\/wp-json\/wp\/v2\/types\/product"}],"replies":[{"embeddable":true,"href":"https:\/\/hummy.ee\/lv\/wp-json\/wp\/v2\/comments?post=81994"}],"version-history":[{"count":6,"href":"https:\/\/hummy.ee\/lv\/wp-json\/wp\/v2\/product\/81994\/revisions"}],"predecessor-version":[{"id":85169,"href":"https:\/\/hummy.ee\/lv\/wp-json\/wp\/v2\/product\/81994\/revisions\/85169"}],"wp:featuredmedia":[{"embeddable":true,"href":"https:\/\/hummy.ee\/lv\/wp-json\/wp\/v2\/media\/82083"}],"wp:attachment":[{"href":"https:\/\/hummy.ee\/lv\/wp-json\/wp\/v2\/media?parent=81994"}],"wp:term":[{"taxonomy":"product_brand","embeddable":true,"href":"https:\/\/hummy.ee\/lv\/wp-json\/wp\/v2\/product_brand?post=81994"},{"taxonomy":"product_cat","embeddable":true,"href":"https:\/\/hummy.ee\/lv\/wp-json\/wp\/v2\/product_cat?post=81994"},{"taxonomy":"product_tag","embeddable":true,"href":"https:\/\/hummy.ee\/lv\/wp-json\/wp\/v2\/product_tag?post=81994"}],"curies":[{"name":"wp","href":"https:\/\/api.w.org\/{rel}","templated":true}]}}