{"id":81009,"date":"2026-02-13T09:36:37","date_gmt":"2026-02-13T09:36:37","guid":{"rendered":"https:\/\/hummy.ee\/product\/abc-design-city-life-3v1-maxi-cosi-komplekts\/"},"modified":"2026-03-03T19:49:46","modified_gmt":"2026-03-03T19:49:46","slug":"abc-design-city-life-3in1-maxi-cosi-ratu-komplekts","status":"publish","type":"product","link":"https:\/\/hummy.ee\/lv\/product\/abc-design-city-life-3in1-maxi-cosi-ratu-komplekts\/","title":{"rendered":"ABC Design City Life 3in1 Maxi-Cosi ratu komplekts"},"content":{"rendered":"<div class=\"text-base my-auto mx-auto [--thread-content-margin:--spacing(4)] @w-sm\/main:[--thread-content-margin:--spacing(6)] @w-lg\/main:[--thread-content-margin:--spacing(16)] px-(--thread-content-margin)\">\n<div class=\"[--thread-content-max-width:40rem] @w-lg\/main:[--thread-content-max-width:48rem] mx-auto max-w-(--thread-content-max-width) flex-1 group\/turn-messages focus-visible:outline-hidden relative flex w-full min-w-0 flex-col agent-turn\" tabindex=\"-1\">\n<div class=\"flex max-w-full flex-col grow\">\n<div class=\"min-h-8 text-message relative flex w-full flex-col items-end gap-2 text-start break-words whitespace-normal [.text-message+&amp;]:mt-1\" dir=\"auto\" data-message-author-role=\"assistant\" data-message-id=\"403a086e-fc1f-4927-bc4d-b4d060677cc9\" data-message-model-slug=\"gpt-5-2\">\n<div class=\"flex w-full flex-col gap-1 empty:hidden first:pt-[1px]\">\n<div class=\"markdown prose dark:prose-invert w-full wrap-break-word light markdown-new-styling\">\n<h6 data-start=\"1240\" data-end=\"1259\"><em><strong>Komplekt\u0101 ietilpst<\/strong><\/em><\/h6>\n<ul data-start=\"1261\" data-end=\"1485\">\n<li data-start=\"1261\" data-end=\"1294\">\n<h6>City Life r\u0101mis ar rite\u0146iem<\/h6>\n<\/li>\n<li data-start=\"1261\" data-end=\"1294\">\n<h6>Ratu kulba<\/h6>\n<\/li>\n<li data-start=\"344\" data-end=\"872\">\n<h6>CozyCloud\u00ae matra\u010di<\/h6>\n<\/li>\n<li data-start=\"1261\" data-end=\"1294\">\n<h6>Organizatora soma<\/h6>\n<\/li>\n<li data-start=\"1295\" data-end=\"1335\">\n<h6>Pagrie\u017eams s\u0113deklis (ar s\u0113dek\u013ca spilvenu)<\/h6>\n<\/li>\n<li data-start=\"1295\" data-end=\"1335\">\n<h6>Maxi-Cosi Pebble 360 Pro2 autokr\u0113sli\u0146a paliktnis<\/h6>\n<\/li>\n<li data-start=\"1295\" data-end=\"1335\">\n<h6>Ma\u0161\u012bnas s\u0113dekl\u012b\u0161a adapteri<\/h6>\n<\/li>\n<li data-start=\"1416\" data-end=\"1441\">\n<h6>Dro\u0161\u012bbas stienis<\/h6>\n<\/li>\n<\/ul>\n<h6 data-start=\"91\" data-end=\"118\"><em><strong>Kam paredz\u0113ta City Life?<\/strong><\/em><\/h6>\n<ul>\n<li data-start=\"120\" data-end=\"330\">\n<h6>Vecums: no dzim\u0161anas l\u012bdz 22 kg<\/h6>\n<\/li>\n<\/ul>\n<h6 data-start=\"596\" data-end=\"621\"><em><strong>Komforts no dzim\u0161anas<\/strong><\/em><\/h6>\n<h6>Komplekt\u0101 iek\u013caut\u0101 ABC Design City Life ratu kulba padara \u0161o komplektu par univers\u0101lu risin\u0101jumu jau no dzim\u0161anas. Divas ventil\u0101cijas atveres nodro\u0161ina pat\u012bkamu gaisa cirkul\u0101ciju, kam\u0113r mazulis gu\u013c dro\u0161i un \u0113rti uz kvalitat\u012bv\u0101 CozyCloud\u00ae matrac\u012b\u0161a. Matracis ir izgatavots no elpojo\u0161a aukst\u0101s putas materi\u0101la, un t\u0101 punkt-elast\u012bg\u0101s \u012bpa\u0161\u012bbas kop\u0101 ar integr\u0113tajiem gaisa kan\u0101liem nodro\u0161ina ide\u0101lu balansu starp atbalstu un ventil\u0101ciju.  <\/h6>\n<h6>Ergonomisks dizains ar maigi \u0137\u012b\u013cveida galvas atbalstu nodro\u0161ina b\u0113rna vesel\u012bgu gul\u0113\u0161anas poz\u012bciju un ir ide\u0101ls jaundzimu\u0161ajam. Gudrs risin\u0101jums \u2014 ratu kulbas galvas da\u013cu \u0101r\u0113ji viegli pacelt augst\u0101k. \u0160\u012b paaugstin\u0101t\u0101 poz\u012bcija var iev\u0113rojami atvieglot, piem\u0113ram, refluksa vai viegla iesnu gad\u012bjum\u0101.  <\/h6>\n<h6>Ratu kulba ir ar\u012b praktiska ikdienas lieto\u0161anai. To var \u0101tri saloc\u012bt, aiz\u0146emot minim\u0101lu vietu gan automa\u0161\u012bnas bag\u0101\u017eniek\u0101, gan m\u0101jas vestibil\u0101. Komplekt\u0101 iek\u013cautais praktiskais organizators ar atsevi\u0161\u0137u piederumu somi\u0146u \u013cauj ietilpin\u0101t z\u012bdzi\u0146us un citus nepiecie\u0161amos priek\u0161metus.  <\/h6>\n<p>&nbsp;<\/p>\n<\/div>\n<div class=\"markdown prose dark:prose-invert w-full wrap-break-word light markdown-new-styling\">\n<h6><strong><em>Maxi-Cosi Pebble 360 Pro\u00b2 autokr\u0113sli\u0146\u0161 <\/em><\/strong><\/h6>\n<h6>Komplekt\u0101 iek\u013cautais Maxi-Cosi Pebble 360 Pro\u00b2 autokr\u0113sli\u0146\u0161 nodro\u0161ina maksim\u0101lu dro\u0161\u012bbu un komfortu. T\u0101 tr\u012bs atg\u0101\u017eamie st\u0101vok\u013ci, tostarp piln\u012bgi horizont\u0101la gul\u0113\u0161anas poz\u012bcija, nodro\u0161ina mazulim relaks\u0113jo\u0161u un ergonomisku atp\u016btas poz\u012bciju gan automa\u0161\u012bn\u0101, gan rati\u0146os. <\/h6>\n<\/div>\n<\/div>\n<\/div>\n<h6 data-start=\"1693\" data-end=\"1730\"><\/h6>\n<div class=\"min-h-8 text-message relative flex w-full flex-col items-end gap-2 text-start break-words whitespace-normal [.text-message+&amp;]:mt-1\" dir=\"auto\" data-message-author-role=\"assistant\" data-message-id=\"403a086e-fc1f-4927-bc4d-b4d060677cc9\" data-message-model-slug=\"gpt-5-2\">\n<div class=\"flex w-full flex-col gap-1 empty:hidden first:pt-[1px]\">\n<h6><\/h6>\n<div class=\"markdown prose dark:prose-invert w-full wrap-break-word light markdown-new-styling\">\n<h6><strong><em>Fiks\u0113\u0161anas iesp\u0113jas:<\/em><\/strong><\/h6>\n<ul>\n<li>\n<h6>Izmantojiet kop\u0101 ar 3 punktu dro\u0161\u012bbas jostu.<\/h6>\n<\/li>\n<li>\n<h6>Atbilsto\u0161\u0101 <a href=\"https:\/\/hummy.ee\/lv\/product\/maxi-cosi-familyfix-360-pro-baze\/\" target=\"_blank\" rel=\"noopener\">FamilyFix 360 Pro<\/a> ISOFIX b\u0101ze, kas \u013cauj pagriezt un p\u0101rvietot autokr\u0113sli\u0146u b\u0113rna virzien\u0101 (ieg\u0101d\u0101jama atsevi\u0161\u0137i).<\/h6>\n<\/li>\n<\/ul>\n<p>&nbsp;<\/p>\n<h6 data-start=\"86\" data-end=\"129\"><em><strong>Kompakts un ide\u0101li piem\u0113rots lieto\u0161anai pils\u0113t\u0101<\/strong><\/em><\/h6>\n<h6 data-start=\"130\" data-end=\"313\">City Life ir \u012bpa\u0161i viegls un kompakts rati\u0146i, kas aiz\u0146em maz vietas. Tas viegli ietilpst autobusa, vilciena, lifta vai automa\u0161\u012bnas bag\u0101\u017eniek\u0101. Tas ir piem\u0113rots lieto\u0161anai ar\u012b uz asfalt\u0113tiem ce\u013ciem, parka un grants ce\u013ciem, k\u0101 ar\u012b laukos. Gaisa kameras rite\u0146i un labi izstr\u0101d\u0101ta balstiek\u0101rta - viena rite\u0146a balstiek\u0101rta priek\u0161pus\u0113 un ass balstiek\u0101rta aizmugur\u0113 - nodro\u0161ina vienm\u0113r\u012bgu brauk\u0161anu.   <\/h6>\n<p>&nbsp;<\/p>\n<h6 data-start=\"567\" data-end=\"588\"><em><strong>\u0112rts s\u0113deklis<\/strong><\/em><\/h6>\n<h6 data-start=\"589\" data-end=\"773\">S\u0113deklis ir divpus\u0113js - lai b\u0113rns var\u0113tu braukt ar skatu uz jums vai ar\u012b ar skatu uz ce\u013cu, kad vi\u0146\u0161 v\u0113las iepaz\u012bt pasauli. Gar\u0101 atzveltne un elpojo\u0161ais s\u0113dek\u013ca spilvens nodro\u0161ina b\u0113rnam \u0113rtu s\u0113d\u0113\u0161anas poz\u012bciju. Tr\u012bs regul\u0113jamas atzveltnes poz\u012bcijas \u013cauj \u0113rti s\u0113d\u0113t, atp\u016bsties vai gul\u0113t. Atzveltn\u0113 iestr\u0101d\u0101tais sieta panelis nodro\u0161ina labu gaisa cirkul\u0101ciju un pat\u012bkamu s\u0113d\u0113\u0161anas klimatu.   <\/h6>\n<p>&nbsp;<\/p>\n<h6 data-start=\"780\" data-end=\"816\"><em><strong>Dro\u0161a un \u0101tra fiks\u0101cija<\/strong><\/em><\/h6>\n<h6 data-start=\"817\" data-end=\"1036\">Inovat\u012bv\u0101 HappyBelt\u00ae 5punktu dro\u0161\u012bbas jostu sist\u0113ma ar magn\u0113tisko stiprin\u0101jumu ir dro\u0161a un viegli lietojama. Polster\u0113t\u0101s plecu siksnas saglab\u0101 formu un \u013cauj \u0101tri un \u0113rti piestiprin\u0101t b\u0113rnu.<\/h6>\n<\/div>\n<\/div>\n<\/div>\n<\/div>\n<\/div>\n<\/div>\n<h6 data-start=\"1043\" data-end=\"1086\"><\/h6>\n<p>&nbsp;<\/p>\n<div class=\"text-base my-auto mx-auto [--thread-content-margin:--spacing(4)] @w-sm\/main:[--thread-content-margin:--spacing(6)] @w-lg\/main:[--thread-content-margin:--spacing(16)] px-(--thread-content-margin)\">\n<div class=\"[--thread-content-max-width:40rem] @w-lg\/main:[--thread-content-max-width:48rem] mx-auto max-w-(--thread-content-max-width) flex-1 group\/turn-messages focus-visible:outline-hidden relative flex w-full min-w-0 flex-col agent-turn\" tabindex=\"-1\">\n<div class=\"flex max-w-full flex-col grow\">\n<div class=\"min-h-8 text-message relative flex w-full flex-col items-end gap-2 text-start break-words whitespace-normal [.text-message+&amp;]:mt-1\" dir=\"auto\" data-message-author-role=\"assistant\" data-message-id=\"403a086e-fc1f-4927-bc4d-b4d060677cc9\" data-message-model-slug=\"gpt-5-2\">\n<h6 data-start=\"1253\" data-end=\"1289\"><\/h6>\n<div class=\"flex w-full flex-col gap-1 empty:hidden first:pt-[1px]\">\n<div class=\"markdown prose dark:prose-invert w-full wrap-break-word light markdown-new-styling\">\n<h6 data-start=\"1253\" data-end=\"1289\"><em><strong>Aizsardz\u012bba no saules un karstuma<\/strong><\/em><\/h6>\n<h6>Praktisk\u0101 roku balstu sist\u0113ma \u013cauj regul\u0113t roku balsta augstumu div\u0101s pak\u0101p\u0113s - l\u012bdz 10 cm. T\u0101d\u0113j\u0101di City Life b\u0113rnu rati\u0146i aug kop\u0101 ar b\u0113rnu un nodro\u0161ina pietiekami daudz vietas virs galvas ar\u012b gar\u0101kiem b\u0113rniem. \u012apa\u0161i karst\u0101s vasaras dien\u0101s ieb\u016bv\u0113to saulessargu var atlaist, un papildu t\u012bkls pal\u012bdz izvair\u012bties no p\u0101rm\u0113r\u012bga karstuma. Optim\u0101lu gaisa cirkul\u0101ciju nodro\u0161ina t\u012bklveida panelis roku balsta iek\u0161pus\u0113.   <\/h6>\n<p>&nbsp;<\/p>\n<h6 data-start=\"1736\" data-end=\"1766\"><em><strong>\u0112rti ar\u012b vec\u0101kiem<\/strong><\/em><\/h6>\n<h6 data-start=\"1767\" data-end=\"1935\">Augstumu regul\u0113jamais teleskopiskais rokturis piel\u0101gojas j\u016bsu augumam un ir piem\u0113rots gan zem\u0101kiem, gan gar\u0101kiem lietot\u0101jiem. Pal\u012bdz saglab\u0101t taisnu st\u0101ju un padara gar\u0101kas pastaigas pa pils\u0113tu \u0113rtas. Lielaj\u0101 groz\u0101 var p\u0101rvad\u0101t l\u012bdz 10 kg, un taj\u0101 ir pietiekami daudz vietas ikdienas pirkumiem vai mazu\u013ca mant\u0101m.  <\/h6>\n<\/div>\n<\/div>\n<\/div>\n<\/div>\n<\/div>\n<\/div>\n<h6 data-start=\"700\" data-end=\"720\"><\/h6>\n<p>&nbsp;<\/p>\n<div class=\"text-base my-auto mx-auto [--thread-content-margin:--spacing(4)] @w-sm\/main:[--thread-content-margin:--spacing(6)] @w-lg\/main:[--thread-content-margin:--spacing(16)] px-(--thread-content-margin)\">\n<div class=\"[--thread-content-max-width:40rem] @w-lg\/main:[--thread-content-max-width:48rem] mx-auto max-w-(--thread-content-max-width) flex-1 group\/turn-messages focus-visible:outline-hidden relative flex w-full min-w-0 flex-col agent-turn\" tabindex=\"-1\">\n<div class=\"flex max-w-full flex-col grow\">\n<div class=\"min-h-8 text-message relative flex w-full flex-col items-end gap-2 text-start break-words whitespace-normal [.text-message+&amp;]:mt-1\" dir=\"auto\" data-message-author-role=\"assistant\" data-message-id=\"403a086e-fc1f-4927-bc4d-b4d060677cc9\" data-message-model-slug=\"gpt-5-2\">\n<div class=\"flex w-full flex-col gap-1 empty:hidden first:pt-[1px]\">\n<h6 data-start=\"700\" data-end=\"720\"><em><strong>City Life rati\u0146u specifik\u0101cijas<\/strong><\/em><\/h6>\n<ul>\n<li data-start=\"722\" data-end=\"843\">\n<h6>Rokturis: teleskopiskais rokturis<\/h6>\n<\/li>\n<li data-start=\"722\" data-end=\"843\">\n<h6>St\u016bres stie\u0146a augstums: 95-105 cm<\/h6>\n<\/li>\n<li data-start=\"722\" data-end=\"843\">\n<h6>Salok\u012b\u0161anas sist\u0113ma: salok\u0101ms ar div\u0101m rok\u0101m<\/h6>\n<\/li>\n<li data-start=\"722\" data-end=\"843\">\n<h6>Rite\u0146u materi\u0101ls: gaisa kameras rite\u0146i<\/h6>\n<\/li>\n<li data-start=\"722\" data-end=\"843\">\n<h6>Rite\u0146u izm\u0113rs: priek\u0161\u0113jie rite\u0146i: 17,5 cm, aizmugur\u0113jie rite\u0146i: 22,5 cm.<\/h6>\n<\/li>\n<li data-start=\"949\" data-end=\"1079\">\n<h6>Piekare: neatkar\u012bga katra rite\u0146a balstiek\u0101rta + papildu balstiek\u0101rta uz aizmugur\u0113j\u0101s ass.<\/h6>\n<\/li>\n<li data-start=\"1081\" data-end=\"1233\">\n<h6>Brauk\u0161anas virziena izv\u0113le: j\u0101 - groz\u0101m\u0101 s\u0113dek\u013ca da\u013ca<\/h6>\n<\/li>\n<li data-start=\"1081\" data-end=\"1233\">\n<h6>Atzveltne: regul\u0113jama 3 poz\u012bcij\u0101s (ieskaitot noliektu).<\/h6>\n<\/li>\n<li data-start=\"1081\" data-end=\"1233\">\n<h6>K\u0101ju balsts: regul\u0113jams 2 poz\u012bcij\u0101s (ieskaitot gul\u0113\u0161anas poz\u012bciju)<\/h6>\n<\/li>\n<\/ul>\n<\/div>\n<\/div>\n<\/div>\n<h6 data-start=\"67\" data-end=\"84\"><em><strong>Izm\u0113ri un svars<\/strong><\/em><\/h6>\n<ul>\n<li data-start=\"86\" data-end=\"142\">\n<h6>Izm\u0113ri atv\u0113rt\u0101 st\u0101vokl\u012b: 82 \u00d7 52 \u00d7 107,5 cm<\/h6>\n<\/li>\n<li data-start=\"144\" data-end=\"204\">\n<h6>Izm\u0113ri saloc\u012bt\u0101 veid\u0101: 36 \u00d7 52 \u00d7 62 cm<\/h6>\n<\/li>\n<li data-start=\"206\" data-end=\"281\">\n<h6>Izm\u0113ri saloc\u012bt\u0101 veid\u0101 bez rite\u0146iem: 36 \u00d7 52 \u00d7 59 cm<\/h6>\n<\/li>\n<li data-start=\"283\" data-end=\"332\">\n<h6>R\u0101mja svars: 6,4 kg, s\u0113dek\u013ca svars: 3,7 kg, \u0161\u016bpulis: 4,9 kg.<\/h6>\n<\/li>\n<\/ul>\n<h6 data-start=\"694\" data-end=\"719\"><em><strong>S\u0113dek\u013ca izm\u0113ri<\/strong><\/em><\/h6>\n<ul>\n<li data-start=\"721\" data-end=\"880\">\n<h6>S\u0113deklis: 22 \u00d7 30,5 cm<\/h6>\n<\/li>\n<li data-start=\"721\" data-end=\"880\">\n<h6>Atzveltne: 47,5 \u00d7 28,0 cm<\/h6>\n<\/li>\n<li data-start=\"721\" data-end=\"880\">\n<h6>K\u0101ju balsts: 20,5 \u00d7 32 cm<\/h6>\n<\/li>\n<li data-start=\"721\" data-end=\"880\">\n<h6>Gul\u0113\u0161anas virsma: 90 \u00d7 30,5 cm<\/h6>\n<\/li>\n<li>\n<h6 data-start=\"2857\" data-end=\"3039\">Ratu kulbas gul\u0113\u0161anas virsma: 77 \u00d7 35 cm<\/h6>\n<\/li>\n<\/ul>\n<h6><\/h6>\n<h6>City Life ir ide\u0101la izv\u0113le pils\u0113tas iedz\u012bvot\u0101jiem, kas augstu v\u0113rt\u0113 mobilit\u0101ti, lieto\u0161anas \u0113rtumu, komfortu un stilu. <em>Uzziniet vair\u0101k iepaz\u012b\u0161an\u0101s <a href=\"https:\/\/www.youtube.com\/watch?v=ViSgAaDTKfI&amp;embeds_referring_euri=https%3A%2F%2Fwww.abc-design.de%2F&amp;embeds_referring_origin=https%3A%2F%2Fwww.abc-design.de\">video.<\/a><\/em><\/h6>\n<\/div>\n<\/div>\n","protected":false},"excerpt":{"rendered":"<h6 data-start=\"130\" data-end=\"191\">ABC Design City Life 3in1 ratu komplektu var lietot no dzim\u0161anas. City Life ir viegls un kompakts rati\u0146\u0161, kas \u201caug\u201d kop\u0101 ar b\u0113rnu. Tam ir ratu kulba, pagrie\u017eams s\u0113deklis un Maxi-Cosi Pebble 360 Pro\u00b2 autokr\u0113sli\u0146\u0161 ar adapteriem, t\u0101p\u0113c to var lietot no dzim\u0161anas l\u012bdz aptuveni 4 m\u0113ne\u0161u   vecumam). Pateicoties kompaktajam salok\u0101majam r\u0101mim, labai balstiek\u0101rtai un groz\u0101majam s\u0113deklim, tas ir ide\u0101ls sabiedrotais pils\u0113tas iel\u0101s, k\u0101 ar\u012b parkos un uz grants ce\u013ciem.<\/h6>\n","protected":false},"featured_media":81021,"comment_status":"open","ping_status":"closed","template":"","meta":{"_acf_changed":false,"om_disable_all_campaigns":false,"_monsterinsights_skip_tracking":false,"_monsterinsights_sitenote_active":false,"_monsterinsights_sitenote_note":"","_monsterinsights_sitenote_category":0,"_uf_show_specific_survey":0,"_uf_disable_surveys":false,"site-sidebar-layout":"default","site-content-layout":"","ast-site-content-layout":"default","site-content-style":"default","site-sidebar-style":"default","ast-global-header-display":"","ast-banner-title-visibility":"","ast-main-header-display":"","ast-hfb-above-header-display":"","ast-hfb-below-header-display":"","ast-hfb-mobile-header-display":"","site-post-title":"","ast-breadcrumbs-content":"","ast-featured-img":"","footer-sml-layout":"","theme-transparent-header-meta":"default","adv-header-id-meta":"","stick-header-meta":"","header-above-stick-meta":"","header-main-stick-meta":"","header-below-stick-meta":"","astra-migrate-meta-layouts":"set","ast-page-background-enabled":"default","ast-page-background-meta":{"desktop":{"background-color":"var(--ast-global-color-4)","background-image":"","background-repeat":"repeat","background-position":"center center","background-size":"auto","background-attachment":"scroll","background-type":"","background-media":"","overlay-type":"","overlay-color":"","overlay-opacity":"","overlay-gradient":""},"tablet":{"background-color":"","background-image":"","background-repeat":"repeat","background-position":"center center","background-size":"auto","background-attachment":"scroll","background-type":"","background-media":"","overlay-type":"","overlay-color":"","overlay-opacity":"","overlay-gradient":""},"mobile":{"background-color":"","background-image":"","background-repeat":"repeat","background-position":"center center","background-size":"auto","background-attachment":"scroll","background-type":"","background-media":"","overlay-type":"","overlay-color":"","overlay-opacity":"","overlay-gradient":""}},"ast-content-background-meta":{"desktop":{"background-color":"var(--ast-global-color-5)","background-image":"","background-repeat":"repeat","background-position":"center center","background-size":"auto","background-attachment":"scroll","background-type":"","background-media":"","overlay-type":"","overlay-color":"","overlay-opacity":"","overlay-gradient":""},"tablet":{"background-color":"var(--ast-global-color-5)","background-image":"","background-repeat":"repeat","background-position":"center center","background-size":"auto","background-attachment":"scroll","background-type":"","background-media":"","overlay-type":"","overlay-color":"","overlay-opacity":"","overlay-gradient":""},"mobile":{"background-color":"var(--ast-global-color-5)","background-image":"","background-repeat":"repeat","background-position":"center center","background-size":"auto","background-attachment":"scroll","background-type":"","background-media":"","overlay-type":"","overlay-color":"","overlay-opacity":"","overlay-gradient":""}}},"product_brand":[],"product_cat":[526,511,432,320],"product_tag":[],"class_list":{"0":"post-81009","1":"product","2":"type-product","3":"status-publish","4":"has-post-thumbnail","6":"product_cat-abc-dizains","7":"product_cat-jauni-produkti","8":"product_cat-cisternu","9":"product_cat-uncategorized-lv","10":"desktop-align-left","11":"tablet-align-left","12":"mobile-align-left","14":"first","15":"instock","16":"taxable","17":"shipping-taxable","18":"purchasable","19":"product-type-variable"},"acf":[],"aioseo_notices":[],"_links":{"self":[{"href":"https:\/\/hummy.ee\/lv\/wp-json\/wp\/v2\/product\/81009","targetHints":{"allow":["GET"]}}],"collection":[{"href":"https:\/\/hummy.ee\/lv\/wp-json\/wp\/v2\/product"}],"about":[{"href":"https:\/\/hummy.ee\/lv\/wp-json\/wp\/v2\/types\/product"}],"replies":[{"embeddable":true,"href":"https:\/\/hummy.ee\/lv\/wp-json\/wp\/v2\/comments?post=81009"}],"version-history":[{"count":5,"href":"https:\/\/hummy.ee\/lv\/wp-json\/wp\/v2\/product\/81009\/revisions"}],"predecessor-version":[{"id":85427,"href":"https:\/\/hummy.ee\/lv\/wp-json\/wp\/v2\/product\/81009\/revisions\/85427"}],"wp:featuredmedia":[{"embeddable":true,"href":"https:\/\/hummy.ee\/lv\/wp-json\/wp\/v2\/media\/81021"}],"wp:attachment":[{"href":"https:\/\/hummy.ee\/lv\/wp-json\/wp\/v2\/media?parent=81009"}],"wp:term":[{"taxonomy":"product_brand","embeddable":true,"href":"https:\/\/hummy.ee\/lv\/wp-json\/wp\/v2\/product_brand?post=81009"},{"taxonomy":"product_cat","embeddable":true,"href":"https:\/\/hummy.ee\/lv\/wp-json\/wp\/v2\/product_cat?post=81009"},{"taxonomy":"product_tag","embeddable":true,"href":"https:\/\/hummy.ee\/lv\/wp-json\/wp\/v2\/product_tag?post=81009"}],"curies":[{"name":"wp","href":"https:\/\/api.w.org\/{rel}","templated":true}]}}