{"id":80975,"date":"2026-02-13T11:51:46","date_gmt":"2026-02-13T11:51:46","guid":{"rendered":"https:\/\/hummy.ee\/product\/abc-design-city-life-supula-adapteris\/"},"modified":"2026-03-02T17:55:23","modified_gmt":"2026-03-02T17:55:23","slug":"abc-design-city-life-autokresla-adapteri","status":"publish","type":"product","link":"https:\/\/hummy.ee\/lv\/product\/abc-design-city-life-autokresla-adapteri\/","title":{"rendered":"ABC Design City Life autokr\u0113sla adapteri"},"content":{"rendered":"<h6><strong><em>Viegla uzst\u0101d\u012b\u0161ana un univers\u0101la mont\u0101\u017ea<\/em><\/strong><\/h6>\n<h6>City Life adapteri ir \u012bpa\u0161i izstr\u0101d\u0101ti, lai nodro\u0161in\u0101tu dro\u0161u un stabilu savienojumu starp rati\u0146iem un autokr\u0113slu. Uzst\u0101d\u012b\u0161ana ir \u0101tra un vienk\u0101r\u0161a, lai j\u016bs var\u0113tu vien\u0101 mirkl\u012b p\u0101riet no automa\u0161\u012bnas uz rati\u0146iem, saglab\u0101jot sava b\u0113rna komfortu un miegu.<\/h6>\n<p>&nbsp;<\/p>\n<h6><strong><em>Sader\u012bgs ar \u0161\u0101diem rati\u0146iem ABC Design:<\/em><\/strong><\/h6>\n<ul>\n<li data-start=\"813\" data-end=\"1020\">\n<h6><a href=\"https:\/\/hummy.ee\/lv\/product\/abc-design-city-life-ratini\/\" target=\"_blank\" rel=\"noopener\">City Life<\/a><\/h6>\n<\/li>\n<\/ul>\n<h6><strong><em>Sader\u012bgs ar \u0161\u0101diem autokresliem:<\/em><\/strong><\/h6>\n<ul>\n<li data-start=\"1232\" data-end=\"1257\">\n<h6 data-start=\"1234\" data-end=\"1257\"><strong data-start=\"1234\" data-end=\"1249\">ABC Design:<\/strong> Tulip<\/h6>\n<\/li>\n<li data-start=\"1258\" data-end=\"1328\">\n<h6 data-start=\"1260\" data-end=\"1328\"><strong data-start=\"1260\" data-end=\"1274\">Maxi-Cosi: Convertible-Fix<\/strong>, Coral, Pebble 360 Pro, Pebble 360 Pro 2<\/h6>\n<\/li>\n<li data-start=\"1329\" data-end=\"1351\">\n<h6 data-start=\"1331\" data-end=\"1351\"><strong data-start=\"1331\" data-end=\"1341\">Cybex: M\u0101konis<\/strong> T<\/h6>\n<\/li>\n<li data-start=\"1352\" data-end=\"1372\">\n<h6 data-start=\"1354\" data-end=\"1372\"><strong data-start=\"1354\" data-end=\"1363\">Joie:<\/strong> i-Gemm<\/h6>\n<\/li>\n<li data-start=\"1373\" data-end=\"1396\">\n<h6 data-start=\"1375\" data-end=\"1396\"><strong data-start=\"1375\" data-end=\"1388\">Avionauts: Cosmo<\/strong><\/h6>\n<\/li>\n<\/ul>\n<h6><strong><em>K\u0101p\u0113c izv\u0113l\u0113ties City Life autokr\u0113sla adapteri?<\/em><\/strong><\/h6>\n<ul>\n<li data-start=\"1560\" data-end=\"1866\">\n<h6>Maksim\u0101la \u0113rt\u012bba - p\u0101rvietojiet mazuli no automa\u0161\u012bnas uz b\u0113rnu rati\u0146iem, vi\u0146u nepamodinot.<\/h6>\n<\/li>\n<li data-start=\"1560\" data-end=\"1866\">\n<h6>\u0100tra un vienk\u0101r\u0161a uzst\u0101d\u012b\u0161ana - \u0101tri un viegli piestiprin\u0101ms pie City Life rati\u0146u r\u0101mja.<\/h6>\n<\/li>\n<li data-start=\"1560\" data-end=\"1866\">\n<h6>Pla\u0161a sader\u012bba \u2013 piem\u0113rots daudziem popul\u0101riem autokr\u0113sliem<\/h6>\n<\/li>\n<li data-start=\"1560\" data-end=\"1866\">\n<h6>Dro\u0161s un iztur\u012bgs - nodro\u0161ina dro\u0161u piegu\u013c\u0161anu un vienm\u0113r\u012bgu brauk\u0161anu<\/h6>\n<\/li>\n<\/ul>\n<h6><\/h6>\n<h6>Neraiz\u0113jies par sare\u017e\u0123\u012bt\u0101m stiprin\u0101jumu sist\u0113m\u0101m \u2013 City Life autokr\u0113sla adapteris padara tavu dz\u012bvi vienk\u0101r\u0161\u0101ku un pastaigas \u0113rt\u0101kas!<\/h6>\n","protected":false},"excerpt":{"rendered":"<h6 data-start=\"1013\" data-end=\"1151\">ABC Design City Life autokr\u0113sla adapteris ir \u012bpa\u0161i izstr\u0101d\u0101ts <a href=\"https:\/\/hummy.ee\/lv\/product\/abc-design-city-life-ratini\/\" target=\"_blank\" rel=\"noopener\">City Life<\/a> rati\u0146iem, padarot to par praktisku ce\u013cojumu sist\u0113mu jau no dzim\u0161anas. Autokr\u0113sla adapteris \u013cauj piestiprin\u0101t autokr\u0113sli tie\u0161i rati\u0146u r\u0101mim, bez nepiecie\u0161am\u012bbas b\u0113rnu modin\u0101t vai p\u0101rnest atsevi\u0161\u0137i. T\u0101 ir ide\u0101la izv\u0113le \u0101trai un bezr\u016bp\u012bgai p\u0101rvieto\u0161anai gan ikdien\u0101, gan ce\u013cojumos.<\/h6>\n<h6 data-start=\"1153\" data-end=\"1231\"><\/h6>\n","protected":false},"featured_media":80976,"comment_status":"open","ping_status":"closed","template":"","meta":{"_acf_changed":false,"om_disable_all_campaigns":false,"_monsterinsights_skip_tracking":false,"_monsterinsights_sitenote_active":false,"_monsterinsights_sitenote_note":"","_monsterinsights_sitenote_category":0,"_uf_show_specific_survey":0,"_uf_disable_surveys":false,"site-sidebar-layout":"default","site-content-layout":"","ast-site-content-layout":"default","site-content-style":"default","site-sidebar-style":"default","ast-global-header-display":"","ast-banner-title-visibility":"","ast-main-header-display":"","ast-hfb-above-header-display":"","ast-hfb-below-header-display":"","ast-hfb-mobile-header-display":"","site-post-title":"","ast-breadcrumbs-content":"","ast-featured-img":"","footer-sml-layout":"","theme-transparent-header-meta":"default","adv-header-id-meta":"","stick-header-meta":"","header-above-stick-meta":"","header-main-stick-meta":"","header-below-stick-meta":"","astra-migrate-meta-layouts":"set","ast-page-background-enabled":"default","ast-page-background-meta":{"desktop":{"background-color":"var(--ast-global-color-4)","background-image":"","background-repeat":"repeat","background-position":"center center","background-size":"auto","background-attachment":"scroll","background-type":"","background-media":"","overlay-type":"","overlay-color":"","overlay-opacity":"","overlay-gradient":""},"tablet":{"background-color":"","background-image":"","background-repeat":"repeat","background-position":"center center","background-size":"auto","background-attachment":"scroll","background-type":"","background-media":"","overlay-type":"","overlay-color":"","overlay-opacity":"","overlay-gradient":""},"mobile":{"background-color":"","background-image":"","background-repeat":"repeat","background-position":"center center","background-size":"auto","background-attachment":"scroll","background-type":"","background-media":"","overlay-type":"","overlay-color":"","overlay-opacity":"","overlay-gradient":""}},"ast-content-background-meta":{"desktop":{"background-color":"var(--ast-global-color-5)","background-image":"","background-repeat":"repeat","background-position":"center center","background-size":"auto","background-attachment":"scroll","background-type":"","background-media":"","overlay-type":"","overlay-color":"","overlay-opacity":"","overlay-gradient":""},"tablet":{"background-color":"var(--ast-global-color-5)","background-image":"","background-repeat":"repeat","background-position":"center center","background-size":"auto","background-attachment":"scroll","background-type":"","background-media":"","overlay-type":"","overlay-color":"","overlay-opacity":"","overlay-gradient":""},"mobile":{"background-color":"var(--ast-global-color-5)","background-image":"","background-repeat":"repeat","background-position":"center center","background-size":"auto","background-attachment":"scroll","background-type":"","background-media":"","overlay-type":"","overlay-color":"","overlay-opacity":"","overlay-gradient":""}}},"product_brand":[273],"product_cat":[526,372,322,511],"product_tag":[],"class_list":{"0":"post-80975","1":"product","2":"type-product","3":"status-publish","4":"has-post-thumbnail","6":"product_brand-abc-design","7":"product_cat-abc-dizains","8":"product_cat-adapteri","9":"product_cat-apgriesanas-piederumi","10":"product_cat-jauni-produkti","11":"desktop-align-left","12":"tablet-align-left","13":"mobile-align-left","15":"first","16":"instock","17":"taxable","18":"shipping-taxable","19":"purchasable","20":"product-type-simple"},"acf":[],"aioseo_notices":[],"_links":{"self":[{"href":"https:\/\/hummy.ee\/lv\/wp-json\/wp\/v2\/product\/80975","targetHints":{"allow":["GET"]}}],"collection":[{"href":"https:\/\/hummy.ee\/lv\/wp-json\/wp\/v2\/product"}],"about":[{"href":"https:\/\/hummy.ee\/lv\/wp-json\/wp\/v2\/types\/product"}],"replies":[{"embeddable":true,"href":"https:\/\/hummy.ee\/lv\/wp-json\/wp\/v2\/comments?post=80975"}],"version-history":[{"count":6,"href":"https:\/\/hummy.ee\/lv\/wp-json\/wp\/v2\/product\/80975\/revisions"}],"predecessor-version":[{"id":85263,"href":"https:\/\/hummy.ee\/lv\/wp-json\/wp\/v2\/product\/80975\/revisions\/85263"}],"wp:featuredmedia":[{"embeddable":true,"href":"https:\/\/hummy.ee\/lv\/wp-json\/wp\/v2\/media\/80976"}],"wp:attachment":[{"href":"https:\/\/hummy.ee\/lv\/wp-json\/wp\/v2\/media?parent=80975"}],"wp:term":[{"taxonomy":"product_brand","embeddable":true,"href":"https:\/\/hummy.ee\/lv\/wp-json\/wp\/v2\/product_brand?post=80975"},{"taxonomy":"product_cat","embeddable":true,"href":"https:\/\/hummy.ee\/lv\/wp-json\/wp\/v2\/product_cat?post=80975"},{"taxonomy":"product_tag","embeddable":true,"href":"https:\/\/hummy.ee\/lv\/wp-json\/wp\/v2\/product_tag?post=80975"}],"curies":[{"name":"wp","href":"https:\/\/api.w.org\/{rel}","templated":true}]}}