{"id":76886,"date":"2025-12-22T13:01:24","date_gmt":"2025-12-22T13:01:24","guid":{"rendered":"https:\/\/hummy.ee\/product\/abc-design-salsa-5-run-3in1-maxi-cosi-komplekts\/"},"modified":"2026-03-18T20:11:07","modified_gmt":"2026-03-18T20:11:07","slug":"abc-design-salsa5run-3in1-maxi-cosi-ratu-komplekts","status":"publish","type":"product","link":"https:\/\/hummy.ee\/lv\/product\/abc-design-salsa5run-3in1-maxi-cosi-ratu-komplekts\/","title":{"rendered":"ABC Design Salsa 5 Run 3in1 Maxi-Cosi ratu komplekts"},"content":{"rendered":"<h6><em>Komplekt\u0101 ietilpst:<\/em><\/h6>\n<ul>\n<li>\n<h6>Ratu kulba<\/h6>\n<\/li>\n<li>\n<h6>Sporta da\u013ca (ieskaitot \u0113rto s\u0113dekli)<\/h6>\n<\/li>\n<li>\n<h6>Organizators<\/h6>\n<\/li>\n<li>\n<h6>Jaunais CozyCloud\u00ae matracis<\/h6>\n<\/li>\n<li>\n<h6>Maxi-Cosi Pebble 360 Pro\u00b2 autokr\u0113sli\u0146\u0161 (pieejama avokado, dabas, meln\u0101 un graf\u012bta kr\u0101s\u0101)<\/h6>\n<\/li>\n<li>\n<h6>Ma\u0161\u012bnas s\u0113dekl\u012b\u0161a adapteri<\/h6>\n<\/li>\n<\/ul>\n<h6 data-start=\"59\" data-end=\"124\"><strong><em>Salsa 5 Run - lieliska izv\u0113le akt\u012bviem vec\u0101kiem<\/em><\/strong><\/h6>\n<h6>Rati\u0146u dro\u0161\u012bbu nodro\u0161ina \u0113rti lietojama rokas bremze un st\u0101vbremze, jaud\u012bgas \u0137\u0113des bremzes, rokas siksna un atstarojo\u0161as lentes. Polster\u0113to s\u0113dekli var noregul\u0113t t\u0101, lai b\u0113rns var\u0113tu gul\u0113t piln\u012bgi horizont\u0101li, un rati\u0146iem ir ar\u012b 5 punktu dro\u0161\u012bbas josta ar neierobe\u017eot\u0101m regul\u0113\u0161anas iesp\u0113j\u0101m, t\u0101p\u0113c b\u0113rns var s\u0113d\u0113t, atp\u016bsties un baud\u012bt braucienu.<\/h6>\n<p>&nbsp;<\/p>\n<h6>Aizmugur\u0113j\u0101 da\u013c\u0101 un jumt\u0101 ir integr\u0113ti divi ventil\u0101cijas logi, kas nodro\u0161ina labu gaisa cirkul\u0101ciju. Saulain\u0101m dien\u0101m b\u0113rnu aizsarg\u0101 lielais UV aizsarg\u0101ts (50+) jumts. Rati\u0146i ar r\u016bp\u012bgi p\u0101rdom\u0101tu dizainu ir viegli vad\u0101mi, un ergonomiski veidotais st\u016bres rokturis ir regul\u0113jams, lai piel\u0101gotos jums piem\u0113rotai augstumam.<\/h6>\n<p>&nbsp;<\/p>\n<h6>Lai gan Salsa 5 Run ir paredz\u0113ta sportam, t\u0101 ir piem\u0113rota ar\u012b ikdienas lieto\u0161anai, piem\u0113ram, pastaig\u0101m pils\u0113t\u0101 vai laukos. Kombin\u0101cij\u0101 ar ABC Design b\u0113rnu ratu kulbu to var lietot jau no dzim\u0161anas. Ratu kulba nodro\u0161ina pareizu ventil\u0101ciju, un CozyCloud\u00ae matracis nodro\u0161ina komfortu.<\/h6>\n<p>&nbsp;<\/p>\n<h6><strong><em>Papildu funkcijas:<\/em><\/strong><\/h6>\n<ul>\n<li style=\"list-style-type: none;\">\n<ul data-spread=\"false\">\n<li>\n<h6>Pneimatiskie rite\u0146i ar balstiek\u0101rtu un gult\u0146iem<\/h6>\n<\/li>\n<li>\n<h6>Rot\u0113jo\u0161ie rite\u0146i<\/h6>\n<\/li>\n<li>\n<h6>Iesp\u0113ja piestiprin\u0101t autokr\u0113sli\u0146u pie ratu r\u0101mja<\/h6>\n<\/li>\n<li>\n<h6>Regul\u0113jams atzveltnes un k\u0101ju balsts<\/h6>\n<\/li>\n<li>\n<h6>\u016adensnecaurlaid\u012bgs materi\u0101ls<\/h6>\n<\/li>\n<li>\n<h6>No\u0146emami rite\u0146i un dro\u0161\u012bbas stienis<\/h6>\n<\/li>\n<li>\n<h6>Liels grozs (l\u012bdz 5 kg)<\/h6>\n<\/li>\n<li>\n<h6>Revers\u012bvs s\u0113deklis<\/h6>\n<\/li>\n<li>\n<h6>Transporta sl\u0113dzene<\/h6>\n<\/li>\n<li>\n<h6>Revers\u012bvs s\u0113deklis<\/h6>\n<\/li>\n<li>\n<h6>Univers\u0101lie stiprin\u0101juma punkti<\/h6>\n<\/li>\n<li>\n<h6>Viengabala salok\u0101ms<\/h6>\n<\/li>\n<li data-start=\"2628\" data-end=\"2703\">\n<h6>Piem\u0113rots z\u012bdai\u0146iem no dzim\u0161anas l\u012bdz 22 kg.<\/h6>\n<\/li>\n<li data-start=\"2704\" data-end=\"2741\">\n<h6>Maksim\u0101l\u0101 kravnes\u012bba: 27 kg (b\u0113rns l\u012bdz 22 kg + 5 kg papildus groz\u0101).<\/h6>\n<\/li>\n<\/ul>\n<\/li>\n<\/ul>\n<h6><\/h6>\n<h6 data-start=\"2135\" data-end=\"2170\"><\/h6>\n<h6><strong><em>Maxi-Cosi Pebble 360 Pro\u00b2 autokr\u0113sli\u0146\u0161 - dro\u0161a un \u0113rta ce\u013co\u0161anai ar automa\u0161\u012bnu<\/em><\/strong><\/h6>\n<h6>Komplekt\u0101 iek\u013cautais Maxi-Cosi Pebble 360 Pro\u00b2 autokr\u0113sli\u0146\u0161 nodro\u0161ina maksim\u0101lu dro\u0161\u012bbu un komfortu. T\u0101 tr\u012bs atg\u0101\u017eamie st\u0101vok\u013ci, tostarp piln\u012bgi horizont\u0101la gul\u0113\u0161anas poz\u012bcija, nodro\u0161ina mazulim relaks\u0113jo\u0161u un ergonomisku atp\u016btas poz\u012bciju gan automa\u0161\u012bn\u0101, gan rati\u0146os.<\/h6>\n<p>&nbsp;<\/p>\n<h6><strong><em>Fiks\u0113\u0161anas iesp\u0113jas:<\/em><\/strong><\/h6>\n<ul>\n<li>\n<h6>Izmantojiet kop\u0101 ar 3 punktu dro\u0161\u012bbas jostu.<\/h6>\n<\/li>\n<li>\n<h6>Atbilsto\u0161\u0101 <a href=\"https:\/\/hummy.ee\/lv\/product\/maxi-cosi-familyfix-360-pro-baze\/\" target=\"_blank\" rel=\"noopener\">FamilyFix 360 Pro<\/a> ISOFIX b\u0101ze, kas \u013cauj pagriezt un p\u0101rvietot autokr\u0113sli\u0146u b\u0113rna virzien\u0101 (ieg\u0101d\u0101jama atsevi\u0161\u0137i).<\/h6>\n<\/li>\n<\/ul>\n<h6>\u0160is autokr\u0113sli\u0146\u0161 ir piem\u0113rots b\u0113rniem no dzim\u0161anas l\u012bdz 18 m\u0113ne\u0161u vecumam (40\u201387 cm). Stiftung Warentest 2024. gada j\u016bnij\u0101 to nov\u0113rt\u0113ja ar atz\u012bmi 2,2 (labi). ClimaFlow ventil\u0101cijas sist\u0113ma un elpojo\u0161i materi\u0101li nodro\u0161ina optim\u0101lu gaisa cirkul\u0101ciju, savuk\u0101rt no\u0146emamais jaundzimu\u0161\u0101 ieliktnis pal\u012bdz uztur\u0113t pareizu un ergonomisku b\u0113rna \u0137erme\u0146a st\u0101vokli.<\/h6>\n<h6><\/h6>\n<p>&nbsp;<\/p>\n<h6><strong><em>Automa\u0161\u012bn\u0101 ieb\u016bv\u0113ta sist\u0113ma - vienm\u0113r\u012bga p\u0101reja no automa\u0161\u012bnas uz rati\u0146iem<\/em><\/strong><\/h6>\n<h6>Pateicoties komplekt\u0101 iek\u013cautajiem adapteriem, Maxi-Cosi Pebble 360 Pro\u00b2 autokr\u0113sli\u0146u var \u0101tri piestiprin\u0101t Salsa 5 Run rati\u0146iem. Tas noz\u012bm\u0113, ka, kam\u0113r j\u016bsu b\u0113rns gu\u013c automa\u0161\u012bn\u0101, j\u016bs varat viegli p\u0101rvietot autokr\u0113sli\u0146u uz rati\u0146iem, vi\u0146u nepamodinot.<\/h6>\n<h6 data-start=\"2599\" data-end=\"2627\"><\/h6>\n<h6 data-start=\"2877\" data-end=\"3052\"><\/h6>\n<p>&nbsp;<\/p>\n<h6 data-start=\"2877\" data-end=\"3052\"><em>Noskatieties iepaz\u012b\u0161an\u0101s <a href=\"https:\/\/www.youtube.com\/watch?v=CTDmPW1ZHTo\">videoklipu<\/a>, lai uzzin\u0101tu vair\u0101k.<\/em><\/h6>\n<p>&nbsp;<\/p>\n<h6><em>Pareizie rite\u0146i padara b\u0113rnu rati\u0146u lieto\u0161anu daudz \u0113rt\u0101ku! Uzziniet, k\u0101 izv\u0113l\u0113ties sev piem\u0113rot\u0101ko risin\u0101jumu, Hummy <a href=\"https:\/\/hummy.ee\/lv\/kuru-bernu-ratinus-ar-riteniem-izveleties\/\" target=\"_blank\" rel=\"nofollow noopener\">blog\u0101.<\/a> <\/em><\/h6>\n","protected":false},"excerpt":{"rendered":"<h6>Ar \u0161o praktisko ABC Design Salsa 5 Run ratu komplektu j\u016bsu mazulis var\u0113s baud\u012bt dro\u0161u, \u0113rtu un relaks\u0113jo\u0161u braucienu jau no pirm\u0101s dienas \u2014 gan rati\u0146os, gan automa\u0161\u012bn\u0101, gan k\u0101 ce\u013cojumu sist\u0113mu ar Maxi-Cosi Pebble 360 Pro\u00b2 autokr\u0113sli\u0146u. J\u016bsu mazulis izbaud\u012bs maksim\u0101lu gul\u0113\u0161anas un atp\u016btas komfortu gan rati\u0146os, gan autokr\u0113sli\u0146\u0101, turkl\u0101t dro\u0161\u012bba vienm\u0113r b\u016bs garant\u0113ta. To nodro\u0161ina divi augstas kvalit\u0101tes un dro\u0161i produkti vien\u0101: ABC Design Salsa 5 Run ratu komplekts un Maxi-Cosi Pebble 360 Pro\u00b2 autokr\u0113sli\u0146\u0161.<\/h6>\n<h6><\/h6>\n","protected":false},"featured_media":41637,"comment_status":"open","ping_status":"closed","template":"","meta":{"_acf_changed":false,"om_disable_all_campaigns":false,"_monsterinsights_skip_tracking":false,"_monsterinsights_sitenote_active":false,"_monsterinsights_sitenote_note":"","_monsterinsights_sitenote_category":0,"_uf_show_specific_survey":0,"_uf_disable_surveys":false,"site-sidebar-layout":"default","site-content-layout":"","ast-site-content-layout":"default","site-content-style":"default","site-sidebar-style":"default","ast-global-header-display":"","ast-banner-title-visibility":"","ast-main-header-display":"","ast-hfb-above-header-display":"","ast-hfb-below-header-display":"","ast-hfb-mobile-header-display":"","site-post-title":"","ast-breadcrumbs-content":"","ast-featured-img":"","footer-sml-layout":"","theme-transparent-header-meta":"default","adv-header-id-meta":"","stick-header-meta":"","header-above-stick-meta":"","header-main-stick-meta":"","header-below-stick-meta":"","astra-migrate-meta-layouts":"set","ast-page-background-enabled":"default","ast-page-background-meta":{"desktop":{"background-color":"var(--ast-global-color-4)","background-image":"","background-repeat":"repeat","background-position":"center center","background-size":"auto","background-attachment":"scroll","background-type":"","background-media":"","overlay-type":"","overlay-color":"","overlay-opacity":"","overlay-gradient":""},"tablet":{"background-color":"","background-image":"","background-repeat":"repeat","background-position":"center center","background-size":"auto","background-attachment":"scroll","background-type":"","background-media":"","overlay-type":"","overlay-color":"","overlay-opacity":"","overlay-gradient":""},"mobile":{"background-color":"","background-image":"","background-repeat":"repeat","background-position":"center center","background-size":"auto","background-attachment":"scroll","background-type":"","background-media":"","overlay-type":"","overlay-color":"","overlay-opacity":"","overlay-gradient":""}},"ast-content-background-meta":{"desktop":{"background-color":"var(--ast-global-color-5)","background-image":"","background-repeat":"repeat","background-position":"center center","background-size":"auto","background-attachment":"scroll","background-type":"","background-media":"","overlay-type":"","overlay-color":"","overlay-opacity":"","overlay-gradient":""},"tablet":{"background-color":"var(--ast-global-color-5)","background-image":"","background-repeat":"repeat","background-position":"center center","background-size":"auto","background-attachment":"scroll","background-type":"","background-media":"","overlay-type":"","overlay-color":"","overlay-opacity":"","overlay-gradient":""},"mobile":{"background-color":"var(--ast-global-color-5)","background-image":"","background-repeat":"repeat","background-position":"center center","background-size":"auto","background-attachment":"scroll","background-type":"","background-media":"","overlay-type":"","overlay-color":"","overlay-opacity":"","overlay-gradient":""}}},"product_brand":[],"product_cat":[511,432,320,579],"product_tag":[],"class_list":{"0":"post-76886","1":"product","2":"type-product","3":"status-publish","4":"has-post-thumbnail","6":"product_cat-jauni-produkti","7":"product_cat-cisternu","8":"product_cat-uncategorized-lv","9":"product_cat-sporta-ratini","10":"desktop-align-left","11":"tablet-align-left","12":"mobile-align-left","14":"first","15":"instock","16":"sale","17":"taxable","18":"shipping-taxable","19":"purchasable","20":"product-type-variable"},"acf":[],"aioseo_notices":[],"_links":{"self":[{"href":"https:\/\/hummy.ee\/lv\/wp-json\/wp\/v2\/product\/76886","targetHints":{"allow":["GET"]}}],"collection":[{"href":"https:\/\/hummy.ee\/lv\/wp-json\/wp\/v2\/product"}],"about":[{"href":"https:\/\/hummy.ee\/lv\/wp-json\/wp\/v2\/types\/product"}],"replies":[{"embeddable":true,"href":"https:\/\/hummy.ee\/lv\/wp-json\/wp\/v2\/comments?post=76886"}],"version-history":[{"count":11,"href":"https:\/\/hummy.ee\/lv\/wp-json\/wp\/v2\/product\/76886\/revisions"}],"predecessor-version":[{"id":86157,"href":"https:\/\/hummy.ee\/lv\/wp-json\/wp\/v2\/product\/76886\/revisions\/86157"}],"wp:featuredmedia":[{"embeddable":true,"href":"https:\/\/hummy.ee\/lv\/wp-json\/wp\/v2\/media\/41637"}],"wp:attachment":[{"href":"https:\/\/hummy.ee\/lv\/wp-json\/wp\/v2\/media?parent=76886"}],"wp:term":[{"taxonomy":"product_brand","embeddable":true,"href":"https:\/\/hummy.ee\/lv\/wp-json\/wp\/v2\/product_brand?post=76886"},{"taxonomy":"product_cat","embeddable":true,"href":"https:\/\/hummy.ee\/lv\/wp-json\/wp\/v2\/product_cat?post=76886"},{"taxonomy":"product_tag","embeddable":true,"href":"https:\/\/hummy.ee\/lv\/wp-json\/wp\/v2\/product_tag?post=76886"}],"curies":[{"name":"wp","href":"https:\/\/api.w.org\/{rel}","templated":true}]}}