{"id":76515,"date":"2025-12-22T07:49:42","date_gmt":"2025-12-22T07:49:42","guid":{"rendered":"https:\/\/hummy.ee\/product\/maxi-cosi-familyfix-360-pro-baze\/"},"modified":"2026-04-11T13:57:32","modified_gmt":"2026-04-11T13:57:32","slug":"maxi-cosi-familyfix-360-pro-baze","status":"publish","type":"product","link":"https:\/\/hummy.ee\/lv\/product\/maxi-cosi-familyfix-360-pro-baze\/","title":{"rendered":"Maxi-Cosi FamilyFix 360 Pro Isofix b\u0101ze"},"content":{"rendered":"<h6><em><strong>Lieto\u0161anas \u0113rtums<\/strong><\/em><\/h6>\n<ul>\n<li>\n<h6>Revolucion\u0101r\u0101 SlideTech\u2122 sist\u0113ma atvieglo vec\u0101ku ikdienu \u2013 vairs nav j\u0101liek p\u016bles mugurai, pace\u013cot autokr\u0113slu, nav j\u0101trauc\u0113 b\u0113rna galva, ievietojot vi\u0146u s\u0113dekl\u012b, un tiek nov\u0113rstas l\u012bdz\u012bgas ikdienas r\u016bpes<\/h6>\n<\/li>\n<li>\n<h6>FamilyFix360 b\u0101ze \u013cauj ar vienu roku \u0113rti pagriezt atbilsto\u0161os autokr\u0113slus un b\u0113rnu s\u0113dek\u013cus<\/h6>\n<\/li>\n<li>\n<h6>FlexiSpin tehnolo\u0123ija nodro\u0161ina autokr\u0113sla pagrie\u0161anu jebkur\u0101 le\u0146\u0137\u012b, pat ja b\u0113rns ir gu\u013cus st\u0101vokl\u012b<\/h6>\n<\/li>\n<li>\n<h6>\u0100tra un vienk\u0101r\u0161a labo\u0161ana<\/h6>\n<\/li>\n<\/ul>\n<h6><em><strong>Dro\u0161\u012bba<\/strong><\/em><\/h6>\n<ul>\n<li>\n<h6>Dro\u0161a brauk\u0161ana b\u0113rniem gan aizmugures, gan sejas virzien\u0101 brauk\u0161anai l\u012bdz 4 gadu vecumam<\/h6>\n<\/li>\n<li>\n<h6>Aizsl\u0113ga pret \u013caunpr\u0101t\u012bgu izmanto\u0161anu, kas aizsarg\u0101 pret rot\u0101ciju, sniedz jums p\u0101rliec\u012bbu, ka j\u016bsu b\u0113rns vienm\u0113r ce\u013cos pret\u0113ji brauk\u0161anas virzienam, vismaz l\u012bdz 15 m\u0113ne\u0161u vecumam.<\/h6>\n<\/li>\n<li>\n<h6>ISOFIX stiprin\u0101jums un atbalsta k\u0101ji\u0146a ir dro\u0161\u0101kais, vienk\u0101r\u0161\u0101kais un \u0101tr\u0101kais risin\u0101jums autokr\u0113sli\u0146a nostiprin\u0101\u0161anai.<\/h6>\n<\/li>\n<li>\n<h6>Atbilst i-Size dro\u0161\u012bbas standartam<\/h6>\n<\/li>\n<\/ul>\n<h6><em><strong>Visp\u0101r\u012bgi<\/strong><\/em><\/h6>\n<ul>\n<li>\n<h6>Paredz\u0113ts lieto\u0161anai b\u0113rniem no dzim\u0161anas l\u012bdz 4 gadu vecumam \/ augstums 40-105cm \/ svars 0-17,5kg.<\/h6>\n<\/li>\n<\/ul>\n<h6><em><strong>R\u0101d\u012bt\u0101ji<\/strong><\/em><\/h6>\n<ul>\n<li>\n<h6>Izm\u0113ri 39 x 65 x 35 cm (platums, garums, augstums)<\/h6>\n<\/li>\n<li>\n<h6>Svars 8,6 kg<\/h6>\n<\/li>\n<\/ul>\n<h6><em><strong>Atbilst\u012bba<\/strong><\/em><\/h6>\n<h6>FamilyFix 360 Pro var izmantot ar \u0161\u0101diem Maxi-Cosi produktiem:<\/h6>\n<ul>\n<li>\n<h6>Pebble 360 Pro\/Pro 2 b\u0113rnu autokr\u0113sls<\/h6>\n<\/li>\n<li>\n<h6>Pearl 360 Pro b\u0113rnu autokr\u0113sls<\/h6>\n<\/li>\n<li>\n<h6>Pebble 360 b\u0113rnu autokr\u0113sls<\/h6>\n<\/li>\n<li>\n<h6>Coral 360 b\u0113rnu autokr\u0113sls<\/h6>\n<\/li>\n<\/ul>\n<h6><em>Uzziniet vair\u0101k <a href=\"https:\/\/www.youtube.com\/watch?v=GnvU9I59UaA\" target=\"_blank\" rel=\"noopener\">ievadierakst\u0101.<\/a><\/em><\/h6>\n","protected":false},"excerpt":{"rendered":"<h6>Revolucion\u0101r\u0101 izvelkam\u0101 b\u0101ze FamilyFix 360 Pro atvieglo vec\u0101ku ikdienu. T\u0101 ir vien\u012bg\u0101 ISOFIX b\u0101ze, kas pagrie\u017eas un sl\u012bd pret jums, izmantojot Maxi-Cosi patent\u0113to SlideTech\u2122 tehnolo\u0123iju. \u0160\u012b unik\u0101l\u0101 sist\u0113ma \u013cauj b\u0101z\u0113 viegli p\u0101rvietot autokr\u0113slu no s\u0113dek\u013ca l\u012bdz durvju atverei, padarot b\u0113rna ievieto\u0161anu un iz\u0146em\u0161anu daudz \u0113rt\u0101ku.<\/h6>\n<p>&nbsp;<\/p>\n<h6>FamilyFix 360 Pro b\u0101ze nodro\u0161ina b\u0113rniem dro\u0161u brauk\u0161anu no dzim\u0161anas l\u012bdz 4 gadu vecumam, izmantojot Pebble 360 Pro2 autokr\u0113slu un Pearl 360 Pro b\u0113rnu s\u0113dekli.<\/h6>\n","protected":false},"featured_media":76509,"comment_status":"open","ping_status":"closed","template":"","meta":{"_acf_changed":false,"om_disable_all_campaigns":false,"_monsterinsights_skip_tracking":false,"_monsterinsights_sitenote_active":false,"_monsterinsights_sitenote_note":"","_monsterinsights_sitenote_category":0,"_uf_show_specific_survey":0,"_uf_disable_surveys":false,"site-sidebar-layout":"default","site-content-layout":"","ast-site-content-layout":"default","site-content-style":"default","site-sidebar-style":"default","ast-global-header-display":"","ast-banner-title-visibility":"","ast-main-header-display":"","ast-hfb-above-header-display":"","ast-hfb-below-header-display":"","ast-hfb-mobile-header-display":"","site-post-title":"","ast-breadcrumbs-content":"","ast-featured-img":"","footer-sml-layout":"","theme-transparent-header-meta":"default","adv-header-id-meta":"","stick-header-meta":"","header-above-stick-meta":"","header-main-stick-meta":"","header-below-stick-meta":"","astra-migrate-meta-layouts":"set","ast-page-background-enabled":"default","ast-page-background-meta":{"desktop":{"background-color":"var(--ast-global-color-4)","background-image":"","background-repeat":"repeat","background-position":"center center","background-size":"auto","background-attachment":"scroll","background-type":"","background-media":"","overlay-type":"","overlay-color":"","overlay-opacity":"","overlay-gradient":""},"tablet":{"background-color":"","background-image":"","background-repeat":"repeat","background-position":"center center","background-size":"auto","background-attachment":"scroll","background-type":"","background-media":"","overlay-type":"","overlay-color":"","overlay-opacity":"","overlay-gradient":""},"mobile":{"background-color":"","background-image":"","background-repeat":"repeat","background-position":"center center","background-size":"auto","background-attachment":"scroll","background-type":"","background-media":"","overlay-type":"","overlay-color":"","overlay-opacity":"","overlay-gradient":""}},"ast-content-background-meta":{"desktop":{"background-color":"var(--ast-global-color-5)","background-image":"","background-repeat":"repeat","background-position":"center center","background-size":"auto","background-attachment":"scroll","background-type":"","background-media":"","overlay-type":"","overlay-color":"","overlay-opacity":"","overlay-gradient":""},"tablet":{"background-color":"var(--ast-global-color-5)","background-image":"","background-repeat":"repeat","background-position":"center center","background-size":"auto","background-attachment":"scroll","background-type":"","background-media":"","overlay-type":"","overlay-color":"","overlay-opacity":"","overlay-gradient":""},"mobile":{"background-color":"var(--ast-global-color-5)","background-image":"","background-repeat":"repeat","background-position":"center center","background-size":"auto","background-attachment":"scroll","background-type":"","background-media":"","overlay-type":"","overlay-color":"","overlay-opacity":"","overlay-gradient":""}}},"product_brand":[],"product_cat":[746,1247,651,511],"product_tag":[],"class_list":{"0":"post-76515","1":"product","2":"type-product","3":"status-publish","4":"has-post-thumbnail","6":"product_cat-drosibas-kresla-pamatne","7":"product_cat-drosibas-kreslu-piederumi","8":"product_cat-drosibas-sedekli","9":"product_cat-jauni-produkti","10":"desktop-align-left","11":"tablet-align-left","12":"mobile-align-left","14":"first","15":"instock","16":"sale","17":"taxable","18":"shipping-taxable","19":"purchasable","20":"product-type-simple"},"acf":[],"aioseo_notices":[],"_links":{"self":[{"href":"https:\/\/hummy.ee\/lv\/wp-json\/wp\/v2\/product\/76515","targetHints":{"allow":["GET"]}}],"collection":[{"href":"https:\/\/hummy.ee\/lv\/wp-json\/wp\/v2\/product"}],"about":[{"href":"https:\/\/hummy.ee\/lv\/wp-json\/wp\/v2\/types\/product"}],"replies":[{"embeddable":true,"href":"https:\/\/hummy.ee\/lv\/wp-json\/wp\/v2\/comments?post=76515"}],"version-history":[{"count":5,"href":"https:\/\/hummy.ee\/lv\/wp-json\/wp\/v2\/product\/76515\/revisions"}],"predecessor-version":[{"id":86434,"href":"https:\/\/hummy.ee\/lv\/wp-json\/wp\/v2\/product\/76515\/revisions\/86434"}],"wp:featuredmedia":[{"embeddable":true,"href":"https:\/\/hummy.ee\/lv\/wp-json\/wp\/v2\/media\/76509"}],"wp:attachment":[{"href":"https:\/\/hummy.ee\/lv\/wp-json\/wp\/v2\/media?parent=76515"}],"wp:term":[{"taxonomy":"product_brand","embeddable":true,"href":"https:\/\/hummy.ee\/lv\/wp-json\/wp\/v2\/product_brand?post=76515"},{"taxonomy":"product_cat","embeddable":true,"href":"https:\/\/hummy.ee\/lv\/wp-json\/wp\/v2\/product_cat?post=76515"},{"taxonomy":"product_tag","embeddable":true,"href":"https:\/\/hummy.ee\/lv\/wp-json\/wp\/v2\/product_tag?post=76515"}],"curies":[{"name":"wp","href":"https:\/\/api.w.org\/{rel}","templated":true}]}}