{"id":75347,"date":"2025-11-24T19:12:53","date_gmt":"2025-11-24T19:12:53","guid":{"rendered":"https:\/\/hummy.ee\/product\/kong-walther-magic-iepirkumu-soma\/"},"modified":"2026-04-11T14:01:57","modified_gmt":"2026-04-11T14:01:57","slug":"kong-walther-magic-shopper-soma","status":"publish","type":"product","link":"https:\/\/hummy.ee\/lv\/product\/kong-walther-magic-shopper-soma\/","title":{"rendered":"Kong.Walther soma Magic Shopper"},"content":{"rendered":"<h6 data-start=\"497\" data-end=\"757\">Som\u0101 ir nelikta papildus kabata, kur\u0101 var ievietot atsl\u0113gas, kartes vai citus maz\u0101kus priek\u0161metus, lai tie vienm\u0113r b\u016btu viegli atrodami. T\u0101 ir ide\u0101la soma ikdienas lieto\u0161anai \u2013 vai tas b\u016btu iepirk\u0161an\u0101s, darba diena, pastaiga vai \u0101tri ikdienas darbi.<\/h6>\n<p>&nbsp;<\/p>\n<h6 data-start=\"759\" data-end=\"775\"><em><strong>Funkcijas<\/strong><\/em><\/h6>\n<ul data-start=\"776\" data-end=\"955\">\n<li data-start=\"776\" data-end=\"810\">\n<h6 data-start=\"778\" data-end=\"810\">Izgatavota no 100% p\u0101rstr\u0101d\u0101tas kokvilnas<\/h6>\n<\/li>\n<li data-start=\"811\" data-end=\"842\">\n<h6 data-start=\"813\" data-end=\"842\">Var n\u0113s\u0101t rok\u0101 vai p\u0101ri plecam<\/h6>\n<\/li>\n<li data-start=\"843\" data-end=\"895\">\n<h6 data-start=\"845\" data-end=\"895\">Papildus kabata atsl\u0113g\u0101m vai maz\u0101kiem priek\u0161metiem<\/h6>\n<\/li>\n<li data-start=\"896\" data-end=\"955\">\n<h6 data-start=\"898\" data-end=\"955\">Stil\u012bga un praktiska izv\u0113le ikdienas lieto\u0161anai<\/h6>\n<\/li>\n<\/ul>\n","protected":false},"excerpt":{"rendered":"<h6 data-start=\"157\" data-end=\"230\">Magic Shopper soma \u2013 stil\u012bga un praktiska ikdienas n\u0113s\u0101jam\u0101 soma. Kong.Walther Magic Shopper soma ir liela, \u0113rt\u0101 un praktiska soma, ko var n\u0113s\u0101t rok\u0101 vai p\u0101ri plecam. Soma izgatavota no skaistas, iztur\u012bgas un p\u0101rstr\u0101d\u0101tas kokvilnas, kas uzsver gan stilu, gan funkcionalit\u0101ti.<\/h6>\n","protected":false},"featured_media":74610,"comment_status":"open","ping_status":"closed","template":"","meta":{"_acf_changed":false,"om_disable_all_campaigns":false,"_monsterinsights_skip_tracking":false,"_monsterinsights_sitenote_active":false,"_monsterinsights_sitenote_note":"","_monsterinsights_sitenote_category":0,"_uf_show_specific_survey":0,"_uf_disable_surveys":false,"site-sidebar-layout":"default","site-content-layout":"","ast-site-content-layout":"default","site-content-style":"default","site-sidebar-style":"default","ast-global-header-display":"","ast-banner-title-visibility":"","ast-main-header-display":"","ast-hfb-above-header-display":"","ast-hfb-below-header-display":"","ast-hfb-mobile-header-display":"","site-post-title":"","ast-breadcrumbs-content":"","ast-featured-img":"","footer-sml-layout":"","theme-transparent-header-meta":"default","adv-header-id-meta":"","stick-header-meta":"","header-above-stick-meta":"","header-main-stick-meta":"","header-below-stick-meta":"","astra-migrate-meta-layouts":"set","ast-page-background-enabled":"default","ast-page-background-meta":{"desktop":{"background-color":"var(--ast-global-color-4)","background-image":"","background-repeat":"repeat","background-position":"center center","background-size":"auto","background-attachment":"scroll","background-type":"","background-media":"","overlay-type":"","overlay-color":"","overlay-opacity":"","overlay-gradient":""},"tablet":{"background-color":"","background-image":"","background-repeat":"repeat","background-position":"center center","background-size":"auto","background-attachment":"scroll","background-type":"","background-media":"","overlay-type":"","overlay-color":"","overlay-opacity":"","overlay-gradient":""},"mobile":{"background-color":"","background-image":"","background-repeat":"repeat","background-position":"center center","background-size":"auto","background-attachment":"scroll","background-type":"","background-media":"","overlay-type":"","overlay-color":"","overlay-opacity":"","overlay-gradient":""}},"ast-content-background-meta":{"desktop":{"background-color":"var(--ast-global-color-5)","background-image":"","background-repeat":"repeat","background-position":"center center","background-size":"auto","background-attachment":"scroll","background-type":"","background-media":"","overlay-type":"","overlay-color":"","overlay-opacity":"","overlay-gradient":""},"tablet":{"background-color":"var(--ast-global-color-5)","background-image":"","background-repeat":"repeat","background-position":"center center","background-size":"auto","background-attachment":"scroll","background-type":"","background-media":"","overlay-type":"","overlay-color":"","overlay-opacity":"","overlay-gradient":""},"mobile":{"background-color":"var(--ast-global-color-5)","background-image":"","background-repeat":"repeat","background-position":"center center","background-size":"auto","background-attachment":"scroll","background-type":"","background-media":"","overlay-type":"","overlay-color":"","overlay-opacity":"","overlay-gradient":""}}},"product_brand":[],"product_cat":[511,1182,350,698],"product_tag":[],"class_list":{"0":"post-75347","1":"product","2":"type-product","3":"status-publish","4":"has-post-thumbnail","6":"product_cat-jauni-produkti","7":"product_cat-kongwalther","8":"product_cat-somas-un-mugursomas","9":"product_cat-vairak","10":"desktop-align-left","11":"tablet-align-left","12":"mobile-align-left","14":"first","15":"instock","16":"taxable","17":"shipping-taxable","18":"purchasable","19":"product-type-simple"},"acf":[],"aioseo_notices":[],"_links":{"self":[{"href":"https:\/\/hummy.ee\/lv\/wp-json\/wp\/v2\/product\/75347","targetHints":{"allow":["GET"]}}],"collection":[{"href":"https:\/\/hummy.ee\/lv\/wp-json\/wp\/v2\/product"}],"about":[{"href":"https:\/\/hummy.ee\/lv\/wp-json\/wp\/v2\/types\/product"}],"replies":[{"embeddable":true,"href":"https:\/\/hummy.ee\/lv\/wp-json\/wp\/v2\/comments?post=75347"}],"version-history":[{"count":8,"href":"https:\/\/hummy.ee\/lv\/wp-json\/wp\/v2\/product\/75347\/revisions"}],"predecessor-version":[{"id":86446,"href":"https:\/\/hummy.ee\/lv\/wp-json\/wp\/v2\/product\/75347\/revisions\/86446"}],"wp:featuredmedia":[{"embeddable":true,"href":"https:\/\/hummy.ee\/lv\/wp-json\/wp\/v2\/media\/74610"}],"wp:attachment":[{"href":"https:\/\/hummy.ee\/lv\/wp-json\/wp\/v2\/media?parent=75347"}],"wp:term":[{"taxonomy":"product_brand","embeddable":true,"href":"https:\/\/hummy.ee\/lv\/wp-json\/wp\/v2\/product_brand?post=75347"},{"taxonomy":"product_cat","embeddable":true,"href":"https:\/\/hummy.ee\/lv\/wp-json\/wp\/v2\/product_cat?post=75347"},{"taxonomy":"product_tag","embeddable":true,"href":"https:\/\/hummy.ee\/lv\/wp-json\/wp\/v2\/product_tag?post=75347"}],"curies":[{"name":"wp","href":"https:\/\/api.w.org\/{rel}","templated":true}]}}