{"id":75316,"date":"2025-11-24T19:12:58","date_gmt":"2025-11-24T19:12:58","guid":{"rendered":"https:\/\/hummy.ee\/product\/kong-walther-osterbro-maksliga-zamsadas-vagona-cimdi\/"},"modified":"2026-04-11T13:59:34","modified_gmt":"2026-04-11T13:59:34","slug":"kong-walther-osterbro-ratu-cimdi-faux-suede","status":"publish","type":"product","link":"https:\/\/hummy.ee\/lv\/product\/kong-walther-osterbro-ratu-cimdi-faux-suede\/","title":{"rendered":"Kong.Walther \u00d8sterbro ratu cimdi Faux Suede"},"content":{"rendered":"<h6 data-start=\"106\" data-end=\"184\"><strong><em>\u00d8sterbro ratu cimdi \u2013 silti un praktiski KONG.WALTHER ra\u017eojumi<\/em><\/strong><\/h6>\n<h6 data-start=\"186\" data-end=\"552\">\u00d8sterbro ratu cimdi ir rad\u012bti vec\u0101kiem, kuri ir noguru\u0161i no aukst\u0101m rok\u0101m, stumjot rati\u0146us vai sporta ratus \u2013 un kuru mazulim knup\u012btis past\u0101v\u012bgi kr\u012bt. Ar KongWalther ratu cimdiem j\u016bsu rokas vienm\u0113r ir br\u012bvas darb\u012bb\u0101m: var \u0101tri pacelt knup\u012bti, pal\u012bdz\u0113t b\u0113rnam vai iedzert karstu kafiju, un p\u0113c tam rokas \u0113rti un silti atkal ievietot cimdos.<\/h6>\n<p>&nbsp;<\/p>\n<h6 data-start=\"554\" data-end=\"600\"><em><strong>Piem\u0113roti visiem rati\u0146iem un sporta ratiem<\/strong><\/em><\/h6>\n<h6 data-start=\"601\" data-end=\"758\">Ratu cimdi ir univers\u0101la izm\u0113ra (one size) un tos viegli var piestiprin\u0101t pie jebkura rati\u0146u vai sporta ratu roktura. Paredz\u0113ti ikdienas lieto\u0161anai jebkuros laikapst\u0101k\u013cos.<\/h6>\n<p>&nbsp;<\/p>\n<h6 data-start=\"760\" data-end=\"791\"><em><strong>Materi\u0101li un kvalit\u0101te<\/strong><\/em><\/h6>\n<ul data-start=\"792\" data-end=\"960\">\n<li data-start=\"792\" data-end=\"812\">\n<h6 data-start=\"794\" data-end=\"812\">100% poliesteris<\/h6>\n<\/li>\n<li data-start=\"813\" data-end=\"836\">\n<h6 data-start=\"815\" data-end=\"836\">Iek\u0161pus\u0113 silta fl\u012bsa oder\u0113juma<\/h6>\n<\/li>\n<li data-start=\"837\" data-end=\"876\">\n<h6 data-start=\"839\" data-end=\"876\">V\u0113ju un \u016bdens iztur\u012bgs \u0101r\u0113jais materi\u0101ls<\/h6>\n<\/li>\n<li data-start=\"877\" data-end=\"960\">\n<h6 data-start=\"879\" data-end=\"960\">R\u0101v\u0113jsl\u0113dz\u0113ji ab\u0101s pus\u0113s \u2013 viegli uzst\u0101d\u0101mi visiem rati\u0146iem un sporta ratiem<\/h6>\n<\/li>\n<\/ul>\n<h6 data-start=\"962\" data-end=\"983\"><strong><em>Uztur\u0113\u0161anas nor\u0101d\u012bjumi<\/em><\/strong><\/h6>\n<ul data-start=\"984\" data-end=\"1014\">\n<li data-start=\"984\" data-end=\"995\">\n<h6 data-start=\"986\" data-end=\"995\">Delik\u0101ta mazg\u0101\u0161anas programma<\/h6>\n<\/li>\n<li data-start=\"996\" data-end=\"1014\">\n<h6 data-start=\"998\" data-end=\"1014\">\u017d\u0101v\u0113t gais\u0101<\/h6>\n<\/li>\n<\/ul>\n","protected":false},"excerpt":{"rendered":"<h6>Siltie un \u016bdensiztur\u012bgie \u00d8sterbro ratu cimdi no KONG.WALTHER saglab\u0101 j\u016bsu rokas siltas un \u0113rtas pastaig\u0101s. Univers\u0101la izm\u0113ra cimdi, piem\u0113roti visiem rati\u0146iem un sporta ratiem, \u013cauj \u0101tri pal\u012bdz\u0113t b\u0113rnam, ne\u0146emot cimdi no rok\u0101m.<\/h6>\n","protected":false},"featured_media":74290,"comment_status":"open","ping_status":"closed","template":"","meta":{"_acf_changed":false,"om_disable_all_campaigns":false,"_monsterinsights_skip_tracking":false,"_monsterinsights_sitenote_active":false,"_monsterinsights_sitenote_note":"","_monsterinsights_sitenote_category":0,"_uf_show_specific_survey":0,"_uf_disable_surveys":false,"site-sidebar-layout":"default","site-content-layout":"","ast-site-content-layout":"default","site-content-style":"default","site-sidebar-style":"default","ast-global-header-display":"","ast-banner-title-visibility":"","ast-main-header-display":"","ast-hfb-above-header-display":"","ast-hfb-below-header-display":"","ast-hfb-mobile-header-display":"","site-post-title":"","ast-breadcrumbs-content":"","ast-featured-img":"","footer-sml-layout":"","theme-transparent-header-meta":"default","adv-header-id-meta":"","stick-header-meta":"","header-above-stick-meta":"","header-main-stick-meta":"","header-below-stick-meta":"","astra-migrate-meta-layouts":"set","ast-page-background-enabled":"default","ast-page-background-meta":{"desktop":{"background-color":"var(--ast-global-color-4)","background-image":"","background-repeat":"repeat","background-position":"center center","background-size":"auto","background-attachment":"scroll","background-type":"","background-media":"","overlay-type":"","overlay-color":"","overlay-opacity":"","overlay-gradient":""},"tablet":{"background-color":"","background-image":"","background-repeat":"repeat","background-position":"center center","background-size":"auto","background-attachment":"scroll","background-type":"","background-media":"","overlay-type":"","overlay-color":"","overlay-opacity":"","overlay-gradient":""},"mobile":{"background-color":"","background-image":"","background-repeat":"repeat","background-position":"center center","background-size":"auto","background-attachment":"scroll","background-type":"","background-media":"","overlay-type":"","overlay-color":"","overlay-opacity":"","overlay-gradient":""}},"ast-content-background-meta":{"desktop":{"background-color":"var(--ast-global-color-5)","background-image":"","background-repeat":"repeat","background-position":"center center","background-size":"auto","background-attachment":"scroll","background-type":"","background-media":"","overlay-type":"","overlay-color":"","overlay-opacity":"","overlay-gradient":""},"tablet":{"background-color":"var(--ast-global-color-5)","background-image":"","background-repeat":"repeat","background-position":"center center","background-size":"auto","background-attachment":"scroll","background-type":"","background-media":"","overlay-type":"","overlay-color":"","overlay-opacity":"","overlay-gradient":""},"mobile":{"background-color":"var(--ast-global-color-5)","background-image":"","background-repeat":"repeat","background-position":"center center","background-size":"auto","background-attachment":"scroll","background-type":"","background-media":"","overlay-type":"","overlay-color":"","overlay-opacity":"","overlay-gradient":""}}},"product_brand":[],"product_cat":[1183,511,1182],"product_tag":[],"class_list":{"0":"post-75316","1":"product","2":"type-product","3":"status-publish","4":"has-post-thumbnail","6":"product_cat-ratu-cimdi","7":"product_cat-jauni-produkti","8":"product_cat-kongwalther","9":"desktop-align-left","10":"tablet-align-left","11":"mobile-align-left","13":"first","14":"instock","15":"taxable","16":"shipping-taxable","17":"purchasable","18":"product-type-variable"},"acf":[],"aioseo_notices":[],"_links":{"self":[{"href":"https:\/\/hummy.ee\/lv\/wp-json\/wp\/v2\/product\/75316","targetHints":{"allow":["GET"]}}],"collection":[{"href":"https:\/\/hummy.ee\/lv\/wp-json\/wp\/v2\/product"}],"about":[{"href":"https:\/\/hummy.ee\/lv\/wp-json\/wp\/v2\/types\/product"}],"replies":[{"embeddable":true,"href":"https:\/\/hummy.ee\/lv\/wp-json\/wp\/v2\/comments?post=75316"}],"version-history":[{"count":7,"href":"https:\/\/hummy.ee\/lv\/wp-json\/wp\/v2\/product\/75316\/revisions"}],"predecessor-version":[{"id":86438,"href":"https:\/\/hummy.ee\/lv\/wp-json\/wp\/v2\/product\/75316\/revisions\/86438"}],"wp:featuredmedia":[{"embeddable":true,"href":"https:\/\/hummy.ee\/lv\/wp-json\/wp\/v2\/media\/74290"}],"wp:attachment":[{"href":"https:\/\/hummy.ee\/lv\/wp-json\/wp\/v2\/media?parent=75316"}],"wp:term":[{"taxonomy":"product_brand","embeddable":true,"href":"https:\/\/hummy.ee\/lv\/wp-json\/wp\/v2\/product_brand?post=75316"},{"taxonomy":"product_cat","embeddable":true,"href":"https:\/\/hummy.ee\/lv\/wp-json\/wp\/v2\/product_cat?post=75316"},{"taxonomy":"product_tag","embeddable":true,"href":"https:\/\/hummy.ee\/lv\/wp-json\/wp\/v2\/product_tag?post=75316"}],"curies":[{"name":"wp","href":"https:\/\/api.w.org\/{rel}","templated":true}]}}