{"id":75247,"date":"2025-11-24T19:12:04","date_gmt":"2025-11-24T19:12:04","guid":{"rendered":"https:\/\/hummy.ee\/product\/kong-walther-osterbro-kaju-maisi\/"},"modified":"2026-02-26T07:49:58","modified_gmt":"2026-02-26T07:49:58","slug":"kong-walther-osterbro-ratu-maiss","status":"publish","type":"product","link":"https:\/\/hummy.ee\/lv\/product\/kong-walther-osterbro-ratu-maiss\/","title":{"rendered":"Kong.Walther \u00d8sterbro ratu maiss"},"content":{"rendered":"<h6 data-start=\"653\" data-end=\"687\"><em><strong>M\u012bksts, silts un elpojo\u0161s ratu maiss<\/strong><\/em><\/h6>\n<h6 data-start=\"688\" data-end=\"886\">Ratu maisa iek\u0161pusi veido \u012bpa\u0161i m\u012bksts velboa fl\u012bss, kas sniedz saj\u016btu k\u0101 silts apsk\u0101viens. Pild\u012bjums ir viegls, mazg\u0101jams un izgatavots no p\u0101rstr\u0101d\u0101ta poliestera \u2013 saglab\u0101 siltumu, bet nepadara maisu smagu. \u0100rmateri\u0101ls izgatavots no p\u0101rstr\u0101d\u0101ta poliestera, ir v\u0113ju un mitrumu atgr\u016bdo\u0161s, nodro\u0161inot b\u0113rnam aizsardz\u012bbu jebkuros laikapst\u0101k\u013cos.<\/h6>\n<p>&nbsp;<\/p>\n<h6 data-start=\"1019\" data-end=\"1045\"><em><strong>Funkcijas<\/strong><\/em><\/h6>\n<ul data-start=\"1046\" data-end=\"1390\">\n<li data-start=\"1046\" data-end=\"1129\">\n<h6 data-start=\"1048\" data-end=\"1129\">\u0160uves s\u0101nu r\u0101v\u0113jsl\u0113dz\u0113js \u2013 \u013cauj viegli iz\u0146emt b\u0113rnu pat tad, kad vi\u0146\u0161 gu\u013c<\/h6>\n<\/li>\n<li data-start=\"1130\" data-end=\"1253\">\n<h6 data-start=\"1132\" data-end=\"1253\">Regul\u0113jama kapuce un apak\u0161\u0113j\u0101 atvere \u2013 \u013cauj piel\u0101got ratu maisa izm\u0113ru un nodro\u0161ina ventil\u0101ciju silt\u0101k\u0101s dien\u0101s<\/h6>\n<\/li>\n<li data-start=\"1254\" data-end=\"1326\">\n<h6 data-start=\"1256\" data-end=\"1326\">Univers\u0101la piem\u0113rot\u012bba \u2013 der visiem rati\u0146iem un ar\u012b sporta ratiem<\/h6>\n<\/li>\n<li data-start=\"1327\" data-end=\"1390\">\n<h6 data-start=\"1329\" data-end=\"1390\">Lietojams no jaundzimu\u0161\u0101 l\u012bdz aptuveni 4 gadu vecumam<\/h6>\n<\/li>\n<\/ul>\n<h6 data-start=\"1392\" data-end=\"1420\"><em><strong>Materi\u0101li un \u012bpa\u0161\u012bbas<\/strong><\/em><\/h6>\n<ul data-start=\"1421\" data-end=\"1710\">\n<li data-start=\"1421\" data-end=\"1465\">\n<h6 data-start=\"1423\" data-end=\"1465\">\u012apa\u0161i m\u012bksta velboa fl\u012bsa iek\u0161\u0113j\u0101 oder\u0113juma<\/h6>\n<\/li>\n<li data-start=\"1466\" data-end=\"1501\">\n<h6 data-start=\"1468\" data-end=\"1501\">Viegls un mazg\u0101jams poliestera pild\u012bjums<\/h6>\n<\/li>\n<li data-start=\"1502\" data-end=\"1543\">\n<h6 data-start=\"1504\" data-end=\"1543\">\u0100rmateri\u0101ls no p\u0101rstr\u0101d\u0101ta poliestera<\/h6>\n<\/li>\n<li data-start=\"1544\" data-end=\"1578\">\n<h6 data-start=\"1546\" data-end=\"1578\">V\u0113ja un \u016bdens iztur\u012bgs \u0101r\u0113jais materi\u0101ls<\/h6>\n<\/li>\n<li data-start=\"1579\" data-end=\"1612\">\n<h6 data-start=\"1581\" data-end=\"1612\">S\u0101nu kvalitat\u012bvs r\u0101v\u0113jsl\u0113dz\u0113js<\/h6>\n<\/li>\n<li data-start=\"1613\" data-end=\"1652\">\n<h6 data-start=\"1615\" data-end=\"1652\">Regul\u0113jama kapuce un apak\u0161\u0113j\u0101 atvere<\/h6>\n<\/li>\n<li data-start=\"1653\" data-end=\"1710\">\n<h6 data-start=\"1655\" data-end=\"1710\">Univers\u0101la piem\u0113rot\u012bba liel\u0101kajai da\u013cai rati\u0146u un sporta ratiem<\/h6>\n<\/li>\n<\/ul>\n<h6 data-start=\"1712\" data-end=\"1731\"><em><strong>Uztur\u0113\u0161anas nor\u0101d\u012bjumi<\/strong><\/em><\/h6>\n<ul data-start=\"1732\" data-end=\"1774\">\n<li data-start=\"1732\" data-end=\"1751\">\n<h6 data-start=\"1734\" data-end=\"1751\">Delik\u0101ta mazg\u0101\u0161anas programma<\/h6>\n<\/li>\n<li data-start=\"1752\" data-end=\"1774\">\n<h6 data-start=\"1754\" data-end=\"1774\">\u017d\u0101v\u0113t gais\u0101<\/h6>\n<\/li>\n<\/ul>\n","protected":false},"excerpt":{"rendered":"<h6 data-start=\"269\" data-end=\"309\">\u00d8sterbro ratu maisi no KONG.WALTHER ir stil\u012bgs un praktisks, saglab\u0101jot j\u016bsu b\u0113rnu siltu, sausu un dro\u0161u pat vissal\u0101kaj\u0101 sezon\u0101. \u00d8sterbro ratu maiss apvieno modernu dizainu ar ikdienas \u0113rtumu. T\u0101 izskats saskan ar m\u016bsu popul\u0101rajiem \u00d8sterbro Puffer ratu cimdiem, \u013caujot p\u0113c vajadz\u012bbas izveidot vienotu un minim\u0101listisku komplektu j\u016bsu rati\u0146iem.<\/h6>\n","protected":false},"featured_media":74471,"comment_status":"open","ping_status":"closed","template":"","meta":{"_acf_changed":false,"om_disable_all_campaigns":false,"_monsterinsights_skip_tracking":false,"_monsterinsights_sitenote_active":false,"_monsterinsights_sitenote_note":"","_monsterinsights_sitenote_category":0,"_uf_show_specific_survey":0,"_uf_disable_surveys":false,"site-sidebar-layout":"default","site-content-layout":"","ast-site-content-layout":"default","site-content-style":"default","site-sidebar-style":"default","ast-global-header-display":"","ast-banner-title-visibility":"","ast-main-header-display":"","ast-hfb-above-header-display":"","ast-hfb-below-header-display":"","ast-hfb-mobile-header-display":"","site-post-title":"","ast-breadcrumbs-content":"","ast-featured-img":"","footer-sml-layout":"","theme-transparent-header-meta":"default","adv-header-id-meta":"","stick-header-meta":"","header-above-stick-meta":"","header-main-stick-meta":"","header-below-stick-meta":"","astra-migrate-meta-layouts":"set","ast-page-background-enabled":"default","ast-page-background-meta":{"desktop":{"background-color":"var(--ast-global-color-4)","background-image":"","background-repeat":"repeat","background-position":"center center","background-size":"auto","background-attachment":"scroll","background-type":"","background-media":"","overlay-type":"","overlay-color":"","overlay-opacity":"","overlay-gradient":""},"tablet":{"background-color":"","background-image":"","background-repeat":"repeat","background-position":"center center","background-size":"auto","background-attachment":"scroll","background-type":"","background-media":"","overlay-type":"","overlay-color":"","overlay-opacity":"","overlay-gradient":""},"mobile":{"background-color":"","background-image":"","background-repeat":"repeat","background-position":"center center","background-size":"auto","background-attachment":"scroll","background-type":"","background-media":"","overlay-type":"","overlay-color":"","overlay-opacity":"","overlay-gradient":""}},"ast-content-background-meta":{"desktop":{"background-color":"var(--ast-global-color-5)","background-image":"","background-repeat":"repeat","background-position":"center center","background-size":"auto","background-attachment":"scroll","background-type":"","background-media":"","overlay-type":"","overlay-color":"","overlay-opacity":"","overlay-gradient":""},"tablet":{"background-color":"var(--ast-global-color-5)","background-image":"","background-repeat":"repeat","background-position":"center center","background-size":"auto","background-attachment":"scroll","background-type":"","background-media":"","overlay-type":"","overlay-color":"","overlay-opacity":"","overlay-gradient":""},"mobile":{"background-color":"var(--ast-global-color-5)","background-image":"","background-repeat":"repeat","background-position":"center center","background-size":"auto","background-attachment":"scroll","background-type":"","background-media":"","overlay-type":"","overlay-color":"","overlay-opacity":"","overlay-gradient":""}}},"product_brand":[],"product_cat":[511,397,1182],"product_tag":[],"class_list":{"0":"post-75247","1":"product","2":"type-product","3":"status-publish","4":"has-post-thumbnail","6":"product_cat-jauni-produkti","7":"product_cat-karstie-maisini","8":"product_cat-kongwalther","9":"desktop-align-left","10":"tablet-align-left","11":"mobile-align-left","13":"first","14":"instock","15":"taxable","16":"shipping-taxable","17":"purchasable","18":"product-type-variable"},"acf":[],"aioseo_notices":[],"_links":{"self":[{"href":"https:\/\/hummy.ee\/lv\/wp-json\/wp\/v2\/product\/75247","targetHints":{"allow":["GET"]}}],"collection":[{"href":"https:\/\/hummy.ee\/lv\/wp-json\/wp\/v2\/product"}],"about":[{"href":"https:\/\/hummy.ee\/lv\/wp-json\/wp\/v2\/types\/product"}],"replies":[{"embeddable":true,"href":"https:\/\/hummy.ee\/lv\/wp-json\/wp\/v2\/comments?post=75247"}],"version-history":[{"count":6,"href":"https:\/\/hummy.ee\/lv\/wp-json\/wp\/v2\/product\/75247\/revisions"}],"predecessor-version":[{"id":84782,"href":"https:\/\/hummy.ee\/lv\/wp-json\/wp\/v2\/product\/75247\/revisions\/84782"}],"wp:featuredmedia":[{"embeddable":true,"href":"https:\/\/hummy.ee\/lv\/wp-json\/wp\/v2\/media\/74471"}],"wp:attachment":[{"href":"https:\/\/hummy.ee\/lv\/wp-json\/wp\/v2\/media?parent=75247"}],"wp:term":[{"taxonomy":"product_brand","embeddable":true,"href":"https:\/\/hummy.ee\/lv\/wp-json\/wp\/v2\/product_brand?post=75247"},{"taxonomy":"product_cat","embeddable":true,"href":"https:\/\/hummy.ee\/lv\/wp-json\/wp\/v2\/product_cat?post=75247"},{"taxonomy":"product_tag","embeddable":true,"href":"https:\/\/hummy.ee\/lv\/wp-json\/wp\/v2\/product_tag?post=75247"}],"curies":[{"name":"wp","href":"https:\/\/api.w.org\/{rel}","templated":true}]}}