{"id":75220,"date":"2025-11-24T19:12:35","date_gmt":"2025-11-24T19:12:35","guid":{"rendered":"https:\/\/hummy.ee\/product\/kong-walther-magic-shopper-dvinu-tiklina-soma\/"},"modified":"2026-04-11T14:01:27","modified_gmt":"2026-04-11T14:01:27","slug":"kong-walther-magic-shopper-twin","status":"publish","type":"product","link":"https:\/\/hummy.ee\/lv\/product\/kong-walther-magic-shopper-twin\/","title":{"rendered":"Kong.Walther Magic Shopper Twin"},"content":{"rendered":"<h6 data-start=\"447\" data-end=\"672\">Papildus lielajai galvenajai da\u013cai t\u012bkli somai ir nelikta papildus kabata, kur\u0101 var ievietot atsl\u0113gas vai citus s\u012bkumus, lai tie vienm\u0113r b\u016btu pa rokai. Izgatavota no 100% p\u0101rstr\u0101d\u0101ta kokvilnas \u2013 videi draudz\u012bga un iztur\u012bga izv\u0113le.<\/h6>\n<p>&nbsp;<\/p>\n<h6 data-start=\"674\" data-end=\"690\"><em><strong>Funkcijas<\/strong><\/em><\/h6>\n<ul data-start=\"691\" data-end=\"1003\">\n<li data-start=\"691\" data-end=\"740\">\n<h6 data-start=\"693\" data-end=\"740\">Izgatavota no 100% p\u0101rstr\u0101d\u0101tas kokvilnas<\/h6>\n<\/li>\n<li data-start=\"741\" data-end=\"790\">\n<h6 data-start=\"743\" data-end=\"790\">Vienk\u0101r\u0161a uzst\u0101d\u012b\u0161ana \u2013 piestiprin\u0101ms ar Velcro<\/h6>\n<\/li>\n<li data-start=\"791\" data-end=\"852\">\n<h6 data-start=\"793\" data-end=\"852\">Piem\u0113rots visiem rati\u0146iem un sporta ratiem<\/h6>\n<\/li>\n<li data-start=\"853\" data-end=\"907\">\n<h6 data-start=\"855\" data-end=\"907\">Papildus kabata atsl\u0113g\u0101m vai maz\u0101kiem priek\u0161metiem<\/h6>\n<\/li>\n<li data-start=\"908\" data-end=\"1003\">\n<h6 data-start=\"910\" data-end=\"1003\">Piez\u012bme: vienm\u0113r p\u0101rliecinieties, ka rokturis nav p\u0101rliekas slodzes, lai izvair\u012btos no rati\u0146u aizmugures noliek\u0161an\u0101s.<\/h6>\n<\/li>\n<\/ul>\n","protected":false},"excerpt":{"rendered":"<h6 data-start=\"115\" data-end=\"190\">Magic Shopper Twin t\u012bkli soma \u2013 praktiska un ietilp\u012bga soma rati\u0146iem. Kong.Walther Magic Shopper Twin t\u012bkli soma ir liela, iztur\u012bga un \u0113rta soma, ko var piestiprin\u0101t tie\u0161i pie rati\u0146u roktura ar stipr\u0101m Velcro siksn\u0101m. T\u0101 piem\u0113rota lieto\u0161anai visiem b\u0113rnu rati\u0146iem, sporta ratiem un vieglajiem ratiem.<\/h6>\n<p>&nbsp;<\/p>\n","protected":false},"featured_media":74605,"comment_status":"open","ping_status":"closed","template":"","meta":{"_acf_changed":false,"om_disable_all_campaigns":false,"_monsterinsights_skip_tracking":false,"_monsterinsights_sitenote_active":false,"_monsterinsights_sitenote_note":"","_monsterinsights_sitenote_category":0,"_uf_show_specific_survey":0,"_uf_disable_surveys":false,"site-sidebar-layout":"default","site-content-layout":"","ast-site-content-layout":"default","site-content-style":"default","site-sidebar-style":"default","ast-global-header-display":"","ast-banner-title-visibility":"","ast-main-header-display":"","ast-hfb-above-header-display":"","ast-hfb-below-header-display":"","ast-hfb-mobile-header-display":"","site-post-title":"","ast-breadcrumbs-content":"","ast-featured-img":"","footer-sml-layout":"","theme-transparent-header-meta":"default","adv-header-id-meta":"","stick-header-meta":"","header-above-stick-meta":"","header-main-stick-meta":"","header-below-stick-meta":"","astra-migrate-meta-layouts":"set","ast-page-background-enabled":"default","ast-page-background-meta":{"desktop":{"background-color":"var(--ast-global-color-4)","background-image":"","background-repeat":"repeat","background-position":"center center","background-size":"auto","background-attachment":"scroll","background-type":"","background-media":"","overlay-type":"","overlay-color":"","overlay-opacity":"","overlay-gradient":""},"tablet":{"background-color":"","background-image":"","background-repeat":"repeat","background-position":"center center","background-size":"auto","background-attachment":"scroll","background-type":"","background-media":"","overlay-type":"","overlay-color":"","overlay-opacity":"","overlay-gradient":""},"mobile":{"background-color":"","background-image":"","background-repeat":"repeat","background-position":"center center","background-size":"auto","background-attachment":"scroll","background-type":"","background-media":"","overlay-type":"","overlay-color":"","overlay-opacity":"","overlay-gradient":""}},"ast-content-background-meta":{"desktop":{"background-color":"var(--ast-global-color-5)","background-image":"","background-repeat":"repeat","background-position":"center center","background-size":"auto","background-attachment":"scroll","background-type":"","background-media":"","overlay-type":"","overlay-color":"","overlay-opacity":"","overlay-gradient":""},"tablet":{"background-color":"var(--ast-global-color-5)","background-image":"","background-repeat":"repeat","background-position":"center center","background-size":"auto","background-attachment":"scroll","background-type":"","background-media":"","overlay-type":"","overlay-color":"","overlay-opacity":"","overlay-gradient":""},"mobile":{"background-color":"var(--ast-global-color-5)","background-image":"","background-repeat":"repeat","background-position":"center center","background-size":"auto","background-attachment":"scroll","background-type":"","background-media":"","overlay-type":"","overlay-color":"","overlay-opacity":"","overlay-gradient":""}}},"product_brand":[],"product_cat":[511,1182,350,698],"product_tag":[],"class_list":{"0":"post-75220","1":"product","2":"type-product","3":"status-publish","4":"has-post-thumbnail","6":"product_cat-jauni-produkti","7":"product_cat-kongwalther","8":"product_cat-somas-un-mugursomas","9":"product_cat-vairak","10":"desktop-align-left","11":"tablet-align-left","12":"mobile-align-left","14":"first","15":"instock","16":"taxable","17":"shipping-taxable","18":"purchasable","19":"product-type-variable"},"acf":[],"aioseo_notices":[],"_links":{"self":[{"href":"https:\/\/hummy.ee\/lv\/wp-json\/wp\/v2\/product\/75220","targetHints":{"allow":["GET"]}}],"collection":[{"href":"https:\/\/hummy.ee\/lv\/wp-json\/wp\/v2\/product"}],"about":[{"href":"https:\/\/hummy.ee\/lv\/wp-json\/wp\/v2\/types\/product"}],"replies":[{"embeddable":true,"href":"https:\/\/hummy.ee\/lv\/wp-json\/wp\/v2\/comments?post=75220"}],"version-history":[{"count":8,"href":"https:\/\/hummy.ee\/lv\/wp-json\/wp\/v2\/product\/75220\/revisions"}],"predecessor-version":[{"id":86443,"href":"https:\/\/hummy.ee\/lv\/wp-json\/wp\/v2\/product\/75220\/revisions\/86443"}],"wp:featuredmedia":[{"embeddable":true,"href":"https:\/\/hummy.ee\/lv\/wp-json\/wp\/v2\/media\/74605"}],"wp:attachment":[{"href":"https:\/\/hummy.ee\/lv\/wp-json\/wp\/v2\/media?parent=75220"}],"wp:term":[{"taxonomy":"product_brand","embeddable":true,"href":"https:\/\/hummy.ee\/lv\/wp-json\/wp\/v2\/product_brand?post=75220"},{"taxonomy":"product_cat","embeddable":true,"href":"https:\/\/hummy.ee\/lv\/wp-json\/wp\/v2\/product_cat?post=75220"},{"taxonomy":"product_tag","embeddable":true,"href":"https:\/\/hummy.ee\/lv\/wp-json\/wp\/v2\/product_tag?post=75220"}],"curies":[{"name":"wp","href":"https:\/\/api.w.org\/{rel}","templated":true}]}}