{"id":75197,"date":"2025-11-24T19:11:48","date_gmt":"2025-11-24T19:11:48","guid":{"rendered":"https:\/\/hummy.ee\/product\/kong-walther-palidzi-man-hooks-vagonu-aki\/"},"modified":"2026-04-11T14:02:06","modified_gmt":"2026-04-11T14:02:06","slug":"kong-walther-ratu-aki-help-me-hooks","status":"publish","type":"product","link":"https:\/\/hummy.ee\/lv\/product\/kong-walther-ratu-aki-help-me-hooks\/","title":{"rendered":"Kong.Walther ratu \u0101\u0137i Help Me Hooks"},"content":{"rendered":"<h6 data-start=\"481\" data-end=\"529\"><em><strong>K\u0101p\u0113c izv\u0113l\u0113ties HELP ME HOOKS ratu \u0101\u0137us?<\/strong><\/em><\/h6>\n<ul data-start=\"530\" data-end=\"876\">\n<li data-start=\"530\" data-end=\"647\">\n<h6 data-start=\"532\" data-end=\"647\">Piestiprin\u0101s pie roktura ar \u013coti stipru Velcro siksnu, kas notur \u0101\u0137us dro\u0161i viet\u0101 pat liel\u0101kas slodzes gad\u012bjum\u0101.<\/h6>\n<\/li>\n<li data-start=\"648\" data-end=\"788\">\n<h6 data-start=\"650\" data-end=\"788\">Komplekt\u0101 ir divi iztur\u012bgi karab\u012bnk\u0101puri, uz kuriem var \u0113rti pak\u0101rt iepirkumu somas, rokassomas, auti\u0146biks\u012b\u0161u somas vai citus nepiecie\u0161amos priek\u0161metus.<\/h6>\n<\/li>\n<li data-start=\"789\" data-end=\"876\">\n<h6 data-start=\"791\" data-end=\"876\">Izgatavots no 100% veg\u0101nas \u0101das, kas ir stil\u012bga, videi draudz\u012bga un iztur\u012bga.<\/h6>\n<\/li>\n<\/ul>\n<h6 data-start=\"878\" data-end=\"900\"><em><strong>Funkcijas<\/strong><\/em><\/h6>\n<ul data-start=\"901\" data-end=\"1158\">\n<li data-start=\"901\" data-end=\"935\">\n<h6 data-start=\"903\" data-end=\"935\">Komplekt\u0101 ietilpst: 2 ratu \u0101\u0137i<\/h6>\n<\/li>\n<li data-start=\"936\" data-end=\"969\">\n<h6 data-start=\"938\" data-end=\"969\">Materi\u0101ls: 100% veg\u0101na \u0101da<\/h6>\n<\/li>\n<li data-start=\"970\" data-end=\"1028\">\n<h6 data-start=\"972\" data-end=\"1028\">Lieto\u0161ana: smag\u0101ku somu un priek\u0161metu pak\u0101r\u0161anai<\/h6>\n<\/li>\n<li data-start=\"1029\" data-end=\"1079\">\n<h6 data-start=\"1031\" data-end=\"1079\">Nestsp\u0113ja: l\u012bdz 5 kg uz vienu \u0101\u0137i<\/h6>\n<\/li>\n<li data-start=\"1080\" data-end=\"1158\">\n<h6 data-start=\"1082\" data-end=\"1158\">Piez\u012bme: izvairieties no rati\u0146u p\u0101rslogo\u0161anas, lai nov\u0113rstu rati\u0146u aizmugures noliek\u0161anos.<\/h6>\n<\/li>\n<\/ul>\n","protected":false},"excerpt":{"rendered":"<h6 data-start=\"95\" data-end=\"177\">HELP ME HOOKS rati\u0146u \u0101\u0137i ir j\u016bsu uzticamais pal\u012bgs katr\u0101 pastaig\u0101. HELP ME HOOKS rati\u0146u \u0101\u0137i no KongWalther pied\u0101v\u0101 praktisku risin\u0101jumu ikdienas situ\u0101cij\u0101m, kad iepirkumu somas k\u013c\u016bst p\u0101r\u0101k smagas vai auti\u0146biks\u012b\u0161u somai nav piem\u0113rota vieta rati\u0146os. \u0100\u0137i der visiem rati\u0146iem un sporta ratiem, stingri piestiprinoties pie jebkura veida rokturiem.<\/h6>\n<p>&nbsp;<\/p>\n","protected":false},"featured_media":74498,"comment_status":"open","ping_status":"closed","template":"","meta":{"_acf_changed":false,"om_disable_all_campaigns":false,"_monsterinsights_skip_tracking":false,"_monsterinsights_sitenote_active":false,"_monsterinsights_sitenote_note":"","_monsterinsights_sitenote_category":0,"_uf_show_specific_survey":0,"_uf_disable_surveys":false,"site-sidebar-layout":"default","site-content-layout":"","ast-site-content-layout":"default","site-content-style":"default","site-sidebar-style":"default","ast-global-header-display":"","ast-banner-title-visibility":"","ast-main-header-display":"","ast-hfb-above-header-display":"","ast-hfb-below-header-display":"","ast-hfb-mobile-header-display":"","site-post-title":"","ast-breadcrumbs-content":"","ast-featured-img":"","footer-sml-layout":"","theme-transparent-header-meta":"default","adv-header-id-meta":"","stick-header-meta":"","header-above-stick-meta":"","header-main-stick-meta":"","header-below-stick-meta":"","astra-migrate-meta-layouts":"set","ast-page-background-enabled":"default","ast-page-background-meta":{"desktop":{"background-color":"var(--ast-global-color-4)","background-image":"","background-repeat":"repeat","background-position":"center center","background-size":"auto","background-attachment":"scroll","background-type":"","background-media":"","overlay-type":"","overlay-color":"","overlay-opacity":"","overlay-gradient":""},"tablet":{"background-color":"","background-image":"","background-repeat":"repeat","background-position":"center center","background-size":"auto","background-attachment":"scroll","background-type":"","background-media":"","overlay-type":"","overlay-color":"","overlay-opacity":"","overlay-gradient":""},"mobile":{"background-color":"","background-image":"","background-repeat":"repeat","background-position":"center center","background-size":"auto","background-attachment":"scroll","background-type":"","background-media":"","overlay-type":"","overlay-color":"","overlay-opacity":"","overlay-gradient":""}},"ast-content-background-meta":{"desktop":{"background-color":"var(--ast-global-color-5)","background-image":"","background-repeat":"repeat","background-position":"center center","background-size":"auto","background-attachment":"scroll","background-type":"","background-media":"","overlay-type":"","overlay-color":"","overlay-opacity":"","overlay-gradient":""},"tablet":{"background-color":"var(--ast-global-color-5)","background-image":"","background-repeat":"repeat","background-position":"center center","background-size":"auto","background-attachment":"scroll","background-type":"","background-media":"","overlay-type":"","overlay-color":"","overlay-opacity":"","overlay-gradient":""},"mobile":{"background-color":"var(--ast-global-color-5)","background-image":"","background-repeat":"repeat","background-position":"center center","background-size":"auto","background-attachment":"scroll","background-type":"","background-media":"","overlay-type":"","overlay-color":"","overlay-opacity":"","overlay-gradient":""}}},"product_brand":[],"product_cat":[511,1182,698],"product_tag":[],"class_list":{"0":"post-75197","1":"product","2":"type-product","3":"status-publish","4":"has-post-thumbnail","6":"product_cat-jauni-produkti","7":"product_cat-kongwalther","8":"product_cat-vairak","9":"desktop-align-left","10":"tablet-align-left","11":"mobile-align-left","13":"first","14":"instock","15":"taxable","16":"shipping-taxable","17":"purchasable","18":"product-type-variable"},"acf":[],"aioseo_notices":[],"_links":{"self":[{"href":"https:\/\/hummy.ee\/lv\/wp-json\/wp\/v2\/product\/75197","targetHints":{"allow":["GET"]}}],"collection":[{"href":"https:\/\/hummy.ee\/lv\/wp-json\/wp\/v2\/product"}],"about":[{"href":"https:\/\/hummy.ee\/lv\/wp-json\/wp\/v2\/types\/product"}],"replies":[{"embeddable":true,"href":"https:\/\/hummy.ee\/lv\/wp-json\/wp\/v2\/comments?post=75197"}],"version-history":[{"count":8,"href":"https:\/\/hummy.ee\/lv\/wp-json\/wp\/v2\/product\/75197\/revisions"}],"predecessor-version":[{"id":86448,"href":"https:\/\/hummy.ee\/lv\/wp-json\/wp\/v2\/product\/75197\/revisions\/86448"}],"wp:featuredmedia":[{"embeddable":true,"href":"https:\/\/hummy.ee\/lv\/wp-json\/wp\/v2\/media\/74498"}],"wp:attachment":[{"href":"https:\/\/hummy.ee\/lv\/wp-json\/wp\/v2\/media?parent=75197"}],"wp:term":[{"taxonomy":"product_brand","embeddable":true,"href":"https:\/\/hummy.ee\/lv\/wp-json\/wp\/v2\/product_brand?post=75197"},{"taxonomy":"product_cat","embeddable":true,"href":"https:\/\/hummy.ee\/lv\/wp-json\/wp\/v2\/product_cat?post=75197"},{"taxonomy":"product_tag","embeddable":true,"href":"https:\/\/hummy.ee\/lv\/wp-json\/wp\/v2\/product_tag?post=75197"}],"curies":[{"name":"wp","href":"https:\/\/api.w.org\/{rel}","templated":true}]}}