{"id":75165,"date":"2025-11-24T19:02:48","date_gmt":"2025-11-24T19:02:48","guid":{"rendered":"https:\/\/hummy.ee\/product\/kong-walther-osterbro-komplekts-mini-vagonu-sledzenes-komplekts-2\/"},"modified":"2026-04-11T13:59:23","modified_gmt":"2026-04-11T13:59:23","slug":"kong-walther-osterbro-ratu-cimdi-komplekts-bundle","status":"publish","type":"product","link":"https:\/\/hummy.ee\/lv\/product\/kong-walther-osterbro-ratu-cimdi-komplekts-bundle\/","title":{"rendered":"Kong.Walther \u00d8sterbro ratu cimdi komplekts Bundle\/Mini"},"content":{"rendered":"<h6>Abas cimdu p\u0101ru var piestiprin\u0101t pie rati\u0146iem, sporta ratiem, kastes ratiem, b\u0113rnu velosip\u0113da vai skrie\u0161anas ratiem. B\u0113rna \u201cMini\u201d izm\u0113rs piem\u0113rots aptuveni 1\u20138 gadus veciem b\u0113rniem. \u00d8sterbro cimdi izgatavoti no iztur\u012bga poliuret\u0101na un apr\u012bkoti ar siltu fl\u012bsa oderi. Tie ir v\u0113ju un \u016bdens iztur\u012bgi, un r\u0101v\u0113jsl\u0113dz\u0113ji ab\u0101s pus\u0113s padara uzst\u0101d\u012b\u0161anu \u0101tru un vienk\u0101r\u0161u.<\/h6>\n<h6><\/h6>\n<h6><\/h6>\n<h6><em><strong>Funkcijas<\/strong><\/em><\/h6>\n<ul data-start=\"995\" data-end=\"1494\">\n<li data-start=\"995\" data-end=\"1050\">\n<h6>Komplekt\u0101 2 p\u0101ri cimdi \u2013 vec\u0101kam un b\u0113rnam<\/h6>\n<\/li>\n<li data-start=\"1051\" data-end=\"1089\">\n<h6>Ietaupi vair\u0101k, p\u0113rkot tos komplekt\u0101<\/h6>\n<\/li>\n<li data-start=\"1090\" data-end=\"1138\">\n<h6>B\u0113rna \u201cMini\u201d izm\u0113rs piem\u0113rots 1\u20138 gadus veciem b\u0113rniem<\/h6>\n<\/li>\n<li data-start=\"1139\" data-end=\"1231\">\n<h6>Var piestiprin\u0101t pie rati\u0146iem, sporta ratiem, kastes ratiem, velosip\u0113da vai skrie\u0161anas ratiem<\/h6>\n<\/li>\n<li data-start=\"1232\" data-end=\"1255\">\n<h6>Silta fl\u012bsa oder\u0113juma<\/h6>\n<\/li>\n<li data-start=\"1256\" data-end=\"1284\">\n<h6>V\u0113ju un \u016bdens iztur\u012bgi<\/h6>\n<\/li>\n<li data-start=\"1285\" data-end=\"1346\">\n<h6>R\u0101v\u0113jsl\u0113dz\u0113ji ab\u0101s pus\u0113s, lai uzst\u0101d\u012b\u0161ana b\u016btu vienk\u0101r\u0161a<\/h6>\n<\/li>\n<\/ul>\n<h6><em><strong>Materi\u0101li<\/strong><\/em><\/h6>\n<ul>\n<li data-start=\"1365\" data-end=\"1404\">\n<h6>\u0100r\u0113jais sl\u0101nis: 100% poliuret\u0101ns.<\/h6>\n<\/li>\n<li data-start=\"1407\" data-end=\"1447\">\n<h6>Odere un polster\u0113jums: 100% poliesteris<\/h6>\n<\/li>\n<\/ul>\n<h6 data-start=\"962\" data-end=\"983\"><strong><em>Uztur\u0113\u0161anas nor\u0101d\u012bjumi<\/em><\/strong><\/h6>\n<ul data-start=\"984\" data-end=\"1014\">\n<li data-start=\"984\" data-end=\"995\">\n<h6 data-start=\"986\" data-end=\"995\">Delik\u0101ta mazg\u0101\u0161anas programma<\/h6>\n<\/li>\n<li data-start=\"996\" data-end=\"1014\">\n<h6 data-start=\"998\" data-end=\"1014\">\u017d\u0101v\u0113t gais\u0101<\/h6>\n<\/li>\n<\/ul>\n<h6><\/h6>\n","protected":false},"excerpt":{"rendered":"<h6 data-start=\"381\" data-end=\"595\">Gan lielajam, gan mazajam ir ties\u012bbas uz silt\u0101m un \u0113rt\u0101m rok\u0101m \u2013 un, p\u0113rkot komplekt\u0101, ietaup\u0101t vair\u0101k. T\u0101 ir ide\u0101la izv\u0113le \u0123imen\u0113m, kas pavada daudz laika \u0101r\u0101, pastaig\u0101s vai braucienos ar velosip\u0113du. \u00d8sterbro ratu cimdi komplekts no Kong.Walther ietver divus cimdu p\u0101rus: viens p\u0101ris vec\u0101kiem, viens p\u0101ris b\u0113rnam.<\/h6>\n<p>&nbsp;<\/p>\n","protected":false},"featured_media":75117,"comment_status":"open","ping_status":"closed","template":"","meta":{"_acf_changed":false,"om_disable_all_campaigns":false,"_monsterinsights_skip_tracking":false,"_monsterinsights_sitenote_active":false,"_monsterinsights_sitenote_note":"","_monsterinsights_sitenote_category":0,"_uf_show_specific_survey":0,"_uf_disable_surveys":false,"site-sidebar-layout":"default","site-content-layout":"","ast-site-content-layout":"default","site-content-style":"default","site-sidebar-style":"default","ast-global-header-display":"","ast-banner-title-visibility":"","ast-main-header-display":"","ast-hfb-above-header-display":"","ast-hfb-below-header-display":"","ast-hfb-mobile-header-display":"","site-post-title":"","ast-breadcrumbs-content":"","ast-featured-img":"","footer-sml-layout":"","theme-transparent-header-meta":"default","adv-header-id-meta":"","stick-header-meta":"","header-above-stick-meta":"","header-main-stick-meta":"","header-below-stick-meta":"","astra-migrate-meta-layouts":"set","ast-page-background-enabled":"default","ast-page-background-meta":{"desktop":{"background-color":"var(--ast-global-color-4)","background-image":"","background-repeat":"repeat","background-position":"center center","background-size":"auto","background-attachment":"scroll","background-type":"","background-media":"","overlay-type":"","overlay-color":"","overlay-opacity":"","overlay-gradient":""},"tablet":{"background-color":"","background-image":"","background-repeat":"repeat","background-position":"center center","background-size":"auto","background-attachment":"scroll","background-type":"","background-media":"","overlay-type":"","overlay-color":"","overlay-opacity":"","overlay-gradient":""},"mobile":{"background-color":"","background-image":"","background-repeat":"repeat","background-position":"center center","background-size":"auto","background-attachment":"scroll","background-type":"","background-media":"","overlay-type":"","overlay-color":"","overlay-opacity":"","overlay-gradient":""}},"ast-content-background-meta":{"desktop":{"background-color":"var(--ast-global-color-5)","background-image":"","background-repeat":"repeat","background-position":"center center","background-size":"auto","background-attachment":"scroll","background-type":"","background-media":"","overlay-type":"","overlay-color":"","overlay-opacity":"","overlay-gradient":""},"tablet":{"background-color":"var(--ast-global-color-5)","background-image":"","background-repeat":"repeat","background-position":"center center","background-size":"auto","background-attachment":"scroll","background-type":"","background-media":"","overlay-type":"","overlay-color":"","overlay-opacity":"","overlay-gradient":""},"mobile":{"background-color":"var(--ast-global-color-5)","background-image":"","background-repeat":"repeat","background-position":"center center","background-size":"auto","background-attachment":"scroll","background-type":"","background-media":"","overlay-type":"","overlay-color":"","overlay-opacity":"","overlay-gradient":""}}},"product_brand":[],"product_cat":[1183,511,1182],"product_tag":[],"class_list":{"0":"post-75165","1":"product","2":"type-product","3":"status-publish","4":"has-post-thumbnail","6":"product_cat-ratu-cimdi","7":"product_cat-jauni-produkti","8":"product_cat-kongwalther","9":"desktop-align-left","10":"tablet-align-left","11":"mobile-align-left","13":"first","14":"instock","15":"taxable","16":"shipping-taxable","17":"purchasable","18":"product-type-simple"},"acf":[],"aioseo_notices":[],"_links":{"self":[{"href":"https:\/\/hummy.ee\/lv\/wp-json\/wp\/v2\/product\/75165","targetHints":{"allow":["GET"]}}],"collection":[{"href":"https:\/\/hummy.ee\/lv\/wp-json\/wp\/v2\/product"}],"about":[{"href":"https:\/\/hummy.ee\/lv\/wp-json\/wp\/v2\/types\/product"}],"replies":[{"embeddable":true,"href":"https:\/\/hummy.ee\/lv\/wp-json\/wp\/v2\/comments?post=75165"}],"version-history":[{"count":7,"href":"https:\/\/hummy.ee\/lv\/wp-json\/wp\/v2\/product\/75165\/revisions"}],"predecessor-version":[{"id":86437,"href":"https:\/\/hummy.ee\/lv\/wp-json\/wp\/v2\/product\/75165\/revisions\/86437"}],"wp:featuredmedia":[{"embeddable":true,"href":"https:\/\/hummy.ee\/lv\/wp-json\/wp\/v2\/media\/75117"}],"wp:attachment":[{"href":"https:\/\/hummy.ee\/lv\/wp-json\/wp\/v2\/media?parent=75165"}],"wp:term":[{"taxonomy":"product_brand","embeddable":true,"href":"https:\/\/hummy.ee\/lv\/wp-json\/wp\/v2\/product_brand?post=75165"},{"taxonomy":"product_cat","embeddable":true,"href":"https:\/\/hummy.ee\/lv\/wp-json\/wp\/v2\/product_cat?post=75165"},{"taxonomy":"product_tag","embeddable":true,"href":"https:\/\/hummy.ee\/lv\/wp-json\/wp\/v2\/product_tag?post=75165"}],"curies":[{"name":"wp","href":"https:\/\/api.w.org\/{rel}","templated":true}]}}