{"id":70586,"date":"2025-10-30T08:03:16","date_gmt":"2025-10-30T08:03:16","guid":{"rendered":"https:\/\/hummy.ee\/?post_type=product&#038;p=70586"},"modified":"2026-03-03T19:49:35","modified_gmt":"2026-03-03T19:49:35","slug":"iglu-corner-climber-xl","status":"publish","type":"product","link":"https:\/\/hummy.ee\/lv\/product\/iglu-corner-climber-xl\/","title":{"rendered":"IGLU Soft Play komplekts - Corner Climber XL"},"content":{"rendered":"<ul>\n<li>\n<h6>IGLU maigi, apskaujamie bloki ir k\u0101 draugi, kas pal\u012bdz b\u0113rniem att\u012bst\u012bt kust\u012bbu un motorisk\u0101s prasmes. Da\u017e\u0101d\u0101s formas pal\u012bdz uzlabot koordin\u0101ciju un motoriku \u2013 s\u0101kot no pirkstu kust\u012bb\u0101m l\u012bdz r\u0101po\u0161anai, k\u0101pel\u0113\u0161anai un augstumu izp\u0113tei. <\/h6>\n<\/li>\n<li>\n<h6>Smiekli kop\u0101 ar br\u0101\u013ciem un m\u0101s\u0101m, draugiem un pazi\u0146\u0101m stimul\u0113 soci\u0101l\u0101s prasmes, rada sarunas un saikni. Darbs kop\u0101 ar vec\u0101kiem vai draugiem var pal\u012bdz\u0113t \u0101tri iem\u0101c\u012bties un apg\u016bt for\u0161as \u0123eometriskas formas un ko\u0161as kr\u0101sas. Bezgal\u012bg\u0101 formu kombin\u0101cija ir k\u0101 d\u0101rgumu kr\u0101tuve, lai veidotu izt\u0113les pilnas pasaules - pilis, cietok\u0161\u0146us un citas. <\/h6>\n<\/li>\n<li>\n<h6>B\u0113rniem augot, \u0161\u012bs formas k\u013c\u016bst par lieliskiem r\u012bkiem. Veidojiet \u0161\u0137\u0113r\u0161\u013cu trases, iekarojiet pak\u0101pienus l\u012bdz gult\u0101m un kr\u0113sliem \u2013 iesp\u0113jas ir neierobe\u017eotas. Pat m\u0101jdz\u012bvnieki ar prieku iesaist\u0101s rota\u013c\u0101s. Pieaugu\u0161ie formas var izmantot, piem\u0113ram, ar\u012b k\u0101 datora paliktni.   <\/h6>\n<\/li>\n<\/ul>\n<h6><\/h6>\n<h6><\/h6>\n<h6><em><strong data-start=\"504\" data-end=\"532\">K\u0101p\u0113c izv\u0113l\u0113ties IGLU rota\u013cu komplektu?<\/strong><\/em><\/h6>\n<ul>\n<li>\n<h6>  Palielina fizisko aktivit\u0101ti<\/h6>\n<\/li>\n<li>\n<h6>Palielina rado\u0161umu un izt\u0113li<\/h6>\n<\/li>\n<li>\n<h6>Pal\u012bdz p\u0101rvald\u012bt lieko ener\u0123iju un stresu<\/h6>\n<\/li>\n<li>\n<h6>Sniedz sensor\u0101s stimul\u0101cijas iesp\u0113jas<\/h6>\n<\/li>\n<li>\n<h6>Aizsarg\u0101 b\u0113rnus no ekr\u0101niem<\/h6>\n<\/li>\n<li>\n<h6>Att\u012bsta soci\u0101l\u0101s prasmes, piem\u0113ram, dal\u012b\u0161anos un sadarb\u012bbu<\/h6>\n<\/li>\n<\/ul>\n<h6><\/h6>\n<h6><\/h6>\n<h6>IGLU bloki ir izgatavoti no iztur\u012bga, 100% p\u0101rstr\u0101d\u0101jama, augstas kvalit\u0101tes putuplasta ar sl\u0113gtu \u0161\u016bnu strukt\u016bru - m\u012bksta un \u013coti viegla. P\u0101rkl\u0101ti ar iztur\u012bgu veg\u0101nu \u0101du. Bloki ir iztur\u012bgi un m\u012bksti, tiem ir pat\u012bkams virsmas p\u0101rkl\u0101jums, tos ir viegli kopt, tie labi saglab\u0101 formu un ir p\u0101rbaud\u012bti attiec\u012bb\u0101 uz kait\u012bg\u0101m viel\u0101m.   IGLU rota\u013cu komplekti ir mar\u0137\u0113ti ar CE mar\u0137\u0113jumu saska\u0146\u0101 ar ES Direkt\u012bvu 88\/378 \/ un ir piln\u012bgi dro\u0161i maziem b\u0113rniem.<\/h6>\n<h6><\/h6>\n<p>&nbsp;<\/p>\n<h6><\/h6>\n<h6><img decoding=\"async\" class=\"\" src=\"https:\/\/iglusoftplay.eu\/cdn\/shop\/files\/ikonas_enviroment-01_061d9a06-5ad9-4fb7-a868-c7b23eff39bb_1.png?v=1700659334\" width=\"50\" height=\"50\">Nesatur BPA+ ftal\u0101tus<\/h6>\n<h6><img decoding=\"async\" class=\"\" src=\"https:\/\/iglusoftplay.eu\/cdn\/shop\/files\/ikonas_enviroment-04_5c6aa86a-aa33-4666-949c-b2f12b5af4ef_1.png?v=1700659334\" width=\"50\" height=\"50\">Viegli t\u012br\u0101ms<\/h6>\n<h6><img decoding=\"async\" class=\"\" src=\"https:\/\/iglusoftplay.eu\/cdn\/shop\/files\/ikonas_enviroment-03_543f8be0-895f-4ba5-9b54-80ea85594c82_1.png?v=1700659334\" width=\"50\" height=\"50\">Rad\u012bts ilgtsp\u0113j\u012bgi<\/h6>\n<h6><\/h6>\n<p>&nbsp;<\/p>\n<h6>Ieteicams 8 m\u0113ne\u0161i+<\/h6>\n<h6><\/h6>\n<p>&nbsp;<\/p>\n<h6><em>Apskatiet rota\u013cu komplektu kl\u0101stu vietn\u0113 <a href=\"https:\/\/hummy.ee\/lv\/rotalu-laukumi\/\" target=\"_blank\" rel=\"noopener\">IGLU<\/a>.<\/em><\/h6>\n","protected":false},"excerpt":{"rendered":"<h6>K\u0101p\u0161anas st\u016br\u012btis Corner Climber ir rota\u013cu laukums, kas att\u012bsta b\u0113rna motorisk\u0101s prasmes, l\u012bdzsvaru, koordin\u0101ciju un sp\u0113ku. IGLU Corner Climber k\u0101p\u0161anas st\u016br\u012btis ir izstr\u0101d\u0101ts, lai iztur\u0113tu akt\u012bvu sp\u0113li, un pied\u0101v\u0101 stund\u0101m ilgu jautru izp\u0113ti. <\/h6>\n","protected":false},"featured_media":59616,"comment_status":"closed","ping_status":"closed","template":"","meta":{"_acf_changed":false,"om_disable_all_campaigns":false,"_monsterinsights_skip_tracking":false,"_monsterinsights_sitenote_active":false,"_monsterinsights_sitenote_note":"","_monsterinsights_sitenote_category":0,"_uf_show_specific_survey":0,"_uf_disable_surveys":false,"site-sidebar-layout":"default","site-content-layout":"","ast-site-content-layout":"default","site-content-style":"default","site-sidebar-style":"default","ast-global-header-display":"","ast-banner-title-visibility":"","ast-main-header-display":"","ast-hfb-above-header-display":"","ast-hfb-below-header-display":"","ast-hfb-mobile-header-display":"","site-post-title":"","ast-breadcrumbs-content":"","ast-featured-img":"","footer-sml-layout":"","theme-transparent-header-meta":"default","adv-header-id-meta":"","stick-header-meta":"","header-above-stick-meta":"","header-main-stick-meta":"","header-below-stick-meta":"","astra-migrate-meta-layouts":"set","ast-page-background-enabled":"default","ast-page-background-meta":{"desktop":{"background-color":"var(--ast-global-color-4)","background-image":"","background-repeat":"repeat","background-position":"center center","background-size":"auto","background-attachment":"scroll","background-type":"","background-media":"","overlay-type":"","overlay-color":"","overlay-opacity":"","overlay-gradient":""},"tablet":{"background-color":"","background-image":"","background-repeat":"repeat","background-position":"center center","background-size":"auto","background-attachment":"scroll","background-type":"","background-media":"","overlay-type":"","overlay-color":"","overlay-opacity":"","overlay-gradient":""},"mobile":{"background-color":"","background-image":"","background-repeat":"repeat","background-position":"center center","background-size":"auto","background-attachment":"scroll","background-type":"","background-media":"","overlay-type":"","overlay-color":"","overlay-opacity":"","overlay-gradient":""}},"ast-content-background-meta":{"desktop":{"background-color":"var(--ast-global-color-5)","background-image":"","background-repeat":"repeat","background-position":"center center","background-size":"auto","background-attachment":"scroll","background-type":"","background-media":"","overlay-type":"","overlay-color":"","overlay-opacity":"","overlay-gradient":""},"tablet":{"background-color":"var(--ast-global-color-5)","background-image":"","background-repeat":"repeat","background-position":"center center","background-size":"auto","background-attachment":"scroll","background-type":"","background-media":"","overlay-type":"","overlay-color":"","overlay-opacity":"","overlay-gradient":""},"mobile":{"background-color":"var(--ast-global-color-5)","background-image":"","background-repeat":"repeat","background-position":"center center","background-size":"auto","background-attachment":"scroll","background-type":"","background-media":"","overlay-type":"","overlay-color":"","overlay-opacity":"","overlay-gradient":""}}},"product_brand":[277],"product_cat":[492,478,491,479],"product_tag":[],"class_list":{"0":"post-70586","1":"product","2":"type-product","3":"status-publish","4":"has-post-thumbnail","6":"product_brand-iglu","7":"product_cat-idejas-davanam","8":"product_cat-iglu-lv","9":"product_cat-iglu-lv-2","10":"product_cat-rotalu-laukumi","11":"desktop-align-left","12":"tablet-align-left","13":"mobile-align-left","15":"first","16":"instock","17":"sale","18":"taxable","19":"shipping-taxable","20":"purchasable","21":"product-type-simple"},"acf":[],"aioseo_notices":[],"_links":{"self":[{"href":"https:\/\/hummy.ee\/lv\/wp-json\/wp\/v2\/product\/70586","targetHints":{"allow":["GET"]}}],"collection":[{"href":"https:\/\/hummy.ee\/lv\/wp-json\/wp\/v2\/product"}],"about":[{"href":"https:\/\/hummy.ee\/lv\/wp-json\/wp\/v2\/types\/product"}],"replies":[{"embeddable":true,"href":"https:\/\/hummy.ee\/lv\/wp-json\/wp\/v2\/comments?post=70586"}],"version-history":[{"count":7,"href":"https:\/\/hummy.ee\/lv\/wp-json\/wp\/v2\/product\/70586\/revisions"}],"predecessor-version":[{"id":85426,"href":"https:\/\/hummy.ee\/lv\/wp-json\/wp\/v2\/product\/70586\/revisions\/85426"}],"wp:featuredmedia":[{"embeddable":true,"href":"https:\/\/hummy.ee\/lv\/wp-json\/wp\/v2\/media\/59616"}],"wp:attachment":[{"href":"https:\/\/hummy.ee\/lv\/wp-json\/wp\/v2\/media?parent=70586"}],"wp:term":[{"taxonomy":"product_brand","embeddable":true,"href":"https:\/\/hummy.ee\/lv\/wp-json\/wp\/v2\/product_brand?post=70586"},{"taxonomy":"product_cat","embeddable":true,"href":"https:\/\/hummy.ee\/lv\/wp-json\/wp\/v2\/product_cat?post=70586"},{"taxonomy":"product_tag","embeddable":true,"href":"https:\/\/hummy.ee\/lv\/wp-json\/wp\/v2\/product_tag?post=70586"}],"curies":[{"name":"wp","href":"https:\/\/api.w.org\/{rel}","templated":true}]}}