{"id":68830,"date":"2025-09-12T08:45:54","date_gmt":"2025-09-12T08:45:54","guid":{"rendered":"https:\/\/hummy.ee\/product\/leclercbaby-hexagon-divu-bernu-ratini\/"},"modified":"2026-03-18T20:04:11","modified_gmt":"2026-03-18T20:04:11","slug":"leclercbaby-hexagon-dvinu-ratini","status":"publish","type":"product","link":"https:\/\/hummy.ee\/lv\/product\/leclercbaby-hexagon-dvinu-ratini\/","title":{"rendered":"Leclercbaby Hexagon dv\u012b\u0146u rati\u0146i"},"content":{"rendered":"<h6>Leclercbaby Hexagon vieglais rati\u0146\u0161 ir augst\u0101k\u0101s klases rati\u0146\u0161 no N\u012bderlandes izcil\u0101 dizainera. Kolekcijas autors ir atz\u012bts N\u012bderlandes dizainers Kristians Lagerv\u0101rds, kura darbi apvieno eleganci, funkcionalit\u0101ti un pirm\u0161\u0137ir\u012bgus materi\u0101lus. Hexagon ir Leclercbaby rati\u0146u luksusa augst\u0101k\u0101s klases modelis, izstr\u0101d\u0101ts saska\u0146\u0101 ar augst\u0101kajiem kvalit\u0101tes standartiem. Tas ir veidots, lai nodro\u0161in\u0101tu maksim\u0101lu komfortu gan b\u0113rnam, gan vec\u0101kam, padarot pastaigas pat\u012bkamas un gludas. Piem\u0113rots b\u0113rniem l\u012bdz 22\u202fkg, un pateicoties Leclercbaby Twin-Duo savienojuma komplektam, divus atsevi\u0161\u0137us Hexagon rati\u0146us var \u0101tri p\u0101rv\u0113rst par dv\u012b\u0146u rati\u0146iem \u2013 ide\u0101ls risin\u0101jums dv\u012b\u0146iem vai \u0123imen\u0113m ar diviem maziem b\u0113rniem. Slaven\u0101 viena piesk\u0101riena autom\u0101tisk\u0101 saloc\u012b\u0161anas sist\u0113ma tagad ir v\u0113l piln\u012bg\u0101ka \u2013 to papildina ekskluz\u012bvs perfor\u0113tas m\u0101ksl\u012bg\u0101s \u0101das p\u0101rkl\u0101jums un m\u012bksts, zam\u0161ai l\u012bdz\u012bgs audums, kas pie\u0161\u0137ir rati\u0146am luksusa un ekskluzivit\u0101tes saj\u016btu.<\/h6>\n<p>&nbsp;<\/p>\n<h6><strong>Komplekt\u0101 iek\u013cauts<\/strong><\/h6>\n<ul>\n<li>\n<h6>Kr\u016bz\u012b\u0161u tur\u0113t\u0101js (2 gab.)<\/h6>\n<\/li>\n<li>\n<h6>Dro\u0161\u012bbas stienis (2 gab.)<\/h6>\n<\/li>\n<li>\n<h6>Aizsargsoma (2 gab.)<\/h6>\n<\/li>\n<li>\n<h6><a href=\"https:\/\/hummy.ee\/lv\/product\/leclercbaby-divkarsie-un-dvinu-savienotaji\/\" target=\"_blank\" rel=\"noopener\">Divk\u0101r\u0161ie un dv\u012b\u0146u savienot\u0101ji (<\/a>3 gab.)<\/h6>\n<\/li>\n<\/ul>\n<h6><strong><em>Maksim\u0101ls komforts gan b\u0113rnam, gan vec\u0101kam:<\/em><\/strong><\/h6>\n<ul>\n<li>\n<h6>Saules p\u0101rsegs ar magn\u0113tisko stiprin\u0101jumu \u2013 viegli lietojams un nodro\u0161ina lielisku aizsardz\u012bbu pret sauli un v\u0113ju.<\/h6>\n<\/li>\n<li>\n<h6>Atzveltnes regul\u0113jama tr\u012bs poz\u012bcij\u0101s \u2013 ieskaitot piln\u012bgi gu\u013camo st\u0101vokli \u0113rtai atp\u016btai.<\/h6>\n<\/li>\n<li>\n<h6>Regul\u0113jama k\u0101ju atzveltne \u2013 nodro\u0161ina b\u0113rnam v\u0113l liel\u0101ku komfortu.<\/h6>\n<\/li>\n<\/ul>\n<h6><strong><em>\u0112rta lieto\u0161ana jebkur\u0101 situ\u0101cij\u0101:<\/em><\/strong><\/h6>\n<ul>\n<li>\n<h6>No\u0146emams dro\u0161\u012bbas stienis \u2013 \u0113rts un praktisks, nodro\u0161inot vieglu piek\u013cuvi b\u0113rnam.<\/h6>\n<\/li>\n<li>\n<h6>Magn\u0113tisk\u0101 piecu punktu dro\u0161\u012bbas josta \u2013 nodro\u0161ina b\u0113rna dro\u0161\u012bbu un vienlaikus ir \u0101tri un viegli lietojama vec\u0101kiem.<\/h6>\n<\/li>\n<li>\n<h6>Amortiz\u0101cija visiem \u010detriem rite\u0146iem \u2013 gluda un m\u012bksta brauk\u0161ana pat nevienm\u0113r\u012bg\u0101 virsm\u0101.<\/h6>\n<\/li>\n<li>\n<h6>Liela k\u0101ju bremze \u2013 nodro\u0161ina dro\u0161\u012bbu un \u0113rtu lieto\u0161anu.<\/h6>\n<\/li>\n<li>\n<h6>Auti\u0146somu stiprin\u0101\u0161anas vietas \u2013 \u013cauj viegli piestiprin\u0101t somu pie rati\u0146iem.<\/h6>\n<\/li>\n<\/ul>\n<h6><strong><em>Uzticama aizsardz\u012bba jebk\u0101dos laika apst\u0101k\u013cos:<\/em><\/strong><\/h6>\n<ul>\n<li>\n<h6>Gar\u0161 saules p\u0101rsegs ar SPF 50+ aizsardz\u012bbu \u2013 aizsarg\u0101 b\u0113rnu no kait\u012bgajiem UV stariem un tie\u0161iem saules stariem.<\/h6>\n<\/li>\n<li>\n<h6>600D \u016bdensiztur\u012bgs audums \u2013 iztur\u012bgs un laikapst\u0101k\u013cu iztur\u012bgs materi\u0101ls, kas aizsarg\u0101 pret lietu un mitrumu.<\/h6>\n<\/li>\n<\/ul>\n<h6><strong><em>Luksusa un iztur\u012bgi materi\u0101li:<\/em><\/strong><\/h6>\n<ul>\n<li>\n<h6>Rokturis un dro\u0161\u012bbas stien\u012b\u0161i ar m\u0101ksl\u012bg\u0101s \u0101das p\u0101rkl\u0101jumu \u2013 m\u012bksti, iztur\u012bgi un elegant\u0101 izskat\u0101.<\/h6>\n<\/li>\n<li>\n<h6>Stipra un iztur\u012bga ce\u013cojumu soma \u2013 atvieglo rati\u0146u uzglab\u0101\u0161anu un p\u0101rvad\u0101\u0161anu.<\/h6>\n<\/li>\n<li>\n<h6>100% PU rite\u0146i \u2013 iztur\u012bgi un gludi ripojo\u0161i, nodro\u0161inot lielisku vad\u0101m\u012bbu.<\/h6>\n<\/li>\n<\/ul>\n<h6><strong><em>Tehniskie dati un lieto\u0161anas inform\u0101cija:<\/em><\/strong><\/h6>\n<ul>\n<li>\n<h6>Ar vienu kust\u012bbu salok\u0101ms un atverams \u2013 \u0101trs un vienk\u0101r\u0161s meh\u0101nisms, kas taupa laiku un p\u016bles.<\/h6>\n<\/li>\n<li>\n<h6>Kompakts rokas bag\u0101\u017eas izm\u0113rs \u2013 der liel\u0101kajai da\u013cai lidma\u0161\u012bnu salonu bag\u0101\u017eas plauktu.<\/h6>\n<\/li>\n<li>\n<h6>Piem\u0113rots no 6 m\u0113ne\u0161u vecuma l\u012bdz 22\u202fkg (aptuveni l\u012bdz 5 gadu vecumam).<\/h6>\n<\/li>\n<li>\n<h6>Izm\u0113ri saloc\u012bt\u0101 veid\u0101: 56 \u00d7 47 \u00d7 24 cm.<\/h6>\n<\/li>\n<\/ul>\n<h6>Leclercbaby Hexagon ir ide\u0101la izv\u0113le vec\u0101kiem, kuri mekl\u0113 stil\u012bgus, funkcion\u0101lus un luksusa rati\u0146us, kas nodro\u0161ina lab\u0101ko pieredzi gan b\u0113rnam, gan vec\u0101kam. T\u0101 inovat\u012bvie risin\u0101jumi un kvalitat\u012bvie materi\u0101li padara ikdienas pastaigas \u0113rt\u0101kas un pat\u012bkam\u0101kas nek\u0101 jebkad agr\u0101k.<\/h6>\n<p>&nbsp;<\/p>\n<h6><em>Las\u012bt vair\u0101k par to, k\u0101 izv\u0113l\u0113ties vieglo rati\u0146u Hummy <a href=\"https:\/\/hummy.ee\/lv\/ka-izveleties-vieglus-ratinus\/\" target=\"_blank\" rel=\"noopener\">blog\u0101<\/a>.<\/em><\/h6>\n<p>&nbsp;<\/p>\n<h6><em>Iepaz\u012bsties tuv\u0101k ar <a href=\"https:\/\/www.youtube.com\/watch?v=IiYEp7T-61A\" target=\"_blank\" rel=\"noopener\">Hexagon <\/a>vieglo rati\u0146u.<\/em><\/h6>\n<h6><em>Skatiet, k\u0101 izmantot <a href=\"https:\/\/www.youtube.com\/watch?v=HFbqUnqFFXA\">Twin\/Duo<\/a> skavas un pareizi t\u0101s uzst\u0101d\u012bt<\/em><\/h6>\n","protected":false},"excerpt":{"rendered":"<h6 data-start=\"508\" data-end=\"825\">P\u0101rv\u0113rtiet divas atsevi\u0161\u0137as Leclercbaby Hexagon rati\u0146u sist\u0113mas p\u0101ris sekund\u0113s par divu b\u0113rnu rati\u0146iem, pateicoties Leclercbaby Twin-Duo skav\u0101m (komplekt\u0101 3 gab.). Ide\u0101ls risin\u0101jums \u0123imen\u0113m ar dv\u012b\u0146iem vai diviem maziem b\u0113rniem \u2013 vienk\u0101r\u0161s, bet iztur\u012bgs komplekts stingri savieno ratus, \u013caujot baud\u012bt \u0113rtu brauk\u0161anu blakus. Nepiecie\u0161ama elast\u012bba? No\u0146emiet tr\u012bs skavas sekund\u0113s un izmantojiet ratus atsevi\u0161\u0137i \u2013 katram vec\u0101kam pa vienam! Vai tas b\u016btu ikdienas pastaiga vai piedz\u012bvojums dab\u0101, \u0161\u012bs skavas sniedz br\u012bv\u012bbu \u0113rti p\u0101riet starp vienu un divu b\u0113rnu re\u017e\u012bmu. Vienk\u0101r\u0161i pagrieziet skavu, un rati sekund\u0113s atkal ir gatavi lieto\u0161anai k\u0101 atsevi\u0161\u0137i.<\/h6>\n<h6><\/h6>\n","protected":false},"featured_media":68634,"comment_status":"open","ping_status":"closed","template":"","meta":{"_acf_changed":false,"om_disable_all_campaigns":false,"_monsterinsights_skip_tracking":false,"_monsterinsights_sitenote_active":false,"_monsterinsights_sitenote_note":"","_monsterinsights_sitenote_category":0,"_uf_show_specific_survey":0,"_uf_disable_surveys":false,"site-sidebar-layout":"default","site-content-layout":"","ast-site-content-layout":"default","site-content-style":"default","site-sidebar-style":"default","ast-global-header-display":"","ast-banner-title-visibility":"","ast-main-header-display":"","ast-hfb-above-header-display":"","ast-hfb-below-header-display":"","ast-hfb-mobile-header-display":"","site-post-title":"","ast-breadcrumbs-content":"","ast-featured-img":"","footer-sml-layout":"","theme-transparent-header-meta":"default","adv-header-id-meta":"","stick-header-meta":"","header-above-stick-meta":"","header-main-stick-meta":"","header-below-stick-meta":"","astra-migrate-meta-layouts":"set","ast-page-background-enabled":"default","ast-page-background-meta":{"desktop":{"background-color":"var(--ast-global-color-4)","background-image":"","background-repeat":"repeat","background-position":"center center","background-size":"auto","background-attachment":"scroll","background-type":"","background-media":"","overlay-type":"","overlay-color":"","overlay-opacity":"","overlay-gradient":""},"tablet":{"background-color":"","background-image":"","background-repeat":"repeat","background-position":"center center","background-size":"auto","background-attachment":"scroll","background-type":"","background-media":"","overlay-type":"","overlay-color":"","overlay-opacity":"","overlay-gradient":""},"mobile":{"background-color":"","background-image":"","background-repeat":"repeat","background-position":"center center","background-size":"auto","background-attachment":"scroll","background-type":"","background-media":"","overlay-type":"","overlay-color":"","overlay-opacity":"","overlay-gradient":""}},"ast-content-background-meta":{"desktop":{"background-color":"var(--ast-global-color-5)","background-image":"","background-repeat":"repeat","background-position":"center center","background-size":"auto","background-attachment":"scroll","background-type":"","background-media":"","overlay-type":"","overlay-color":"","overlay-opacity":"","overlay-gradient":""},"tablet":{"background-color":"var(--ast-global-color-5)","background-image":"","background-repeat":"repeat","background-position":"center center","background-size":"auto","background-attachment":"scroll","background-type":"","background-media":"","overlay-type":"","overlay-color":"","overlay-opacity":"","overlay-gradient":""},"mobile":{"background-color":"var(--ast-global-color-5)","background-image":"","background-repeat":"repeat","background-position":"center center","background-size":"auto","background-attachment":"scroll","background-type":"","background-media":"","overlay-type":"","overlay-color":"","overlay-opacity":"","overlay-gradient":""}}},"product_brand":[],"product_cat":[431,549,505,351],"product_tag":[],"class_list":{"0":"post-68830","1":"product","2":"type-product","3":"status-publish","4":"has-post-thumbnail","6":"product_cat-ratini","7":"product_cat-divvietigi-ratini","8":"product_cat-kampana","9":"product_cat-leclercbaby-lv","10":"desktop-align-left","11":"tablet-align-left","12":"mobile-align-left","14":"first","15":"instock","16":"sale","17":"taxable","18":"shipping-taxable","19":"purchasable","20":"product-type-variable"},"acf":[],"aioseo_notices":[],"_links":{"self":[{"href":"https:\/\/hummy.ee\/lv\/wp-json\/wp\/v2\/product\/68830","targetHints":{"allow":["GET"]}}],"collection":[{"href":"https:\/\/hummy.ee\/lv\/wp-json\/wp\/v2\/product"}],"about":[{"href":"https:\/\/hummy.ee\/lv\/wp-json\/wp\/v2\/types\/product"}],"replies":[{"embeddable":true,"href":"https:\/\/hummy.ee\/lv\/wp-json\/wp\/v2\/comments?post=68830"}],"version-history":[{"count":17,"href":"https:\/\/hummy.ee\/lv\/wp-json\/wp\/v2\/product\/68830\/revisions"}],"predecessor-version":[{"id":86140,"href":"https:\/\/hummy.ee\/lv\/wp-json\/wp\/v2\/product\/68830\/revisions\/86140"}],"wp:featuredmedia":[{"embeddable":true,"href":"https:\/\/hummy.ee\/lv\/wp-json\/wp\/v2\/media\/68634"}],"wp:attachment":[{"href":"https:\/\/hummy.ee\/lv\/wp-json\/wp\/v2\/media?parent=68830"}],"wp:term":[{"taxonomy":"product_brand","embeddable":true,"href":"https:\/\/hummy.ee\/lv\/wp-json\/wp\/v2\/product_brand?post=68830"},{"taxonomy":"product_cat","embeddable":true,"href":"https:\/\/hummy.ee\/lv\/wp-json\/wp\/v2\/product_cat?post=68830"},{"taxonomy":"product_tag","embeddable":true,"href":"https:\/\/hummy.ee\/lv\/wp-json\/wp\/v2\/product_tag?post=68830"}],"curies":[{"name":"wp","href":"https:\/\/api.w.org\/{rel}","templated":true}]}}