{"id":68519,"date":"2025-09-11T12:45:22","date_gmt":"2025-09-11T12:45:22","guid":{"rendered":"https:\/\/hummy.ee\/product\/leclercbaby-monnalisa-bernu-ratini-diviem-berniem\/"},"modified":"2026-03-18T20:04:23","modified_gmt":"2026-03-18T20:04:23","slug":"leclercbaby-monnalisa-dvinu-ratini","status":"publish","type":"product","link":"https:\/\/hummy.ee\/lv\/product\/leclercbaby-monnalisa-dvinu-ratini\/","title":{"rendered":"Leclercbaby Monnalisa dv\u012b\u0146u rati\u0146i"},"content":{"rendered":"<h6 data-start=\"76\" data-end=\"909\">Leclercbaby Monnalisa rati\u0146\u0161 ir rad\u012bts modernam un stil\u012bgam vec\u0101kam, kur\u0161 nov\u0113rt\u0113 komfortu un luksusa dizainu. Ierobe\u017eot\u0101s s\u0113rijas rati\u0146\u0161 izce\u013cas ar gais\u012bgi roz\u0101 met\u0101la r\u0101mi, maigi roz\u0101 akcentiem, sp\u012bd\u012bgiem aizdares elementiem un skaistu Monnalisa firmas ziedu rakstu, kas pie\u0161\u0137ir katrai pastaigai \u012bpa\u0161u spo\u017eumu. Pateicoties unik\u0101lajam autom\u0101tiskajam salik\u0161anas meh\u0101nismam ar vienu roku, Monnalisa rati\u0146us ir viegli un \u0113rti lietot pat tad, ja tur b\u0113rnu kl\u0113p\u012b. Rati\u0146i sver tikai 6,6\u202fkg, atbilst rokas bag\u0101\u017eas izm\u0113ram un der liel\u0101kajai da\u013cai aviokomp\u0101niju salonbag\u0101\u017eas, padarot ce\u013co\u0161anu vienk\u0101r\u0161u un bezr\u016bp\u012bgu. Tie ir piem\u0113roti b\u0113rniem l\u012bdz 22\u202fkg, un, pateicoties Leclercbaby Twin-Duo savienojuma elementu komplektam, divus atsevi\u0161\u0137us Monnalisa rati\u0146us var \u0101tri p\u0101rv\u0113rst par divu b\u0113rnu rati\u0146iem \u2013 ide\u0101ls risin\u0101jums dv\u012b\u0146iem vai \u0123imen\u0113m ar diviem maziem b\u0113rniem.<\/h6>\n<p>&nbsp;<\/p>\n<h6><strong>Komplekt\u0101 iek\u013cauts<\/strong><\/h6>\n<ul>\n<li>\n<h6>Dro\u0161\u012bbas stienis (2 gab.)<\/h6>\n<\/li>\n<li>\n<h6>Aizsargsoma (2 gab.)<\/h6>\n<\/li>\n<li>\n<h6><a href=\"https:\/\/hummy.ee\/lv\/product\/leclercbaby-divkarsie-un-dvinu-savienotaji\/\" target=\"_blank\" rel=\"noopener\">Divk\u0101r\u0161ie un dv\u012b\u0146u savienot\u0101ji <\/a>(3 gab.)<\/h6>\n<\/li>\n<\/ul>\n<h6><strong><em>Maksim\u0101ls komforts gan b\u0113rnam, gan vec\u0101kam:<\/em><\/strong><\/h6>\n<ul>\n<li>\n<h6>Saules p\u0101rsegs ar magn\u0113tisko stiprin\u0101jumu \u2013 viegli lietojams un nodro\u0161ina lielisku aizsardz\u012bbu pret sauli un v\u0113ju.<\/h6>\n<\/li>\n<li>\n<h6>Atzveltnes regul\u0113jama tr\u012bs poz\u012bcij\u0101s \u2013 ieskaitot piln\u012bgi gu\u013camo st\u0101vokli \u0113rtai atp\u016btai.<\/h6>\n<\/li>\n<li>\n<h6>Regul\u0113jama k\u0101ju atzveltne \u2013 nodro\u0161ina b\u0113rnam v\u0113l liel\u0101ku komfortu.<\/h6>\n<\/li>\n<\/ul>\n<h6><strong><em>\u0112rta lieto\u0161ana jebkur\u0101 situ\u0101cij\u0101:<\/em><\/strong><\/h6>\n<ul>\n<li>\n<h6>Ar vienu kust\u012bbu salok\u0101ms un atverams \u2013 \u0101trs un vienk\u0101r\u0161s meh\u0101nisms, kas taupa laiku un p\u016bles.<\/h6>\n<\/li>\n<li>\n<h6>Magn\u0113tisk\u0101 piecu punktu dro\u0161\u012bbas josta \u2013 nodro\u0161ina b\u0113rna dro\u0161\u012bbu un vienlaikus ir \u0101tri un viegli lietojama vec\u0101kiem.<\/h6>\n<\/li>\n<li>\n<h6>Amortiz\u0101cija visiem \u010detriem rite\u0146iem \u2013 gluda un m\u012bksta brauk\u0161ana pat nevienm\u0113r\u012bg\u0101 virsm\u0101.<\/h6>\n<\/li>\n<li>\n<h6>Liela k\u0101ju bremze \u2013 nodro\u0161ina dro\u0161\u012bbu un \u0113rtu lieto\u0161anu.<\/h6>\n<\/li>\n<li>\n<h6>Auti\u0146somu stiprin\u0101\u0161anas vietas \u2013 \u013cauj viegli piestiprin\u0101t somu pie rati\u0146iem.<\/h6>\n<\/li>\n<\/ul>\n<h6><strong><em>Uzticama aizsardz\u012bba jebk\u0101dos laika apst\u0101k\u013cos:<\/em><\/strong><\/h6>\n<ul>\n<li>\n<h6>Gar\u0161 saules p\u0101rsegs ar SPF 50+ aizsardz\u012bbu \u2013 aizsarg\u0101 b\u0113rnu no kait\u012bgajiem UV stariem un tie\u0161iem saules stariem.<\/h6>\n<\/li>\n<li>\n<h6>600D \u016bdensiztur\u012bgs audums \u2013 iztur\u012bgs un laikapst\u0101k\u013cu iztur\u012bgs materi\u0101ls, kas aizsarg\u0101 pret lietu un mitrumu.<\/h6>\n<\/li>\n<\/ul>\n<h6><strong><em>Luksusa un iztur\u012bgi materi\u0101li:<\/em><\/strong><\/h6>\n<ul>\n<li>\n<h6>Rokturis un dro\u0161\u012bbas stien\u012b\u0161i ar m\u0101ksl\u012bg\u0101s \u0101das p\u0101rkl\u0101jumu \u2013 m\u012bksti, iztur\u012bgi un elegant\u0101 izskat\u0101.<\/h6>\n<\/li>\n<li>\n<h6>Stipra un iztur\u012bga ce\u013cojumu soma \u2013 atvieglo rati\u0146u uzglab\u0101\u0161anu un p\u0101rvad\u0101\u0161anu.<\/h6>\n<\/li>\n<li>\n<h6>100% PU rite\u0146i \u2013 iztur\u012bgi un gludi ripojo\u0161i, nodro\u0161inot lielisku vad\u0101m\u012bbu.<\/h6>\n<\/li>\n<\/ul>\n<h6><strong><em>Tehniskie dati un lieto\u0161anas inform\u0101cija:<\/em><\/strong><\/h6>\n<ul>\n<li>\n<h6>Svars, ieskaitot rite\u0146us: 6,6 kg (viena rati\u0146a svars)<\/h6>\n<\/li>\n<li>\n<h6>St\u016bres roktura augstums: 101,5 cm<\/h6>\n<\/li>\n<li>\n<h6>Platums atv\u0113rt\u0101 st\u0101vokl\u012b: 47 cm<\/h6>\n<\/li>\n<li>\n<h6>Izm\u0113ri saloc\u012bt\u0101 veid\u0101: 56 \u00d7 47 \u00d7 24 cm<\/h6>\n<\/li>\n<\/ul>\n<p>&nbsp;<\/p>\n<h6><strong><em>Ieg\u016bsti da\u013cu no ziedu m\u012blas st\u0101sta!<\/em><\/strong><\/h6>\n<h6 data-start=\"2408\" data-end=\"2798\">Leclercbaby Monnalisa kolekcija ir modes izpausme, kas apvieno komfortu, funkcionalit\u0101ti un pievilc\u012bgu dizainu. Br\u012bni\u0161\u0137\u012bgi audumi, sp\u012bd\u012bgi r\u0101mis \u0161ampanie\u0161a, br\u016bn\u0101 un zelta roz\u0101 ton\u012b un drosm\u012bgs dizains nodro\u0161ina \u0113rt\u012bbas ikdienas dz\u012bvei. Turkl\u0101t Leclercbaby Monnalisa kolekciju raksturo skaisti ziedu raksti, kvalitat\u012bvi materi\u0101li un \u012bpa\u0161i \u0113rta salik\u0161anas meh\u0101nika.<\/h6>\n<p>&nbsp;<\/p>\n<h6 data-start=\"2800\" data-end=\"3093\">Leclercbaby Monnalisa rati\u0146\u0161 ir pieejams tr\u012bs kr\u0101su to\u0146os: Antique Pink, Birch un Black. Turkl\u0101t kolekcijas zeltaini roz\u0101 r\u0101mis papildina z\u012bmola rakstur\u012bgo ziedu rakstu. Monnalisa kolekcij\u0101 ietilpst ar\u012b skaisti un praktiski aksesu\u0101ri, kas padara b\u0113rnu apr\u016bpi \u0113rt\u0101ku.<\/h6>\n<p>&nbsp;<\/p>\n<h6><em>Las\u012bt vair\u0101k par to, k\u0101 izv\u0113l\u0113ties vieglo rati\u0146u Hummy <a href=\"https:\/\/hummy.ee\/lv\/ka-izveleties-vieglus-ratinus\/\" target=\"_blank\" rel=\"noopener\">blog\u0101<\/a>.<\/em><\/h6>\n<h6><em>P\u0101rbaudiet Leclercbaby saiti <a href=\"https:\/\/www.youtube.com\/watch?v=HFbqUnqFFXA\">\u0161eit <\/a><\/em><em>un Monnalisa rati\u0146us <\/em><em><a href=\"https:\/\/www.youtube.com\/watch?v=PR4culPs7BE\" target=\"_blank\" rel=\"noopener\">\u0161eit.<\/a><\/em><\/h6>\n","protected":false},"excerpt":{"rendered":"<h6 data-start=\"508\" data-end=\"825\">P\u0101rv\u0113rtiet divas atsevi\u0161\u0137as Leclercbaby Monnalisa rati\u0146u sist\u0113mas p\u0101ris sekund\u0113s par divu b\u0113rnu rati\u0146iem, pateicoties Leclercbaby Twin-Duo skav\u0101m (komplekt\u0101 3 gab.). Ide\u0101ls risin\u0101jums \u0123imen\u0113m ar dv\u012b\u0146iem vai diviem maziem b\u0113rniem \u2013 vienk\u0101r\u0161s, bet iztur\u012bgs komplekts stingri savieno ratus, \u013caujot baud\u012bt \u0113rtu brauk\u0161anu blakus. Nepiecie\u0161ama elast\u012bba? No\u0146emiet tr\u012bs skavas sekund\u0113s un izmantojiet ratus atsevi\u0161\u0137i \u2013 katram vec\u0101kam pa vienam! Vai tas b\u016btu ikdienas pastaiga vai piedz\u012bvojums dab\u0101, \u0161\u012bs skavas sniedz br\u012bv\u012bbu \u0113rti p\u0101riet starp vienu un divu b\u0113rnu re\u017e\u012bmu. Vienk\u0101r\u0161i pagrieziet skavu, un rati sekund\u0113s atkal ir gatavi lieto\u0161anai k\u0101 atsevi\u0161\u0137i.<\/h6>\n","protected":false},"featured_media":68503,"comment_status":"open","ping_status":"closed","template":"","meta":{"_acf_changed":false,"om_disable_all_campaigns":false,"_monsterinsights_skip_tracking":false,"_monsterinsights_sitenote_active":false,"_monsterinsights_sitenote_note":"","_monsterinsights_sitenote_category":0,"_uf_show_specific_survey":0,"_uf_disable_surveys":false,"site-sidebar-layout":"default","site-content-layout":"","ast-site-content-layout":"default","site-content-style":"default","site-sidebar-style":"default","ast-global-header-display":"","ast-banner-title-visibility":"","ast-main-header-display":"","ast-hfb-above-header-display":"","ast-hfb-below-header-display":"","ast-hfb-mobile-header-display":"","site-post-title":"","ast-breadcrumbs-content":"","ast-featured-img":"","footer-sml-layout":"","theme-transparent-header-meta":"default","adv-header-id-meta":"","stick-header-meta":"","header-above-stick-meta":"","header-main-stick-meta":"","header-below-stick-meta":"","astra-migrate-meta-layouts":"set","ast-page-background-enabled":"default","ast-page-background-meta":{"desktop":{"background-color":"var(--ast-global-color-4)","background-image":"","background-repeat":"repeat","background-position":"center center","background-size":"auto","background-attachment":"scroll","background-type":"","background-media":"","overlay-type":"","overlay-color":"","overlay-opacity":"","overlay-gradient":""},"tablet":{"background-color":"","background-image":"","background-repeat":"repeat","background-position":"center center","background-size":"auto","background-attachment":"scroll","background-type":"","background-media":"","overlay-type":"","overlay-color":"","overlay-opacity":"","overlay-gradient":""},"mobile":{"background-color":"","background-image":"","background-repeat":"repeat","background-position":"center center","background-size":"auto","background-attachment":"scroll","background-type":"","background-media":"","overlay-type":"","overlay-color":"","overlay-opacity":"","overlay-gradient":""}},"ast-content-background-meta":{"desktop":{"background-color":"var(--ast-global-color-5)","background-image":"","background-repeat":"repeat","background-position":"center center","background-size":"auto","background-attachment":"scroll","background-type":"","background-media":"","overlay-type":"","overlay-color":"","overlay-opacity":"","overlay-gradient":""},"tablet":{"background-color":"var(--ast-global-color-5)","background-image":"","background-repeat":"repeat","background-position":"center center","background-size":"auto","background-attachment":"scroll","background-type":"","background-media":"","overlay-type":"","overlay-color":"","overlay-opacity":"","overlay-gradient":""},"mobile":{"background-color":"var(--ast-global-color-5)","background-image":"","background-repeat":"repeat","background-position":"center center","background-size":"auto","background-attachment":"scroll","background-type":"","background-media":"","overlay-type":"","overlay-color":"","overlay-opacity":"","overlay-gradient":""}}},"product_brand":[],"product_cat":[431,549,505,351],"product_tag":[],"class_list":{"0":"post-68519","1":"product","2":"type-product","3":"status-publish","4":"has-post-thumbnail","6":"product_cat-ratini","7":"product_cat-divvietigi-ratini","8":"product_cat-kampana","9":"product_cat-leclercbaby-lv","10":"desktop-align-left","11":"tablet-align-left","12":"mobile-align-left","14":"first","15":"instock","16":"sale","17":"taxable","18":"shipping-taxable","19":"purchasable","20":"product-type-variable"},"acf":[],"aioseo_notices":[],"_links":{"self":[{"href":"https:\/\/hummy.ee\/lv\/wp-json\/wp\/v2\/product\/68519","targetHints":{"allow":["GET"]}}],"collection":[{"href":"https:\/\/hummy.ee\/lv\/wp-json\/wp\/v2\/product"}],"about":[{"href":"https:\/\/hummy.ee\/lv\/wp-json\/wp\/v2\/types\/product"}],"replies":[{"embeddable":true,"href":"https:\/\/hummy.ee\/lv\/wp-json\/wp\/v2\/comments?post=68519"}],"version-history":[{"count":17,"href":"https:\/\/hummy.ee\/lv\/wp-json\/wp\/v2\/product\/68519\/revisions"}],"predecessor-version":[{"id":86141,"href":"https:\/\/hummy.ee\/lv\/wp-json\/wp\/v2\/product\/68519\/revisions\/86141"}],"wp:featuredmedia":[{"embeddable":true,"href":"https:\/\/hummy.ee\/lv\/wp-json\/wp\/v2\/media\/68503"}],"wp:attachment":[{"href":"https:\/\/hummy.ee\/lv\/wp-json\/wp\/v2\/media?parent=68519"}],"wp:term":[{"taxonomy":"product_brand","embeddable":true,"href":"https:\/\/hummy.ee\/lv\/wp-json\/wp\/v2\/product_brand?post=68519"},{"taxonomy":"product_cat","embeddable":true,"href":"https:\/\/hummy.ee\/lv\/wp-json\/wp\/v2\/product_cat?post=68519"},{"taxonomy":"product_tag","embeddable":true,"href":"https:\/\/hummy.ee\/lv\/wp-json\/wp\/v2\/product_tag?post=68519"}],"curies":[{"name":"wp","href":"https:\/\/api.w.org\/{rel}","templated":true}]}}