{"id":68280,"date":"2025-09-11T11:45:25","date_gmt":"2025-09-11T11:45:25","guid":{"rendered":"https:\/\/hummy.ee\/product\/leclercbaby-influencer-xl-bernu-ratini-diviem-berniem\/"},"modified":"2026-03-18T20:04:01","modified_gmt":"2026-03-18T20:04:01","slug":"leclercbaby-influencer-xl-dvinu-ratini","status":"publish","type":"product","link":"https:\/\/hummy.ee\/lv\/product\/leclercbaby-influencer-xl-dvinu-ratini\/","title":{"rendered":"Leclercbaby Influencer XL dv\u012b\u0146u rati\u0146i"},"content":{"rendered":"<h6>Influencer XL padara dz\u012bvi v\u0113l \u0113rt\u0101ku. Tas ir Influencer lielais br\u0101lis, kas noteikti izce\u013cas no p\u016b\u013ca. T\u0101pat k\u0101 ar Influencer, ar\u012b Influencer XL var saloc\u012bt un atloc\u012bt tikai 1,5 sekund\u0113s, ar vienu pogas spiedienu! Papildus tam, rati\u0146iem ir liel\u0101ki rite\u0146i, kas noz\u012bm\u0113, ka ar tiem ir \u0113rti p\u0101rvietoties gan pa laukiem, gan pils\u0113tas iel\u0101m. Pateicoties liel\u0101kiem rite\u0146iem, liel\u0101kai gr\u012bdas plat\u012bbai un unik\u0101lajam saloc\u012b\u0161anas meh\u0101nismam, Influencer XL rati\u0146\u0161 ir ide\u0101la izv\u0113le ce\u013cojumiem un pils\u0113tas dz\u012bvei. V\u0113l vair\u0101k, tas lieliski piem\u0113rots ar\u012b pastaig\u0101m dab\u0101 un pa lauku tak\u0101m. S\u0113deklim ir m\u012bksts polster\u0113jums, kas nodro\u0161ina, ka b\u0113rnam ir \u0113rti pat ilg\u0101kos braucienos.<\/h6>\n<p>&nbsp;<\/p>\n<h6><strong>Komplekt\u0101 iek\u013cauts<\/strong><\/h6>\n<ul>\n<li>\n<h6>Kr\u016bz\u012b\u0161u tur\u0113t\u0101js (2 gab.)<\/h6>\n<\/li>\n<li>\n<h6>Dro\u0161\u012bbas stienis (2 gab.)<\/h6>\n<\/li>\n<li>\n<h6>Aizsargsoma (2 gab.)<\/h6>\n<\/li>\n<li>\n<h6><a href=\"https:\/\/hummy.ee\/lv\/product\/leclercbaby-divkarsie-un-dvinu-savienotaji\/\" target=\"_blank\" rel=\"noopener\">Divk\u0101r\u0161ie un dv\u012b\u0146u savienot\u0101ji (<\/a>3 gab.)<\/h6>\n<\/li>\n<\/ul>\n<h6>Lieta ir stil\u012bgos s\u012bkumos\u2026 Leclercbaby piev\u0113r\u0161 uzman\u012bbu deta\u013c\u0101m, funkcionalit\u0101tei, dro\u0161\u012bbai UN stilam.<\/h6>\n<p>&nbsp;<\/p>\n<h6 class=\"wp-block-heading\"><strong><em>Funkcijas:<\/em><\/strong><\/h6>\n<h6>Leclercbaby Influencer XL kabrio rati\u0146am ir ventil\u0101cijas atvere ar magn\u0113tu, ko var viegli atv\u0113rt un aizv\u0113rt, nodro\u0161inot lielisku gaisa cirkul\u0101ciju silt\u0101 laik\u0101 un \u013caujot p\u0101rbaud\u012bt gu\u013co\u0161\u0101 b\u0113rna st\u0101vokli. Aizmugur\u0113 ir \u012bpa\u0161i liela kabata, ide\u0101li piem\u0113rota mobilajam telefonam, atsl\u0113g\u0101m u.c., kad dodies tikai \u012bs\u0101 pastaig\u0101 un negribi \u0146emt l\u012bdzi auti\u0146biks\u012b\u0161u somu. Jumta atstarojo\u0161ais stienis pal\u012bdz ziemas vakaros nodro\u0161in\u0101t b\u0113rna dro\u0161\u012bbu, un jumtam ir ar\u012b SPF50+ saules aizsardz\u012bba. Jumta r\u0101v\u0113jsl\u0113dz\u0113ja pagarin\u0101juma panelis nodro\u0161ina labu gaisa cirkul\u0101ciju un izce\u013c rati\u0146u stil\u012bgumu. Smalki apstr\u0101d\u0101t\u0101s r\u0101v\u0113jsl\u0113dz\u0113ju pogas papildina stilu ar Elcee the Fox dizaina akcentiem.<\/h6>\n<p>&nbsp;<\/p>\n<h6><strong><em>Aksesu\u0101ri:<\/em><\/strong><\/h6>\n<h6>Izmantojot papildu a<a href=\"https:\/\/hummy.ee\/lv\/product\/leclercbaby-masinas-sedeklisa-adapteri\/\">utokr\u0113sli\u0146u adapterus<\/a>, j\u016bsu b\u0113rns var \u0113rti braukt 0+ grupas autokr\u0113sli\u0146\u0101 jau no dzim\u0161anas. Uzlabojiet rati\u0146a izskatu ar k\u0101du aksesu\u0101ru. Izv\u0113lieties starp luksusa auti\u0146biks\u012b\u0161u somu, siltu ratu maisu, organizatoru, auto adapteriem vai s\u0113dek\u013ca st\u0101vvietu.<\/h6>\n<h6>Kompaktais rati\u0146\u0161 stil\u012bg\u0101s un modern\u0101s kr\u0101s\u0101s \u013cauj tev un mazajam viegli nok\u013c\u016bt jebkur!<\/h6>\n<p>&nbsp;<\/p>\n<h6><em><strong>Dro\u0161\u012bba:<\/strong><\/em><\/h6>\n<ul>\n<li>\n<h6>Saules aizsargs ar atstarojo\u0161u stieni<\/h6>\n<\/li>\n<li>\n<h6>Liela k\u0101ju bremze (piem\u0113rota lieto\u0161anai gan ar sand\u0101l\u0113m, gan augstiem pap\u0113\u017eiem)<\/h6>\n<\/li>\n<li>\n<h6>Magn\u0113tisk\u0101 piecu punktu dro\u0161\u012bbas josta \u2013 \u0113rtai piek\u013cuvei b\u0113rnam<\/h6>\n<\/li>\n<\/ul>\n<h6><em><strong>Komforts gan tev, gan b\u0113rnam:<\/strong><\/em><\/h6>\n<ul>\n<li>\n<h6>Saules aizsargs ar skatlogu un auduma p\u0101rsegu (magn\u0113tisks)<\/h6>\n<\/li>\n<li>\n<h6>Tr\u012bs poz\u012bcij\u0101s regul\u0113jams atzveltnes atbalsts (ieskaitot gul\u0113\u0161anas poz\u012bciju \u2013 175 gr\u0101di)<\/h6>\n<\/li>\n<li>\n<h6>Regul\u0113jams k\u0101ju balsts (ieskaitot gul\u0113\u0161anas poz\u012bciju)<\/h6>\n<\/li>\n<li>\n<h6>Liela kabata aizmugur\u0113<\/h6>\n<\/li>\n<li>\n<h6>Liels un m\u012bksti polster\u0113ts s\u0113deklis, piem\u0113rots b\u0113rniem l\u012bdz 22\u202fkg<\/h6>\n<\/li>\n<\/ul>\n<h6><em><strong>\u0112rta lieto\u0161ana:<\/strong><\/em><\/h6>\n<ul>\n<li>\n<h6>Rati\u0146u var saloc\u012bt un atloc\u012bt tikai ar vienu kust\u012bbu.<\/h6>\n<\/li>\n<li>\n<h6>No\u0146emams dro\u0161\u012bbas stienis<\/h6>\n<\/li>\n<li>\n<h6>Amortiz\u0101cija visos \u010detros rite\u0146os<\/h6>\n<\/li>\n<li>\n<h6>Stiprin\u0101juma vietas auti\u0146biks\u012b\u0161u somai un organizatoram<\/h6>\n<\/li>\n<li>\n<h6>Liels iepirkumu grozs l\u012bdz 3\u202fkg slodzei<\/h6>\n<\/li>\n<li>\n<h6 data-start=\"300\" data-end=\"491\">Influencer XL ir viegls - sver tikai 8,2 kg (viena rati\u0146a svars).<\/h6>\n<\/li>\n<li>\n<h6>Ietilpst lidma\u0161\u012bnas salon\u0101 bag\u0101\u017eas plaukt\u0101<\/h6>\n<\/li>\n<\/ul>\n<h6><em><strong>Aizsardz\u012bba pret laikapst\u0101k\u013ciem:<\/strong><\/em><\/h6>\n<ul>\n<li>\n<h6>Garais saulessargs SPF 50+<\/h6>\n<\/li>\n<li>\n<h6>600D \u016bdensnecaurlaid\u012bgs audums<\/h6>\n<\/li>\n<li>\n<h6>Aizmugur\u0113jais ventil\u0101cijas panelis<\/h6>\n<\/li>\n<\/ul>\n<h6><em><strong>Kvalitat\u012bvi materi\u0101li:<\/strong><\/em><\/h6>\n<ul>\n<li>\n<h6>M\u0101ksl\u012bg\u0101s \u0101das p\u0101rkl\u0101jums st\u016bm\u0113js un priek\u0161zobs (PU)<\/h6>\n<\/li>\n<li>\n<h6>Iztur\u012bga transport\u0113\u0161anas soma<\/h6>\n<\/li>\n<li>\n<h6>100% PU rite\u0146i un daudz kas cits<\/h6>\n<\/li>\n<\/ul>\n<h6><strong><em>Leclercbaby Influencer XL rati\u0146a dati:<\/em><\/strong><\/h6>\n<ul>\n<li>\n<h6>Svars: 8,2 kg<\/h6>\n<\/li>\n<li>\n<h6>Maksim\u0101lais b\u0113rna svars: 22\u202fkg<\/h6>\n<\/li>\n<li>\n<h6>Iepirkumu groza maksim\u0101lais svars: 3\u202fkg<\/h6>\n<\/li>\n<li>\n<h6>Augstums avat\u0101 veid\u0101: 104\u202fcm<\/h6>\n<\/li>\n<li>\n<h6>Dzi\u013cums avat\u0101 veid\u0101: 63\u202fcm<\/h6>\n<\/li>\n<li>\n<h6>Platums avat\u0101 veid\u0101: 51\u202fcm<\/h6>\n<\/li>\n<li>\n<h6>Augstums saloc\u012bt\u0101 veid\u0101: 60\u202fcm<\/h6>\n<\/li>\n<li>\n<h6>Dzi\u013cums saloc\u012bt\u0101 veid\u0101: 24\u202fcm<\/h6>\n<\/li>\n<li>\n<h6>Platums saloc\u012bt\u0101 veid\u0101: 45\u202fcm<\/h6>\n<\/li>\n<li>\n<h6>R\u0101mja materi\u0101ls: pulverkr\u0101sots alum\u012bnijs<\/h6>\n<\/li>\n<li>\n<h6>Pieejam\u0101s kr\u0101sas Army Green, Sand Chocolate Black Brown<\/h6>\n<\/li>\n<\/ul>\n<h6><em>Vair\u0101k par to, k\u0101 izv\u0113l\u0113ties vieglus rati\u0146us, lasiet Hummy <a href=\"https:\/\/hummy.ee\/lv\/ka-izveleties-vieglus-ratinus\/\" target=\"_blank\" rel=\"noopener\">blog\u0101.<\/a><\/em><\/h6>\n<h6>Iepaz\u012bsties ar Leclercbaby savienojuma elementu <em><a href=\"https:\/\/www.youtube.com\/watch?v=HFbqUnqFFXA\">\u0161eit <\/a><\/em>un ar Leclercbaby Influencer XL rati\u0146iem <em style=\"font-size: 1.1em; font-weight: bold;\"><a href=\"https:\/\/www.youtube.com\/watch?v=_SOvYmYOX_Y\" target=\"_blank\" rel=\"noopener\">\u0161eit<\/a><\/em>.<\/h6>\n","protected":false},"excerpt":{"rendered":"<h6 data-start=\"136\" data-end=\"429\">P\u0101rv\u0113rtiet divas atsevi\u0161\u0137as Leclercbaby Influencer XL rati\u0146u sist\u0113mas p\u0101ris sekund\u0113s par divu b\u0113rnu rati\u0146iem, pateicoties Leclercbaby Twin-Duo skav\u0101m (komplekt\u0101 3 gab.). Ide\u0101ls risin\u0101jums \u0123imen\u0113m ar dv\u012b\u0146iem vai diviem maziem b\u0113rniem \u2013 vienk\u0101r\u0161s, bet iztur\u012bgs komplekts stingri savieno ratus, \u013caujot baud\u012bt \u0113rtu brauk\u0161anu blakus. Nepiecie\u0161ama elast\u012bba? No\u0146emiet tr\u012bs skavas sekund\u0113s un izmantojiet ratus atsevi\u0161\u0137i \u2013 katram vec\u0101kam pa vienam! Vai tas b\u016btu ikdienas pastaiga vai piedz\u012bvojums dab\u0101, \u0161\u012bs skavas sniedz br\u012bv\u012bbu \u0113rti p\u0101riet starp vienu un divu b\u0113rnu re\u017e\u012bmu. Vienk\u0101r\u0161i pagrieziet skavu, un rati sekund\u0113s atkal ir gatavi lieto\u0161anai k\u0101 atsevi\u0161\u0137i.<\/h6>\n","protected":false},"featured_media":68275,"comment_status":"open","ping_status":"closed","template":"","meta":{"_acf_changed":false,"om_disable_all_campaigns":false,"_monsterinsights_skip_tracking":false,"_monsterinsights_sitenote_active":false,"_monsterinsights_sitenote_note":"","_monsterinsights_sitenote_category":0,"_uf_show_specific_survey":0,"_uf_disable_surveys":false,"site-sidebar-layout":"default","site-content-layout":"","ast-site-content-layout":"default","site-content-style":"default","site-sidebar-style":"default","ast-global-header-display":"","ast-banner-title-visibility":"","ast-main-header-display":"","ast-hfb-above-header-display":"","ast-hfb-below-header-display":"","ast-hfb-mobile-header-display":"","site-post-title":"","ast-breadcrumbs-content":"","ast-featured-img":"","footer-sml-layout":"","theme-transparent-header-meta":"default","adv-header-id-meta":"","stick-header-meta":"","header-above-stick-meta":"","header-main-stick-meta":"","header-below-stick-meta":"","astra-migrate-meta-layouts":"set","ast-page-background-enabled":"default","ast-page-background-meta":{"desktop":{"background-color":"var(--ast-global-color-4)","background-image":"","background-repeat":"repeat","background-position":"center center","background-size":"auto","background-attachment":"scroll","background-type":"","background-media":"","overlay-type":"","overlay-color":"","overlay-opacity":"","overlay-gradient":""},"tablet":{"background-color":"","background-image":"","background-repeat":"repeat","background-position":"center center","background-size":"auto","background-attachment":"scroll","background-type":"","background-media":"","overlay-type":"","overlay-color":"","overlay-opacity":"","overlay-gradient":""},"mobile":{"background-color":"","background-image":"","background-repeat":"repeat","background-position":"center center","background-size":"auto","background-attachment":"scroll","background-type":"","background-media":"","overlay-type":"","overlay-color":"","overlay-opacity":"","overlay-gradient":""}},"ast-content-background-meta":{"desktop":{"background-color":"var(--ast-global-color-5)","background-image":"","background-repeat":"repeat","background-position":"center center","background-size":"auto","background-attachment":"scroll","background-type":"","background-media":"","overlay-type":"","overlay-color":"","overlay-opacity":"","overlay-gradient":""},"tablet":{"background-color":"var(--ast-global-color-5)","background-image":"","background-repeat":"repeat","background-position":"center center","background-size":"auto","background-attachment":"scroll","background-type":"","background-media":"","overlay-type":"","overlay-color":"","overlay-opacity":"","overlay-gradient":""},"mobile":{"background-color":"var(--ast-global-color-5)","background-image":"","background-repeat":"repeat","background-position":"center center","background-size":"auto","background-attachment":"scroll","background-type":"","background-media":"","overlay-type":"","overlay-color":"","overlay-opacity":"","overlay-gradient":""}}},"product_brand":[],"product_cat":[431,549,505,351],"product_tag":[],"class_list":{"0":"post-68280","1":"product","2":"type-product","3":"status-publish","4":"has-post-thumbnail","6":"product_cat-ratini","7":"product_cat-divvietigi-ratini","8":"product_cat-kampana","9":"product_cat-leclercbaby-lv","10":"desktop-align-left","11":"tablet-align-left","12":"mobile-align-left","14":"first","15":"instock","16":"sale","17":"taxable","18":"shipping-taxable","19":"purchasable","20":"product-type-variable"},"acf":[],"aioseo_notices":[],"_links":{"self":[{"href":"https:\/\/hummy.ee\/lv\/wp-json\/wp\/v2\/product\/68280","targetHints":{"allow":["GET"]}}],"collection":[{"href":"https:\/\/hummy.ee\/lv\/wp-json\/wp\/v2\/product"}],"about":[{"href":"https:\/\/hummy.ee\/lv\/wp-json\/wp\/v2\/types\/product"}],"replies":[{"embeddable":true,"href":"https:\/\/hummy.ee\/lv\/wp-json\/wp\/v2\/comments?post=68280"}],"version-history":[{"count":13,"href":"https:\/\/hummy.ee\/lv\/wp-json\/wp\/v2\/product\/68280\/revisions"}],"predecessor-version":[{"id":86139,"href":"https:\/\/hummy.ee\/lv\/wp-json\/wp\/v2\/product\/68280\/revisions\/86139"}],"wp:featuredmedia":[{"embeddable":true,"href":"https:\/\/hummy.ee\/lv\/wp-json\/wp\/v2\/media\/68275"}],"wp:attachment":[{"href":"https:\/\/hummy.ee\/lv\/wp-json\/wp\/v2\/media?parent=68280"}],"wp:term":[{"taxonomy":"product_brand","embeddable":true,"href":"https:\/\/hummy.ee\/lv\/wp-json\/wp\/v2\/product_brand?post=68280"},{"taxonomy":"product_cat","embeddable":true,"href":"https:\/\/hummy.ee\/lv\/wp-json\/wp\/v2\/product_cat?post=68280"},{"taxonomy":"product_tag","embeddable":true,"href":"https:\/\/hummy.ee\/lv\/wp-json\/wp\/v2\/product_tag?post=68280"}],"curies":[{"name":"wp","href":"https:\/\/api.w.org\/{rel}","templated":true}]}}