{"id":68223,"date":"2025-09-11T10:09:29","date_gmt":"2025-09-11T10:09:29","guid":{"rendered":"https:\/\/hummy.ee\/product\/leclercbaby-influencer-air-divvietigi-bernu-ratini\/"},"modified":"2026-04-11T13:54:12","modified_gmt":"2026-04-11T13:54:12","slug":"leclercbaby-influencer-air-dvinu-ratini","status":"publish","type":"product","link":"https:\/\/hummy.ee\/lv\/product\/leclercbaby-influencer-air-dvinu-ratini\/","title":{"rendered":"Leclercbaby Influencer Air dv\u012b\u0146u rati\u0146i"},"content":{"rendered":"<h6>Dodieties ce\u013c\u0101 un izbaudiet Leclercbaby Influencer Air viegl\u0101 rati\u0146a komfortu jebkur\u0101 viet\u0101. Rati\u0146a lieto\u0161ana ir \u013coti vienk\u0101r\u0161a, jo to var \u0101tri saloc\u012bt un atloc\u012bt ar vienu roku. Aizmugur\u0113 eso\u0161ais ventil\u0101cijas logs nodro\u0161ina b\u0113rnam v\u0113sumu, un kabata tur t\u0101lru\u0146u, atsl\u0113gas vai knup\u012b\u0161us \u0113rt\u0101 sasniedzam\u012bb\u0101. Iepakojiet to \u0113rti sav\u0101 ce\u013cojumu som\u0101 gan braucot ar automa\u0161\u012bnu, vilcienu, gan lidma\u0161\u012bnu. Influencer Air, kas sver tikai 6,6\u202fkg, ir viegls, kompakts un p\u0101rdom\u0101ts. Lieliski ir ar\u012b tas, ka rati\u0146\u0161 ir piem\u0113rots b\u0113rniem l\u012bdz 22\u202fkg. K\u0101pnes bag\u0101\u017eas izm\u0113rs \u2013 ietilpst lidma\u0161\u012bnas salon\u0101 bag\u0101\u017eas plaukt\u0101.<\/h6>\n<p>&nbsp;<\/p>\n<h6><strong>Komplekt\u0101 iek\u013cauts<\/strong><\/h6>\n<ul>\n<li>\n<h6>Kr\u016bz\u012b\u0161u tur\u0113t\u0101js (2 gab.)<\/h6>\n<\/li>\n<li>\n<h6>Dro\u0161\u012bbas stienis (2 gab.)<\/h6>\n<\/li>\n<li>\n<h6>Aizsargsoma (2 gab.)<\/h6>\n<\/li>\n<li>\n<h6><a href=\"https:\/\/hummy.ee\/lv\/product\/leclercbaby-divkarsie-un-dvinu-savienotaji\/\" target=\"_blank\" rel=\"noopener\">Divk\u0101r\u0161ie un dv\u012b\u0146u savienot\u0101ji (<\/a>3 gab.)<\/h6>\n<\/li>\n<\/ul>\n<h6>Lieta ir stil\u012bgos s\u012bkumos\u2026 Leclercbaby piev\u0113r\u0161 uzman\u012bbu deta\u013c\u0101m, funkcionalit\u0101tei, dro\u0161\u012bbai UN stilam.<\/h6>\n<p>&nbsp;<\/p>\n<h6 class=\"wp-block-heading\"><strong><em>Funkcijas:<\/em><\/strong><\/h6>\n<h6>Leclercbaby Influencer Air kabrio rati\u0146am ir ventil\u0101cijas atvere ar magn\u0113tu, ko var viegli atv\u0113rt un aizv\u0113rt, nodro\u0161inot lielisku gaisa cirkul\u0101ciju silt\u0101 laik\u0101 un \u013caujot p\u0101rbaud\u012bt gu\u013co\u0161\u0101 b\u0113rna st\u0101vokli. Aizmugur\u0113 ir \u012bpa\u0161i liela kabata, ide\u0101li piem\u0113rota mobilajam telefonam, atsl\u0113g\u0101m u.c., kad dodies tikai \u012bs\u0101 pastaig\u0101 un negribi \u0146emt l\u012bdzi auti\u0146biks\u012b\u0161u somu. Jumta atstarojo\u0161ais stienis pal\u012bdz ziemas vakaros nodro\u0161in\u0101t b\u0113rna dro\u0161\u012bbu, un jumtam ir SPF50+ saules aizsardz\u012bba. Jumta r\u0101v\u0113jsl\u0113dz\u0113ja pagarin\u0101juma panelis nodro\u0161ina labu gaisa cirkul\u0101ciju un izce\u013c rati\u0146u stil\u012bgumu. Smalki apstr\u0101d\u0101t\u0101s r\u0101v\u0113jsl\u0113dz\u0113ju pogas papildina stilu ar Elcee the Fox dizaina akcentiem.<\/h6>\n<p>&nbsp;<\/p>\n<h6><strong><em>Aksesu\u0101ri:<\/em><\/strong><\/h6>\n<h6>Ar papildus <a href=\"https:\/\/hummy.ee\/lv\/product\/leclercbaby-masinas-sedeklisa-adapteri\/\">auto s\u0113dek\u013ca adapteriem<\/a> j\u016bsu b\u0113rns var \u0113rt\u0101 veid\u0101 braukt ar grupas 0+ auto s\u0113dekli jau no dzim\u0161anas. Uzlabojiet Leclercbaby Influencer Air rati\u0146a izskatu ar aksesu\u0101riem. Izv\u0113lieties starp luksusa auti\u0146biks\u012b\u0161u somu, siltu ratu maisu, organizatoru, auto s\u0113dek\u013ca adapteriem vai s\u0113dek\u013ca st\u0101vvietu.<\/h6>\n<h6>Kompaktais rati\u0146\u0161 stil\u012bg\u0101s un modern\u0101s kr\u0101s\u0101s \u013cauj tev un mazajam viegli nok\u013c\u016bt jebkur!<\/h6>\n<p>&nbsp;<\/p>\n<h6><em><strong>Dro\u0161\u012bba:<\/strong><\/em><\/h6>\n<ul>\n<li>\n<h6>Saules aizsargs ar atstarojo\u0161u stieni<\/h6>\n<\/li>\n<li>\n<h6>Liela k\u0101ju bremze (piem\u0113rota lieto\u0161anai gan ar sand\u0101l\u0113m, gan augstiem pap\u0113\u017eiem)<\/h6>\n<\/li>\n<li>\n<h6>Magn\u0113tisk\u0101 piecu punktu dro\u0161\u012bbas josta \u2013 \u0113rtai piek\u013cuvei b\u0113rnam<\/h6>\n<\/li>\n<\/ul>\n<h6><em><strong>\u0112rt\u012bba gan jums, gan b\u0113rnam:<\/strong><\/em><\/h6>\n<ul>\n<li>\n<h6>Saules aizsargs ar skatlogu un auduma p\u0101rsegu (magn\u0113tisks)<\/h6>\n<\/li>\n<li>\n<h6>Tr\u012bs poz\u012bcij\u0101s regul\u0113jams atzveltnes atbalsts (ieskaitot gul\u0113\u0161anas poz\u012bciju \u2013 175 gr\u0101di)<\/h6>\n<\/li>\n<li>\n<h6>Regul\u0113jams k\u0101ju balsts (ieskaitot gul\u0113\u0161anas poz\u012bciju)<\/h6>\n<\/li>\n<li>\n<h6>Liela kabata aizmugur\u0113<\/h6>\n<\/li>\n<li>\n<h6>Liels un m\u012bksti polster\u0113ts s\u0113deklis b\u0113rnam l\u012bdz 22\u202fkg<\/h6>\n<\/li>\n<\/ul>\n<h6><em><strong>Lieto\u0161anas \u0113rt\u012bba:<\/strong><\/em><\/h6>\n<ul>\n<li>\n<h6>Rati\u0146u var saloc\u012bt un atloc\u012bt tikai ar vienu kust\u012bbu.<\/h6>\n<\/li>\n<li>\n<h6>No\u0146emams dro\u0161\u012bbas stienis<\/h6>\n<\/li>\n<li>\n<h6>Amortiz\u0101cija visos \u010detros rite\u0146os<\/h6>\n<\/li>\n<li>\n<h6>Stiprin\u0101juma vietas auti\u0146biks\u012b\u0161u somai un organizatoram<\/h6>\n<\/li>\n<li>\n<h6>Liels iepirkumu grozs l\u012bdz 3\u202fkg slodzei<\/h6>\n<\/li>\n<li>\n<h6 data-start=\"300\" data-end=\"491\">Influencer Air ir viegls - sver tikai 6,6 kg (viena rati\u0146a svars).<\/h6>\n<\/li>\n<li>\n<h6>Ietilpst lidma\u0161\u012bnas salon\u0101 bag\u0101\u017eas plaukt\u0101<\/h6>\n<\/li>\n<\/ul>\n<h6><em><strong>Aizsardz\u012bba pret laikapst\u0101k\u013ciem:<\/strong><\/em><\/h6>\n<ul>\n<li>\n<h6>Garais saulessargs SPF 50+<\/h6>\n<\/li>\n<li>\n<h6>600D \u016bdensnecaurlaid\u012bgs audums<\/h6>\n<\/li>\n<li>\n<h6>Aizmugur\u0113jais ventil\u0101cijas panelis<\/h6>\n<\/li>\n<\/ul>\n<h6><em><strong>Kvalitat\u012bvi materi\u0101li:<\/strong><\/em><\/h6>\n<ul>\n<li>\n<h6>M\u0101ksl\u012bg\u0101s \u0101das p\u0101rkl\u0101jums st\u016bm\u0113js un priek\u0161zobs (PU)<\/h6>\n<\/li>\n<li>\n<h6>Iztur\u012bga transport\u0113\u0161anas soma<\/h6>\n<\/li>\n<li>\n<h6>100% PU rite\u0146i un daudz kas cits<\/h6>\n<\/li>\n<\/ul>\n<h6><em>Vair\u0101k par to, k\u0101 izv\u0113l\u0113ties vieglus rati\u0146us, lasiet Hummy <a href=\"https:\/\/hummy.ee\/lv\/ka-izveleties-vieglus-ratinus\/\" target=\"_blank\" rel=\"noopener\">blog\u0101.<\/a><\/em><\/h6>\n<h6><em>Leclercbaby savienot\u0101ju apskatiet <a href=\"https:\/\/www.youtube.com\/watch?v=HFbqUnqFFXA\">\u0161eit<\/a>, bet Influencer Air vieglo gaisu - <a href=\"https:\/\/www.youtube.com\/watch?v=ejW-shrQYEk\" target=\"_blank\" rel=\"noopener\">\u0161eit.<\/a><\/em><\/h6>\n","protected":false},"excerpt":{"rendered":"<h6 data-start=\"136\" data-end=\"429\">P\u0101rv\u0113rtiet divas atsevi\u0161\u0137as Leclercbaby Influencer Air rati\u0146u sist\u0113mas p\u0101ris sekund\u0113s par divu b\u0113rnu rati\u0146iem, pateicoties Leclercbaby Twin-Duo skav\u0101m (komplekt\u0101 3 gab.). Ide\u0101ls risin\u0101jums \u0123imen\u0113m ar dv\u012b\u0146iem vai diviem maziem b\u0113rniem \u2013 vienk\u0101r\u0161s, bet iztur\u012bgs komplekts stingri savieno ratus, \u013caujot baud\u012bt \u0113rtu brauk\u0161anu blakus. Nepiecie\u0161ama elast\u012bba? No\u0146emiet tr\u012bs skavas sekund\u0113s un izmantojiet ratus atsevi\u0161\u0137i \u2013 katram vec\u0101kam pa vienam! Vai tas b\u016btu ikdienas pastaiga vai piedz\u012bvojums dab\u0101, \u0161\u012bs skavas sniedz br\u012bv\u012bbu \u0113rti p\u0101riet starp vienu un divu b\u0113rnu re\u017e\u012bmu. Vienk\u0101r\u0161i pagrieziet skavu, un rati sekund\u0113s atkal ir gatavi lieto\u0161anai k\u0101 atsevi\u0161\u0137i.<\/h6>\n","protected":false},"featured_media":68147,"comment_status":"open","ping_status":"closed","template":"","meta":{"_acf_changed":false,"om_disable_all_campaigns":false,"_monsterinsights_skip_tracking":false,"_monsterinsights_sitenote_active":false,"_monsterinsights_sitenote_note":"","_monsterinsights_sitenote_category":0,"_uf_show_specific_survey":0,"_uf_disable_surveys":false,"site-sidebar-layout":"default","site-content-layout":"","ast-site-content-layout":"default","site-content-style":"default","site-sidebar-style":"default","ast-global-header-display":"","ast-banner-title-visibility":"","ast-main-header-display":"","ast-hfb-above-header-display":"","ast-hfb-below-header-display":"","ast-hfb-mobile-header-display":"","site-post-title":"","ast-breadcrumbs-content":"","ast-featured-img":"","footer-sml-layout":"","theme-transparent-header-meta":"default","adv-header-id-meta":"","stick-header-meta":"","header-above-stick-meta":"","header-main-stick-meta":"","header-below-stick-meta":"","astra-migrate-meta-layouts":"set","ast-page-background-enabled":"default","ast-page-background-meta":{"desktop":{"background-color":"var(--ast-global-color-4)","background-image":"","background-repeat":"repeat","background-position":"center center","background-size":"auto","background-attachment":"scroll","background-type":"","background-media":"","overlay-type":"","overlay-color":"","overlay-opacity":"","overlay-gradient":""},"tablet":{"background-color":"","background-image":"","background-repeat":"repeat","background-position":"center center","background-size":"auto","background-attachment":"scroll","background-type":"","background-media":"","overlay-type":"","overlay-color":"","overlay-opacity":"","overlay-gradient":""},"mobile":{"background-color":"","background-image":"","background-repeat":"repeat","background-position":"center center","background-size":"auto","background-attachment":"scroll","background-type":"","background-media":"","overlay-type":"","overlay-color":"","overlay-opacity":"","overlay-gradient":""}},"ast-content-background-meta":{"desktop":{"background-color":"var(--ast-global-color-5)","background-image":"","background-repeat":"repeat","background-position":"center center","background-size":"auto","background-attachment":"scroll","background-type":"","background-media":"","overlay-type":"","overlay-color":"","overlay-opacity":"","overlay-gradient":""},"tablet":{"background-color":"var(--ast-global-color-5)","background-image":"","background-repeat":"repeat","background-position":"center center","background-size":"auto","background-attachment":"scroll","background-type":"","background-media":"","overlay-type":"","overlay-color":"","overlay-opacity":"","overlay-gradient":""},"mobile":{"background-color":"var(--ast-global-color-5)","background-image":"","background-repeat":"repeat","background-position":"center center","background-size":"auto","background-attachment":"scroll","background-type":"","background-media":"","overlay-type":"","overlay-color":"","overlay-opacity":"","overlay-gradient":""}}},"product_brand":[],"product_cat":[431,549,505,351],"product_tag":[],"class_list":{"0":"post-68223","1":"product","2":"type-product","3":"status-publish","4":"has-post-thumbnail","6":"product_cat-ratini","7":"product_cat-divvietigi-ratini","8":"product_cat-kampana","9":"product_cat-leclercbaby-lv","10":"desktop-align-left","11":"tablet-align-left","12":"mobile-align-left","14":"first","15":"instock","16":"sale","17":"taxable","18":"shipping-taxable","19":"purchasable","20":"product-type-variable"},"acf":[],"aioseo_notices":[],"_links":{"self":[{"href":"https:\/\/hummy.ee\/lv\/wp-json\/wp\/v2\/product\/68223","targetHints":{"allow":["GET"]}}],"collection":[{"href":"https:\/\/hummy.ee\/lv\/wp-json\/wp\/v2\/product"}],"about":[{"href":"https:\/\/hummy.ee\/lv\/wp-json\/wp\/v2\/types\/product"}],"replies":[{"embeddable":true,"href":"https:\/\/hummy.ee\/lv\/wp-json\/wp\/v2\/comments?post=68223"}],"version-history":[{"count":18,"href":"https:\/\/hummy.ee\/lv\/wp-json\/wp\/v2\/product\/68223\/revisions"}],"predecessor-version":[{"id":86429,"href":"https:\/\/hummy.ee\/lv\/wp-json\/wp\/v2\/product\/68223\/revisions\/86429"}],"wp:featuredmedia":[{"embeddable":true,"href":"https:\/\/hummy.ee\/lv\/wp-json\/wp\/v2\/media\/68147"}],"wp:attachment":[{"href":"https:\/\/hummy.ee\/lv\/wp-json\/wp\/v2\/media?parent=68223"}],"wp:term":[{"taxonomy":"product_brand","embeddable":true,"href":"https:\/\/hummy.ee\/lv\/wp-json\/wp\/v2\/product_brand?post=68223"},{"taxonomy":"product_cat","embeddable":true,"href":"https:\/\/hummy.ee\/lv\/wp-json\/wp\/v2\/product_cat?post=68223"},{"taxonomy":"product_tag","embeddable":true,"href":"https:\/\/hummy.ee\/lv\/wp-json\/wp\/v2\/product_tag?post=68223"}],"curies":[{"name":"wp","href":"https:\/\/api.w.org\/{rel}","templated":true}]}}