{"id":66210,"date":"2025-08-08T13:12:37","date_gmt":"2025-08-08T13:12:37","guid":{"rendered":"https:\/\/hummy.ee\/product\/abc-design-salsa-5-run-starta-komplekt\/"},"modified":"2026-02-26T19:48:32","modified_gmt":"2026-02-26T19:48:32","slug":"abc-design-salsa-5-run-3in1-tulip-ratu-komplekt","status":"publish","type":"product","link":"https:\/\/hummy.ee\/lv\/product\/abc-design-salsa-5-run-3in1-tulip-ratu-komplekt\/","title":{"rendered":"ABC Design Salsa 5 Run 3in1 Tulip ratu komplekts"},"content":{"rendered":"<h6><strong><em>Komplekt\u0101 ietilpst:<\/em><\/strong><\/h6>\n<ul data-spread=\"false\">\n<li>\n<h6>Ratu kulba \u2014 ide\u0101la vieta mazu\u013ca pirmajiem dz\u012bves m\u0113ne\u0161iem.<\/h6>\n<\/li>\n<li>\n<h6>S\u0113\u017eam\u0101 da\u013ca \u2014 regul\u0113jama un \u0113rta, ar \u0113rtu ieliktn\u012bti.<\/h6>\n<\/li>\n<li>\n<h6>Organizatora soma - taj\u0101 visas nepiecie\u0161am\u0101s lietas ir pa rokai.<\/h6>\n<\/li>\n<li>\n<h6><a href=\"https:\/\/hummy.ee\/lv\/product\/abc-design-tulip-i-size-zidainu-autokresls\/\" target=\"_blank\" rel=\"noopener\">Tulip autokr\u0113sli\u0146\u0161<\/a> (Black un Camel) \u2014 dro\u0161s un \u0113rts ikvienam braucienam automa\u0161\u012bn\u0101.<\/h6>\n<\/li>\n<li>\n<h6><a href=\"https:\/\/hummy.ee\/lv\/product\/abc-design-autokresla-adapteri\/\" target=\"_blank\" rel=\"noopener\">Autokr\u0113sli\u0146a adapteri<\/a> \u2014 vienk\u0101r\u0161a stiprin\u0101\u0161anas sist\u0113ma ratu r\u0101mim.<\/h6>\n<\/li>\n<li>\n<h6>Jaunais CozyCloud\u00ae matracis - papildu komforts un atbalsts mazu\u013ca miegam.<\/h6>\n<\/li>\n<li>\n<h6>Dro\u0161\u012bbas stienis \u2014 palielina b\u0113rna dro\u0161\u012bbu brauk\u0161anas laik\u0101.<\/h6>\n<\/li>\n<li>\n<h6>Aizsarg\u0101jo\u0161s p\u0101rvalks (UPF 50+) \u2014 aizsarg\u0101 no saules un v\u0113ja.<\/h6>\n<\/li>\n<\/ul>\n<h6><strong><em>Vienm\u0113r\u012bga brauk\u0161anas pieredze jebkur\u0101 apvid\u016b<\/em><\/strong><\/h6>\n<ul>\n<li class=\"elementor-widget-container\">\n<h6>Tr\u012bs lieli pneimatiskie rite\u0146i, blo\u0137\u0113jams priek\u0161\u0113jais ritenis un augstas kvalit\u0101tes balstiek\u0101rta nodro\u0161ina stabilit\u0101ti pat uz nel\u012bdzenas virsmas.<\/h6>\n<\/li>\n<li class=\"elementor-widget-container\">\n<h6>Dro\u0161\u012bbu palielina rokas un st\u0101vbremzes uz st\u016bres stie\u0146a, uzticamas \u0137\u0113des bremzes un rokas siksna.<\/h6>\n<\/li>\n<li class=\"elementor-widget-container\">\n<h6>Atstarojo\u0161as joslas lab\u0101kai redzam\u012bbai v\u0101j\u0101 apgaismojum\u0101.<\/h6>\n<\/li>\n<li class=\"elementor-widget-container\">\n<h6>Polster\u0113to s\u0113dekli var novietot horizont\u0101l\u0101 st\u0101vokl\u012b, nodro\u0161inot maksim\u0101lu komfortu b\u0113rnam.<\/h6>\n<\/li>\n<li>\n<h6><span style=\"font-size: 1.1em;\">Bezgal\u012bgi regul\u0113jam\u0101 HappyBelt\u00ae 5 punktu dro\u0161\u012bbas josta nodro\u0161ina dro\u0161u un dro\u0161u s\u0113d\u0113\u0161anas poz\u012bciju.<\/span><\/h6>\n<\/li>\n<\/ul>\n<h6><strong><em>Praktisks un ergonomisks dizains<\/em><\/strong><\/h6>\n<ul>\n<li>\n<h6>Regul\u0113jams stum\u0161anas rokturis - \u0113rts ikvienam vec\u0101kam.<\/h6>\n<\/li>\n<li>\n<h6>Magn\u0113tisk\u0101 dro\u0161\u012bbas jostu sist\u0113ma - \u0101tra un vienk\u0101r\u0161a aizdare.<\/h6>\n<\/li>\n<li>\n<h6>Polster\u0113tas plecu siksnas - papildu komfortam.<\/h6>\n<\/li>\n<li>\n<h6>Kompakts salok\u0101ms dizains - viegli transport\u0113jams un uzglab\u0101jams.<\/h6>\n<\/li>\n<li>\n<h6>Ikdienas lieto\u0161anai un sportam ABC Design Salsa 5 Run sporta rati\u0146i nav paredz\u0113ti tikai sportam \u2014 tos var izmantot ar\u012b ikdienas pastaig\u0101m un izbraucieniem.<\/h6>\n<\/li>\n<li>\n<h6>Komplekt\u0101 ietilpst ABC Design vankrikulba ratu kulba un Maxi-Cosi Pebble 360 Pro\u00b2 autokr\u0113sli\u0146\u0161 ar adapteriem, padarot to piem\u0113rotu lieto\u0161anai jau no dzim\u0161anas.<\/h6>\n<\/li>\n<\/ul>\n<h6 class=\"wp-block-heading\"><em><strong>Tulip autokr\u0113sli\u0146\u0161 \u2014 nodro\u0161ina vienm\u0113r optim\u0101lu aizsardz\u012bbu.<\/strong><\/em><\/h6>\n<h6>Iespiests s\u0113dek\u013ca ieliktnis efekt\u012bvi atbalsta mazuli kustoties, savuk\u0101rt viegli izliekt\u0101 pamatne \u013cauj nedaudz \u0161\u016bpot autokr\u0113sli\u0146u. Ar vienk\u0101r\u0161u stiprin\u0101\u0161anas meh\u0101nismu Tulip autokr\u0113sli\u0146\u0161 var \u0101tri p\u0101rveidot par ce\u013cojumu sist\u0113mu \u2014 to var piestiprin\u0101t da\u017eos so\u013cos ABC Design Salsa 5 Run ratiem vai dro\u0161i uzst\u0101d\u012bt automa\u0161\u012bn\u0101, izmantojot <a href=\"https:\/\/hummy.ee\/lv\/product\/abc-design-isofix-base-root\/\">Isofix Base Root<\/a> (p\u0113c izv\u0113les).<br \/>\nTulip autokr\u0113sli\u0146\u0161 piem\u0113rots b\u0113rniem no 0 l\u012bdz 15 m\u0113ne\u0161iem, 45\u201385 cm garum\u0101 vai l\u012bdz 13 kg svaram. Regul\u0113jamais galvas balsts viegli piel\u0101gojams b\u0113rna izm\u0113riem. No\u0146emamais p\u0101rvalks ir mazg\u0101jams.<\/h6>\n<p>&nbsp;<\/p>\n<h6><strong><em>Papildu funkcijas:<\/em><\/strong><\/h6>\n<ul>\n<li style=\"list-style-type: none;\">\n<ul data-spread=\"false\">\n<li>\n<h6>Rite\u0146i ar balstiek\u0101rtu un gult\u0146iem<\/h6>\n<\/li>\n<li>\n<h6>Gaisa rite\u0146i<\/h6>\n<\/li>\n<li>\n<h6>Rot\u0113jo\u0161ie rite\u0146i<\/h6>\n<\/li>\n<li>\n<h6>Iesp\u0113ja piestiprin\u0101t autokr\u0113sli\u0146u pie ratu r\u0101mja<\/h6>\n<\/li>\n<li>\n<h6>Regul\u0113jams atzveltnes un k\u0101ju balsts<\/h6>\n<\/li>\n<li>\n<h6>\u016adensnecaurlaid\u012bgs materi\u0101ls<\/h6>\n<\/li>\n<li>\n<h6>No\u0146emami rite\u0146i un dro\u0161\u012bbas stienis<\/h6>\n<\/li>\n<li>\n<h6>Liels grozs (l\u012bdz 5 kg)<\/h6>\n<\/li>\n<li>\n<h6>Revers\u012bvs s\u0113deklis<\/h6>\n<\/li>\n<li>\n<h6>Transporta sl\u0113dzene<\/h6>\n<\/li>\n<li>\n<h6>Revers\u012bvs s\u0113deklis<\/h6>\n<\/li>\n<li>\n<h6>Univers\u0101lie stiprin\u0101juma punkti<\/h6>\n<\/li>\n<li>\n<h6>Viengabala salok\u0101ms<\/h6>\n<\/li>\n<\/ul>\n<\/li>\n<\/ul>\n<h6><strong><em>Savietojam\u012bba un sader\u012bba:<\/em><\/strong><\/h6>\n<ul data-spread=\"false\">\n<li>\n<h6>Vecums: no dzim\u0161anas<\/h6>\n<\/li>\n<li>\n<h6>Celtsp\u0113ja: l\u012bdz 27 kg (b\u0113rns l\u012bdz 22 kg + 5 kg papildus groz\u0101).<\/h6>\n<\/li>\n<\/ul>\n<h6><\/h6>\n<h6><\/h6>\n<h6><em>Noskatieties iepaz\u012b\u0161an\u0101s <a href=\"https:\/\/www.youtube.com\/watch?v=CTDmPW1ZHTo\">videoklipu<\/a>, lai uzzin\u0101tu vair\u0101k.<\/em><\/h6>\n<h6><\/h6>\n<h6><em>Pareizie rite\u0146i padara b\u0113rnu rati\u0146u lieto\u0161anu daudz \u0113rt\u0101ku! Uzziniet, k\u0101 izv\u0113l\u0113ties sev piem\u0113rot\u0101ko risin\u0101jumu, Hummy <a href=\"https:\/\/hummy.ee\/lv\/kuru-bernu-ratinus-ar-riteniem-izveleties\/\" target=\"_blank\" rel=\"nofollow noopener\">blog\u0101.<\/a> <\/em><\/h6>\n","protected":false},"excerpt":{"rendered":"<h6>ABC Design Salsa 5 Run starta komplekts \u2014 sportisks un \u0113rts akt\u012bvaj\u0101m \u0123imen\u0113m. Atkl\u0101jiet skrie\u0161anas rati\u0146us, kas padar\u012bs j\u016bsu b\u0113rnu par treni\u0146u biedru. \u0160is vieglais un \u0113rtais starta komplekts atbalsta akt\u012bvu dz\u012bvesveidu un nodro\u0161ina b\u0113rnam dro\u0161u un stabilu brauk\u0161anas pieredzi \u2014 gan rati\u0146os, gan automa\u0161\u012bn\u0101, gan k\u0101 ce\u013cojumu sist\u0113mu ar Tulip autokr\u0113sli\u0146\u0161 autokr\u0113sli\u0146u.<\/h6>\n<h6><\/h6>\n<h6>J\u016bsu b\u0113rns izbaud\u012bs maksim\u0101lu gul\u0113\u0161anas un atp\u016btas komfortu gan rati\u0146os, gan autokr\u0113sli\u0146\u0101, turkl\u0101t dro\u0161\u012bba vienm\u0113r b\u016bs garant\u0113ta. To nodro\u0161ina divi augstas kvalit\u0101tes un dro\u0161i produkti vien\u0101 komplekt\u0101: ABC Design Salsa Run ratu komplekts un Tulip i-Size autokr\u0113sli\u0146\u0161. ADAC un Stiftung Warentest testos Tulip i-Size sa\u0146\u0113mis nov\u0113rt\u0113jumu \u201cLabi\u201d (2,2), pier\u0101dot, ka tas ir viens no dro\u0161\u0101kajiem izv\u0113l\u0113m j\u016bsu mazulim.<\/h6>\n","protected":false},"featured_media":41645,"comment_status":"open","ping_status":"closed","template":"","meta":{"_acf_changed":false,"om_disable_all_campaigns":false,"_monsterinsights_skip_tracking":false,"_monsterinsights_sitenote_active":false,"_monsterinsights_sitenote_note":"","_monsterinsights_sitenote_category":0,"_uf_show_specific_survey":0,"_uf_disable_surveys":false,"site-sidebar-layout":"default","site-content-layout":"","ast-site-content-layout":"default","site-content-style":"default","site-sidebar-style":"default","ast-global-header-display":"","ast-banner-title-visibility":"","ast-main-header-display":"","ast-hfb-above-header-display":"","ast-hfb-below-header-display":"","ast-hfb-mobile-header-display":"","site-post-title":"","ast-breadcrumbs-content":"","ast-featured-img":"","footer-sml-layout":"","theme-transparent-header-meta":"default","adv-header-id-meta":"","stick-header-meta":"","header-above-stick-meta":"","header-main-stick-meta":"","header-below-stick-meta":"","astra-migrate-meta-layouts":"set","ast-page-background-enabled":"default","ast-page-background-meta":{"desktop":{"background-color":"var(--ast-global-color-4)","background-image":"","background-repeat":"repeat","background-position":"center center","background-size":"auto","background-attachment":"scroll","background-type":"","background-media":"","overlay-type":"","overlay-color":"","overlay-opacity":"","overlay-gradient":""},"tablet":{"background-color":"","background-image":"","background-repeat":"repeat","background-position":"center center","background-size":"auto","background-attachment":"scroll","background-type":"","background-media":"","overlay-type":"","overlay-color":"","overlay-opacity":"","overlay-gradient":""},"mobile":{"background-color":"","background-image":"","background-repeat":"repeat","background-position":"center center","background-size":"auto","background-attachment":"scroll","background-type":"","background-media":"","overlay-type":"","overlay-color":"","overlay-opacity":"","overlay-gradient":""}},"ast-content-background-meta":{"desktop":{"background-color":"var(--ast-global-color-5)","background-image":"","background-repeat":"repeat","background-position":"center center","background-size":"auto","background-attachment":"scroll","background-type":"","background-media":"","overlay-type":"","overlay-color":"","overlay-opacity":"","overlay-gradient":""},"tablet":{"background-color":"var(--ast-global-color-5)","background-image":"","background-repeat":"repeat","background-position":"center center","background-size":"auto","background-attachment":"scroll","background-type":"","background-media":"","overlay-type":"","overlay-color":"","overlay-opacity":"","overlay-gradient":""},"mobile":{"background-color":"var(--ast-global-color-5)","background-image":"","background-repeat":"repeat","background-position":"center center","background-size":"auto","background-attachment":"scroll","background-type":"","background-media":"","overlay-type":"","overlay-color":"","overlay-opacity":"","overlay-gradient":""}}},"product_brand":[],"product_cat":[526,505,320,579],"product_tag":[],"class_list":{"0":"post-66210","1":"product","2":"type-product","3":"status-publish","4":"has-post-thumbnail","6":"product_cat-abc-dizains","7":"product_cat-kampana","8":"product_cat-uncategorized-lv","9":"product_cat-sporta-ratini","10":"desktop-align-left","11":"tablet-align-left","12":"mobile-align-left","14":"first","15":"instock","16":"taxable","17":"shipping-taxable","18":"purchasable","19":"product-type-variable"},"acf":[],"aioseo_notices":[],"_links":{"self":[{"href":"https:\/\/hummy.ee\/lv\/wp-json\/wp\/v2\/product\/66210","targetHints":{"allow":["GET"]}}],"collection":[{"href":"https:\/\/hummy.ee\/lv\/wp-json\/wp\/v2\/product"}],"about":[{"href":"https:\/\/hummy.ee\/lv\/wp-json\/wp\/v2\/types\/product"}],"replies":[{"embeddable":true,"href":"https:\/\/hummy.ee\/lv\/wp-json\/wp\/v2\/comments?post=66210"}],"version-history":[{"count":13,"href":"https:\/\/hummy.ee\/lv\/wp-json\/wp\/v2\/product\/66210\/revisions"}],"predecessor-version":[{"id":84870,"href":"https:\/\/hummy.ee\/lv\/wp-json\/wp\/v2\/product\/66210\/revisions\/84870"}],"wp:featuredmedia":[{"embeddable":true,"href":"https:\/\/hummy.ee\/lv\/wp-json\/wp\/v2\/media\/41645"}],"wp:attachment":[{"href":"https:\/\/hummy.ee\/lv\/wp-json\/wp\/v2\/media?parent=66210"}],"wp:term":[{"taxonomy":"product_brand","embeddable":true,"href":"https:\/\/hummy.ee\/lv\/wp-json\/wp\/v2\/product_brand?post=66210"},{"taxonomy":"product_cat","embeddable":true,"href":"https:\/\/hummy.ee\/lv\/wp-json\/wp\/v2\/product_cat?post=66210"},{"taxonomy":"product_tag","embeddable":true,"href":"https:\/\/hummy.ee\/lv\/wp-json\/wp\/v2\/product_tag?post=66210"}],"curies":[{"name":"wp","href":"https:\/\/api.w.org\/{rel}","templated":true}]}}