{"id":62803,"date":"2025-06-16T09:26:25","date_gmt":"2025-06-16T09:26:25","guid":{"rendered":"https:\/\/hummy.ee\/product\/abc-design-sports-locarno-45l-celojumu-soma\/"},"modified":"2026-03-03T09:41:25","modified_gmt":"2026-03-03T09:41:25","slug":"abc-design-sports-locarno-45l-soma","status":"publish","type":"product","link":"https:\/\/hummy.ee\/lv\/product\/abc-design-sports-locarno-45l-soma\/","title":{"rendered":"ABC Design Sports Locarno 45L ce\u013cojumu soma"},"content":{"rendered":"<h6 data-start=\"659\" data-end=\"701\"><em><strong data-start=\"663\" data-end=\"701\">Pla\u0161a atv\u0113r\u0161an\u0101s un p\u0101rdom\u0101ta satura izvietojuma sist\u0113ma<\/strong><\/em><\/h6>\n<h6 data-start=\"702\" data-end=\"1135\">Liela galven\u0101 nodal\u012bjuma atv\u0113r\u0161ana l\u012bdz\u012bga kofera atv\u0113r\u0161anai padara iepako\u0161anu p\u0113c iesp\u0113jas \u0113rt\u0101ku un \u0101tr\u0101ku. Taj\u0101 ir pietiekami daudz vietas dr\u0113b\u0113m, apaviem vai apr\u012bkojumam. Divi iek\u0161\u0113jie s\u0101nu kabati \u2013 t\u012bkli\u0146a kabata ar r\u0101v\u0113jsl\u0113dz\u0113ju un no\u0146emama soma ar Velcro stiprin\u0101jumu \u2013 pal\u012bdz saglab\u0101t maz\u0101kas lietas k\u0101rt\u012bb\u0101 un viegli pieejamas. Galven\u0101 nodal\u012bjuma r\u0101v\u0113jsl\u0113dz\u0113js ir \u016bdensiztur\u012bgs un p\u0113c dro\u0161\u012bbas var papildus aizsl\u0113gt ar kofera atsl\u0113gu. Ide\u0101li piem\u0113rots lidojumiem.<\/h6>\n<p>&nbsp;<\/p>\n<h6 data-start=\"1142\" data-end=\"1190\"><em><strong data-start=\"1146\" data-end=\"1190\">\u0100r\u0113j\u0101 kabata un kartes kabata ar adreses logu<\/strong><\/em><\/h6>\n<h6 data-start=\"1191\" data-end=\"1462\">Somas \u0101r\u0113j\u0101 \u016bdensiztur\u012bg\u0101 kabata ar r\u0101v\u0113jsl\u0113dz\u0113ju aizsarg\u0101 svar\u012bgas lietas, piem\u0113ram, maku vai ce\u013co\u0161anas dokumentus, un nodro\u0161ina \u0101tru piek\u013cuvi. Kartes kabata ar caursp\u012bd\u012bgu logu pal\u012bdz \u0101tr\u0101k atgriezt somu \u012bpa\u0161niekam, ja t\u0101 paz\u016bd. \u012apa\u0161i \u0113rti lietojama lidma\u0161\u012bnu vai vilcienu ce\u013cojumos.<\/h6>\n<p>&nbsp;<\/p>\n<h6 data-start=\"1469\" data-end=\"1523\"><em><strong data-start=\"1473\" data-end=\"1523\">N\u0113s\u0101 p\u0113c savas izv\u0113les <\/strong><\/em><\/h6>\n<h6 data-start=\"1524\" data-end=\"1963\">Locarno var n\u0113s\u0101t k\u0101 mugursomu, p\u0101ri plecam vai tradicion\u0101li no roktura. M\u012bkstin\u0101tie mugursomas siksnas nodro\u0161ina komfortu pat gar\u0101kos p\u0101rg\u0101jienos. Regul\u0113jam\u0101 kr\u016b\u0161u siksna prec\u012bzi piel\u0101gojas n\u0113s\u0101t\u0101jam. Ar \u0101tr\u0101s atsl\u0113g\u0161anas spr\u0101dzi siksnas var \u0101tri no\u0146emt un nepiecie\u0161am\u012bbas gad\u012bjum\u0101 piln\u012bb\u0101 atdal\u012bt no somas. Tas samazina nodilumu un padara somu \u0113rt\u0101ku uzglab\u0101\u0161anai \u2013 gan bag\u0101\u017e\u0101, gan automa\u0161\u012bn\u0101, gan lidostas re\u0123istr\u0101cijas laik\u0101.<\/h6>\n<h6 data-start=\"1965\" data-end=\"2105\"><\/h6>\n<h6 data-start=\"1965\" data-end=\"2105\">Divi pastiprin\u0101ti s\u0101nu rokturi padara pacel\u0161anu un apstr\u0101di vieglu jebkur\u0101 situ\u0101cij\u0101, piem\u0113ram, sabiedriskaj\u0101 transport\u0101 vai bag\u0101\u017eas plaukt\u0101.<\/h6>\n<p>&nbsp;<\/p>\n<h6 data-start=\"2112\" data-end=\"2163\"><em><strong data-start=\"2116\" data-end=\"2163\">\u0100r\u0113jie stiprin\u0101jumi un lab\u0101kas redzam\u012bbas nodro\u0161in\u0101t\u0101ji<\/strong><\/em><\/h6>\n<h6 data-start=\"2164\" data-end=\"2460\">Katru pus\u0113 eso\u0161ie \u010detri D-gredzeni \u013cauj piestiprin\u0101t karab\u012bnes, siksnas vai papildapr\u012bkojumu. Somas apak\u0161\u0101 ir divi pastiprin\u0101ti pane\u013ci ar atver\u0113m, caur kuriem var piestiprin\u0101t, piem\u0113ram, izol\u0101cijas pakl\u0101ju, jaku vai citu apr\u012bkojumu. \u010cetru pusi atstarojo\u0161ie elementi nodro\u0161ina lab\u0101ku redzam\u012bbu tums\u0101.<\/h6>\n<p>&nbsp;<\/p>\n<h6 data-start=\"2467\" data-end=\"2516\"><em><strong data-start=\"2471\" data-end=\"2516\">Gaisa v\u0101rsts tilpuma regul\u0113\u0161anai un aizsardz\u012bbai<\/strong><\/em><\/h6>\n<h6 data-start=\"2517\" data-end=\"2917\">Ieb\u016bv\u0113ts gaisa v\u0101rsts \u013cauj piel\u0101got somas tilpumu un aizsarg\u0101t t\u0101s saturu. Ievadot gaisu, veidojas aizsarg\u0101jo\u0161a gaisa spilvena, kas samazina triecienus un nodro\u0161ina jut\u012bgu priek\u0161metu, piem\u0113ram, kameras apr\u012bkojuma vai suven\u012bru, dro\u0161\u012bbu. Izvadot gaisu, soma k\u013c\u016bst zem\u0101ka un kompakt\u0101ka. Ide\u0101li piem\u0113rota izvieto\u0161anai bag\u0101\u017eas plauktos vai automa\u0161\u012bn\u0101.<\/h6>\n<p>&nbsp;<\/p>\n<h6 data-start=\"2924\" data-end=\"2988\"><em><strong data-start=\"2928\" data-end=\"2988\">Laikapst\u0101k\u013ciem iztur\u012bgs, viegli kopjams un videi draudz\u012bgs<\/strong><\/em><\/h6>\n<h6 data-start=\"2989\" data-end=\"3382\">Locarno ir izgatavots no iztur\u012bga neilona ar TPU p\u0101rkl\u0101jumu \u2013 \u016bdeni atgr\u016bdo\u0161s, nodilumiztur\u012bgs un ar ilgu kalpo\u0161anas laiku. Pat skarbos laikapst\u0101k\u013cos saturs paliek aizsarg\u0101ts, un t\u012br\u012b\u0161ana ir vienk\u0101r\u0161a \u2013 pietiek ar mitru dr\u0101ni\u0146u. Soma ir piln\u012bb\u0101 PFC br\u012bva, kas noz\u012bm\u0113, ka t\u0101s ra\u017eo\u0161an\u0101 nav izmantotas kait\u012bgas \u0137\u012bmiskas vielas.<\/h6>\n<h6 data-start=\"3389\" data-end=\"3426\"><\/h6>\n<p>&nbsp;<\/p>\n<p>&nbsp;<\/p>\n<h6><em>Noskatieties iepaz\u012b\u0161an\u0101s <a href=\"https:\/\/www.youtube.com\/watch?v=ewkq8wb6JDg\" target=\"_blank\" rel=\"noopener\">videoklipu<\/a>, lai uzzin\u0101tu vair\u0101k.<\/em><\/h6>\n","protected":false},"excerpt":{"rendered":"<h6>Locarno ce\u013cojumu soma ir uzticams sabiedrotais ikvienam, kas nev\u0113las kompromisus ce\u013c\u0101. 45 litru ietilp\u012bba, iztur\u012bga konstrukcija un daudzveid\u012bgas n\u0113s\u0101\u0161anas iesp\u0113jas padara to ide\u0101li piem\u0113rotu ned\u0113\u013cas nogales ce\u013cojumiem, p\u0101rg\u0101jieniem, sporta pas\u0101kumiem vai lidojumiem. Minimalistisks dizains satiek gudras funkcijas \u2013 tiem, kam nepiecie\u0161ams vair\u0101k nek\u0101 tikai viena soma.<\/h6>\n","protected":false},"featured_media":62793,"comment_status":"open","ping_status":"closed","template":"","meta":{"_acf_changed":false,"om_disable_all_campaigns":false,"_monsterinsights_skip_tracking":false,"_monsterinsights_sitenote_active":false,"_monsterinsights_sitenote_note":"","_monsterinsights_sitenote_category":0,"_uf_show_specific_survey":0,"_uf_disable_surveys":false,"site-sidebar-layout":"default","site-content-layout":"","ast-site-content-layout":"default","site-content-style":"default","site-sidebar-style":"default","ast-global-header-display":"","ast-banner-title-visibility":"","ast-main-header-display":"","ast-hfb-above-header-display":"","ast-hfb-below-header-display":"","ast-hfb-mobile-header-display":"","site-post-title":"","ast-breadcrumbs-content":"","ast-featured-img":"","footer-sml-layout":"","theme-transparent-header-meta":"default","adv-header-id-meta":"","stick-header-meta":"","header-above-stick-meta":"","header-main-stick-meta":"","header-below-stick-meta":"","astra-migrate-meta-layouts":"set","ast-page-background-enabled":"default","ast-page-background-meta":{"desktop":{"background-color":"var(--ast-global-color-4)","background-image":"","background-repeat":"repeat","background-position":"center center","background-size":"auto","background-attachment":"scroll","background-type":"","background-media":"","overlay-type":"","overlay-color":"","overlay-opacity":"","overlay-gradient":""},"tablet":{"background-color":"","background-image":"","background-repeat":"repeat","background-position":"center center","background-size":"auto","background-attachment":"scroll","background-type":"","background-media":"","overlay-type":"","overlay-color":"","overlay-opacity":"","overlay-gradient":""},"mobile":{"background-color":"","background-image":"","background-repeat":"repeat","background-position":"center center","background-size":"auto","background-attachment":"scroll","background-type":"","background-media":"","overlay-type":"","overlay-color":"","overlay-opacity":"","overlay-gradient":""}},"ast-content-background-meta":{"desktop":{"background-color":"var(--ast-global-color-5)","background-image":"","background-repeat":"repeat","background-position":"center center","background-size":"auto","background-attachment":"scroll","background-type":"","background-media":"","overlay-type":"","overlay-color":"","overlay-opacity":"","overlay-gradient":""},"tablet":{"background-color":"var(--ast-global-color-5)","background-image":"","background-repeat":"repeat","background-position":"center center","background-size":"auto","background-attachment":"scroll","background-type":"","background-media":"","overlay-type":"","overlay-color":"","overlay-opacity":"","overlay-gradient":""},"mobile":{"background-color":"var(--ast-global-color-5)","background-image":"","background-repeat":"repeat","background-position":"center center","background-size":"auto","background-attachment":"scroll","background-type":"","background-media":"","overlay-type":"","overlay-color":"","overlay-opacity":"","overlay-gradient":""}}},"product_brand":[],"product_cat":[526,1145,511,350,1154,1146],"product_tag":[],"class_list":{"0":"post-62803","1":"product","2":"type-product","3":"status-publish","4":"has-post-thumbnail","6":"product_cat-abc-dizains","7":"product_cat-ara-somas","8":"product_cat-jauni-produkti","9":"product_cat-somas-un-mugursomas","10":"product_cat-sports-lv","11":"product_cat-sports","12":"desktop-align-left","13":"tablet-align-left","14":"mobile-align-left","16":"first","17":"onbackorder","18":"taxable","19":"shipping-taxable","20":"purchasable","21":"product-type-variable"},"acf":[],"aioseo_notices":[],"_links":{"self":[{"href":"https:\/\/hummy.ee\/lv\/wp-json\/wp\/v2\/product\/62803","targetHints":{"allow":["GET"]}}],"collection":[{"href":"https:\/\/hummy.ee\/lv\/wp-json\/wp\/v2\/product"}],"about":[{"href":"https:\/\/hummy.ee\/lv\/wp-json\/wp\/v2\/types\/product"}],"replies":[{"embeddable":true,"href":"https:\/\/hummy.ee\/lv\/wp-json\/wp\/v2\/comments?post=62803"}],"version-history":[{"count":9,"href":"https:\/\/hummy.ee\/lv\/wp-json\/wp\/v2\/product\/62803\/revisions"}],"predecessor-version":[{"id":85319,"href":"https:\/\/hummy.ee\/lv\/wp-json\/wp\/v2\/product\/62803\/revisions\/85319"}],"wp:featuredmedia":[{"embeddable":true,"href":"https:\/\/hummy.ee\/lv\/wp-json\/wp\/v2\/media\/62793"}],"wp:attachment":[{"href":"https:\/\/hummy.ee\/lv\/wp-json\/wp\/v2\/media?parent=62803"}],"wp:term":[{"taxonomy":"product_brand","embeddable":true,"href":"https:\/\/hummy.ee\/lv\/wp-json\/wp\/v2\/product_brand?post=62803"},{"taxonomy":"product_cat","embeddable":true,"href":"https:\/\/hummy.ee\/lv\/wp-json\/wp\/v2\/product_cat?post=62803"},{"taxonomy":"product_tag","embeddable":true,"href":"https:\/\/hummy.ee\/lv\/wp-json\/wp\/v2\/product_tag?post=62803"}],"curies":[{"name":"wp","href":"https:\/\/api.w.org\/{rel}","templated":true}]}}