{"id":62492,"date":"2025-06-15T17:38:49","date_gmt":"2025-06-15T17:38:49","guid":{"rendered":"https:\/\/hummy.ee\/product\/abc-design-sporta-universalais-stiprinajums\/"},"modified":"2026-03-03T07:15:20","modified_gmt":"2026-03-03T07:15:20","slug":"abc-design-sporta-universalais-stiprinajums","status":"publish","type":"product","link":"https:\/\/hummy.ee\/lv\/product\/abc-design-sporta-universalais-stiprinajums\/","title":{"rendered":"ABC Design Sporta univers\u0101lais stiprin\u0101jums"},"content":{"rendered":"<h6 data-start=\"718\" data-end=\"760\"><em><strong>Stingra sa\u0137ere \u2013 bez jebk\u0101das \u013codz\u012b\u0161an\u0101s<\/strong><\/em><\/h6>\n<h6 data-start=\"762\" data-end=\"965\">Divi pastiprin\u0101ti stiprin\u0101juma punkti nodro\u0161ina \u012bpa\u0161i stabilu fiks\u0101ciju. Soma dro\u0161i paliek sav\u0101 viet\u0101 \u2013 gan uz ratiem, gan uz velopiekabes vai cita cauru\u013cu r\u0101mja. Bez \u013codz\u012b\u0161an\u0101s un sl\u012bd\u0113\u0161anas.<\/h6>\n<p>&nbsp;<\/p>\n<h6 data-start=\"972\" data-end=\"1022\"><strong><em>Individu\u0101li regul\u0113jama un blo\u0137\u0113jama<\/em><\/strong><\/h6>\n<h6 data-start=\"1024\" data-end=\"1205\">Stiprin\u0101jumu var viegli pagriezt un nofiks\u0113t v\u0113lamaj\u0101 poz\u012bcij\u0101. T\u0101d\u0113j\u0101di somu vienm\u0113r var noregul\u0113t tie\u0161i t\u0101, k\u0101 nepiecie\u0161ams \u2013 \u0101tra piek\u013cuve un optim\u0101ls novietojums jebkur\u0101 situ\u0101cij\u0101.<\/h6>\n<p>&nbsp;<\/p>\n<h6 data-start=\"1212\" data-end=\"1246\"><em><strong>Daudzpus\u012bgas stiprin\u0101\u0161anas iesp\u0113jas<\/strong><\/em><\/h6>\n<h6 data-start=\"1248\" data-end=\"1497\">Pateicoties praktiskajai regul\u0113\u0161anas skr\u016bvei, stiprin\u0101jumu var vienk\u0101r\u0161i un dro\u0161i uzst\u0101d\u012bt uz vis\u0101m caurul\u0113m ar diametru 2,7\u20133,5 cm. Ide\u0101li piem\u0113rots b\u0113rnu ratiem, velopiekab\u0113m, tel\u0161u caurul\u0113m un daudziem citiem pielietojumiem \u2013 vienk\u0101r\u0161a uzst\u0101d\u012b\u0161ana, dro\u0161s rezult\u0101ts.<\/h6>\n<p>&nbsp;<\/p>\n<h6 data-start=\"1504\" data-end=\"1556\"><em><strong>Ide\u0101la sader\u012bba ar ABC Design Sports som\u0101m<\/strong><\/em><\/h6>\n<h6 data-start=\"1558\" data-end=\"1807\">Univers\u0101ls stiprin\u0101jums lieliski piem\u0113rots ABC Design Sports s\u0113rijas som\u0101m \u2013 tostarp Lausanne, Solothurn un Z\u00fcrich mugursom\u0101m, k\u0101 ar\u012b Geneva un Sion s\u0113dek\u013ca som\u0101m. Piestiprini, noregul\u0113 un dodies ce\u013c\u0101 \u2013 ide\u0101li piem\u0113rots ikdienai un akt\u012bv\u0101m piedz\u012bvojumu nodarb\u0113m.<\/h6>\n<p>&nbsp;<\/p>\n<h6><em>Noskatieties iepaz\u012b\u0161an\u0101s <a href=\"https:\/\/www.youtube.com\/watch?time_continue=2&amp;v=CR01u7-HiYI&amp;embeds_referring_euri=https%3A%2F%2Fwww.abc-design.de%2F&amp;embeds_referring_origin=https%3A%2F%2Fwww.abc-design.de\">videoklipu<\/a>, lai uzzin\u0101tu vair\u0101k.<\/em><\/h6>\n","protected":false},"excerpt":{"rendered":"<h6 data-start=\"367\" data-end=\"411\">Viena stiprin\u0101juma, neskait\u0101mas iesp\u0113jas. ABC Design Sports univers\u0101lais stiprin\u0101jums nodro\u0161ina maksim\u0101lu elast\u012bbu un dro\u0161u tur\u0113\u0161anu \u2013 neatkar\u012bgi no t\u0101, kur j\u016bs diena aizved. Vai tas b\u016btu b\u0113rnu rati, velopiekabe vai cits r\u0101mis (diametr\u0101 2,7\u20133,5 cm) \u2013 ar \u0161o stiprin\u0101jumu soma paliek dro\u0161i sav\u0101 viet\u0101, pat kust\u012bb\u0101 vai nel\u012bdzen\u0101 reljef\u0101.<\/h6>\n","protected":false},"featured_media":62481,"comment_status":"open","ping_status":"closed","template":"","meta":{"_acf_changed":false,"om_disable_all_campaigns":false,"_monsterinsights_skip_tracking":false,"_monsterinsights_sitenote_active":false,"_monsterinsights_sitenote_note":"","_monsterinsights_sitenote_category":0,"_uf_show_specific_survey":0,"_uf_disable_surveys":false,"site-sidebar-layout":"default","site-content-layout":"","ast-site-content-layout":"default","site-content-style":"default","site-sidebar-style":"default","ast-global-header-display":"","ast-banner-title-visibility":"","ast-main-header-display":"","ast-hfb-above-header-display":"","ast-hfb-below-header-display":"","ast-hfb-mobile-header-display":"","site-post-title":"","ast-breadcrumbs-content":"","ast-featured-img":"","footer-sml-layout":"","theme-transparent-header-meta":"default","adv-header-id-meta":"","stick-header-meta":"","header-above-stick-meta":"","header-main-stick-meta":"","header-below-stick-meta":"","astra-migrate-meta-layouts":"set","ast-page-background-enabled":"default","ast-page-background-meta":{"desktop":{"background-color":"var(--ast-global-color-4)","background-image":"","background-repeat":"repeat","background-position":"center center","background-size":"auto","background-attachment":"scroll","background-type":"","background-media":"","overlay-type":"","overlay-color":"","overlay-opacity":"","overlay-gradient":""},"tablet":{"background-color":"","background-image":"","background-repeat":"repeat","background-position":"center center","background-size":"auto","background-attachment":"scroll","background-type":"","background-media":"","overlay-type":"","overlay-color":"","overlay-opacity":"","overlay-gradient":""},"mobile":{"background-color":"","background-image":"","background-repeat":"repeat","background-position":"center center","background-size":"auto","background-attachment":"scroll","background-type":"","background-media":"","overlay-type":"","overlay-color":"","overlay-opacity":"","overlay-gradient":""}},"ast-content-background-meta":{"desktop":{"background-color":"var(--ast-global-color-5)","background-image":"","background-repeat":"repeat","background-position":"center center","background-size":"auto","background-attachment":"scroll","background-type":"","background-media":"","overlay-type":"","overlay-color":"","overlay-opacity":"","overlay-gradient":""},"tablet":{"background-color":"var(--ast-global-color-5)","background-image":"","background-repeat":"repeat","background-position":"center center","background-size":"auto","background-attachment":"scroll","background-type":"","background-media":"","overlay-type":"","overlay-color":"","overlay-opacity":"","overlay-gradient":""},"mobile":{"background-color":"var(--ast-global-color-5)","background-image":"","background-repeat":"repeat","background-position":"center center","background-size":"auto","background-attachment":"scroll","background-type":"","background-media":"","overlay-type":"","overlay-color":"","overlay-opacity":"","overlay-gradient":""}}},"product_brand":[],"product_cat":[526,1145,511,1146,1154,698],"product_tag":[],"class_list":{"0":"post-62492","1":"product","2":"type-product","3":"status-publish","4":"has-post-thumbnail","6":"product_cat-abc-dizains","7":"product_cat-ara-somas","8":"product_cat-jauni-produkti","9":"product_cat-sports","10":"product_cat-sports-lv","11":"product_cat-vairak","12":"desktop-align-left","13":"tablet-align-left","14":"mobile-align-left","16":"first","17":"instock","18":"taxable","19":"shipping-taxable","20":"purchasable","21":"product-type-simple"},"acf":[],"aioseo_notices":[],"_links":{"self":[{"href":"https:\/\/hummy.ee\/lv\/wp-json\/wp\/v2\/product\/62492","targetHints":{"allow":["GET"]}}],"collection":[{"href":"https:\/\/hummy.ee\/lv\/wp-json\/wp\/v2\/product"}],"about":[{"href":"https:\/\/hummy.ee\/lv\/wp-json\/wp\/v2\/types\/product"}],"replies":[{"embeddable":true,"href":"https:\/\/hummy.ee\/lv\/wp-json\/wp\/v2\/comments?post=62492"}],"version-history":[{"count":5,"href":"https:\/\/hummy.ee\/lv\/wp-json\/wp\/v2\/product\/62492\/revisions"}],"predecessor-version":[{"id":85288,"href":"https:\/\/hummy.ee\/lv\/wp-json\/wp\/v2\/product\/62492\/revisions\/85288"}],"wp:featuredmedia":[{"embeddable":true,"href":"https:\/\/hummy.ee\/lv\/wp-json\/wp\/v2\/media\/62481"}],"wp:attachment":[{"href":"https:\/\/hummy.ee\/lv\/wp-json\/wp\/v2\/media?parent=62492"}],"wp:term":[{"taxonomy":"product_brand","embeddable":true,"href":"https:\/\/hummy.ee\/lv\/wp-json\/wp\/v2\/product_brand?post=62492"},{"taxonomy":"product_cat","embeddable":true,"href":"https:\/\/hummy.ee\/lv\/wp-json\/wp\/v2\/product_cat?post=62492"},{"taxonomy":"product_tag","embeddable":true,"href":"https:\/\/hummy.ee\/lv\/wp-json\/wp\/v2\/product_tag?post=62492"}],"curies":[{"name":"wp","href":"https:\/\/api.w.org\/{rel}","templated":true}]}}