{"id":61699,"date":"2025-06-14T18:39:25","date_gmt":"2025-06-14T18:39:25","guid":{"rendered":"https:\/\/hummy.ee\/product\/the-jiffle-vagons\/"},"modified":"2026-02-25T19:26:59","modified_gmt":"2026-02-25T19:26:59","slug":"the-jiffle-vagons","status":"publish","type":"product","link":"https:\/\/hummy.ee\/lv\/product\/the-jiffle-vagons\/","title":{"rendered":"The Jiffle Wagon"},"content":{"rendered":"<h6><strong><em>Vair\u0101k iesp\u0113ju<\/em><\/strong><\/h6>\n<h6>Vienam un diviem b\u0113rniem, k\u0101 ar\u012b j\u016bsu mant\u0101m.<\/h6>\n<p>&nbsp;<\/p>\n<h6><em><strong>Vair\u0101k lietu<\/strong><\/em><\/h6>\n<h6>Ja jums ir b\u0113rni, jums ir ar\u012b daudz lietu. The Jiffle Wagon nekad nav tuk\u0161s! To var ievietot ar\u012b automa\u0161\u012bn\u0101 piln\u012bb\u0101 nokrautu \u2013 gudri, vai ne?  <\/h6>\n<p>&nbsp;<\/p>\n<h6><em><strong>Vair\u0101k piedz\u012bvojumu<\/strong><\/em><\/h6>\n<h6>Atkl\u0101jiet pasauli kop\u0101 \u2013 gan braucot st\u0101vlaukum\u0101, gan \u0113rt\u0101 s\u0113dekl\u012b vagoni\u0146\u0101. Lab\u0101kais skats! <\/h6>\n<p>&nbsp;<\/p>\n<h6><em><strong>Vair\u0101k komforta<\/strong><\/em><\/h6>\n<h6>Vienk\u0101r\u0161i un kompakti saliekams \u2013 vai vienk\u0101r\u0161i atst\u0101jiet to automa\u0161\u012bn\u0101 atv\u0113rtu kop\u0101 ar mant\u0101m.<\/h6>\n<p>&nbsp;<\/p>\n<h6><em><strong>Vair\u0101k brauk\u0161anas prieka<\/strong><\/em><\/h6>\n<h6><em>St\u0101vlaukums sl\u012bd iek\u0161\u0101 un \u0101r\u0101 \u2013 vienm\u0113r gatavs braukt l\u012bdzi.<\/em><\/h6>\n<p>&nbsp;<\/p>\n<h6><strong><em>Kas ir iek\u013cauts?<\/em><\/strong><\/h6>\n<ul>\n<li>\n<h6>The Jiffle Wagon<\/h6>\n<\/li>\n<li>\n<h6>Vagona p\u0101rsegs<\/h6>\n<\/li>\n<li>\n<h6>Rite\u0146u aizsargi<\/h6>\n<\/li>\n<li>\n<h6>Vagona s\u0113deklis (v\u0113rt\u012bb\u0101 99 \u20ac)<\/h6>\n<\/li>\n<li>\n<h6>Pasa\u017eiera rokturis (v\u0113rt\u012bb\u0101 79 \u20ac)<\/h6>\n<\/li>\n<li>\n<h6>Dro\u0161\u012bbas stienis<\/h6>\n<\/li>\n<\/ul>\n<h6><strong>PIEZ\u012aME:<\/strong><br data-start=\"76\" data-end=\"79\"><strong>The Jiffle Wagon papildin\u0101jumam ir pieejama laikapst\u0101k\u013cu iztur\u012bga <a href=\"https:\/\/hummy.ee\/lv\/product\/the-jiffle-wagona-kabine\/\" target=\"_blank\" rel=\"noopener\">vagona kab\u012bne<\/a>, kas padara komplektu v\u0113l piln\u012bg\u0101ku.<\/strong><\/h6>\n","protected":false},"excerpt":{"rendered":"<h6>The Jiffle Wagon ir lielisks draugs j\u016bsu \u0123imenei. J\u016bsu b\u0113rni to uzreiz saprot \u2013 iek\u0101pj un izk\u0101pj pa\u0161i, un, kas vissvar\u012bg\u0101kais \u2013 jautr\u012bba visiem! <\/h6>\n","protected":false},"featured_media":61043,"comment_status":"open","ping_status":"closed","template":"","meta":{"_acf_changed":false,"om_disable_all_campaigns":false,"_monsterinsights_skip_tracking":false,"_monsterinsights_sitenote_active":false,"_monsterinsights_sitenote_note":"","_monsterinsights_sitenote_category":0,"_uf_show_specific_survey":0,"_uf_disable_surveys":false,"site-sidebar-layout":"default","site-content-layout":"","ast-site-content-layout":"default","site-content-style":"default","site-sidebar-style":"default","ast-global-header-display":"","ast-banner-title-visibility":"","ast-main-header-display":"","ast-hfb-above-header-display":"","ast-hfb-below-header-display":"","ast-hfb-mobile-header-display":"","site-post-title":"","ast-breadcrumbs-content":"","ast-featured-img":"","footer-sml-layout":"","theme-transparent-header-meta":"default","adv-header-id-meta":"","stick-header-meta":"","header-above-stick-meta":"","header-main-stick-meta":"","header-below-stick-meta":"","astra-migrate-meta-layouts":"set","ast-page-background-enabled":"default","ast-page-background-meta":{"desktop":{"background-color":"var(--ast-global-color-4)","background-image":"","background-repeat":"repeat","background-position":"center center","background-size":"auto","background-attachment":"scroll","background-type":"","background-media":"","overlay-type":"","overlay-color":"","overlay-opacity":"","overlay-gradient":""},"tablet":{"background-color":"","background-image":"","background-repeat":"repeat","background-position":"center center","background-size":"auto","background-attachment":"scroll","background-type":"","background-media":"","overlay-type":"","overlay-color":"","overlay-opacity":"","overlay-gradient":""},"mobile":{"background-color":"","background-image":"","background-repeat":"repeat","background-position":"center center","background-size":"auto","background-attachment":"scroll","background-type":"","background-media":"","overlay-type":"","overlay-color":"","overlay-opacity":"","overlay-gradient":""}},"ast-content-background-meta":{"desktop":{"background-color":"var(--ast-global-color-5)","background-image":"","background-repeat":"repeat","background-position":"center center","background-size":"auto","background-attachment":"scroll","background-type":"","background-media":"","overlay-type":"","overlay-color":"","overlay-opacity":"","overlay-gradient":""},"tablet":{"background-color":"var(--ast-global-color-5)","background-image":"","background-repeat":"repeat","background-position":"center center","background-size":"auto","background-attachment":"scroll","background-type":"","background-media":"","overlay-type":"","overlay-color":"","overlay-opacity":"","overlay-gradient":""},"mobile":{"background-color":"var(--ast-global-color-5)","background-image":"","background-repeat":"repeat","background-position":"center center","background-size":"auto","background-attachment":"scroll","background-type":"","background-media":"","overlay-type":"","overlay-color":"","overlay-opacity":"","overlay-gradient":""}}},"product_brand":[],"product_cat":[783],"product_tag":[],"class_list":{"0":"post-61699","1":"product","2":"type-product","3":"status-publish","4":"has-post-thumbnail","6":"product_cat-jiffle-lv","7":"desktop-align-left","8":"tablet-align-left","9":"mobile-align-left","11":"first","12":"instock","13":"taxable","14":"shipping-taxable","15":"purchasable","16":"product-type-simple"},"acf":[],"aioseo_notices":[],"_links":{"self":[{"href":"https:\/\/hummy.ee\/lv\/wp-json\/wp\/v2\/product\/61699","targetHints":{"allow":["GET"]}}],"collection":[{"href":"https:\/\/hummy.ee\/lv\/wp-json\/wp\/v2\/product"}],"about":[{"href":"https:\/\/hummy.ee\/lv\/wp-json\/wp\/v2\/types\/product"}],"replies":[{"embeddable":true,"href":"https:\/\/hummy.ee\/lv\/wp-json\/wp\/v2\/comments?post=61699"}],"version-history":[{"count":6,"href":"https:\/\/hummy.ee\/lv\/wp-json\/wp\/v2\/product\/61699\/revisions"}],"predecessor-version":[{"id":84746,"href":"https:\/\/hummy.ee\/lv\/wp-json\/wp\/v2\/product\/61699\/revisions\/84746"}],"wp:featuredmedia":[{"embeddable":true,"href":"https:\/\/hummy.ee\/lv\/wp-json\/wp\/v2\/media\/61043"}],"wp:attachment":[{"href":"https:\/\/hummy.ee\/lv\/wp-json\/wp\/v2\/media?parent=61699"}],"wp:term":[{"taxonomy":"product_brand","embeddable":true,"href":"https:\/\/hummy.ee\/lv\/wp-json\/wp\/v2\/product_brand?post=61699"},{"taxonomy":"product_cat","embeddable":true,"href":"https:\/\/hummy.ee\/lv\/wp-json\/wp\/v2\/product_cat?post=61699"},{"taxonomy":"product_tag","embeddable":true,"href":"https:\/\/hummy.ee\/lv\/wp-json\/wp\/v2\/product_tag?post=61699"}],"curies":[{"name":"wp","href":"https:\/\/api.w.org\/{rel}","templated":true}]}}