{"id":61694,"date":"2025-06-14T18:39:08","date_gmt":"2025-06-14T18:39:08","guid":{"rendered":"https:\/\/hummy.ee\/product\/the-jiffle-vagona-kabine\/"},"modified":"2026-02-25T19:36:55","modified_gmt":"2026-02-25T19:36:55","slug":"the-jiffle-wagona-kabine","status":"publish","type":"product","link":"https:\/\/hummy.ee\/lv\/product\/the-jiffle-wagona-kabine\/","title":{"rendered":"The Jiffle Wagona kab\u012bne"},"content":{"rendered":"<h6 data-start=\"492\" data-end=\"806\">Kad \u0101r\u0101 l\u012bst lietus vai p\u016b\u0161 sp\u0113c\u012bgs v\u0113j\u0161, kab\u012bnes visas malas ir viegli aizveramas. T\u0101 j\u016bsu b\u0113rns paliek saus\u0101 un pat\u012bkami siltum\u0101. Silt\u0101k\u0101s dien\u0101s vagona kab\u012bne nodro\u0161ina \u0113nu, savuk\u0101rt pl\u0101n\u0101s t\u012bkla malas un priek\u0161puse \u013cauj br\u012bvi cirkul\u0113t svaigam gaisam \u2013 putni un \u016bdens \u0161\u013cakatas paliek \u0101rpus\u0113.<\/h6>\n<p>&nbsp;<\/p>\n<h6 data-start=\"808\" data-end=\"1093\">J\u016bsu b\u0113rns var viegli iek\u0101pt un izk\u0101pt no sava luksusa braucam\u0101. Kab\u012bnes aug\u0161pus\u0113 ir \u0113rta aizsl\u0113ga vieta, caur kuru var piek\u013c\u016bt pasa\u017eiera rokturim \u2013 tas noz\u012bm\u0113, ka b\u0113rns var dro\u0161i st\u0101v\u0113t vagona aizmugur\u0113, turoties pie roktura. Tas ir gan dro\u0161s, gan jautrs veids, k\u0101 braukt l\u012bdzi.<\/h6>\n<p>&nbsp;<\/p>\n<h6 data-start=\"1100\" data-end=\"1131\"><em><strong data-start=\"1100\" data-end=\"1131\">Svar\u012bga inform\u0101cija pirms pirkuma:<\/strong><\/em><\/h6>\n<p>&nbsp;<\/p>\n<ul data-start=\"1132\" data-end=\"1378\">\n<li data-start=\"1132\" data-end=\"1183\">\n<h6 data-start=\"1134\" data-end=\"1183\">Kab\u012bne der tikai <a href=\"https:\/\/hummy.ee\/lv\/product\/the-jiffle-vagons\/\">The Jiffle Wagon<\/a>.<\/h6>\n<\/li>\n<li data-start=\"1184\" data-end=\"1265\">\n<h6 data-start=\"1186\" data-end=\"1265\">Lai izmantotu kab\u012bni ar The Jiffle Wagon, nepiecie\u0161ams <a href=\"https:\/\/hummy.ee\/lv\/product\/the-jiffle-wagon-pasaziera-rokturis\/\" target=\"_blank\" rel=\"noopener\">pasa\u017eiera rokturis<\/a>.<\/h6>\n<\/li>\n<li data-start=\"1266\" data-end=\"1378\">\n<h6 data-start=\"1268\" data-end=\"1378\">L\u016bdzu, \u0146emiet v\u0113r\u0101, ka \u0161\u012b kab\u012bne der tika<strong data-start=\"1310\" data-end=\"1332\">i The Jiffle Wagon 2<\/strong> modelim un nav sader\u012bga ar iepriek\u0161\u0113j\u0101m versij\u0101m.<\/h6>\n<\/li>\n<\/ul>\n<p>&nbsp;<\/p>\n","protected":false},"excerpt":{"rendered":"<h6 data-start=\"120\" data-end=\"168\">The Jiffle Wagon laikapst\u0101k\u013cu iztur\u012bga kab\u012bne \u2013 komforts jebkuros laikapst\u0101k\u013cos. \u0160\u012b eleganta un funkcion\u0101l\u0101 kab\u012bne padara The Jiffle Wagon v\u0113l daudzpus\u012bg\u0101ku un \u0113rt\u0101ku sabiedroto ikdienas pastaig\u0101s un piedz\u012bvojumos. Kab\u012bne no laikapst\u0101k\u013ciem iztur\u012bga materi\u0101la aizsarg\u0101 j\u016bsu b\u0113rnu no lietus, v\u0113ja un spo\u017eas saules \u2013 lai k\u0101di b\u016btu laikapst\u0101k\u013ci, j\u016bsu mazais pasa\u017eieris vienm\u0113r ir dro\u0161\u012bb\u0101 un pasarg\u0101ts.<\/h6>\n","protected":false},"featured_media":61108,"comment_status":"open","ping_status":"closed","template":"","meta":{"_acf_changed":false,"om_disable_all_campaigns":false,"_monsterinsights_skip_tracking":false,"_monsterinsights_sitenote_active":false,"_monsterinsights_sitenote_note":"","_monsterinsights_sitenote_category":0,"_uf_show_specific_survey":0,"_uf_disable_surveys":false,"site-sidebar-layout":"default","site-content-layout":"","ast-site-content-layout":"default","site-content-style":"default","site-sidebar-style":"default","ast-global-header-display":"","ast-banner-title-visibility":"","ast-main-header-display":"","ast-hfb-above-header-display":"","ast-hfb-below-header-display":"","ast-hfb-mobile-header-display":"","site-post-title":"","ast-breadcrumbs-content":"","ast-featured-img":"","footer-sml-layout":"","theme-transparent-header-meta":"default","adv-header-id-meta":"","stick-header-meta":"","header-above-stick-meta":"","header-main-stick-meta":"","header-below-stick-meta":"","astra-migrate-meta-layouts":"set","ast-page-background-enabled":"default","ast-page-background-meta":{"desktop":{"background-color":"var(--ast-global-color-4)","background-image":"","background-repeat":"repeat","background-position":"center center","background-size":"auto","background-attachment":"scroll","background-type":"","background-media":"","overlay-type":"","overlay-color":"","overlay-opacity":"","overlay-gradient":""},"tablet":{"background-color":"","background-image":"","background-repeat":"repeat","background-position":"center center","background-size":"auto","background-attachment":"scroll","background-type":"","background-media":"","overlay-type":"","overlay-color":"","overlay-opacity":"","overlay-gradient":""},"mobile":{"background-color":"","background-image":"","background-repeat":"repeat","background-position":"center center","background-size":"auto","background-attachment":"scroll","background-type":"","background-media":"","overlay-type":"","overlay-color":"","overlay-opacity":"","overlay-gradient":""}},"ast-content-background-meta":{"desktop":{"background-color":"var(--ast-global-color-5)","background-image":"","background-repeat":"repeat","background-position":"center center","background-size":"auto","background-attachment":"scroll","background-type":"","background-media":"","overlay-type":"","overlay-color":"","overlay-opacity":"","overlay-gradient":""},"tablet":{"background-color":"var(--ast-global-color-5)","background-image":"","background-repeat":"repeat","background-position":"center center","background-size":"auto","background-attachment":"scroll","background-type":"","background-media":"","overlay-type":"","overlay-color":"","overlay-opacity":"","overlay-gradient":""},"mobile":{"background-color":"var(--ast-global-color-5)","background-image":"","background-repeat":"repeat","background-position":"center center","background-size":"auto","background-attachment":"scroll","background-type":"","background-media":"","overlay-type":"","overlay-color":"","overlay-opacity":"","overlay-gradient":""}}},"product_brand":[],"product_cat":[783],"product_tag":[],"class_list":{"0":"post-61694","1":"product","2":"type-product","3":"status-publish","4":"has-post-thumbnail","6":"product_cat-jiffle-lv","7":"desktop-align-left","8":"tablet-align-left","9":"mobile-align-left","11":"first","12":"instock","13":"taxable","14":"shipping-taxable","15":"purchasable","16":"product-type-simple"},"acf":[],"aioseo_notices":[],"_links":{"self":[{"href":"https:\/\/hummy.ee\/lv\/wp-json\/wp\/v2\/product\/61694","targetHints":{"allow":["GET"]}}],"collection":[{"href":"https:\/\/hummy.ee\/lv\/wp-json\/wp\/v2\/product"}],"about":[{"href":"https:\/\/hummy.ee\/lv\/wp-json\/wp\/v2\/types\/product"}],"replies":[{"embeddable":true,"href":"https:\/\/hummy.ee\/lv\/wp-json\/wp\/v2\/comments?post=61694"}],"version-history":[{"count":6,"href":"https:\/\/hummy.ee\/lv\/wp-json\/wp\/v2\/product\/61694\/revisions"}],"predecessor-version":[{"id":84748,"href":"https:\/\/hummy.ee\/lv\/wp-json\/wp\/v2\/product\/61694\/revisions\/84748"}],"wp:featuredmedia":[{"embeddable":true,"href":"https:\/\/hummy.ee\/lv\/wp-json\/wp\/v2\/media\/61108"}],"wp:attachment":[{"href":"https:\/\/hummy.ee\/lv\/wp-json\/wp\/v2\/media?parent=61694"}],"wp:term":[{"taxonomy":"product_brand","embeddable":true,"href":"https:\/\/hummy.ee\/lv\/wp-json\/wp\/v2\/product_brand?post=61694"},{"taxonomy":"product_cat","embeddable":true,"href":"https:\/\/hummy.ee\/lv\/wp-json\/wp\/v2\/product_cat?post=61694"},{"taxonomy":"product_tag","embeddable":true,"href":"https:\/\/hummy.ee\/lv\/wp-json\/wp\/v2\/product_tag?post=61694"}],"curies":[{"name":"wp","href":"https:\/\/api.w.org\/{rel}","templated":true}]}}