{"id":59063,"date":"2025-05-11T18:16:28","date_gmt":"2025-05-11T18:16:28","guid":{"rendered":"https:\/\/hummy.ee\/?post_type=product&#038;p=59063"},"modified":"2026-04-11T13:52:24","modified_gmt":"2026-04-11T13:52:24","slug":"abc-design-salsa-5-air-3in1-tulip-ratu-komplekts","status":"publish","type":"product","link":"https:\/\/hummy.ee\/lv\/product\/abc-design-salsa-5-air-3in1-tulip-ratu-komplekts\/","title":{"rendered":"ABC Design Salsa 5 Air 3in1 Tulip ratu komplekts"},"content":{"rendered":"<h6><strong><em>Ieslodz\u012bto komplekt\u0101 ietilpst:<\/em><\/strong><\/h6>\n<ul data-spread=\"false\">\n<li>\n<h6>Ratu kulba \u2014 \u0113rta un ietilp\u012bga<\/h6>\n<\/li>\n<li>\n<h6>S\u0113\u017eam\u0101 da\u013ca \u2014 ergonomiska un regul\u0113jama (iek\u013cauj ar\u012b \u0113rtu ieliktn\u012bti).<\/h6>\n<\/li>\n<li>\n<h6><a href=\"https:\/\/hummy.ee\/lv\/product\/abc-design-tulip-i-size-zidainu-autokresls\/\" target=\"_blank\" rel=\"noopener\">Tulip autokr\u0113sli\u0146\u0161<\/a> (pieejams Black un Camel) \u2014 dro\u0161s un \u0113rts ikvienam braucienam automa\u0161\u012bn\u0101.<\/h6>\n<\/li>\n<li>\n<h6><a href=\"https:\/\/hummy.ee\/lv\/product\/abc-design-autokresla-adapteri\/\" target=\"_blank\" rel=\"noopener\">Autokr\u0113sli\u0146a adapteri<\/a> \u2014 vienk\u0101r\u0161a stiprin\u0101\u0161anas sist\u0113ma ratu r\u0101mim.<\/h6>\n<\/li>\n<li>\n<h6>Organizators - svar\u012bg\u0101kie priek\u0161meti ir pa rokai<\/h6>\n<\/li>\n<li>\n<h6>CozyCloud\u00ae matracis - optim\u0101ls komforts j\u016bsu mazulim<\/h6>\n<\/li>\n<\/ul>\n<h6 data-pm-slice=\"1 1 []\"><strong><em>K\u0101p\u0113c izv\u0113l\u0113ties Salsa 5 Air rati\u0146u komplektu?<\/em><\/strong><\/h6>\n<ul data-spread=\"false\">\n<li>\n<h6>Daudzpus\u012bba: piem\u0113rots visiem apvidiem - pils\u0113tas iel\u0101m, bru\u0123im, sniegotiem ce\u013ciem, parka celi\u0146iem, me\u017ea tak\u0101m un grants ce\u013ciem.<\/h6>\n<\/li>\n<li>\n<h6>Komforts b\u0113rnam: Divas atveramas ventil\u0101cijas atveres nodro\u0161ina optim\u0101lu gaisa cirkul\u0101ciju. UUS CozyCloud\u00ae matracis nodro\u0161ina ergonomisku atbalstu un m\u012bkstumu.<\/h6>\n<\/li>\n<li>\n<h6>\u0112rta lieto\u0161ana vec\u0101kiem: regul\u0113jams stum\u0161anas rokturis, no\u0146emami rite\u0146i un viegli salok\u0101ms dizains padara to \u013coti \u0113rtu lieto\u0161an\u0101.<\/h6>\n<\/li>\n<li>\n<h6>Univers\u0101ls stiprin\u0101jums: visus piederumus - auti\u0146biks\u012b\u0161u maisi\u0146u, kr\u016bz\u012b\u0161u tur\u0113t\u0101ju vai lampu - var dro\u0161i piestiprin\u0101t pie rati\u0146iem.<\/h6>\n<\/li>\n<\/ul>\n<h6><strong><em>Funkcijas, kas padara Salsa 5 Air par lab\u0101ko izv\u0113li:<\/em><\/strong><\/h6>\n<ul data-spread=\"false\">\n<li>\n<h6>Regul\u0113jams atzveltnes un k\u0101ju balsts - nodro\u0161ina, ka b\u0113rns vienm\u0113r atrodas \u0113rt\u0101 poz\u012bcij\u0101.<\/h6>\n<\/li>\n<li>\n<h6>No\u0146emams dro\u0161\u012bbas rokturis un rite\u0146i - viegli uzglab\u0101jams un transport\u0113jams<\/h6>\n<\/li>\n<li>\n<h6>Izvelkams XXL apak\u0161delms - aizsarg\u0101 no saules un lietus<\/h6>\n<\/li>\n<li>\n<h6>\u016adensnecaurlaid\u012bgs audums - viegli kopjams un iztur\u012bgs<\/h6>\n<\/li>\n<li>\n<h6>St\u0101vbremze un transporta sl\u0113dzene - papildu dro\u0161\u012bba jebkur\u0101 situ\u0101cij\u0101<\/h6>\n<\/li>\n<\/ul>\n<h6><\/h6>\n<h6><\/h6>\n<h6><strong><em>Viegli lietojams un kompakts dizains<\/em><\/strong><\/h6>\n<h6>Salsa 5 Air rati\u0146u komplekts ir ide\u0101li piem\u0113rots jebkura auguma vec\u0101kiem. B\u0113rnu rati\u0146u augstumu var regul\u0113t, lai atrastu pareizo poz\u012bciju. Pateicoties kompaktajam salok\u0101majam meh\u0101nismam, rati\u0146us var \u0101tri un viegli saloc\u012bt, pat ja s\u0113deklis ir piestiprin\u0101ts pie r\u0101mja.<\/h6>\n<p>&nbsp;<\/p>\n<p>&nbsp;<\/p>\n<h6><strong><em>Komforts un dro\u0161\u012bba jau no pirm\u0101s dienas<\/em><\/strong><\/h6>\n<h6>ABC Design Salsa 5 Air ratu kulba nodro\u0161ina j\u016bsu mazulim maksim\u0101lu komfortu un dro\u0161\u012bbu. Ergonomiskais CozyCloud\u00ae matracis kop\u0101 ar elpojo\u0161u materi\u0101lu pal\u012bdz uztur\u0113t ide\u0101lu gul\u0113\u0161anas poz\u012bciju. Ar diviem atsevi\u0161\u0137i atveramiem ventil\u0101cijas logiem tiek nodro\u0161in\u0101ta optim\u0101la gaisa cirkul\u0101cija, un nepiecie\u0161am\u012bbas gad\u012bjum\u0101 ratu kulbu var \u0113rti saloc\u012bt, taupot vietu.<\/h6>\n<p>&nbsp;<\/p>\n<h6>Kad j\u016bsu b\u0113rns paaugsies, ratu kulbu var nomain\u012bt pret s\u0113\u017eamo da\u013cu, kas piln\u012bb\u0101 piel\u0101gojas b\u0113rna vajadz\u012bb\u0101m. Regul\u0113jamais atzveltnes le\u0146\u0137is \u013cauj izv\u0113l\u0113ties starp \u010detriem da\u017e\u0101diem sl\u012bpuma st\u0101vok\u013ciem, tostarp piln\u012bgi horizont\u0101lu. Elpojo\u0161\u0101 s\u0113dek\u013ca spilvens un atzveltnes ventil\u0101cijas logs nodro\u0161ina pat\u012bkamu s\u0113d\u0113\u0161anas klimatu.<\/h6>\n<p>&nbsp;<\/p>\n<h6>HappyBelt\u00ae 5punktu dro\u0161\u012bbas siksnas ar magn\u0113tiskajiem stiprin\u0101jumiem \u013cauj viegli un dro\u0161i nostiprin\u0101t b\u0113rnu. Plecu polster\u0113t\u0101s siksnas paliek sav\u0101 viet\u0101, lai b\u0113rnam vienm\u0113r b\u016btu \u0113rti un dro\u0161i.<\/h6>\n<p>&nbsp;<\/p>\n<h6 class=\"wp-block-heading\"><em><strong>Tulip autokr\u0113sli\u0146\u0161 \u2014 nodro\u0161ina vienm\u0113r optim\u0101lu aizsardz\u012bbu.<\/strong><\/em><\/h6>\n<h6>Iespiests s\u0113dek\u013ca ieliktnis efekt\u012bvi atbalsta mazuli kustoties, savuk\u0101rt viegli izliekt\u0101 pamatne \u013cauj nedaudz \u0161\u016bpot autokr\u0113sli\u0146u. Ar vienk\u0101r\u0161u stiprin\u0101\u0161anas meh\u0101nismu Tulip autokr\u0113sli\u0146\u0161 var \u0101tri p\u0101rveidot par ce\u013cojumu sist\u0113mu \u2014 to var piestiprin\u0101t da\u017eos so\u013cos ABC Design Salsa 5 Air ratiem vai dro\u0161i uzst\u0101d\u012bt automa\u0161\u012bn\u0101, izmantojot <a href=\"https:\/\/hummy.ee\/lv\/product\/abc-design-isofix-base-root\/\">Isofix Base Root<\/a> (p\u0113c izv\u0113les).<br \/>\nTulip autokr\u0113sli\u0146\u0161 piem\u0113rots b\u0113rniem no 0 l\u012bdz 15 m\u0113ne\u0161iem, 45\u201385 cm garum\u0101 vai l\u012bdz 13 kg svaram. Regul\u0113jamais galvas balsts viegli piel\u0101gojams b\u0113rna izm\u0113riem. No\u0146emamais p\u0101rvalks ir mazg\u0101jams.<\/h6>\n<p>&nbsp;<\/p>\n<h6><strong><em>Tehniskie dati:<\/em><\/strong><\/h6>\n<ul data-spread=\"false\">\n<li>\n<h6>Kravnes\u012bba: L\u012bdz 27 kg.<\/h6>\n<\/li>\n<li>\n<h6>Izmantojams: no dzim\u0161anas l\u012bdz 22 kg<\/h6>\n<\/li>\n<li>\n<h6>Izm\u0113ri atv\u0113rt\u0101 st\u0101vokl\u012b: 95,5 x 63,0 x 118,0 cm<\/h6>\n<\/li>\n<li>\n<h6>Izm\u0113ri saloc\u012bt\u0101 veid\u0101: 86,0 x 63,0 x 42,0 cm<\/h6>\n<\/li>\n<li>\n<h6>R\u0101mja svars: 10,1 kg<\/h6>\n<\/li>\n<li>\n<h6>S\u0113dek\u013ca svars: 4,8 kg<\/h6>\n<\/li>\n<\/ul>\n<h6><\/h6>\n<h6><em>Salsa 5 Air rati\u0146u komplekts - skatiet vair\u0101k iepaz\u012b\u0161an\u0101s <a href=\"https:\/\/www.youtube.com\/watch?v=bgXpSkp35MI\">video.<\/a><\/em><\/h6>\n<h6><em>Tulpju - uzziniet vair\u0101k iepaz\u012b\u0161an\u0101s <a href=\"https:\/\/www.youtube.com\/watch?v=tzVPv3UReXk\">video.<\/a><\/em><\/h6>\n<p>&nbsp;<\/p>\n<h6 class=\"wp-block-column\"><em>Pareizie rite\u0146i padara b\u0113rnu rati\u0146u lieto\u0161anu daudz \u0113rt\u0101ku! Uzziniet, k\u0101 izv\u0113l\u0113ties sev piem\u0113rot\u0101ko risin\u0101jumu, Hummy <a href=\"https:\/\/hummy.ee\/lv\/kuru-bernu-ratinus-ar-riteniem-izveleties\/\" target=\"_blank\" rel=\"nofollow noopener\">blog\u0101.<\/a> <\/em><\/h6>\n","protected":false},"excerpt":{"rendered":"<h6>Ar \u0161o praktisko ABC Design Salsa 5 Air starta komplektu j\u016bsu mazulis var baud\u012bt dro\u0161u, \u0113rtu un relaks\u0113jo\u0161u braucienu jau no pirm\u0101s dienas \u2014 gan rati\u0146os, gan automa\u0161\u012bn\u0101, gan k\u0101 ce\u013cojumu sist\u0113mu ar Tulip i-Size autokr\u0113sli\u0146u. J\u016bsu b\u0113rns izbaud\u012bs maksim\u0101lu gul\u0113\u0161anas un atp\u016btas komfortu gan rati\u0146os, gan autokr\u0113sli\u0146\u0101, turkl\u0101t dro\u0161\u012bba vienm\u0113r b\u016bs garant\u0113ta. To nodro\u0161ina divi augstas kvalit\u0101tes un dro\u0161i produkti vien\u0101 komplekt\u0101: ABC Design Salsa 5 Air ratu komplekts un Tulip i-Size autokr\u0113sli\u0146\u0161.<br \/>\nADAC un Stiftung Warentest testos Tulip i-Size sa\u0146\u0113mis nov\u0113rt\u0113jumu \u201cLabi\u201d (2,2), pier\u0101dot, ka tas ir viens no dro\u0161\u0101kajiem izv\u0113l\u0113m j\u016bsu mazulim.<\/h6>\n","protected":false},"featured_media":42625,"comment_status":"closed","ping_status":"closed","template":"","meta":{"_acf_changed":false,"om_disable_all_campaigns":false,"_monsterinsights_skip_tracking":false,"_monsterinsights_sitenote_active":false,"_monsterinsights_sitenote_note":"","_monsterinsights_sitenote_category":0,"_uf_show_specific_survey":0,"_uf_disable_surveys":false,"site-sidebar-layout":"default","site-content-layout":"","ast-site-content-layout":"default","site-content-style":"default","site-sidebar-style":"default","ast-global-header-display":"","ast-banner-title-visibility":"","ast-main-header-display":"","ast-hfb-above-header-display":"","ast-hfb-below-header-display":"","ast-hfb-mobile-header-display":"","site-post-title":"","ast-breadcrumbs-content":"","ast-featured-img":"","footer-sml-layout":"","theme-transparent-header-meta":"default","adv-header-id-meta":"","stick-header-meta":"","header-above-stick-meta":"","header-main-stick-meta":"","header-below-stick-meta":"","astra-migrate-meta-layouts":"set","ast-page-background-enabled":"default","ast-page-background-meta":{"desktop":{"background-color":"var(--ast-global-color-4)","background-image":"","background-repeat":"repeat","background-position":"center center","background-size":"auto","background-attachment":"scroll","background-type":"","background-media":"","overlay-type":"","overlay-color":"","overlay-opacity":"","overlay-gradient":""},"tablet":{"background-color":"","background-image":"","background-repeat":"repeat","background-position":"center center","background-size":"auto","background-attachment":"scroll","background-type":"","background-media":"","overlay-type":"","overlay-color":"","overlay-opacity":"","overlay-gradient":""},"mobile":{"background-color":"","background-image":"","background-repeat":"repeat","background-position":"center center","background-size":"auto","background-attachment":"scroll","background-type":"","background-media":"","overlay-type":"","overlay-color":"","overlay-opacity":"","overlay-gradient":""}},"ast-content-background-meta":{"desktop":{"background-color":"var(--ast-global-color-5)","background-image":"","background-repeat":"repeat","background-position":"center center","background-size":"auto","background-attachment":"scroll","background-type":"","background-media":"","overlay-type":"","overlay-color":"","overlay-opacity":"","overlay-gradient":""},"tablet":{"background-color":"var(--ast-global-color-5)","background-image":"","background-repeat":"repeat","background-position":"center center","background-size":"auto","background-attachment":"scroll","background-type":"","background-media":"","overlay-type":"","overlay-color":"","overlay-opacity":"","overlay-gradient":""},"mobile":{"background-color":"var(--ast-global-color-5)","background-image":"","background-repeat":"repeat","background-position":"center center","background-size":"auto","background-attachment":"scroll","background-type":"","background-media":"","overlay-type":"","overlay-color":"","overlay-opacity":"","overlay-gradient":""}}},"product_brand":[],"product_cat":[526,432,320],"product_tag":[],"class_list":{"0":"post-59063","1":"product","2":"type-product","3":"status-publish","4":"has-post-thumbnail","6":"product_cat-abc-dizains","7":"product_cat-cisternu","8":"product_cat-uncategorized-lv","9":"desktop-align-left","10":"tablet-align-left","11":"mobile-align-left","13":"first","14":"instock","15":"sale","16":"taxable","17":"shipping-taxable","18":"purchasable","19":"product-type-variable"},"acf":[],"aioseo_notices":[],"_links":{"self":[{"href":"https:\/\/hummy.ee\/lv\/wp-json\/wp\/v2\/product\/59063","targetHints":{"allow":["GET"]}}],"collection":[{"href":"https:\/\/hummy.ee\/lv\/wp-json\/wp\/v2\/product"}],"about":[{"href":"https:\/\/hummy.ee\/lv\/wp-json\/wp\/v2\/types\/product"}],"replies":[{"embeddable":true,"href":"https:\/\/hummy.ee\/lv\/wp-json\/wp\/v2\/comments?post=59063"}],"version-history":[{"count":18,"href":"https:\/\/hummy.ee\/lv\/wp-json\/wp\/v2\/product\/59063\/revisions"}],"predecessor-version":[{"id":86426,"href":"https:\/\/hummy.ee\/lv\/wp-json\/wp\/v2\/product\/59063\/revisions\/86426"}],"wp:featuredmedia":[{"embeddable":true,"href":"https:\/\/hummy.ee\/lv\/wp-json\/wp\/v2\/media\/42625"}],"wp:attachment":[{"href":"https:\/\/hummy.ee\/lv\/wp-json\/wp\/v2\/media?parent=59063"}],"wp:term":[{"taxonomy":"product_brand","embeddable":true,"href":"https:\/\/hummy.ee\/lv\/wp-json\/wp\/v2\/product_brand?post=59063"},{"taxonomy":"product_cat","embeddable":true,"href":"https:\/\/hummy.ee\/lv\/wp-json\/wp\/v2\/product_cat?post=59063"},{"taxonomy":"product_tag","embeddable":true,"href":"https:\/\/hummy.ee\/lv\/wp-json\/wp\/v2\/product_tag?post=59063"}],"curies":[{"name":"wp","href":"https:\/\/api.w.org\/{rel}","templated":true}]}}