{"id":58416,"date":"2025-04-26T17:22:19","date_gmt":"2025-04-26T17:22:19","guid":{"rendered":"https:\/\/hummy.ee\/product\/iglu-mikstais-bloks-wave\/"},"modified":"2026-03-02T09:43:15","modified_gmt":"2026-03-02T09:43:15","slug":"iglu-soft-play-wave","status":"publish","type":"product","link":"https:\/\/hummy.ee\/lv\/product\/iglu-soft-play-wave\/","title":{"rendered":"IGLU Soft Play - Wave"},"content":{"rendered":"<ul>\n<li>\n<h6>IGLU maig\u0101s, apskaujam\u0101s formas ir k\u0101 draugi, kas pal\u012bdz b\u0113rniem att\u012bst\u012bt da\u017e\u0101das kust\u012bbu un motorisk\u0101s prasmes. Da\u017e\u0101d\u0101s formas pal\u012bdz b\u0113rniem uzlabot koordin\u0101ciju un motoriku \u2013 s\u0101kot no pirkstu kust\u012bb\u0101m l\u012bdz r\u0101po\u0161anai, k\u0101p\u0161anai un augstumu izp\u0113tei.<\/h6>\n<\/li>\n<li>\n<h6>\u0136i\u0137in\u0101\u0161ana kop\u0101 ar br\u0101\u013ciem, m\u0101s\u0101m un draugiem att\u012bsta soci\u0101l\u0101s prasmes, veicina sarunas un stiprina saiknes. Sadarb\u012bba ar vec\u0101kiem vai draugiem pal\u012bdz \u0101tr\u0101k m\u0101c\u012bties un paman\u012bt interesantas \u0123eometrisk\u0101s formas un ko\u0161as kr\u0101sas. Bezgal\u012bg\u0101 formu kombin\u0101cija ir k\u0101 d\u0101rgumu l\u0101de, no kuras var rad\u012bt izt\u0113les bag\u0101tas pasaules \u2013 pilis, cietok\u0161\u0146us un daudz ko citu.<\/h6>\n<\/li>\n<li>\n<h6>B\u0113rniem augot, \u0161\u012bs formas k\u013c\u016bst par lieliskiem instrumentiem. Veido \u0161\u0137\u0113r\u0161\u013cu trases, iekaro pak\u0101pienus l\u012bdz gult\u0101m un kr\u0113sliem \u2013 iesp\u0113jas ir neierobe\u017eotas. Pat m\u0101jdz\u012bvnieki pievienojas jautr\u012bbai, izmantojot formas k\u0101 rota\u013clietas, un pieaugu\u0161ie var t\u0101s rado\u0161i izmantot \u2013 iedom\u0101jies formas k\u0101 uzticamu datora stat\u012bvu!<\/h6>\n<\/li>\n<\/ul>\n<h6><\/h6>\n<h6><\/h6>\n<h6><em><strong data-start=\"504\" data-end=\"532\">K\u0101p\u0113c izv\u0113l\u0113ties IGLU rota\u013cu komplektu?<\/strong><\/em><\/h6>\n<ul>\n<li>\n<h6>Palielina fizisko aktivit\u0101ti<\/h6>\n<\/li>\n<li>\n<h6>Stimul\u0113 rado\u0161umu un izt\u0113li<\/h6>\n<\/li>\n<li>\n<h6>Pal\u012bdz atbr\u012bvot lieko ener\u0123iju<\/h6>\n<\/li>\n<li>\n<h6>Nodro\u0161ina sensoro stimul\u0101ciju<\/h6>\n<\/li>\n<li>\n<h6>Attur b\u0113rnus no ekr\u0101na skat\u012b\u0161an\u0101s<\/h6>\n<\/li>\n<li>\n<h6>Veicina soci\u0101l\u0101s prasmes<\/h6>\n<\/li>\n<\/ul>\n<h6><\/h6>\n<h6><\/h6>\n<h6>IGLU Soft klu\u010du formas ir izgatavotas no augstas kvalit\u0101tes put\u0101m ar sl\u0113gtu \u0161\u016bnu strukt\u016bru \u2013 m\u012bkstas un \u013coti vieglas. P\u0101rkl\u0101tas ar iztur\u012bgu m\u0101ksl\u012bg\u0101s eko-\u0101das materi\u0101lu. Formas ir iztur\u012bgas, viegli kopjamas un p\u0101rbaud\u012btas attiec\u012bb\u0101 uz kait\u012bg\u0101m viel\u0101m. IGLU produktiem ir CE mar\u0137\u0113jums atbilsto\u0161i ES Direkt\u012bvai 88\/378\/EEK: par rota\u013clietu dro\u0161umu.<\/h6>\n<h6><\/h6>\n<h6><img decoding=\"async\" class=\"\" src=\"https:\/\/iglusoftplay.eu\/cdn\/shop\/files\/ikonas_enviroment-01_061d9a06-5ad9-4fb7-a868-c7b23eff39bb_1.png?v=1700659334\" width=\"50\" height=\"50\" \/>Bez BPA+Ftal\u0101tiem<\/h6>\n<h6><img decoding=\"async\" class=\"\" src=\"https:\/\/iglusoftplay.eu\/cdn\/shop\/files\/ikonas_enviroment-04_5c6aa86a-aa33-4666-949c-b2f12b5af4ef_1.png?v=1700659334\" width=\"50\" height=\"50\" \/>Viegli t\u012br\u0101mi<\/h6>\n<h6><img decoding=\"async\" class=\"\" src=\"https:\/\/iglusoftplay.eu\/cdn\/shop\/files\/ikonas_enviroment-03_543f8be0-895f-4ba5-9b54-80ea85594c82_1.png?v=1700659334\" width=\"50\" height=\"50\" \/>Izgatavoti atbild\u012bgi<\/h6>\n<p>&nbsp;<\/p>\n<h6><em>Apskatiet rota\u013cu komplektu kl\u0101stu vietn\u0113 <a href=\"https:\/\/hummy.ee\/lv\/rotalu-laukumi\/\" target=\"_blank\" rel=\"noopener\">IGLU<\/a>.<\/em><\/h6>\n","protected":false},"excerpt":{"rendered":"<h6 data-start=\"44\" data-end=\"266\">Pal\u012bdz b\u0113rniem att\u012bst\u012bt sp\u0113ku, l\u012bdzsvaru un koordin\u0101ciju. Veicina k\u0101p\u0161anu, p\u0101rvieto\u0161anos un r\u0101po\u0161anu \u2014 darb\u012bbas, kas iesaista vair\u0101kas musku\u013cu grupas un kur\u0101m nepiecie\u0161ama kontrol\u0113ta kust\u012bba. Stiprina vestibul\u0101ro sist\u0113mu, kas pal\u012bdz b\u0113rniem apstr\u0101d\u0101t kust\u012bbas un saglab\u0101t l\u012bdzsvaru. Piel\u0101gojoties da\u017e\u0101diem le\u0146\u0137iem un virsm\u0101m, tie uzlabo sp\u0113ju rea\u0123\u0113t uz st\u0101vok\u013ca izmai\u0146\u0101m, kas ir b\u016btiska prasme t\u0101d\u0101s aktivit\u0101t\u0113s k\u0101 staig\u0101\u0161ana pa nel\u012bdzenu virsmu.<\/h6>\n","protected":false},"featured_media":58398,"comment_status":"open","ping_status":"closed","template":"","meta":{"_acf_changed":false,"om_disable_all_campaigns":false,"_monsterinsights_skip_tracking":false,"_monsterinsights_sitenote_active":false,"_monsterinsights_sitenote_note":"","_monsterinsights_sitenote_category":0,"_uf_show_specific_survey":0,"_uf_disable_surveys":false,"site-sidebar-layout":"default","site-content-layout":"","ast-site-content-layout":"default","site-content-style":"default","site-sidebar-style":"default","ast-global-header-display":"","ast-banner-title-visibility":"","ast-main-header-display":"","ast-hfb-above-header-display":"","ast-hfb-below-header-display":"","ast-hfb-mobile-header-display":"","site-post-title":"","ast-breadcrumbs-content":"","ast-featured-img":"","footer-sml-layout":"","theme-transparent-header-meta":"default","adv-header-id-meta":"","stick-header-meta":"","header-above-stick-meta":"","header-main-stick-meta":"","header-below-stick-meta":"","astra-migrate-meta-layouts":"set","ast-page-background-enabled":"default","ast-page-background-meta":{"desktop":{"background-color":"var(--ast-global-color-4)","background-image":"","background-repeat":"repeat","background-position":"center center","background-size":"auto","background-attachment":"scroll","background-type":"","background-media":"","overlay-type":"","overlay-color":"","overlay-opacity":"","overlay-gradient":""},"tablet":{"background-color":"","background-image":"","background-repeat":"repeat","background-position":"center center","background-size":"auto","background-attachment":"scroll","background-type":"","background-media":"","overlay-type":"","overlay-color":"","overlay-opacity":"","overlay-gradient":""},"mobile":{"background-color":"","background-image":"","background-repeat":"repeat","background-position":"center center","background-size":"auto","background-attachment":"scroll","background-type":"","background-media":"","overlay-type":"","overlay-color":"","overlay-opacity":"","overlay-gradient":""}},"ast-content-background-meta":{"desktop":{"background-color":"var(--ast-global-color-5)","background-image":"","background-repeat":"repeat","background-position":"center center","background-size":"auto","background-attachment":"scroll","background-type":"","background-media":"","overlay-type":"","overlay-color":"","overlay-opacity":"","overlay-gradient":""},"tablet":{"background-color":"var(--ast-global-color-5)","background-image":"","background-repeat":"repeat","background-position":"center center","background-size":"auto","background-attachment":"scroll","background-type":"","background-media":"","overlay-type":"","overlay-color":"","overlay-opacity":"","overlay-gradient":""},"mobile":{"background-color":"var(--ast-global-color-5)","background-image":"","background-repeat":"repeat","background-position":"center center","background-size":"auto","background-attachment":"scroll","background-type":"","background-media":"","overlay-type":"","overlay-color":"","overlay-opacity":"","overlay-gradient":""}}},"product_brand":[],"product_cat":[478,491,479],"product_tag":[],"class_list":{"0":"post-58416","1":"product","2":"type-product","3":"status-publish","4":"has-post-thumbnail","6":"product_cat-iglu-lv","7":"product_cat-iglu-lv-2","8":"product_cat-rotalu-laukumi","9":"desktop-align-left","10":"tablet-align-left","11":"mobile-align-left","13":"first","14":"instock","15":"sale","16":"taxable","17":"shipping-taxable","18":"purchasable","19":"product-type-simple"},"acf":[],"aioseo_notices":[],"_links":{"self":[{"href":"https:\/\/hummy.ee\/lv\/wp-json\/wp\/v2\/product\/58416","targetHints":{"allow":["GET"]}}],"collection":[{"href":"https:\/\/hummy.ee\/lv\/wp-json\/wp\/v2\/product"}],"about":[{"href":"https:\/\/hummy.ee\/lv\/wp-json\/wp\/v2\/types\/product"}],"replies":[{"embeddable":true,"href":"https:\/\/hummy.ee\/lv\/wp-json\/wp\/v2\/comments?post=58416"}],"version-history":[{"count":8,"href":"https:\/\/hummy.ee\/lv\/wp-json\/wp\/v2\/product\/58416\/revisions"}],"predecessor-version":[{"id":85157,"href":"https:\/\/hummy.ee\/lv\/wp-json\/wp\/v2\/product\/58416\/revisions\/85157"}],"wp:featuredmedia":[{"embeddable":true,"href":"https:\/\/hummy.ee\/lv\/wp-json\/wp\/v2\/media\/58398"}],"wp:attachment":[{"href":"https:\/\/hummy.ee\/lv\/wp-json\/wp\/v2\/media?parent=58416"}],"wp:term":[{"taxonomy":"product_brand","embeddable":true,"href":"https:\/\/hummy.ee\/lv\/wp-json\/wp\/v2\/product_brand?post=58416"},{"taxonomy":"product_cat","embeddable":true,"href":"https:\/\/hummy.ee\/lv\/wp-json\/wp\/v2\/product_cat?post=58416"},{"taxonomy":"product_tag","embeddable":true,"href":"https:\/\/hummy.ee\/lv\/wp-json\/wp\/v2\/product_tag?post=58416"}],"curies":[{"name":"wp","href":"https:\/\/api.w.org\/{rel}","templated":true}]}}