{"id":57560,"date":"2025-04-23T19:44:17","date_gmt":"2025-04-23T19:44:17","guid":{"rendered":"https:\/\/hummy.ee\/product\/ara-spilvens\/"},"modified":"2026-04-17T09:41:04","modified_gmt":"2026-04-17T09:41:04","slug":"ara-spilvens","status":"publish","type":"product","link":"https:\/\/hummy.ee\/lv\/product\/ara-spilvens\/","title":{"rendered":"Blo\u0137\u0113t \u0101ra spilvenu - \u0100ra"},"content":{"rendered":"<h6 data-start=\"376\" data-end=\"401\"><strong><em>1, 2, 3 - laiks sp\u0113l\u0113ties!<\/em><\/strong><\/h6>\n<h6 data-start=\"403\" data-end=\"531\">Mudiniet savu mazuli izp\u0113t\u012bt \u0101ra vidi un uzzin\u0101t, k\u0101 cit\u0101di izmantot matraci. Vai tas k\u013c\u016bs par rota\u013clietu, vai ar\u012b par jautru spilvenu kaujas vietu?<\/h6>\n<p>&nbsp;<\/p>\n<h6 data-start=\"709\" data-end=\"728\"><strong><em>Laiks b\u016bt kop\u0101<\/em><\/strong><\/h6>\n<h6 data-start=\"730\" data-end=\"880\">Apsk\u0101viet savu mazuli, dalieties jautros st\u0101stos, smejieties un vienk\u0101r\u0161i izbaudiet viens otra komp\u0101niju, padarot katru mirkli kop\u0101 par v\u0113rt\u012bgu atmi\u0146u.<\/h6>\n<p>&nbsp;<\/p>\n<h6><\/h6>\n<h6><\/h6>\n","protected":false},"excerpt":{"rendered":"<h6>Wigiwama pagalv\u012btis - rota\u013c\u012bgs un praktisks papildin\u0101jums b\u0113rnu \u0101ra m\u0113bel\u0113m. Stil\u012bgs spilvens, kas lieliski papildina \u0101ra <a href=\"https:\/\/hummy.ee\/lt\/?post_type=product&amp;p=57450\" target=\"_blank\" rel=\"noopener\">somu-kr\u0113slu un<\/a> <a href=\"https:\/\/hummy.ee\/lt\/?post_type=product&amp;p=57281\" target=\"_blank\" rel=\"noopener\">\u0101ra kr\u0113slu.<\/a> Izstr\u0101d\u0101ts, dom\u0101jot par b\u0113rnu komfortu un stilu, tas ir rota\u013c\u012bgs un vienlaikus praktisks m\u0113be\u013cu elements, kas lieliski piem\u0113rots terasei, d\u0101rzam vai baseinam.<\/h6>\n","protected":false},"featured_media":57527,"comment_status":"open","ping_status":"closed","template":"","meta":{"_acf_changed":false,"om_disable_all_campaigns":false,"_monsterinsights_skip_tracking":false,"_monsterinsights_sitenote_active":false,"_monsterinsights_sitenote_note":"","_monsterinsights_sitenote_category":0,"_uf_show_specific_survey":0,"_uf_disable_surveys":false,"site-sidebar-layout":"default","site-content-layout":"","ast-site-content-layout":"default","site-content-style":"default","site-sidebar-style":"default","ast-global-header-display":"","ast-banner-title-visibility":"","ast-main-header-display":"","ast-hfb-above-header-display":"","ast-hfb-below-header-display":"","ast-hfb-mobile-header-display":"","site-post-title":"","ast-breadcrumbs-content":"","ast-featured-img":"","footer-sml-layout":"","theme-transparent-header-meta":"default","adv-header-id-meta":"","stick-header-meta":"","header-above-stick-meta":"","header-main-stick-meta":"","header-below-stick-meta":"","astra-migrate-meta-layouts":"set","ast-page-background-enabled":"default","ast-page-background-meta":{"desktop":{"background-color":"var(--ast-global-color-4)","background-image":"","background-repeat":"repeat","background-position":"center center","background-size":"auto","background-attachment":"scroll","background-type":"","background-media":"","overlay-type":"","overlay-color":"","overlay-opacity":"","overlay-gradient":""},"tablet":{"background-color":"","background-image":"","background-repeat":"repeat","background-position":"center center","background-size":"auto","background-attachment":"scroll","background-type":"","background-media":"","overlay-type":"","overlay-color":"","overlay-opacity":"","overlay-gradient":""},"mobile":{"background-color":"","background-image":"","background-repeat":"repeat","background-position":"center center","background-size":"auto","background-attachment":"scroll","background-type":"","background-media":"","overlay-type":"","overlay-color":"","overlay-opacity":"","overlay-gradient":""}},"ast-content-background-meta":{"desktop":{"background-color":"var(--ast-global-color-5)","background-image":"","background-repeat":"repeat","background-position":"center center","background-size":"auto","background-attachment":"scroll","background-type":"","background-media":"","overlay-type":"","overlay-color":"","overlay-opacity":"","overlay-gradient":""},"tablet":{"background-color":"var(--ast-global-color-5)","background-image":"","background-repeat":"repeat","background-position":"center center","background-size":"auto","background-attachment":"scroll","background-type":"","background-media":"","overlay-type":"","overlay-color":"","overlay-opacity":"","overlay-gradient":""},"mobile":{"background-color":"var(--ast-global-color-5)","background-image":"","background-repeat":"repeat","background-position":"center center","background-size":"auto","background-attachment":"scroll","background-type":"","background-media":"","overlay-type":"","overlay-color":"","overlay-opacity":"","overlay-gradient":""}}},"product_brand":[291],"product_cat":[985],"product_tag":[],"class_list":{"0":"post-57560","1":"product","2":"type-product","3":"status-publish","4":"has-post-thumbnail","6":"product_brand-wigiwama","7":"product_cat-wigiwama-lv","8":"desktop-align-left","9":"tablet-align-left","10":"mobile-align-left","12":"first","13":"instock","14":"sale","15":"taxable","16":"shipping-taxable","17":"purchasable","18":"product-type-variable"},"acf":[],"aioseo_notices":[],"_links":{"self":[{"href":"https:\/\/hummy.ee\/lv\/wp-json\/wp\/v2\/product\/57560","targetHints":{"allow":["GET"]}}],"collection":[{"href":"https:\/\/hummy.ee\/lv\/wp-json\/wp\/v2\/product"}],"about":[{"href":"https:\/\/hummy.ee\/lv\/wp-json\/wp\/v2\/types\/product"}],"replies":[{"embeddable":true,"href":"https:\/\/hummy.ee\/lv\/wp-json\/wp\/v2\/comments?post=57560"}],"version-history":[{"count":5,"href":"https:\/\/hummy.ee\/lv\/wp-json\/wp\/v2\/product\/57560\/revisions"}],"predecessor-version":[{"id":86914,"href":"https:\/\/hummy.ee\/lv\/wp-json\/wp\/v2\/product\/57560\/revisions\/86914"}],"wp:featuredmedia":[{"embeddable":true,"href":"https:\/\/hummy.ee\/lv\/wp-json\/wp\/v2\/media\/57527"}],"wp:attachment":[{"href":"https:\/\/hummy.ee\/lv\/wp-json\/wp\/v2\/media?parent=57560"}],"wp:term":[{"taxonomy":"product_brand","embeddable":true,"href":"https:\/\/hummy.ee\/lv\/wp-json\/wp\/v2\/product_brand?post=57560"},{"taxonomy":"product_cat","embeddable":true,"href":"https:\/\/hummy.ee\/lv\/wp-json\/wp\/v2\/product_cat?post=57560"},{"taxonomy":"product_tag","embeddable":true,"href":"https:\/\/hummy.ee\/lv\/wp-json\/wp\/v2\/product_tag?post=57560"}],"curies":[{"name":"wp","href":"https:\/\/api.w.org\/{rel}","templated":true}]}}