{"id":56516,"date":"2025-04-21T20:58:45","date_gmt":"2025-04-21T20:58:45","guid":{"rendered":"https:\/\/hummy.ee\/product\/circle-d-two-divvietigs-viegls-ratinu-komplekts\/"},"modified":"2026-02-27T08:54:13","modified_gmt":"2026-02-27T08:54:13","slug":"circle-d-two-dvinu-ratini","status":"publish","type":"product","link":"https:\/\/hummy.ee\/lv\/product\/circle-d-two-dvinu-ratini\/","title":{"rendered":"Circle D Two dv\u012b\u0146u rati\u0146i"},"content":{"rendered":"<h6><strong><em>\u0112rti abiem b\u0113rniem vien\u0101di<\/em><\/strong><\/h6>\n<h6>D Two rati\u0146a s\u0113dek\u013ci atrodas blakus, nodro\u0161inot abiem b\u0113rniem vienl\u012bdz\u012bgu vietu un \u0113rtumu. Pateicoties individu\u0101li regul\u0113jamajiem atzveltn\u0113m un k\u0101ju balstiem, katrs b\u0113rns var izbaud\u012bt personisku brauk\u0161anas pieredzi. Regul\u0113jam\u0101 atzveltne, tostarp piln\u012bgi gu\u013cus poz\u012bcija, nodro\u0161ina vislab\u0101ko atp\u016btu b\u0113rniem jebkur\u0101 vecum\u0101.<\/h6>\n<p>&nbsp;<\/p>\n<h6><strong><em>Dro\u0161\u012bba pirmaj\u0101 viet\u0101 <\/em><\/strong><\/h6>\n<h6>Inovat\u012bv\u0101 HappyBelt\u00ae 5punktu dro\u0161\u012bbas jostu sist\u0113ma ar magn\u0113tiskajiem stiprin\u0101jumiem un polster\u0113ts roku balsts nodro\u0161ina, ka abi b\u0113rni vienm\u0113r s\u0113\u017e dro\u0161i un \u0113rti.<\/h6>\n<p>&nbsp;<\/p>\n<h6><strong><em>Viegla ieeja un daudz vietas<\/em><\/strong><\/h6>\n<h6>B\u0113rniem ir viegli patst\u0101v\u012bgi s\u0113d\u0113t rati\u0146os. Divi lieli grozi ar s\u0101nu r\u0101v\u0113jsl\u0113dz\u0113jiem atvieglo nepiecie\u0161amo lietu p\u0101rvad\u0101\u0161anu - lieliski piem\u0113roti ikdienas piedz\u012bvojumiem un gar\u0101k\u0101m pastaig\u0101m.<\/h6>\n<p>&nbsp;<\/p>\n<h6><strong><em>Vienm\u0113r\u012bga un stabila brauk\u0161ana uz vis\u0101m virsm\u0101m<\/em><\/strong><\/h6>\n<h6>Pateicoties balstiek\u0101rtai un viegli st\u016br\u0113jamai priek\u0161\u0113jai asij, D Two vienm\u0113r\u012bgi p\u0101rvietojas pa asfaltu un \u0161aur\u0101s viet\u0101s. Lieliska manevr\u0113tsp\u0113ja padara to viegli p\u0101rvietojamu pat ar diviem b\u0113rniem.<\/h6>\n<p>&nbsp;<\/p>\n<h6><em><strong>Piem\u0113rots ar\u012b jaundzimu\u0161ajiem<\/strong><\/em><\/h6>\n<h6>Ar <a href=\"https:\/\/hummy.ee\/lv\/product\/circle-t-one-zidaina-ieliktnis\/\">z\u012bdai\u0146a piederumiem<\/a> (nop\u0113rkams atsevi\u0161\u0137i) D Two divu b\u0113rnu vieglo rati\u0146u var izmantot jau no dzim\u0161anas. Z\u012bdai\u0146a piederumiem ir pastiprin\u0101tas malas, m\u012bksts oder\u0113jums un ar r\u0101v\u0113jsl\u0113dz\u0113ju no\u0146emams p\u0101rvalks \u2013 lai nodro\u0161in\u0101tu b\u0113rna dro\u0161\u012bbu un siltumu.<\/h6>\n<p>&nbsp;<\/p>\n<h6><strong><em>Kompakts un praktisks - viegli salok\u0101ms ar vienu roku<\/em><\/strong><\/h6>\n<h6>D Two divu b\u0113rnu vieglais rati\u0146\u0161 ir p\u0101rsteidzo\u0161i kompakts. Ar vienas rokas saloc\u012b\u0161anas meh\u0101nismu tas \u013cauj \u0101tri un \u0113rti uzglab\u0101t.<\/h6>\n<p>&nbsp;<\/p>\n<h6><strong><em>Kam paredz\u0113ts D Two divu b\u0113rnu vieglais rati\u0146\u0161?<\/em><\/strong><\/h6>\n<ul>\n<li>\n<h6>Vecums: piem\u0113rots b\u0113rniem no 6 l\u012bdz 9 m\u0113ne\u0161u vecumam, kuri var patst\u0101v\u012bgi s\u0113d\u0113t (ar b\u0113rnu s\u0113dekl\u012bti no dzim\u0161anas).<\/h6>\n<\/li>\n<li>\n<h6>Svara ierobe\u017eojums vienam b\u0113rnam: l\u012bdz 22 kg<\/h6>\n<\/li>\n<li>\n<h6>Iepirkumu rati\u0146u ietilp\u012bba: l\u012bdz 5 kg<\/h6>\n<\/li>\n<\/ul>\n<h6><em><strong>Tehniskie dati<\/strong><\/em><\/h6>\n<ul>\n<li>\n<h6>Rokturis: fiks\u0113ts augstums<\/h6>\n<\/li>\n<li>\n<h6>Mont\u0101\u017ea: salok\u0101m\u0101 sist\u0113ma ar vienu roku<\/h6>\n<\/li>\n<li>\n<h6>Rite\u0146i: gaisa kameras (priek\u0161\u0113jie: 19 cm, aizmugur\u0113jie: 23,5 cm).<\/h6>\n<\/li>\n<li>\n<h6>Piekare: 4 rite\u0146u balstiek\u0101rta + papildu aizmugur\u0113j\u0101 balstiek\u0101rta<\/h6>\n<\/li>\n<li>\n<h6>Blo\u0137\u0113jami priek\u0161\u0113jie rite\u0146i<\/h6>\n<\/li>\n<li>\n<h6>St\u0101vbremze<\/h6>\n<\/li>\n<\/ul>\n<h6><em><strong>Funkcijas<\/strong><\/em><\/h6>\n<ul>\n<li>\n<h6>Atzveltne: 4 poz\u012bcijas, tostarp. Piln\u012bb\u0101 gu\u013cus st\u0101voklis<\/h6>\n<\/li>\n<li>\n<h6>K\u0101ju balsts: 3 poz\u012bcijas<\/h6>\n<\/li>\n<li>\n<h6>Dro\u0161\u012bbas stienis: no\u0146emams un izvelkams<\/h6>\n<\/li>\n<li>\n<h6>P\u0101rkl\u0101js: UPF50+, pagarin\u0101ms<\/h6>\n<\/li>\n<\/ul>\n<h6><em><strong>Izm\u0113ri un svars<\/strong><\/em><\/h6>\n<ul>\n<li>\n<h6>Atv\u0113rts: 96 x 73,5 x 105 cm (garums x platums x augstums)<\/h6>\n<\/li>\n<li>\n<h6>Saloc\u012bts: 90 x 73,5 x 37,5 cm<\/h6>\n<\/li>\n<li>\n<h6>Salikt\u0101 veid\u0101 bez rite\u0146iem: 96 x 73,5 x 37,5 cm<\/h6>\n<\/li>\n<li>\n<h6>Svars: 15,2 kg<\/h6>\n<\/li>\n<li>\n<h6>S\u0113dvietu laukums: 20,5 x 30 cm<\/h6>\n<\/li>\n<li>\n<h6>Atzveltne: 47 x 30 cm<\/h6>\n<\/li>\n<li>\n<h6>K\u0101ju balsts: 14 x 31 cm<\/h6>\n<\/li>\n<li>\n<h6>Gu\u013cus poz\u012bcija: 78,5 x 93 cm<\/h6>\n<\/li>\n<\/ul>\n<h6><em>Uzziniet vair\u0101k \u0161aj\u0101 <a href=\"https:\/\/www.youtube.com\/watch?v=t8w9L6LJkx8\" target=\"_blank\" rel=\"noopener\">videoklip\u0101, kas iepaz\u012bstina ar<\/a> rati\u0146iem.<\/em><\/h6>\n<p>&nbsp;<\/p>\n<h6 class=\"wp-block-column\"><em>Pareizie rite\u0146i padara b\u0113rnu rati\u0146u lieto\u0161anu daudz \u0113rt\u0101ku! Uzziniet, k\u0101 izv\u0113l\u0113ties sev piem\u0113rot\u0101ko risin\u0101jumu, Hummy <a href=\"https:\/\/hummy.ee\/lv\/kuru-bernu-ratinus-ar-riteniem-izveleties\/\" target=\"_blank\" rel=\"nofollow noopener\">blog\u0101.<\/a> <\/em><\/h6>\n","protected":false},"excerpt":{"rendered":"<h6>Circle D Two by ABC Design - ide\u0101ls viegls rati\u0146u komplekts \u0123imen\u0113m ar diviem b\u0113rniem. Gan dv\u012b\u0146iem, gan da\u017e\u0101da vecuma br\u0101\u013ciem un m\u0101s\u0101m. \u0160is \u0113rtais, vieglais un funkcion\u0101lais divviet\u012bgais b\u0113rnu rati\u0146\u0161 padara ikdienas pastaigas vieglas un pat\u012bkamas.<\/h6>\n","protected":false},"featured_media":83026,"comment_status":"open","ping_status":"closed","template":"","meta":{"_acf_changed":false,"om_disable_all_campaigns":false,"_monsterinsights_skip_tracking":false,"_monsterinsights_sitenote_active":false,"_monsterinsights_sitenote_note":"","_monsterinsights_sitenote_category":0,"_uf_show_specific_survey":0,"_uf_disable_surveys":false,"site-sidebar-layout":"default","site-content-layout":"","ast-site-content-layout":"default","site-content-style":"default","site-sidebar-style":"default","ast-global-header-display":"","ast-banner-title-visibility":"","ast-main-header-display":"","ast-hfb-above-header-display":"","ast-hfb-below-header-display":"","ast-hfb-mobile-header-display":"","site-post-title":"","ast-breadcrumbs-content":"","ast-featured-img":"","footer-sml-layout":"","theme-transparent-header-meta":"default","adv-header-id-meta":"","stick-header-meta":"","header-above-stick-meta":"","header-main-stick-meta":"","header-below-stick-meta":"","astra-migrate-meta-layouts":"set","ast-page-background-enabled":"default","ast-page-background-meta":{"desktop":{"background-color":"var(--ast-global-color-4)","background-image":"","background-repeat":"repeat","background-position":"center center","background-size":"auto","background-attachment":"scroll","background-type":"","background-media":"","overlay-type":"","overlay-color":"","overlay-opacity":"","overlay-gradient":""},"tablet":{"background-color":"","background-image":"","background-repeat":"repeat","background-position":"center center","background-size":"auto","background-attachment":"scroll","background-type":"","background-media":"","overlay-type":"","overlay-color":"","overlay-opacity":"","overlay-gradient":""},"mobile":{"background-color":"","background-image":"","background-repeat":"repeat","background-position":"center center","background-size":"auto","background-attachment":"scroll","background-type":"","background-media":"","overlay-type":"","overlay-color":"","overlay-opacity":"","overlay-gradient":""}},"ast-content-background-meta":{"desktop":{"background-color":"var(--ast-global-color-5)","background-image":"","background-repeat":"repeat","background-position":"center center","background-size":"auto","background-attachment":"scroll","background-type":"","background-media":"","overlay-type":"","overlay-color":"","overlay-opacity":"","overlay-gradient":""},"tablet":{"background-color":"var(--ast-global-color-5)","background-image":"","background-repeat":"repeat","background-position":"center center","background-size":"auto","background-attachment":"scroll","background-type":"","background-media":"","overlay-type":"","overlay-color":"","overlay-opacity":"","overlay-gradient":""},"mobile":{"background-color":"var(--ast-global-color-5)","background-image":"","background-repeat":"repeat","background-position":"center center","background-size":"auto","background-attachment":"scroll","background-type":"","background-media":"","overlay-type":"","overlay-color":"","overlay-opacity":"","overlay-gradient":""}}},"product_brand":[],"product_cat":[526,431,549,432],"product_tag":[],"class_list":{"0":"post-56516","1":"product","2":"type-product","3":"status-publish","4":"has-post-thumbnail","6":"product_cat-abc-dizains","7":"product_cat-ratini","8":"product_cat-divvietigi-ratini","9":"product_cat-cisternu","10":"desktop-align-left","11":"tablet-align-left","12":"mobile-align-left","14":"first","15":"instock","16":"sale","17":"taxable","18":"shipping-taxable","19":"purchasable","20":"product-type-variable"},"acf":[],"aioseo_notices":[],"_links":{"self":[{"href":"https:\/\/hummy.ee\/lv\/wp-json\/wp\/v2\/product\/56516","targetHints":{"allow":["GET"]}}],"collection":[{"href":"https:\/\/hummy.ee\/lv\/wp-json\/wp\/v2\/product"}],"about":[{"href":"https:\/\/hummy.ee\/lv\/wp-json\/wp\/v2\/types\/product"}],"replies":[{"embeddable":true,"href":"https:\/\/hummy.ee\/lv\/wp-json\/wp\/v2\/comments?post=56516"}],"version-history":[{"count":16,"href":"https:\/\/hummy.ee\/lv\/wp-json\/wp\/v2\/product\/56516\/revisions"}],"predecessor-version":[{"id":84942,"href":"https:\/\/hummy.ee\/lv\/wp-json\/wp\/v2\/product\/56516\/revisions\/84942"}],"wp:featuredmedia":[{"embeddable":true,"href":"https:\/\/hummy.ee\/lv\/wp-json\/wp\/v2\/media\/83026"}],"wp:attachment":[{"href":"https:\/\/hummy.ee\/lv\/wp-json\/wp\/v2\/media?parent=56516"}],"wp:term":[{"taxonomy":"product_brand","embeddable":true,"href":"https:\/\/hummy.ee\/lv\/wp-json\/wp\/v2\/product_brand?post=56516"},{"taxonomy":"product_cat","embeddable":true,"href":"https:\/\/hummy.ee\/lv\/wp-json\/wp\/v2\/product_cat?post=56516"},{"taxonomy":"product_tag","embeddable":true,"href":"https:\/\/hummy.ee\/lv\/wp-json\/wp\/v2\/product_tag?post=56516"}],"curies":[{"name":"wp","href":"https:\/\/api.w.org\/{rel}","templated":true}]}}