{"id":54497,"date":"2024-08-07T19:43:53","date_gmt":"2024-08-07T19:43:53","guid":{"rendered":"https:\/\/hummy.ee\/?post_type=product&#038;p=54497"},"modified":"2026-02-28T10:35:10","modified_gmt":"2026-02-28T10:35:10","slug":"drosibas-supula-noma","status":"publish","type":"product","link":"https:\/\/hummy.ee\/lv\/product\/drosibas-supula-noma\/","title":{"rendered":"DRO\u0160\u012aBAS \u0160\u016aPU\u013bA NOMA"},"content":{"rendered":"<p>Vid\u0113ji vec\u0101ki izmanto autokr\u0113sli\u0146u tikai pirmos 9 b\u0113rna dz\u012bves m\u0113ne\u0161us. Hummy v\u0113las veicin\u0101t savu produktu ilgtsp\u0113j\u012bgu lieto\u0161anu un pied\u0101v\u0101 9 m\u0113ne\u0161u nomas periodu JAUNIEM \u0161\u016bpu\u013ckr\u0113sliem. Nomas perioda beig\u0101s b\u0113rnu autokr\u0113sli\u0146iem tiek veikta r\u016bp\u012bga apkope, un tie non\u0101k pie otr\u0101s maznodro\u0161in\u0101to \u0123ime\u0146u k\u0101rtas.  <\/p>\n&#13;\n<p>\u00a0<\/p>&#13;\n","protected":false},"excerpt":{"rendered":"<h6><a href=\"https:\/\/hummy.ee\/wp-content\/uploads\/2024\/08\/TURVAHALLI-TULIP-KASUTUSRENDI-TINGIMUSED.docx\">DRO\u0160\u012aBAS \u0160\u016aPU\u013bA TULIP LIETOT\u0100JA NOMAS NOTEIKUMI UN NOSAC\u012aJUMI<\/a><\/h6>\n<h6><a href=\"https:\/\/hummy.ee\/lt\/toode\/abc-design-tulip-i-size-saugos-lopsys\/\">IEPAZ\u012aSTIETIES AR DRO\u0160\u012aBAS \u0160\u016aPULI TULIP\u0100NS!<\/a><\/h6>\n","protected":false},"featured_media":23617,"comment_status":"closed","ping_status":"closed","template":"","meta":{"_acf_changed":false,"om_disable_all_campaigns":false,"_monsterinsights_skip_tracking":false,"_monsterinsights_sitenote_active":false,"_monsterinsights_sitenote_note":"","_monsterinsights_sitenote_category":0,"_uf_show_specific_survey":0,"_uf_disable_surveys":false,"site-sidebar-layout":"default","site-content-layout":"","ast-site-content-layout":"default","site-content-style":"default","site-sidebar-style":"default","ast-global-header-display":"","ast-banner-title-visibility":"","ast-main-header-display":"","ast-hfb-above-header-display":"","ast-hfb-below-header-display":"","ast-hfb-mobile-header-display":"","site-post-title":"","ast-breadcrumbs-content":"","ast-featured-img":"","footer-sml-layout":"","theme-transparent-header-meta":"default","adv-header-id-meta":"","stick-header-meta":"","header-above-stick-meta":"","header-main-stick-meta":"","header-below-stick-meta":"","astra-migrate-meta-layouts":"set","ast-page-background-enabled":"default","ast-page-background-meta":{"desktop":{"background-color":"var(--ast-global-color-4)","background-image":"","background-repeat":"repeat","background-position":"center center","background-size":"auto","background-attachment":"scroll","background-type":"","background-media":"","overlay-type":"","overlay-color":"","overlay-opacity":"","overlay-gradient":""},"tablet":{"background-color":"","background-image":"","background-repeat":"repeat","background-position":"center center","background-size":"auto","background-attachment":"scroll","background-type":"","background-media":"","overlay-type":"","overlay-color":"","overlay-opacity":"","overlay-gradient":""},"mobile":{"background-color":"","background-image":"","background-repeat":"repeat","background-position":"center center","background-size":"auto","background-attachment":"scroll","background-type":"","background-media":"","overlay-type":"","overlay-color":"","overlay-opacity":"","overlay-gradient":""}},"ast-content-background-meta":{"desktop":{"background-color":"var(--ast-global-color-5)","background-image":"","background-repeat":"repeat","background-position":"center center","background-size":"auto","background-attachment":"scroll","background-type":"","background-media":"","overlay-type":"","overlay-color":"","overlay-opacity":"","overlay-gradient":""},"tablet":{"background-color":"var(--ast-global-color-5)","background-image":"","background-repeat":"repeat","background-position":"center center","background-size":"auto","background-attachment":"scroll","background-type":"","background-media":"","overlay-type":"","overlay-color":"","overlay-opacity":"","overlay-gradient":""},"mobile":{"background-color":"var(--ast-global-color-5)","background-image":"","background-repeat":"repeat","background-position":"center center","background-size":"auto","background-attachment":"scroll","background-type":"","background-media":"","overlay-type":"","overlay-color":"","overlay-opacity":"","overlay-gradient":""}}},"product_brand":[],"product_cat":[651,1044],"product_tag":[],"class_list":{"0":"post-54497","1":"product","2":"type-product","3":"status-publish","4":"has-post-thumbnail","6":"product_cat-drosibas-sedekli","7":"product_cat-operativa-noma","8":"desktop-align-left","9":"tablet-align-left","10":"mobile-align-left","12":"first","13":"instock","14":"sold-individually","15":"taxable","16":"shipping-taxable","17":"purchasable","18":"product-type-variable"},"acf":[],"aioseo_notices":[],"_links":{"self":[{"href":"https:\/\/hummy.ee\/lv\/wp-json\/wp\/v2\/product\/54497","targetHints":{"allow":["GET"]}}],"collection":[{"href":"https:\/\/hummy.ee\/lv\/wp-json\/wp\/v2\/product"}],"about":[{"href":"https:\/\/hummy.ee\/lv\/wp-json\/wp\/v2\/types\/product"}],"replies":[{"embeddable":true,"href":"https:\/\/hummy.ee\/lv\/wp-json\/wp\/v2\/comments?post=54497"}],"version-history":[{"count":6,"href":"https:\/\/hummy.ee\/lv\/wp-json\/wp\/v2\/product\/54497\/revisions"}],"predecessor-version":[{"id":84993,"href":"https:\/\/hummy.ee\/lv\/wp-json\/wp\/v2\/product\/54497\/revisions\/84993"}],"wp:featuredmedia":[{"embeddable":true,"href":"https:\/\/hummy.ee\/lv\/wp-json\/wp\/v2\/media\/23617"}],"wp:attachment":[{"href":"https:\/\/hummy.ee\/lv\/wp-json\/wp\/v2\/media?parent=54497"}],"wp:term":[{"taxonomy":"product_brand","embeddable":true,"href":"https:\/\/hummy.ee\/lv\/wp-json\/wp\/v2\/product_brand?post=54497"},{"taxonomy":"product_cat","embeddable":true,"href":"https:\/\/hummy.ee\/lv\/wp-json\/wp\/v2\/product_cat?post=54497"},{"taxonomy":"product_tag","embeddable":true,"href":"https:\/\/hummy.ee\/lv\/wp-json\/wp\/v2\/product_tag?post=54497"}],"curies":[{"name":"wp","href":"https:\/\/api.w.org\/{rel}","templated":true}]}}