{"id":54381,"date":"2025-03-02T20:43:03","date_gmt":"2025-03-02T20:43:03","guid":{"rendered":"https:\/\/hummy.ee\/product\/biskopja-lasisanas-kresls-big-lounger\/"},"modified":"2026-02-27T07:44:42","modified_gmt":"2026-02-27T07:44:42","slug":"beanbag-lasisanas-kresls-big-lounger","status":"publish","type":"product","link":"https:\/\/hummy.ee\/lv\/product\/beanbag-lasisanas-kresls-big-lounger\/","title":{"rendered":"Beanbag las\u012b\u0161anas kr\u0113sls - Big Lounger"},"content":{"rendered":"<h6 data-start=\"0\" data-end=\"30\"><em><strong data-start=\"0\" data-end=\"28\">Ide\u0101ls las\u012b\u0161anas kr\u0113sls atp\u016btai.<\/strong><\/em><\/h6>\n<h6 data-start=\"32\" data-end=\"161\">Izstr\u0101d\u0101ts t\u0101, lai sniegtu maksim\u0101lu atbalstu un komfortu un j\u016bsu mazulis var\u0113tu s\u0113d\u0113t, las\u012bt, sp\u0113l\u0113ties vai skat\u012bties savu m\u012b\u013c\u0101ko filmu.<\/h6>\n<p>&nbsp;<\/p>\n<h6 data-start=\"163\" data-end=\"196\"><em><strong data-start=\"163\" data-end=\"194\">\u013baujiet savai izt\u0113lei lidot<\/strong><\/em><\/h6>\n<h6 data-start=\"198\" data-end=\"357\">Vai tas ir tikai gu\u013camkr\u0113sls&#8230; vai aisbergs, kas dreif\u0113 Zieme\u013cpola virzien\u0101? Varb\u016bt pir\u0101tu ku\u0123is? Uzk\u0101p uz ku\u0123a un \u013caujies izt\u0113lei!<\/h6>\n<p>&nbsp;<\/p>\n<h6 data-start=\"359\" data-end=\"385\"><em><strong data-start=\"359\" data-end=\"383\">Vienk\u0101r\u0161\u012bba un est\u0113tika<\/strong><\/em><\/h6>\n<h6 data-start=\"387\" data-end=\"490\">Liel\u0101 atp\u016btas kr\u0113sla t\u012brais un vienk\u0101r\u0161ais dizains pie\u0161\u0137ir stilu jebkurai telpai un rada mier\u012bgu un pla\u0161u atmosf\u0113ru.<\/h6>\n<p>&nbsp;<\/p>\n<h6><b><i>Viegla apkope<\/i><\/b><b><i><\/i><\/b><\/h6>\n<h6>Pateicoties fiksatora atv\u0113rumam, v\u0101ku ir viegli no\u0146emt un mazg\u0101t. Mazg\u0101jiet p\u0101rkl\u0101ju ar rok\u0101m (30\u00b0C) l\u012bdz\u012bg\u0101s kr\u0101s\u0101s un pakariet, lai no\u017e\u016btu.<\/h6>\n<p>&nbsp;<\/p>\n<h6><em><strong>Ar m\u012blest\u012bbu un r\u016bp\u012bbu darin\u0101ti rokdarbi<\/strong><\/em><\/h6>\n<h6 data-start=\"38\" data-end=\"329\">Ar vair\u0101k nek\u0101 desmit gadu pieredzi m\u0113s lepojamies, ka varam pieg\u0101d\u0101t liel\u0101kajiem ES mazumtirgot\u0101jiem produktus, kas ar r\u016bp\u012bbu un m\u012blest\u012bbu ra\u017eoti m\u016bsu r\u016bpn\u012bc\u0101 Latvij\u0101. M\u0113s pa\u0161i kontrol\u0113jam katru ra\u017eo\u0161anas posmu, piev\u0113r\u0161ot uzman\u012bbu viss\u012bk\u0101kaj\u0101m deta\u013c\u0101m un nep\u0101rtraukti att\u012bstot un ievie\u0161ot jaunin\u0101jumus m\u016bsu produktos.<\/h6>\n","protected":false},"excerpt":{"rendered":"<h6 data-start=\"145\" data-end=\"395\">\u0160\u012b atzveltnes kr\u0113sla pievilc\u012bg\u0101 forma vilina j\u016bs piespiest EPS krelles un patiesi atp\u016bsties. Lielais atp\u016btas kr\u0113sls ir izgatavots no augstas kvalit\u0101tes, m\u012bksta samta auklas auduma ar greznu tekst\u016bru, kas t\u0101 mazajiem \u012bpa\u0161niekiem sniedz neaizmirstamu taustes pieredzi.<\/h6>\n","protected":false},"featured_media":44957,"comment_status":"open","ping_status":"closed","template":"","meta":{"_acf_changed":false,"om_disable_all_campaigns":false,"_monsterinsights_skip_tracking":false,"_monsterinsights_sitenote_active":false,"_monsterinsights_sitenote_note":"","_monsterinsights_sitenote_category":0,"_uf_show_specific_survey":0,"_uf_disable_surveys":false,"site-sidebar-layout":"default","site-content-layout":"","ast-site-content-layout":"default","site-content-style":"default","site-sidebar-style":"default","ast-global-header-display":"","ast-banner-title-visibility":"","ast-main-header-display":"","ast-hfb-above-header-display":"","ast-hfb-below-header-display":"","ast-hfb-mobile-header-display":"","site-post-title":"","ast-breadcrumbs-content":"","ast-featured-img":"","footer-sml-layout":"","theme-transparent-header-meta":"default","adv-header-id-meta":"","stick-header-meta":"","header-above-stick-meta":"","header-main-stick-meta":"","header-below-stick-meta":"","astra-migrate-meta-layouts":"set","ast-page-background-enabled":"default","ast-page-background-meta":{"desktop":{"background-color":"var(--ast-global-color-4)","background-image":"","background-repeat":"repeat","background-position":"center center","background-size":"auto","background-attachment":"scroll","background-type":"","background-media":"","overlay-type":"","overlay-color":"","overlay-opacity":"","overlay-gradient":""},"tablet":{"background-color":"","background-image":"","background-repeat":"repeat","background-position":"center center","background-size":"auto","background-attachment":"scroll","background-type":"","background-media":"","overlay-type":"","overlay-color":"","overlay-opacity":"","overlay-gradient":""},"mobile":{"background-color":"","background-image":"","background-repeat":"repeat","background-position":"center center","background-size":"auto","background-attachment":"scroll","background-type":"","background-media":"","overlay-type":"","overlay-color":"","overlay-opacity":"","overlay-gradient":""}},"ast-content-background-meta":{"desktop":{"background-color":"var(--ast-global-color-5)","background-image":"","background-repeat":"repeat","background-position":"center center","background-size":"auto","background-attachment":"scroll","background-type":"","background-media":"","overlay-type":"","overlay-color":"","overlay-opacity":"","overlay-gradient":""},"tablet":{"background-color":"var(--ast-global-color-5)","background-image":"","background-repeat":"repeat","background-position":"center center","background-size":"auto","background-attachment":"scroll","background-type":"","background-media":"","overlay-type":"","overlay-color":"","overlay-opacity":"","overlay-gradient":""},"mobile":{"background-color":"var(--ast-global-color-5)","background-image":"","background-repeat":"repeat","background-position":"center center","background-size":"auto","background-attachment":"scroll","background-type":"","background-media":"","overlay-type":"","overlay-color":"","overlay-opacity":"","overlay-gradient":""}}},"product_brand":[],"product_cat":[985],"product_tag":[],"class_list":{"0":"post-54381","1":"product","2":"type-product","3":"status-publish","4":"has-post-thumbnail","6":"product_cat-wigiwama-lv","7":"desktop-align-left","8":"tablet-align-left","9":"mobile-align-left","11":"first","12":"instock","13":"sale","14":"taxable","15":"shipping-taxable","16":"purchasable","17":"product-type-variable"},"acf":[],"aioseo_notices":[],"_links":{"self":[{"href":"https:\/\/hummy.ee\/lv\/wp-json\/wp\/v2\/product\/54381","targetHints":{"allow":["GET"]}}],"collection":[{"href":"https:\/\/hummy.ee\/lv\/wp-json\/wp\/v2\/product"}],"about":[{"href":"https:\/\/hummy.ee\/lv\/wp-json\/wp\/v2\/types\/product"}],"replies":[{"embeddable":true,"href":"https:\/\/hummy.ee\/lv\/wp-json\/wp\/v2\/comments?post=54381"}],"version-history":[{"count":3,"href":"https:\/\/hummy.ee\/lv\/wp-json\/wp\/v2\/product\/54381\/revisions"}],"predecessor-version":[{"id":82580,"href":"https:\/\/hummy.ee\/lv\/wp-json\/wp\/v2\/product\/54381\/revisions\/82580"}],"wp:featuredmedia":[{"embeddable":true,"href":"https:\/\/hummy.ee\/lv\/wp-json\/wp\/v2\/media\/44957"}],"wp:attachment":[{"href":"https:\/\/hummy.ee\/lv\/wp-json\/wp\/v2\/media?parent=54381"}],"wp:term":[{"taxonomy":"product_brand","embeddable":true,"href":"https:\/\/hummy.ee\/lv\/wp-json\/wp\/v2\/product_brand?post=54381"},{"taxonomy":"product_cat","embeddable":true,"href":"https:\/\/hummy.ee\/lv\/wp-json\/wp\/v2\/product_cat?post=54381"},{"taxonomy":"product_tag","embeddable":true,"href":"https:\/\/hummy.ee\/lv\/wp-json\/wp\/v2\/product_tag?post=54381"}],"curies":[{"name":"wp","href":"https:\/\/api.w.org\/{rel}","templated":true}]}}