{"id":54364,"date":"2025-03-02T20:43:00","date_gmt":"2025-03-02T20:43:00","guid":{"rendered":"https:\/\/hummy.ee\/product\/tumba-makonu-pufs\/"},"modified":"2026-02-27T07:46:45","modified_gmt":"2026-02-27T07:46:45","slug":"pufs-cloud-pouffe","status":"publish","type":"product","link":"https:\/\/hummy.ee\/lv\/product\/pufs-cloud-pouffe\/","title":{"rendered":"Pufs - Cloud Pouffe"},"content":{"rendered":"<h6 data-start=\"177\" data-end=\"205\"><em><strong data-start=\"181\" data-end=\"203\">K\u0101 uz m\u0101ko\u0146a<\/strong><\/em><\/h6>\n<h6 data-start=\"206\" data-end=\"334\">Neatkar\u012bgi no t\u0101, vai las\u0101t, sp\u0113l\u0113jaties ar rota\u013cliet\u0101m vai vienk\u0101r\u0161i atp\u016b\u0161aties, m\u0101ko\u0146p\u016b\u0161am\u0101 pufa Cloud Pouffe jebkur\u0101 br\u012bd\u012b sniedz baudu un komfortu.<\/h6>\n<p>&nbsp;<\/p>\n<h6 data-start=\"336\" data-end=\"379\"><em><strong data-start=\"340\" data-end=\"377\">Viegls un vienm\u0113r gatavs piedz\u012bvojumiem<\/strong><\/em><\/h6>\n<h6 data-start=\"380\" data-end=\"494\">M\u0101ko\u0146u pufs viegli p\u0101rvietojas no istabas uz istabu, aicinot b\u0113rnus atkl\u0101t jaunas burvju pasaules un \u013caut izt\u0113lei lidot.<\/h6>\n<p>&nbsp;<\/p>\n<h6 data-start=\"496\" data-end=\"522\"><em><strong data-start=\"500\" data-end=\"520\">Izklaide, kas ilgst<\/strong><\/em><\/h6>\n<h6 data-start=\"523\" data-end=\"669\">Izgatavots no augstas kvalit\u0101tes un iztur\u012bgiem materi\u0101liem, lai nodro\u0161in\u0101tu ilgsto\u0161u lieto\u0161anu un b\u016btu gatavs jebk\u0101diem piedz\u012bvojumiem, ko j\u016bsu b\u0113rns var iedom\u0101ties.<\/h6>\n<p>&nbsp;<\/p>\n<h6 data-start=\"671\" data-end=\"712\"><em><strong data-start=\"675\" data-end=\"710\">Vienk\u0101r\u0161\u012bba, ko iedvesmoju\u0161i m\u0101ko\u0146i<\/strong><\/em><\/h6>\n<h6 data-start=\"713\" data-end=\"815\">M\u0101ko\u0146a pufa minim\u0101lisma dizains iederas jebkur\u0101 interjer\u0101, pie\u0161\u0137irot gais\u012bgumu un stilu jebkurai telpai.<\/h6>\n<p>&nbsp;<\/p>\n<h6 data-start=\"817\" data-end=\"841\"><em><strong data-start=\"821\" data-end=\"839\">Viegla apkope<\/strong><\/em><\/h6>\n<h6 data-start=\"842\" data-end=\"987\">No\u0146emamais p\u0101rvalks padara t\u012br\u012b\u0161anu pavisam vienk\u0101r\u0161u - vienk\u0101r\u0161i no\u0146emiet, nomazg\u0101jiet, un Cloud Pouffe tuba b\u016bs tikpat svaiga un pievilc\u012bga k\u0101 saulain\u0101 dien\u0101. Mazg\u0101jiet v\u0101ku ar rok\u0101m (30\u00b0C) l\u012bdz\u012bg\u0101s kr\u0101s\u0101s un pakariet, lai no\u017e\u016btu.<\/h6>\n<p>&nbsp;<\/p>\n<h6><em><strong>Izgatavots ar m\u012blest\u012bbu un r\u016bp\u012bbu<\/strong><\/em><em><strong>amatniec\u012bbas<\/strong><\/em><\/h6>\n<h6 data-start=\"38\" data-end=\"329\">Ar vair\u0101k nek\u0101 desmit gadu pieredzi m\u0113s lepojamies, ka varam pieg\u0101d\u0101t liel\u0101kajiem ES mazumtirgot\u0101jiem produktus, kas ar r\u016bp\u012bbu un m\u012blest\u012bbu ra\u017eoti m\u016bsu r\u016bpn\u012bc\u0101 Latvij\u0101. M\u0113s pa\u0161i kontrol\u0113jam katru ra\u017eo\u0161anas posmu, piev\u0113r\u0161ot uzman\u012bbu viss\u012bk\u0101kaj\u0101m deta\u013c\u0101m un nep\u0101rtraukti att\u012bstot un ievie\u0161ot jaunin\u0101jumus m\u016bsu produktos.<\/h6>\n","protected":false},"excerpt":{"rendered":"<h6 data-start=\"0\" data-end=\"48\">Paaugstiniet b\u0113rna komfortu jaun\u0101 l\u012bmen\u012b. Cloud Pouffe spilvens ir izstr\u0101d\u0101ts maksim\u0101lam komfortam un atbalstam, ta\u010du tas ir ar\u012b stil\u012bgs dekora elements, kas pie\u0161\u0137ir j\u016bsu istabai maigumu un person\u012bbu. Wigiwama samta auduma spilvens Cloud Pouffe jebkurai dz\u012bves telpai pie\u0161\u0137ir m\u0101j\u012bgumu un \u0161armu!<\/h6>\n","protected":false},"featured_media":45233,"comment_status":"open","ping_status":"closed","template":"","meta":{"_acf_changed":false,"om_disable_all_campaigns":false,"_monsterinsights_skip_tracking":false,"_monsterinsights_sitenote_active":false,"_monsterinsights_sitenote_note":"","_monsterinsights_sitenote_category":0,"_uf_show_specific_survey":0,"_uf_disable_surveys":false,"site-sidebar-layout":"default","site-content-layout":"","ast-site-content-layout":"default","site-content-style":"default","site-sidebar-style":"default","ast-global-header-display":"","ast-banner-title-visibility":"","ast-main-header-display":"","ast-hfb-above-header-display":"","ast-hfb-below-header-display":"","ast-hfb-mobile-header-display":"","site-post-title":"","ast-breadcrumbs-content":"","ast-featured-img":"","footer-sml-layout":"","theme-transparent-header-meta":"default","adv-header-id-meta":"","stick-header-meta":"","header-above-stick-meta":"","header-main-stick-meta":"","header-below-stick-meta":"","astra-migrate-meta-layouts":"set","ast-page-background-enabled":"default","ast-page-background-meta":{"desktop":{"background-color":"var(--ast-global-color-4)","background-image":"","background-repeat":"repeat","background-position":"center center","background-size":"auto","background-attachment":"scroll","background-type":"","background-media":"","overlay-type":"","overlay-color":"","overlay-opacity":"","overlay-gradient":""},"tablet":{"background-color":"","background-image":"","background-repeat":"repeat","background-position":"center center","background-size":"auto","background-attachment":"scroll","background-type":"","background-media":"","overlay-type":"","overlay-color":"","overlay-opacity":"","overlay-gradient":""},"mobile":{"background-color":"","background-image":"","background-repeat":"repeat","background-position":"center center","background-size":"auto","background-attachment":"scroll","background-type":"","background-media":"","overlay-type":"","overlay-color":"","overlay-opacity":"","overlay-gradient":""}},"ast-content-background-meta":{"desktop":{"background-color":"var(--ast-global-color-5)","background-image":"","background-repeat":"repeat","background-position":"center center","background-size":"auto","background-attachment":"scroll","background-type":"","background-media":"","overlay-type":"","overlay-color":"","overlay-opacity":"","overlay-gradient":""},"tablet":{"background-color":"var(--ast-global-color-5)","background-image":"","background-repeat":"repeat","background-position":"center center","background-size":"auto","background-attachment":"scroll","background-type":"","background-media":"","overlay-type":"","overlay-color":"","overlay-opacity":"","overlay-gradient":""},"mobile":{"background-color":"var(--ast-global-color-5)","background-image":"","background-repeat":"repeat","background-position":"center center","background-size":"auto","background-attachment":"scroll","background-type":"","background-media":"","overlay-type":"","overlay-color":"","overlay-opacity":"","overlay-gradient":""}}},"product_brand":[],"product_cat":[985],"product_tag":[],"class_list":{"0":"post-54364","1":"product","2":"type-product","3":"status-publish","4":"has-post-thumbnail","6":"product_cat-wigiwama-lv","7":"desktop-align-left","8":"tablet-align-left","9":"mobile-align-left","11":"first","12":"instock","13":"sale","14":"taxable","15":"shipping-taxable","16":"purchasable","17":"product-type-variable"},"acf":[],"aioseo_notices":[],"_links":{"self":[{"href":"https:\/\/hummy.ee\/lv\/wp-json\/wp\/v2\/product\/54364","targetHints":{"allow":["GET"]}}],"collection":[{"href":"https:\/\/hummy.ee\/lv\/wp-json\/wp\/v2\/product"}],"about":[{"href":"https:\/\/hummy.ee\/lv\/wp-json\/wp\/v2\/types\/product"}],"replies":[{"embeddable":true,"href":"https:\/\/hummy.ee\/lv\/wp-json\/wp\/v2\/comments?post=54364"}],"version-history":[{"count":3,"href":"https:\/\/hummy.ee\/lv\/wp-json\/wp\/v2\/product\/54364\/revisions"}],"predecessor-version":[{"id":82576,"href":"https:\/\/hummy.ee\/lv\/wp-json\/wp\/v2\/product\/54364\/revisions\/82576"}],"wp:featuredmedia":[{"embeddable":true,"href":"https:\/\/hummy.ee\/lv\/wp-json\/wp\/v2\/media\/45233"}],"wp:attachment":[{"href":"https:\/\/hummy.ee\/lv\/wp-json\/wp\/v2\/media?parent=54364"}],"wp:term":[{"taxonomy":"product_brand","embeddable":true,"href":"https:\/\/hummy.ee\/lv\/wp-json\/wp\/v2\/product_brand?post=54364"},{"taxonomy":"product_cat","embeddable":true,"href":"https:\/\/hummy.ee\/lv\/wp-json\/wp\/v2\/product_cat?post=54364"},{"taxonomy":"product_tag","embeddable":true,"href":"https:\/\/hummy.ee\/lv\/wp-json\/wp\/v2\/product_tag?post=54364"}],"curies":[{"name":"wp","href":"https:\/\/api.w.org\/{rel}","templated":true}]}}