{"id":54332,"date":"2025-03-02T20:43:01","date_gmt":"2025-03-02T20:43:01","guid":{"rendered":"https:\/\/hummy.ee\/product\/kresls-meness-kresls\/"},"modified":"2026-02-27T07:39:07","modified_gmt":"2026-02-27T07:39:07","slug":"atputas-kresls-moon-chair","status":"publish","type":"product","link":"https:\/\/hummy.ee\/lv\/product\/atputas-kresls-moon-chair\/","title":{"rendered":"Atp\u016btas kr\u0113sls - Moon Chair"},"content":{"rendered":"<h6 data-start=\"0\" data-end=\"24\"><em><strong data-start=\"4\" data-end=\"22\">Debesu dizains<\/strong><\/em><\/h6>\n<h6 data-start=\"25\" data-end=\"171\">T\u0101pat k\u0101 m\u0113ness ar savu maigo mirdzumu izgaismo nakts debesis, t\u0101 ar\u012b M\u0113ness kr\u0113sls izstaro siltumu un komfortu, pied\u0101v\u0101jot b\u0113rniem est\u0113tisku, bet m\u0101j\u012bgu apsk\u0101vienu.<\/h6>\n<p>&nbsp;<\/p>\n<h6 data-start=\"173\" data-end=\"203\"><em><strong data-start=\"177\" data-end=\"201\">Ide\u0101ls las\u012b\u0161anas le\u0146\u0137is<\/strong><\/em><\/h6>\n<h6 data-start=\"204\" data-end=\"336\">Ar sav\u0101m maigaj\u0101m, t\u012braj\u0101m l\u012bnij\u0101m un maigo tekst\u016bru kr\u0113sls Moon aicina j\u016bs pagul\u0113t, sap\u0146ot, las\u012bt vai vienk\u0101r\u0161i atp\u016bsties.<\/h6>\n<p>&nbsp;<\/p>\n<h6 data-start=\"338\" data-end=\"366\"><em><strong data-start=\"342\" data-end=\"364\">Rado\u0161uma izaicin\u0101jums<\/strong><\/em><\/h6>\n<h6 data-start=\"367\" data-end=\"551\">M\u0113ness kr\u0113slu veido tr\u012bs r\u016bp\u012bgi izstr\u0101d\u0101ti elementi. Aiciniet savu mazo rad\u012bt\u0101ju padom\u0101t - ko v\u0113l ar tiem var izveidot? Sagatavojieties, ka j\u016bs p\u0101rsteigs vi\u0146u neierobe\u017eot\u0101 izt\u0113le!<\/h6>\n<p>&nbsp;<\/p>\n<h6 data-start=\"0\" data-end=\"31\"><em><strong data-start=\"4\" data-end=\"29\">Komforts visos l\u012bme\u0146os<\/strong><\/em><\/h6>\n<h6 data-start=\"32\" data-end=\"162\">Piel\u0101gojiet s\u0113dekli atbilsto\u0161i sav\u0101m v\u0113lm\u0113m - p\u0101rvietojiet modu\u013cus uz aug\u0161u vai uz leju un atkl\u0101jiet bezgal\u012bgas iesp\u0113jas maksim\u0101lam komfortam!<\/h6>\n<p>&nbsp;<\/p>\n<h6 data-start=\"164\" data-end=\"196\"><em><strong data-start=\"168\" data-end=\"194\">Est\u0113tika katr\u0101 l\u012bnij\u0101<\/strong><\/em><\/h6>\n<h6 data-start=\"197\" data-end=\"311\">\u0160is kr\u0113sls ar sav\u0101m minim\u0101lisma, izsmalcin\u0101taj\u0101m kont\u016br\u0101m un skaisto kr\u0101su paleti lieliski ieder\u0113sies jebkur\u0101 interjer\u0101.<\/h6>\n<p>&nbsp;<\/p>\n<h6 data-start=\"313\" data-end=\"343\"><em><strong data-start=\"317\" data-end=\"341\">Notur\u012bga kvalit\u0101te<\/strong><\/em><\/h6>\n<h6 data-start=\"344\" data-end=\"456\">Izgatavots no lab\u0101kajiem materi\u0101liem, lai iztur\u0113tu akt\u012bvu b\u0113rnu ikdienas lieto\u0161anu un piedz\u012bvojumus.<\/h6>\n<p>&nbsp;<\/p>\n<h6><b><i>Viegla apkope<\/i><\/b><b><i><\/i><\/b><\/h6>\n<h6>Pateicoties fiksatora atv\u0113rumam, v\u0101ku ir viegli no\u0146emt un mazg\u0101t. Mazg\u0101jiet p\u0101rkl\u0101ju ar rok\u0101m (30\u00b0C) l\u012bdz\u012bg\u0101s kr\u0101s\u0101s un pakariet, lai no\u017e\u016btu.<\/h6>\n<p>&nbsp;<\/p>\n<h6><em><strong>Izgatavots ar m\u012blest\u012bbu un r\u016bp\u012bbu<\/strong><\/em><em><strong>amatniec\u012bbas<\/strong><\/em><\/h6>\n<h6 data-start=\"38\" data-end=\"329\">Ar vair\u0101k nek\u0101 desmit gadu pieredzi m\u0113s lepojamies, ka varam pieg\u0101d\u0101t liel\u0101kajiem ES mazumtirgot\u0101jiem produktus, kas ar r\u016bp\u012bbu un m\u012blest\u012bbu ra\u017eoti m\u016bsu r\u016bpn\u012bc\u0101 Latvij\u0101. M\u0113s pa\u0161i kontrol\u0113jam katru ra\u017eo\u0161anas posmu, piev\u0113r\u0161ot uzman\u012bbu viss\u012bk\u0101kaj\u0101m deta\u013c\u0101m un nep\u0101rtraukti att\u012bstot un ievie\u0161ot jaunin\u0101jumus m\u016bsu produktos.<\/h6>\n","protected":false},"excerpt":{"rendered":"<h6 data-start=\"458\" data-end=\"502\">Ide\u0101ls sabiedrotais ikvienai aktivit\u0101tei. Wigiwama M\u0113ness kr\u0113sls ir ide\u0101la vieta, kur las\u012bt, sp\u0113l\u0113t sp\u0113les, skat\u012bties multfilmas vai vienk\u0101r\u0161i atp\u016bsties. P\u0101rvietojiet modu\u013cus, k\u0101 vien v\u0113laties, un izbaudiet maksim\u0101lu komfortu!<\/h6>\n","protected":false},"featured_media":45165,"comment_status":"open","ping_status":"closed","template":"","meta":{"_acf_changed":false,"om_disable_all_campaigns":false,"_monsterinsights_skip_tracking":false,"_monsterinsights_sitenote_active":false,"_monsterinsights_sitenote_note":"","_monsterinsights_sitenote_category":0,"_uf_show_specific_survey":0,"_uf_disable_surveys":false,"site-sidebar-layout":"default","site-content-layout":"","ast-site-content-layout":"default","site-content-style":"default","site-sidebar-style":"default","ast-global-header-display":"","ast-banner-title-visibility":"","ast-main-header-display":"","ast-hfb-above-header-display":"","ast-hfb-below-header-display":"","ast-hfb-mobile-header-display":"","site-post-title":"","ast-breadcrumbs-content":"","ast-featured-img":"","footer-sml-layout":"","theme-transparent-header-meta":"default","adv-header-id-meta":"","stick-header-meta":"","header-above-stick-meta":"","header-main-stick-meta":"","header-below-stick-meta":"","astra-migrate-meta-layouts":"set","ast-page-background-enabled":"default","ast-page-background-meta":{"desktop":{"background-color":"var(--ast-global-color-4)","background-image":"","background-repeat":"repeat","background-position":"center center","background-size":"auto","background-attachment":"scroll","background-type":"","background-media":"","overlay-type":"","overlay-color":"","overlay-opacity":"","overlay-gradient":""},"tablet":{"background-color":"","background-image":"","background-repeat":"repeat","background-position":"center center","background-size":"auto","background-attachment":"scroll","background-type":"","background-media":"","overlay-type":"","overlay-color":"","overlay-opacity":"","overlay-gradient":""},"mobile":{"background-color":"","background-image":"","background-repeat":"repeat","background-position":"center center","background-size":"auto","background-attachment":"scroll","background-type":"","background-media":"","overlay-type":"","overlay-color":"","overlay-opacity":"","overlay-gradient":""}},"ast-content-background-meta":{"desktop":{"background-color":"var(--ast-global-color-5)","background-image":"","background-repeat":"repeat","background-position":"center center","background-size":"auto","background-attachment":"scroll","background-type":"","background-media":"","overlay-type":"","overlay-color":"","overlay-opacity":"","overlay-gradient":""},"tablet":{"background-color":"var(--ast-global-color-5)","background-image":"","background-repeat":"repeat","background-position":"center center","background-size":"auto","background-attachment":"scroll","background-type":"","background-media":"","overlay-type":"","overlay-color":"","overlay-opacity":"","overlay-gradient":""},"mobile":{"background-color":"var(--ast-global-color-5)","background-image":"","background-repeat":"repeat","background-position":"center center","background-size":"auto","background-attachment":"scroll","background-type":"","background-media":"","overlay-type":"","overlay-color":"","overlay-opacity":"","overlay-gradient":""}}},"product_brand":[],"product_cat":[985],"product_tag":[],"class_list":{"0":"post-54332","1":"product","2":"type-product","3":"status-publish","4":"has-post-thumbnail","6":"product_cat-wigiwama-lv","7":"desktop-align-left","8":"tablet-align-left","9":"mobile-align-left","11":"first","12":"instock","13":"sale","14":"taxable","15":"shipping-taxable","16":"purchasable","17":"product-type-variable"},"acf":[],"aioseo_notices":[],"_links":{"self":[{"href":"https:\/\/hummy.ee\/lv\/wp-json\/wp\/v2\/product\/54332","targetHints":{"allow":["GET"]}}],"collection":[{"href":"https:\/\/hummy.ee\/lv\/wp-json\/wp\/v2\/product"}],"about":[{"href":"https:\/\/hummy.ee\/lv\/wp-json\/wp\/v2\/types\/product"}],"replies":[{"embeddable":true,"href":"https:\/\/hummy.ee\/lv\/wp-json\/wp\/v2\/comments?post=54332"}],"version-history":[{"count":4,"href":"https:\/\/hummy.ee\/lv\/wp-json\/wp\/v2\/product\/54332\/revisions"}],"predecessor-version":[{"id":82569,"href":"https:\/\/hummy.ee\/lv\/wp-json\/wp\/v2\/product\/54332\/revisions\/82569"}],"wp:featuredmedia":[{"embeddable":true,"href":"https:\/\/hummy.ee\/lv\/wp-json\/wp\/v2\/media\/45165"}],"wp:attachment":[{"href":"https:\/\/hummy.ee\/lv\/wp-json\/wp\/v2\/media?parent=54332"}],"wp:term":[{"taxonomy":"product_brand","embeddable":true,"href":"https:\/\/hummy.ee\/lv\/wp-json\/wp\/v2\/product_brand?post=54332"},{"taxonomy":"product_cat","embeddable":true,"href":"https:\/\/hummy.ee\/lv\/wp-json\/wp\/v2\/product_cat?post=54332"},{"taxonomy":"product_tag","embeddable":true,"href":"https:\/\/hummy.ee\/lv\/wp-json\/wp\/v2\/product_tag?post=54332"}],"curies":[{"name":"wp","href":"https:\/\/api.w.org\/{rel}","templated":true}]}}