{"id":54283,"date":"2025-03-02T20:42:59","date_gmt":"2025-03-02T20:42:59","guid":{"rendered":"https:\/\/hummy.ee\/product\/atbalsta-riks-makonis\/"},"modified":"2026-02-27T07:41:48","modified_gmt":"2026-02-27T07:41:48","slug":"atputas-kresls-cloud","status":"publish","type":"product","link":"https:\/\/hummy.ee\/lv\/product\/atputas-kresls-cloud\/","title":{"rendered":"Atp\u016btas kr\u0113sls - Cloud"},"content":{"rendered":"<h6 data-start=\"0\" data-end=\"40\"><em><strong>M\u0101ko\u0146u iedvesmots dizains<\/strong><\/em><\/h6>\n<h6 data-start=\"41\" data-end=\"187\">Jaukais un omul\u012bgais kr\u0113sls Cloud aicina b\u0113rnu iegrimt m\u012b\u013c\u0101k\u0101s gr\u0101matas lappus\u0113s, sap\u0146ot, skatoties pa logu, vai baud\u012bt multfilmu.<\/h6>\n<p>&nbsp;<\/p>\n<h6 data-start=\"189\" data-end=\"219\"><em><strong>M\u0101ko\u0146u komforts katr\u0101 numur\u0101<\/strong><\/em><\/h6>\n<h6 data-start=\"220\" data-end=\"369\">Lai gan kr\u0113sls Cloud ir nedaudz smag\u0101ks par \u012bstu m\u0101koni, tas ir viegls un viegli p\u0101rvietojams, t\u0101p\u0113c tas ir lielisks papildin\u0101jums jebkuram m\u0101jas st\u016br\u012btim.<\/h6>\n<p>&nbsp;<\/p>\n<h6 data-start=\"371\" data-end=\"399\"><em><strong>Sap\u0146u noska\u0146ojums<\/strong><\/em><\/h6>\n<h6 data-start=\"400\" data-end=\"524\">Kr\u0113sls Cloud pie\u0161\u0137ir telpai sap\u0146ainu atmosf\u0113ru un rada m\u0101j\u012bgu vidi sirsn\u012bg\u0101m sarun\u0101m un lieliem sap\u0146iem.<\/h6>\n<p>&nbsp;<\/p>\n<h6 data-start=\"526\" data-end=\"555\"><em><strong>Burv\u012bgs un praktisks<\/strong><\/em><\/h6>\n<h6 data-start=\"556\" data-end=\"691\">Papildus jaukajam izskatam kr\u0113sls Cloud ir stabils, nodro\u0161inot dro\u0161u un \u0113rtu s\u0113dvietu b\u0113rniem.<\/h6>\n<p>&nbsp;<\/p>\n<h6 data-start=\"693\" data-end=\"725\"><em><strong>Viegls, bet iztur\u012bgs<\/strong><\/em><\/h6>\n<h6 data-start=\"726\" data-end=\"883\">Izgatavots no augst\u0101k\u0101s kvalit\u0101tes m\u012bksta auduma un bl\u012bva putuplasta, kr\u0113sls Cloud ir paredz\u0113ts iztur\u0113t ikdienas piedz\u012bvojumus ar iztur\u012bbu un eleganci.<\/h6>\n<p>&nbsp;<\/p>\n<h6><strong><i>Viegla apkope<\/i><\/strong><i><\/i><\/h6>\n<h6>Pateicoties fiksatora atv\u0113rumam, v\u0101ku ir viegli no\u0146emt un mazg\u0101t. Mazg\u0101jiet p\u0101rkl\u0101ju ar rok\u0101m (30\u00b0C) l\u012bdz\u012bg\u0101s kr\u0101s\u0101s un pakariet, lai no\u017e\u016btu.<\/h6>\n<p>&nbsp;<\/p>\n<h6><strong><em>Izgatavots ar m\u012blest\u012bbu un r\u016bp\u012bbu<\/em><em>amatniec\u012bbas<\/em><\/strong><\/h6>\n<h6 data-start=\"38\" data-end=\"329\">Ar vair\u0101k nek\u0101 desmit gadu pieredzi m\u0113s lepojamies, ka varam pieg\u0101d\u0101t liel\u0101kajiem ES mazumtirgot\u0101jiem produktus, kas ar r\u016bp\u012bbu un m\u012blest\u012bbu ra\u017eoti m\u016bsu r\u016bpn\u012bc\u0101 Latvij\u0101. M\u0113s pa\u0161i kontrol\u0113jam katru ra\u017eo\u0161anas posmu, piev\u0113r\u0161ot uzman\u012bbu viss\u012bk\u0101kaj\u0101m deta\u013c\u0101m un nep\u0101rtraukti att\u012bstot un ievie\u0161ot jaunin\u0101jumus m\u016bsu produktos.<\/h6>\n","protected":false},"excerpt":{"rendered":"<h6>Wigiwama Cloud kr\u0113sls ir ide\u0101ls s\u0113deklis j\u016bsu mazulim! M\u0101ko\u0146a formas kr\u0113sls ir gan m\u0101j\u012bga, gan \u0113rta vieta, kur j\u016bsu b\u0113rnam atp\u016bsties un atp\u016bsties.<\/h6>\n","protected":false},"featured_media":45321,"comment_status":"open","ping_status":"closed","template":"","meta":{"_acf_changed":false,"om_disable_all_campaigns":false,"_monsterinsights_skip_tracking":false,"_monsterinsights_sitenote_active":false,"_monsterinsights_sitenote_note":"","_monsterinsights_sitenote_category":0,"_uf_show_specific_survey":0,"_uf_disable_surveys":false,"site-sidebar-layout":"default","site-content-layout":"","ast-site-content-layout":"default","site-content-style":"default","site-sidebar-style":"default","ast-global-header-display":"","ast-banner-title-visibility":"","ast-main-header-display":"","ast-hfb-above-header-display":"","ast-hfb-below-header-display":"","ast-hfb-mobile-header-display":"","site-post-title":"","ast-breadcrumbs-content":"","ast-featured-img":"","footer-sml-layout":"","theme-transparent-header-meta":"default","adv-header-id-meta":"","stick-header-meta":"","header-above-stick-meta":"","header-main-stick-meta":"","header-below-stick-meta":"","astra-migrate-meta-layouts":"set","ast-page-background-enabled":"default","ast-page-background-meta":{"desktop":{"background-color":"var(--ast-global-color-4)","background-image":"","background-repeat":"repeat","background-position":"center center","background-size":"auto","background-attachment":"scroll","background-type":"","background-media":"","overlay-type":"","overlay-color":"","overlay-opacity":"","overlay-gradient":""},"tablet":{"background-color":"","background-image":"","background-repeat":"repeat","background-position":"center center","background-size":"auto","background-attachment":"scroll","background-type":"","background-media":"","overlay-type":"","overlay-color":"","overlay-opacity":"","overlay-gradient":""},"mobile":{"background-color":"","background-image":"","background-repeat":"repeat","background-position":"center center","background-size":"auto","background-attachment":"scroll","background-type":"","background-media":"","overlay-type":"","overlay-color":"","overlay-opacity":"","overlay-gradient":""}},"ast-content-background-meta":{"desktop":{"background-color":"var(--ast-global-color-5)","background-image":"","background-repeat":"repeat","background-position":"center center","background-size":"auto","background-attachment":"scroll","background-type":"","background-media":"","overlay-type":"","overlay-color":"","overlay-opacity":"","overlay-gradient":""},"tablet":{"background-color":"var(--ast-global-color-5)","background-image":"","background-repeat":"repeat","background-position":"center center","background-size":"auto","background-attachment":"scroll","background-type":"","background-media":"","overlay-type":"","overlay-color":"","overlay-opacity":"","overlay-gradient":""},"mobile":{"background-color":"var(--ast-global-color-5)","background-image":"","background-repeat":"repeat","background-position":"center center","background-size":"auto","background-attachment":"scroll","background-type":"","background-media":"","overlay-type":"","overlay-color":"","overlay-opacity":"","overlay-gradient":""}}},"product_brand":[],"product_cat":[985],"product_tag":[],"class_list":{"0":"post-54283","1":"product","2":"type-product","3":"status-publish","4":"has-post-thumbnail","6":"product_cat-wigiwama-lv","7":"desktop-align-left","8":"tablet-align-left","9":"mobile-align-left","11":"first","12":"instock","13":"sale","14":"taxable","15":"shipping-taxable","16":"purchasable","17":"product-type-variable"},"acf":[],"aioseo_notices":[],"_links":{"self":[{"href":"https:\/\/hummy.ee\/lv\/wp-json\/wp\/v2\/product\/54283","targetHints":{"allow":["GET"]}}],"collection":[{"href":"https:\/\/hummy.ee\/lv\/wp-json\/wp\/v2\/product"}],"about":[{"href":"https:\/\/hummy.ee\/lv\/wp-json\/wp\/v2\/types\/product"}],"replies":[{"embeddable":true,"href":"https:\/\/hummy.ee\/lv\/wp-json\/wp\/v2\/comments?post=54283"}],"version-history":[{"count":3,"href":"https:\/\/hummy.ee\/lv\/wp-json\/wp\/v2\/product\/54283\/revisions"}],"predecessor-version":[{"id":82571,"href":"https:\/\/hummy.ee\/lv\/wp-json\/wp\/v2\/product\/54283\/revisions\/82571"}],"wp:featuredmedia":[{"embeddable":true,"href":"https:\/\/hummy.ee\/lv\/wp-json\/wp\/v2\/media\/45321"}],"wp:attachment":[{"href":"https:\/\/hummy.ee\/lv\/wp-json\/wp\/v2\/media?parent=54283"}],"wp:term":[{"taxonomy":"product_brand","embeddable":true,"href":"https:\/\/hummy.ee\/lv\/wp-json\/wp\/v2\/product_brand?post=54283"},{"taxonomy":"product_cat","embeddable":true,"href":"https:\/\/hummy.ee\/lv\/wp-json\/wp\/v2\/product_cat?post=54283"},{"taxonomy":"product_tag","embeddable":true,"href":"https:\/\/hummy.ee\/lv\/wp-json\/wp\/v2\/product_tag?post=54283"}],"curies":[{"name":"wp","href":"https:\/\/api.w.org\/{rel}","templated":true}]}}