{"id":54265,"date":"2025-03-02T20:42:59","date_gmt":"2025-03-02T20:42:59","guid":{"rendered":"https:\/\/hummy.ee\/product\/garastavokla-riks-flip\/"},"modified":"2026-02-27T07:42:21","modified_gmt":"2026-02-27T07:42:21","slug":"modularais-kresls-flip","status":"publish","type":"product","link":"https:\/\/hummy.ee\/lv\/product\/modularais-kresls-flip\/","title":{"rendered":"Modul\u0101rais kr\u0113sls - Flip"},"content":{"rendered":"<h6 data-start=\"0\" data-end=\"37\"><em><strong>M\u012bksts komforts ikvienam br\u012bdim<\/strong><\/em><\/h6>\n<h6 data-start=\"38\" data-end=\"174\">Neatkar\u012bgi no t\u0101, vai las\u0101t gr\u0101matu, sp\u0113l\u0113t kempinga sp\u0113li vai pat\u012bkami pagul\u0113t, Flip modul\u0101rais kr\u0113sls vienm\u0113r pied\u0101v\u0101 maksim\u0101lu komfortu un vieglumu jebkur\u0101 situ\u0101cij\u0101.<\/h6>\n<p>&nbsp;<\/p>\n<h6 data-start=\"176\" data-end=\"216\"><em><strong>Skaists dizains jau no agras b\u0113rn\u012bbas<\/strong><\/em><\/h6>\n<h6 data-start=\"217\" data-end=\"334\">Pie\u0161\u0137iriet b\u0113rna istabai est\u0113tisku un funkcion\u0101lu eleganci un jau no mazotnes att\u012bstiet m\u012blest\u012bbu pret skaistumu un dizainu.<\/h6>\n<p>&nbsp;<\/p>\n<h6 data-start=\"336\" data-end=\"373\"><strong><em>Lab\u0101kais pavadonis draugam, kas paliek uz nakti<\/em><\/strong><\/h6>\n<h6 data-start=\"374\" data-end=\"508\">Flip modul\u0101rais kr\u0113sls acumirkl\u012b p\u0101rv\u0113r\u0161as \u0113rt\u0101 gu\u013cammais\u0101 un atzveltnes kr\u0113sl\u0101 - ide\u0101li piem\u0113rots mazai nak\u0161\u0146o\u0161anai! Ko j\u016bs aicin\u0101t?<\/h6>\n<p>&nbsp;<\/p>\n<h6 data-start=\"510\" data-end=\"554\"><em><strong>Iz\u0146emiet to no kastes un izmantojiet to tagad!<\/strong><\/em><\/h6>\n<h6 data-start=\"555\" data-end=\"632\">Flip modul\u0101rais kr\u0113sls nav j\u0101saliek - vienk\u0101r\u0161i atveriet iepakojumu, un piedz\u012bvojums var s\u0101kties.<\/h6>\n<p>&nbsp;<\/p>\n<h6 data-start=\"634\" data-end=\"670\"><strong><em>Dodiet b\u0113rnam izv\u0113les br\u012bv\u012bbu<\/em><\/strong><\/h6>\n<h6 data-start=\"671\" data-end=\"771\">\u013baujiet \u0123imenes loceklim izlemt, kur un k\u0101 vi\u0146\u0161 v\u0113las izmantot savu jauno Flip modu\u013cu kr\u0113slu.<\/h6>\n<p>&nbsp;<\/p>\n<h6 data-start=\"773\" data-end=\"809\"><strong><em>Izbaudiet kvalitat\u012bvu laiku kop\u0101 ar \u0123imeni<\/em><\/strong><\/h6>\n<h6 data-start=\"810\" data-end=\"922\">Dal\u012b\u0161an\u0101s st\u0101stos, sp\u0113\u013cu sp\u0113l\u0113\u0161ana vai vienk\u0101r\u0161i kop\u0101 pavad\u012bts laiks - tie ir mirk\u013ci, kas jums paliks uz visiem laikiem.<\/h6>\n<p>&nbsp;<\/p>\n<h6><strong><i>Viegla apkope<\/i><\/strong><i><\/i><\/h6>\n<h6>Pateicoties fiksatora atv\u0113rumam, v\u0101ku ir viegli no\u0146emt un mazg\u0101t. Mazg\u0101jiet p\u0101rkl\u0101ju ar rok\u0101m (30\u00b0C) l\u012bdz\u012bg\u0101s kr\u0101s\u0101s un pakariet, lai no\u017e\u016btu.<\/h6>\n<p>&nbsp;<\/p>\n<h6><strong><em>Ar m\u012blest\u012bbu un r\u016bp\u012bbu darin\u0101ti rokdarbi<\/em><\/strong><\/h6>\n<h6 data-start=\"38\" data-end=\"329\">Ar vair\u0101k nek\u0101 desmit gadu pieredzi m\u0113s lepojamies, ka varam pieg\u0101d\u0101t liel\u0101kajiem ES mazumtirgot\u0101jiem produktus, kas ar r\u016bp\u012bbu un m\u012blest\u012bbu ra\u017eoti m\u016bsu r\u016bpn\u012bc\u0101 Latvij\u0101. M\u0113s pa\u0161i kontrol\u0113jam katru ra\u017eo\u0161anas posmu, piev\u0113r\u0161ot uzman\u012bbu viss\u012bk\u0101kaj\u0101m deta\u013c\u0101m un nep\u0101rtraukti att\u012bstot un ievie\u0161ot jaunin\u0101jumus m\u016bsu produktos.<\/h6>\n","protected":false},"excerpt":{"rendered":"<h6>Modul\u0101rais kr\u0113sls Wigiwama Flip no samta auduma ir stil\u012bgs un praktisks papildin\u0101jums jebkurai telpai. Tas ir veidots t\u0101, lai viegli p\u0101rveidotos par gu\u013camkr\u0113slu un atlok\u0101mu kr\u0113slu. Izgatavots no augstas kvalit\u0101tes, m\u012bksta samta velveta velveta auduma, kas nodro\u0161ina greznu un neaizmirstamu piesk\u0101rienu.<\/h6>\n","protected":false},"featured_media":45405,"comment_status":"open","ping_status":"closed","template":"","meta":{"_acf_changed":false,"om_disable_all_campaigns":false,"_monsterinsights_skip_tracking":false,"_monsterinsights_sitenote_active":false,"_monsterinsights_sitenote_note":"","_monsterinsights_sitenote_category":0,"_uf_show_specific_survey":0,"_uf_disable_surveys":false,"site-sidebar-layout":"default","site-content-layout":"","ast-site-content-layout":"default","site-content-style":"default","site-sidebar-style":"default","ast-global-header-display":"","ast-banner-title-visibility":"","ast-main-header-display":"","ast-hfb-above-header-display":"","ast-hfb-below-header-display":"","ast-hfb-mobile-header-display":"","site-post-title":"","ast-breadcrumbs-content":"","ast-featured-img":"","footer-sml-layout":"","theme-transparent-header-meta":"default","adv-header-id-meta":"","stick-header-meta":"","header-above-stick-meta":"","header-main-stick-meta":"","header-below-stick-meta":"","astra-migrate-meta-layouts":"set","ast-page-background-enabled":"default","ast-page-background-meta":{"desktop":{"background-color":"var(--ast-global-color-4)","background-image":"","background-repeat":"repeat","background-position":"center center","background-size":"auto","background-attachment":"scroll","background-type":"","background-media":"","overlay-type":"","overlay-color":"","overlay-opacity":"","overlay-gradient":""},"tablet":{"background-color":"","background-image":"","background-repeat":"repeat","background-position":"center center","background-size":"auto","background-attachment":"scroll","background-type":"","background-media":"","overlay-type":"","overlay-color":"","overlay-opacity":"","overlay-gradient":""},"mobile":{"background-color":"","background-image":"","background-repeat":"repeat","background-position":"center center","background-size":"auto","background-attachment":"scroll","background-type":"","background-media":"","overlay-type":"","overlay-color":"","overlay-opacity":"","overlay-gradient":""}},"ast-content-background-meta":{"desktop":{"background-color":"var(--ast-global-color-5)","background-image":"","background-repeat":"repeat","background-position":"center center","background-size":"auto","background-attachment":"scroll","background-type":"","background-media":"","overlay-type":"","overlay-color":"","overlay-opacity":"","overlay-gradient":""},"tablet":{"background-color":"var(--ast-global-color-5)","background-image":"","background-repeat":"repeat","background-position":"center center","background-size":"auto","background-attachment":"scroll","background-type":"","background-media":"","overlay-type":"","overlay-color":"","overlay-opacity":"","overlay-gradient":""},"mobile":{"background-color":"var(--ast-global-color-5)","background-image":"","background-repeat":"repeat","background-position":"center center","background-size":"auto","background-attachment":"scroll","background-type":"","background-media":"","overlay-type":"","overlay-color":"","overlay-opacity":"","overlay-gradient":""}}},"product_brand":[],"product_cat":[985],"product_tag":[],"class_list":{"0":"post-54265","1":"product","2":"type-product","3":"status-publish","4":"has-post-thumbnail","6":"product_cat-wigiwama-lv","7":"desktop-align-left","8":"tablet-align-left","9":"mobile-align-left","11":"first","12":"instock","13":"sale","14":"taxable","15":"shipping-taxable","16":"purchasable","17":"product-type-variable"},"acf":[],"aioseo_notices":[],"_links":{"self":[{"href":"https:\/\/hummy.ee\/lv\/wp-json\/wp\/v2\/product\/54265","targetHints":{"allow":["GET"]}}],"collection":[{"href":"https:\/\/hummy.ee\/lv\/wp-json\/wp\/v2\/product"}],"about":[{"href":"https:\/\/hummy.ee\/lv\/wp-json\/wp\/v2\/types\/product"}],"replies":[{"embeddable":true,"href":"https:\/\/hummy.ee\/lv\/wp-json\/wp\/v2\/comments?post=54265"}],"version-history":[{"count":3,"href":"https:\/\/hummy.ee\/lv\/wp-json\/wp\/v2\/product\/54265\/revisions"}],"predecessor-version":[{"id":82570,"href":"https:\/\/hummy.ee\/lv\/wp-json\/wp\/v2\/product\/54265\/revisions\/82570"}],"wp:featuredmedia":[{"embeddable":true,"href":"https:\/\/hummy.ee\/lv\/wp-json\/wp\/v2\/media\/45405"}],"wp:attachment":[{"href":"https:\/\/hummy.ee\/lv\/wp-json\/wp\/v2\/media?parent=54265"}],"wp:term":[{"taxonomy":"product_brand","embeddable":true,"href":"https:\/\/hummy.ee\/lv\/wp-json\/wp\/v2\/product_brand?post=54265"},{"taxonomy":"product_cat","embeddable":true,"href":"https:\/\/hummy.ee\/lv\/wp-json\/wp\/v2\/product_cat?post=54265"},{"taxonomy":"product_tag","embeddable":true,"href":"https:\/\/hummy.ee\/lv\/wp-json\/wp\/v2\/product_tag?post=54265"}],"curies":[{"name":"wp","href":"https:\/\/api.w.org\/{rel}","templated":true}]}}