{"id":54097,"date":"2025-03-02T20:43:07","date_gmt":"2025-03-02T20:43:07","guid":{"rendered":"https:\/\/hummy.ee\/product\/padi-terrazzo\/"},"modified":"2026-02-27T07:48:38","modified_gmt":"2026-02-27T07:48:38","slug":"spilvens-terrazzo","status":"publish","type":"product","link":"https:\/\/hummy.ee\/lv\/product\/spilvens-terrazzo\/","title":{"rendered":"Spilvens - Terrazzo"},"content":{"rendered":"<h6 data-start=\"0\" data-end=\"45\"><em><strong data-start=\"4\" data-end=\"43\">Klasiska forma un vienk\u0101r\u0161as l\u012bnijas<\/strong><\/em><\/h6>\n<h6 data-start=\"47\" data-end=\"203\">\u0160is praktiskais spilvens ar minim\u0101lisma est\u0113tiku pie\u0161\u0137irs stilu jebkuram interjeram. Atrodiet tam piem\u0113rotu vietu un \u013caujiet tam ienest svaigumu un m\u0101j\u012bgumu j\u016bsu telp\u0101.<\/h6>\n<p>&nbsp;<\/p>\n<h6 data-start=\"205\" data-end=\"246\"><em><strong data-start=\"209\" data-end=\"244\">K\u0101p\u0113c atst\u0101t savu komforta zonu&#8230;<\/strong><\/em><\/h6>\n<h6 data-start=\"247\" data-end=\"384\">&#8230;kad j\u016bs varat to piln\u012bb\u0101 izbaud\u012bt? Izmantojiet vair\u0101kus cauru\u013cu matra\u010dus vienlaic\u012bgi un izveidojiet vism\u0101j\u012bg\u0101ko st\u016br\u012bti m\u012b\u013c\u0101k\u0101s gr\u0101matas las\u012b\u0161anai vai atp\u016btai.<\/h6>\n<p>&nbsp;<\/p>\n<h6 data-start=\"549\" data-end=\"576\"><em><strong data-start=\"553\" data-end=\"574\">Nomierino\u0161i mirk\u013ci<\/strong><\/em><\/h6>\n<h6 data-start=\"577\" data-end=\"709\">M\u012bkstais un maigais audums rada patiesi relaks\u0113jo\u0161u atmosf\u0113ru, aicinot gan mazos, gan pieaugu\u0161os atp\u016bsties p\u0113c garas dienas.<\/h6>\n<p>&nbsp;<\/p>\n<h6 data-start=\"711\" data-end=\"738\"><em><strong data-start=\"715\" data-end=\"736\">Kop\u0101 pavad\u012btais laiks<\/strong><\/em><\/h6>\n<h6 data-start=\"739\" data-end=\"870\">Apsk\u0101viet savu mazuli, dalieties smiekl\u012bgos st\u0101stos, smejieties un vienk\u0101r\u0161i izbaudiet kop\u0101 b\u016b\u0161anu - katrs mirklis b\u016bs v\u0113rt\u012bga atmi\u0146a.<\/h6>\n<p>&nbsp;<\/p>\n<h6 data-start=\"872\" data-end=\"903\"><em><strong data-start=\"876\" data-end=\"901\">Vienm\u0113r svaigs un t\u012brs<\/strong><\/em><\/h6>\n<h6 data-start=\"904\" data-end=\"999\">Lai vec\u0101ki b\u016btu mier\u012bgi, spilvens ir mazg\u0101jams, t\u0101p\u0113c t\u0101 apkope ir vienk\u0101r\u0161a un neprasa piep\u016bli.<\/h6>\n<p>&nbsp;<\/p>\n<h6><b><i>Viegla apkope<\/i><\/b><b><i><\/i><\/b><\/h6>\n<h6>Pateicoties fiksatora atv\u0113rumam, v\u0101ku ir viegli no\u0146emt un mazg\u0101t. Mazg\u0101jiet p\u0101rkl\u0101ju ar rok\u0101m (30\u00b0C) l\u012bdz\u012bg\u0101s kr\u0101s\u0101s un pakariet, lai no\u017e\u016btu.<\/h6>\n<p>&nbsp;<\/p>\n<h6><em><strong>Izgatavots ar m\u012blest\u012bbu un r\u016bp\u012bbu<\/strong><\/em><em><strong>amatniec\u012bbas<\/strong><\/em><\/h6>\n<h6 data-start=\"38\" data-end=\"329\">Ar vair\u0101k nek\u0101 desmit gadu pieredzi m\u0113s lepojamies, ka varam pieg\u0101d\u0101t liel\u0101kajiem ES mazumtirgot\u0101jiem produktus, kas ar r\u016bp\u012bbu un m\u012blest\u012bbu ra\u017eoti m\u016bsu r\u016bpn\u012bc\u0101 Latvij\u0101. M\u0113s pa\u0161i kontrol\u0113jam katru ra\u017eo\u0161anas posmu, piev\u0113r\u0161ot uzman\u012bbu viss\u012bk\u0101kaj\u0101m deta\u013c\u0101m un nep\u0101rtraukti att\u012bstot un ievie\u0161ot jaunin\u0101jumus m\u016bsu produktos.<\/h6>\n","protected":false},"excerpt":{"rendered":"<h6 data-start=\"386\" data-end=\"415\"><strong data-start=\"390\" data-end=\"413\">1, 2, 3 - laiks sp\u0113l\u0113ties! <\/strong>Mudiniet b\u0113rnu dom\u0101t par to, kam citam matraci var izmantot. Varb\u016bt tas izrais\u012bs rota\u013cu vai jautru matra\u010da karu?<\/h6>\n","protected":false},"featured_media":45729,"comment_status":"open","ping_status":"closed","template":"","meta":{"_acf_changed":false,"om_disable_all_campaigns":false,"_monsterinsights_skip_tracking":false,"_monsterinsights_sitenote_active":false,"_monsterinsights_sitenote_note":"","_monsterinsights_sitenote_category":0,"_uf_show_specific_survey":0,"_uf_disable_surveys":false,"site-sidebar-layout":"default","site-content-layout":"","ast-site-content-layout":"default","site-content-style":"default","site-sidebar-style":"default","ast-global-header-display":"","ast-banner-title-visibility":"","ast-main-header-display":"","ast-hfb-above-header-display":"","ast-hfb-below-header-display":"","ast-hfb-mobile-header-display":"","site-post-title":"","ast-breadcrumbs-content":"","ast-featured-img":"","footer-sml-layout":"","theme-transparent-header-meta":"default","adv-header-id-meta":"","stick-header-meta":"","header-above-stick-meta":"","header-main-stick-meta":"","header-below-stick-meta":"","astra-migrate-meta-layouts":"set","ast-page-background-enabled":"default","ast-page-background-meta":{"desktop":{"background-color":"var(--ast-global-color-4)","background-image":"","background-repeat":"repeat","background-position":"center center","background-size":"auto","background-attachment":"scroll","background-type":"","background-media":"","overlay-type":"","overlay-color":"","overlay-opacity":"","overlay-gradient":""},"tablet":{"background-color":"","background-image":"","background-repeat":"repeat","background-position":"center center","background-size":"auto","background-attachment":"scroll","background-type":"","background-media":"","overlay-type":"","overlay-color":"","overlay-opacity":"","overlay-gradient":""},"mobile":{"background-color":"","background-image":"","background-repeat":"repeat","background-position":"center center","background-size":"auto","background-attachment":"scroll","background-type":"","background-media":"","overlay-type":"","overlay-color":"","overlay-opacity":"","overlay-gradient":""}},"ast-content-background-meta":{"desktop":{"background-color":"var(--ast-global-color-5)","background-image":"","background-repeat":"repeat","background-position":"center center","background-size":"auto","background-attachment":"scroll","background-type":"","background-media":"","overlay-type":"","overlay-color":"","overlay-opacity":"","overlay-gradient":""},"tablet":{"background-color":"var(--ast-global-color-5)","background-image":"","background-repeat":"repeat","background-position":"center center","background-size":"auto","background-attachment":"scroll","background-type":"","background-media":"","overlay-type":"","overlay-color":"","overlay-opacity":"","overlay-gradient":""},"mobile":{"background-color":"var(--ast-global-color-5)","background-image":"","background-repeat":"repeat","background-position":"center center","background-size":"auto","background-attachment":"scroll","background-type":"","background-media":"","overlay-type":"","overlay-color":"","overlay-opacity":"","overlay-gradient":""}}},"product_brand":[],"product_cat":[985],"product_tag":[],"class_list":{"0":"post-54097","1":"product","2":"type-product","3":"status-publish","4":"has-post-thumbnail","6":"product_cat-wigiwama-lv","7":"desktop-align-left","8":"tablet-align-left","9":"mobile-align-left","11":"first","12":"instock","13":"sale","14":"taxable","15":"shipping-taxable","16":"purchasable","17":"product-type-variable"},"acf":[],"aioseo_notices":[],"_links":{"self":[{"href":"https:\/\/hummy.ee\/lv\/wp-json\/wp\/v2\/product\/54097","targetHints":{"allow":["GET"]}}],"collection":[{"href":"https:\/\/hummy.ee\/lv\/wp-json\/wp\/v2\/product"}],"about":[{"href":"https:\/\/hummy.ee\/lv\/wp-json\/wp\/v2\/types\/product"}],"replies":[{"embeddable":true,"href":"https:\/\/hummy.ee\/lv\/wp-json\/wp\/v2\/comments?post=54097"}],"version-history":[{"count":4,"href":"https:\/\/hummy.ee\/lv\/wp-json\/wp\/v2\/product\/54097\/revisions"}],"predecessor-version":[{"id":82589,"href":"https:\/\/hummy.ee\/lv\/wp-json\/wp\/v2\/product\/54097\/revisions\/82589"}],"wp:featuredmedia":[{"embeddable":true,"href":"https:\/\/hummy.ee\/lv\/wp-json\/wp\/v2\/media\/45729"}],"wp:attachment":[{"href":"https:\/\/hummy.ee\/lv\/wp-json\/wp\/v2\/media?parent=54097"}],"wp:term":[{"taxonomy":"product_brand","embeddable":true,"href":"https:\/\/hummy.ee\/lv\/wp-json\/wp\/v2\/product_brand?post=54097"},{"taxonomy":"product_cat","embeddable":true,"href":"https:\/\/hummy.ee\/lv\/wp-json\/wp\/v2\/product_cat?post=54097"},{"taxonomy":"product_tag","embeddable":true,"href":"https:\/\/hummy.ee\/lv\/wp-json\/wp\/v2\/product_tag?post=54097"}],"curies":[{"name":"wp","href":"https:\/\/api.w.org\/{rel}","templated":true}]}}