{"id":54025,"date":"2025-03-02T20:42:55","date_gmt":"2025-03-02T20:42:55","guid":{"rendered":"https:\/\/hummy.ee\/product\/padi-lacis\/"},"modified":"2026-02-27T07:51:25","modified_gmt":"2026-02-27T07:51:25","slug":"spilvens-bear","status":"publish","type":"product","link":"https:\/\/hummy.ee\/lv\/product\/spilvens-bear\/","title":{"rendered":"Spilvens - Bear"},"content":{"rendered":"<h6 data-start=\"0\" data-end=\"32\"><em><strong data-start=\"4\" data-end=\"30\">Neatvair\u0101mi gudrs<\/strong><\/em><\/h6>\n<h6 data-start=\"34\" data-end=\"165\">Iesp\u0113jams, ka \u0161is omul\u012bgais spilvens ar apburo\u0161\u0101m l\u0101\u010da aus\u012bm \u0101tri k\u013c\u016bs par j\u016bsu mazu\u013ca lab\u0101ko omul\u012bgo kompanjonu un jauku \u0123imenes st\u0101sta sast\u0101vda\u013cu.<\/h6>\n<p>&nbsp;<\/p>\n<h6 data-start=\"167\" data-end=\"196\"><em><strong data-start=\"171\" data-end=\"194\">Saldie sap\u0146i<\/strong><\/em><\/h6>\n<h6 data-start=\"198\" data-end=\"344\">Kad ir pien\u0101cis laiks gul\u0113t, nav lab\u0101ka pavado\u0146a par l\u0101\u010da spilvenu! V\u0113rojiet, k\u0101 j\u016bsu mazais iemieg sald\u0101 mieg\u0101, ieskauts m\u012bkstum\u0101 un m\u012blest\u012bb\u0101.<\/h6>\n<p>&nbsp;<\/p>\n<h6 data-start=\"346\" data-end=\"374\"><em><strong data-start=\"350\" data-end=\"372\">M\u0101j\u012bgs las\u012b\u0161anas st\u016br\u012btis<\/strong><\/em><\/h6>\n<h6 data-start=\"376\" data-end=\"524\">P\u0101rv\u0113rtiet katru st\u016bri par burv\u012bgu las\u012b\u0161anas vietu ar \u0161o burv\u012bgo spilvenu, kas rada perfektu atmosf\u0113ru, lai baud\u012btu st\u0101stu gr\u0101matas un klusus br\u012b\u017eus.<\/h6>\n<p>&nbsp;<\/p>\n<h6 data-start=\"526\" data-end=\"555\"><em><strong data-start=\"530\" data-end=\"553\">Jautrs rota\u013cu biedrs<\/strong><\/em><\/h6>\n<h6 data-start=\"557\" data-end=\"681\">Vieglais un uzticamais l\u0101\u010da spilvens pavad\u012bs j\u016bsu b\u0113rnu visos piedz\u012bvojumos m\u0101j\u0101s, vienm\u0113r gatavs rota\u013c\u0101m un gl\u0101stiem.<\/h6>\n<p>&nbsp;<\/p>\n<h6 data-start=\"683\" data-end=\"717\"><em><strong data-start=\"687\" data-end=\"715\">Saliekama iztur\u012bba<\/strong><\/em><\/h6>\n<h6 data-start=\"719\" data-end=\"861\">No augstas kvalit\u0101tes dab\u012bga auduma izgatavotais l\u0101\u010da spilvens ir m\u012bksts un maigs, ta\u010du paredz\u0113ts, lai iztur\u0113tu ikdienas apsk\u0101vienus un rota\u013cu steigas.<\/h6>\n<p>&nbsp;<\/p>\n<h6 data-start=\"863\" data-end=\"912\"><em><strong data-start=\"867\" data-end=\"910\">Ide\u0101la d\u0101vana lieliem smaidiem<\/strong><\/em><\/h6>\n<h6 data-start=\"914\" data-end=\"1070\">Mekl\u0113jat \u012bpa\u0161u d\u0101vanu? L\u0101\u010da spilvens ir sirsn\u012bgs un v\u0113rt\u012bgs p\u0101rsteigums dzim\u0161anas dien\u0101, sv\u0113tkos, noz\u012bm\u012bgos notikumos vai vienk\u0101r\u0161i sald\u0101 prieka br\u012bd\u012b!<\/h6>\n<p>&nbsp;<\/p>\n<h6><b><i>Viegla apkope<\/i><\/b><b><i><\/i><\/b><\/h6>\n<h6>Pateicoties fiksatora atv\u0113rumam, v\u0101ku ir viegli no\u0146emt un mazg\u0101t. Mazg\u0101jiet p\u0101rkl\u0101ju ar rok\u0101m (30\u00b0C) l\u012bdz\u012bg\u0101s kr\u0101s\u0101s un pakariet, lai no\u017e\u016btu.<\/h6>\n<p>&nbsp;<\/p>\n<h6><em><strong>Izgatavots ar m\u012blest\u012bbu un r\u016bp\u012bbu<\/strong><\/em><em><strong>amatniec\u012bbas<\/strong><\/em><\/h6>\n<h6 data-start=\"38\" data-end=\"329\">Ar vair\u0101k nek\u0101 desmit gadu pieredzi m\u0113s lepojamies, ka varam pieg\u0101d\u0101t liel\u0101kajiem ES mazumtirgot\u0101jiem produktus, kas ar r\u016bp\u012bbu un m\u012blest\u012bbu ra\u017eoti m\u016bsu r\u016bpn\u012bc\u0101 Latvij\u0101. M\u0113s pa\u0161i kontrol\u0113jam katru ra\u017eo\u0161anas posmu, piev\u0113r\u0161ot uzman\u012bbu viss\u012bk\u0101kaj\u0101m deta\u013c\u0101m un nep\u0101rtraukti att\u012bstot un ievie\u0161ot jaunin\u0101jumus m\u016bsu produktos.<\/h6>\n","protected":false},"excerpt":{"rendered":"<h6 data-start=\"1072\" data-end=\"1134\">Apskatiet l\u0101\u010da spilvenu - lielisku papildin\u0101jumu jebkura b\u0113rna istabai! \u0160is apburo\u0161ais spilvens ar l\u0101\u010da aus\u012bm ir ide\u0101ls rota\u013cu biedrs. Izgatavots no m\u012bksta l\u0101c\u012b\u0161a auduma, tas priec\u0113s rota\u013cu un gul\u0113tie\u0161anas laik\u0101 un iemirdz\u0113s smaidu ikviena mazu\u013ca sej\u0101!<\/h6>\n","protected":false},"featured_media":45709,"comment_status":"open","ping_status":"closed","template":"","meta":{"_acf_changed":false,"om_disable_all_campaigns":false,"_monsterinsights_skip_tracking":false,"_monsterinsights_sitenote_active":false,"_monsterinsights_sitenote_note":"","_monsterinsights_sitenote_category":0,"_uf_show_specific_survey":0,"_uf_disable_surveys":false,"site-sidebar-layout":"default","site-content-layout":"","ast-site-content-layout":"default","site-content-style":"default","site-sidebar-style":"default","ast-global-header-display":"","ast-banner-title-visibility":"","ast-main-header-display":"","ast-hfb-above-header-display":"","ast-hfb-below-header-display":"","ast-hfb-mobile-header-display":"","site-post-title":"","ast-breadcrumbs-content":"","ast-featured-img":"","footer-sml-layout":"","theme-transparent-header-meta":"default","adv-header-id-meta":"","stick-header-meta":"","header-above-stick-meta":"","header-main-stick-meta":"","header-below-stick-meta":"","astra-migrate-meta-layouts":"set","ast-page-background-enabled":"default","ast-page-background-meta":{"desktop":{"background-color":"var(--ast-global-color-4)","background-image":"","background-repeat":"repeat","background-position":"center center","background-size":"auto","background-attachment":"scroll","background-type":"","background-media":"","overlay-type":"","overlay-color":"","overlay-opacity":"","overlay-gradient":""},"tablet":{"background-color":"","background-image":"","background-repeat":"repeat","background-position":"center center","background-size":"auto","background-attachment":"scroll","background-type":"","background-media":"","overlay-type":"","overlay-color":"","overlay-opacity":"","overlay-gradient":""},"mobile":{"background-color":"","background-image":"","background-repeat":"repeat","background-position":"center center","background-size":"auto","background-attachment":"scroll","background-type":"","background-media":"","overlay-type":"","overlay-color":"","overlay-opacity":"","overlay-gradient":""}},"ast-content-background-meta":{"desktop":{"background-color":"var(--ast-global-color-5)","background-image":"","background-repeat":"repeat","background-position":"center center","background-size":"auto","background-attachment":"scroll","background-type":"","background-media":"","overlay-type":"","overlay-color":"","overlay-opacity":"","overlay-gradient":""},"tablet":{"background-color":"var(--ast-global-color-5)","background-image":"","background-repeat":"repeat","background-position":"center center","background-size":"auto","background-attachment":"scroll","background-type":"","background-media":"","overlay-type":"","overlay-color":"","overlay-opacity":"","overlay-gradient":""},"mobile":{"background-color":"var(--ast-global-color-5)","background-image":"","background-repeat":"repeat","background-position":"center center","background-size":"auto","background-attachment":"scroll","background-type":"","background-media":"","overlay-type":"","overlay-color":"","overlay-opacity":"","overlay-gradient":""}}},"product_brand":[],"product_cat":[985],"product_tag":[],"class_list":{"0":"post-54025","1":"product","2":"type-product","3":"status-publish","4":"has-post-thumbnail","6":"product_cat-wigiwama-lv","7":"desktop-align-left","8":"tablet-align-left","9":"mobile-align-left","11":"first","12":"instock","13":"sale","14":"taxable","15":"shipping-taxable","16":"purchasable","17":"product-type-variable"},"acf":[],"aioseo_notices":[],"_links":{"self":[{"href":"https:\/\/hummy.ee\/lv\/wp-json\/wp\/v2\/product\/54025","targetHints":{"allow":["GET"]}}],"collection":[{"href":"https:\/\/hummy.ee\/lv\/wp-json\/wp\/v2\/product"}],"about":[{"href":"https:\/\/hummy.ee\/lv\/wp-json\/wp\/v2\/types\/product"}],"replies":[{"embeddable":true,"href":"https:\/\/hummy.ee\/lv\/wp-json\/wp\/v2\/comments?post=54025"}],"version-history":[{"count":5,"href":"https:\/\/hummy.ee\/lv\/wp-json\/wp\/v2\/product\/54025\/revisions"}],"predecessor-version":[{"id":82585,"href":"https:\/\/hummy.ee\/lv\/wp-json\/wp\/v2\/product\/54025\/revisions\/82585"}],"wp:featuredmedia":[{"embeddable":true,"href":"https:\/\/hummy.ee\/lv\/wp-json\/wp\/v2\/media\/45709"}],"wp:attachment":[{"href":"https:\/\/hummy.ee\/lv\/wp-json\/wp\/v2\/media?parent=54025"}],"wp:term":[{"taxonomy":"product_brand","embeddable":true,"href":"https:\/\/hummy.ee\/lv\/wp-json\/wp\/v2\/product_brand?post=54025"},{"taxonomy":"product_cat","embeddable":true,"href":"https:\/\/hummy.ee\/lv\/wp-json\/wp\/v2\/product_cat?post=54025"},{"taxonomy":"product_tag","embeddable":true,"href":"https:\/\/hummy.ee\/lv\/wp-json\/wp\/v2\/product_tag?post=54025"}],"curies":[{"name":"wp","href":"https:\/\/api.w.org\/{rel}","templated":true}]}}