{"id":53890,"date":"2024-09-25T20:21:02","date_gmt":"2024-09-25T20:21:02","guid":{"rendered":"https:\/\/hummy.ee\/product\/abc-design-salsa-5-air-umbra-komplekts\/"},"modified":"2026-02-26T20:09:23","modified_gmt":"2026-02-26T20:09:23","slug":"abc-design-salsa-5-air-umbra-ratu-komplekts","status":"publish","type":"product","link":"https:\/\/hummy.ee\/lv\/product\/abc-design-salsa-5-air-umbra-ratu-komplekts\/","title":{"rendered":"ABC Design Salsa 5 Air Umbra ratu komplekts"},"content":{"rendered":"<h6><strong><em>Komplekt\u0101 ietilpst:<\/em><\/strong><\/h6>\n<ul data-spread=\"false\">\n<li>\n<h6>Ratu kulba \u2014 pla\u0161a un \u0113rta vieta mazu\u013ca pirmajiem dz\u012bves m\u0113ne\u0161iem.<\/h6>\n<\/li>\n<li>\n<h6>S\u0113\u017eam\u0101 da\u013ca \u2014 ietver ar\u012b divus da\u017e\u0101du to\u0146u s\u0113dek\u013ca ieliktn\u012b\u0161u komplektus.<\/h6>\n<\/li>\n<li>\n<h6>Organizatora soma - svar\u012bg\u0101ko piederumu glab\u0101\u0161ana pa rokai<\/h6>\n<\/li>\n<li>\n<h6>UUS CozyCloud\u00ae matracis - ergonomisks un \u013coti labi elpojo\u0161s<\/h6>\n<\/li>\n<li>\n<h6>Winter k\u0101ju maisi - lai aukst\u0101kajos m\u0113ne\u0161os jums b\u016btu silti<\/h6>\n<\/li>\n<li>\n<h6>Urban auti\u0146biks\u012b\u0161u soma - moderns un praktisks ikdienas vajadz\u012bb\u0101m<\/h6>\n<\/li>\n<\/ul>\n<h6><\/h6>\n<h6><strong><em>Maksim\u0101ls komforts un lieto\u0161anas \u0113rtums<\/em><\/strong><\/h6>\n<ul data-spread=\"false\">\n<li>\n<h6>Regul\u0113jams stum\u0161anas rokturis - \u0113rts jebkura auguma vec\u0101kiem<\/h6>\n<\/li>\n<li>\n<h6>Autokr\u0113sli\u0146a stiprin\u0101\u0161anas iesp\u0113ja \u2014 vienk\u0101r\u0161a un \u0101tra piestiprin\u0101\u0161ana ar adapteriem<\/h6>\n<\/li>\n<li>\n<h6>Univers\u0101li stiprin\u0101juma punkti - dro\u0161ai piederumu, piem\u0113ram, <a href=\"https:\/\/hummy.ee\/lv\/product\/abc-design-kruzisu-turetajs\/\" target=\"_blank\" rel=\"noopener\">kr\u016bzes tur\u0113t\u0101ja vai<\/a> <a href=\"https:\/\/hummy.ee\/lv\/product\/abc-design-lampa\/\" target=\"_blank\" rel=\"noopener\">lampas, piestiprin\u0101\u0161anai .<\/a><\/h6>\n<\/li>\n<\/ul>\n<h6><\/h6>\n<h6><strong><em>Ergonomisks un dro\u0161s dizains<\/em><\/strong><\/h6>\n<ul data-spread=\"false\">\n<li>\n<h6>Divas atsevi\u0161\u0137as atveramas ventil\u0101cijas atveres - optim\u0101lai gaisa cirkul\u0101cijai<\/h6>\n<\/li>\n<li>\n<h6>Ergonomisks CozyCloud\u00ae matracis - ar \u0137\u012b\u013ca formu galvas da\u013c\u0101, lai mazu\u013ca galva b\u016btu pacelt\u0101 st\u0101vokl\u012b.<\/h6>\n<\/li>\n<li>\n<h6>Putu matra\u010da ventil\u0101cijas atveres - nodro\u0161ina lab\u0101ku ventil\u0101ciju<\/h6>\n<\/li>\n<li>\n<h6>M\u012bkst\u0101s aizsargmalas - nov\u0113r\u0161 b\u0113rna galvas saskari ar ventil\u0101cijas logu.<\/h6>\n<\/li>\n<li>\n<h6>Salok\u0101ms \u0161\u016bpulis - viegli uzglab\u0101jams un transport\u0113jams<\/h6>\n<\/li>\n<\/ul>\n<h6><\/h6>\n<h6><strong><em>Stil\u012bgs Umbra dizains - grezn\u012bba un komforts apvienojum\u0101<\/em><\/strong><\/h6>\n<ul data-spread=\"false\">\n<li>\n<h6>Ekskluz\u012bvs stils ar mat\u0113tu melnu r\u0101mi un bordo sarkanu audumu<\/h6>\n<\/li>\n<li>\n<h6>Veg\u0101n\u0101das st\u016bres un dro\u0161\u012bbas rokturis - m\u012bksts, iztur\u012bgs un grezns<\/h6>\n<\/li>\n<li>\n<h6>Vanoise s\u0113deklis un \u0161\u016bpulis iek\u0161puse rada nomierino\u0161u atmosf\u0113ru.<\/h6>\n<\/li>\n<li>\n<h6>Main\u0101mie s\u0113dek\u013cu p\u0101rvalki (2 gab.) - veidojiet p\u0113c sav\u0101m v\u0113lm\u0113m.<\/h6>\n<\/li>\n<\/ul>\n<h6><\/h6>\n<h6><strong><em>\u012apa\u0161s komforts visiem gadalaikiem<\/em><\/strong><\/h6>\n<ul data-spread=\"false\">\n<li>\n<h6><a href=\"https:\/\/hummy.ee\/lv\/product\/abc-design-winter-ratu-maiss\/\" target=\"_blank\" rel=\"noopener\">Winter k\u0101ju maisi<\/a> - konstrukcija ar priek\u0161\u0113jo atloku, kas nodro\u0161ina mazu\u013ca siltumu un dro\u0161\u012bbu.<\/h6>\n<\/li>\n<li>\n<h6><a href=\"https:\/\/hummy.ee\/lv\/product\/abc-design-urban-ratu-soma\/\">Urban auti\u0146biks\u012b\u0161u soma -<\/a> gudri risin\u0101jumi, ko \u0113rti n\u0113s\u0101t uz rokas vai pleca<\/h6>\n<\/li>\n<li>\n<h6>Liels iepirkumu grozs - l\u012bdz 5 kg svar\u012bg\u0101ko priek\u0161metu.<\/h6>\n<\/li>\n<\/ul>\n<h6><\/h6>\n<h6><strong><em>Viegli lietojams un kompakts dizains<\/em><\/strong><\/h6>\n<h6>Salsa 5 Air b\u0113rnu rati\u0146u komplekts ir ide\u0101li piem\u0113rots da\u017e\u0101da auguma vec\u0101kiem - rati\u0146u augstumu var regul\u0113t, lai atrastu pareizo poz\u012bciju. Pateicoties kompaktajam salok\u0101majam meh\u0101nismam, rati\u0146us var \u0101tri un viegli saloc\u012bt, pat ja s\u0113deklis ir piestiprin\u0101ts pie r\u0101mja.<\/h6>\n<p>&nbsp;<\/p>\n<h6><\/h6>\n<h6><strong><em>Tehniskie dati<\/em><\/strong><\/h6>\n<ul data-spread=\"false\">\n<li>\n<h6>Vecums: no dzim\u0161anas l\u012bdz 22 kg<\/h6>\n<\/li>\n<li>\n<h6>Izmanto\u0161anas jomas: asfalts, bru\u0123akmens, grants ce\u013ci, me\u017ea ce\u013ci.<\/h6>\n<\/li>\n<li>\n<h6>Kop\u0113j\u0101 kravnes\u012bba: 27 kg<\/h6>\n<\/li>\n<li>\n<h6>Augstums atv\u0113rt\u0101 st\u0101vokl\u012b: 95,5 x 63,0 x 118,0 cm<\/h6>\n<\/li>\n<li>\n<h6>Saloc\u012bt\u0101 veid\u0101: 86,0 x 63,0 x 42,0 cm<\/h6>\n<\/li>\n<li>\n<h6>R\u0101mja svars: 10,1 kg, s\u0113dek\u013ca svars: 4,8 kg.<\/h6>\n<\/li>\n<li>\n<h6>Priek\u0161\u0113j\u0101 rite\u0146a izm\u0113rs: 24,5 cm, aizmugur\u0113j\u0101 rite\u0146a izm\u0113rs: 27,5 cm.<\/h6>\n<\/li>\n<li>\n<h6>Regul\u0113jams roktura augstums: 98,0 - 107,5 cm<\/h6>\n<\/li>\n<\/ul>\n<h6><\/h6>\n<h6><strong><em>Savietojam\u012bba ar dro\u0161\u012bbas palikt\u0146iem:<\/em><\/strong><\/h6>\n<h6>Salsa 5 Air ir sader\u012bgs ar \u0161\u0101diem autokr\u0113sli\u0146iem, nodro\u0161inot dro\u0161u un \u0113rtu brauk\u0161anu j\u016bsu b\u0113rnam:<\/h6>\n<ul>\n<li>\n<h6>ABC Design: TulIp<\/h6>\n<\/li>\n<li>\n<h6>Maxi-Cosi: City, Convertible-Fix, Coral, Pebble, Pebble Plus, Pebble Pro, Pebble 360, Pebble 360 Pro, Pebble 360 Pro 2.<\/h6>\n<\/li>\n<li>\n<h6>Cybex: Aton, Aton 5, Aton M, Aton M i-size, Aton Q, Aton Q Plus, Aton Q i-size, Cloud T, Cloud Q, Cloud Q Plus, Cloud Z i-size, Cloud Z2 i-size.<\/h6>\n<\/li>\n<li>\n<h6>Joie: i-Gemm<\/h6>\n<\/li>\n<li>\n<h6>BeSafe: iZi Go Modular X1 i-Size<\/h6>\n<\/li>\n<li>\n<h6>Avionaut: Cosmo, Pixel, Pro<\/h6>\n<\/li>\n<li>\n<h6>Nuna: Pipa Next i-Size, ARRA Next<\/h6>\n<\/li>\n<\/ul>\n<h6><\/h6>\n<h6><strong><em>K\u0101p\u0113c izv\u0113l\u0113ties Salsa 5 Air rati\u0146u komplektu?<\/em><\/strong><\/h6>\n<h6>Salsa 5 Air ir ide\u0101ls sabiedrotais gan pils\u0113t\u0101, gan bezce\u013cos. T\u0101 augstas kvalit\u0101tes dizains, pneimatiskie rite\u0146i un regul\u0113jams atzveltnes balsts padara katru pastaigu raitu un pat\u012bkamu. Pilns rati\u0146u komplekts nodro\u0161ina, ka j\u016bsu r\u012bc\u012bb\u0101 ir viss nepiecie\u0161amais b\u0113rna komfortam un dro\u0161\u012bbai.<\/h6>\n<p>&nbsp;<\/p>\n<h6><\/h6>\n<h6><strong><em>Komforts un dro\u0161\u012bba jau no pirm\u0101s dienas<\/em><\/strong><\/h6>\n<h6>ABC Design Salsa 5 Air ratu kulba nodro\u0161ina j\u016bsu mazulim maksim\u0101lu komfortu un dro\u0161\u012bbu. Ergonomiskais CozyCloud\u00ae matracis kop\u0101 ar elpojo\u0161u materi\u0101lu pal\u012bdz uztur\u0113t ide\u0101lu gul\u0113\u0161anas poz\u012bciju. Ar diviem atsevi\u0161\u0137i atveramiem ventil\u0101cijas logiem tiek nodro\u0161in\u0101ta optim\u0101la gaisa cirkul\u0101cija, un nepiecie\u0161am\u012bbas gad\u012bjum\u0101 ratu kulbu var \u0113rti saloc\u012bt, taupot vietu.<\/h6>\n<p>&nbsp;<\/p>\n<h6>Kad j\u016bsu b\u0113rns paaugsies, ratu kulbu var nomain\u012bt pret s\u0113\u017eamo da\u013cu, kas piln\u012bb\u0101 piel\u0101gojas b\u0113rna vajadz\u012bb\u0101m. Regul\u0113jamais atzveltnes le\u0146\u0137is \u013cauj izv\u0113l\u0113ties starp \u010detriem da\u017e\u0101diem sl\u012bpuma st\u0101vok\u013ciem, tostarp piln\u012bgi horizont\u0101lu. Elpojo\u0161\u0101 s\u0113dek\u013ca spilvens un atzveltnes ventil\u0101cijas logs nodro\u0161ina pat\u012bkamu s\u0113d\u0113\u0161anas klimatu.<\/h6>\n<p>&nbsp;<\/p>\n<h6>HappyBelt\u00ae 5punktu dro\u0161\u012bbas siksnas ar magn\u0113tiskajiem stiprin\u0101jumiem \u013cauj viegli un dro\u0161i nostiprin\u0101t b\u0113rnu. Plecu polster\u0113t\u0101s siksnas paliek sav\u0101 viet\u0101, lai b\u0113rnam vienm\u0113r b\u016btu \u0113rti un dro\u0161i.<\/h6>\n<h6><\/h6>\n<p>&nbsp;<\/p>\n<h6><em>Noskatieties iepaz\u012b\u0161an\u0101s <a href=\"https:\/\/www.youtube.com\/watch?v=bgXpSkp35MI\">videoklipu<\/a>, lai uzzin\u0101tu vair\u0101k.<\/em><\/h6>\n<h6 class=\"wp-block-column\"><em>Pareizie rite\u0146i padara b\u0113rnu rati\u0146u lieto\u0161anu daudz \u0113rt\u0101ku! Uzziniet, k\u0101 izv\u0113l\u0113ties sev piem\u0113rot\u0101ko risin\u0101jumu, Hummy <a href=\"https:\/\/hummy.ee\/lv\/kuru-bernu-ratinus-ar-riteniem-izveleties\/\" target=\"_blank\" rel=\"nofollow noopener\">blog\u0101.<\/a> <\/em><\/h6>\n","protected":false},"excerpt":{"rendered":"<h6 data-pm-slice=\"1 1 []\">ABC Design Salsa 5 Air Umbra ratu komplekts \u2014 ide\u0101ls rati\u0146\u0161 jebkuram reljefam! Mekl\u0113jat rati\u0146us, kas piem\u0113roti gan pils\u0113tas iel\u0101m, gan piedz\u012bvojumiem dab\u0101? Salsa 5 Air ir j\u016bsu ide\u0101l\u0101 izv\u0113le! Lieli gaisa rite\u0146i, kvalitat\u012bvas lod\u012b\u0161u gult\u0146i un integr\u0113ta amortiz\u0101cija nodro\u0161ina maksim\u0101lu komfortu un vienm\u0113r\u012bgu brauk\u0161anu jebkur\u0101 segum\u0101 \u2014 gan pa gludiem asfalt\u0113tajiem ce\u013ciem, gan me\u017ea tak\u0101m.<\/h6>\n","protected":false},"featured_media":37689,"comment_status":"closed","ping_status":"closed","template":"","meta":{"_acf_changed":false,"om_disable_all_campaigns":false,"_monsterinsights_skip_tracking":false,"_monsterinsights_sitenote_active":false,"_monsterinsights_sitenote_note":"","_monsterinsights_sitenote_category":0,"_uf_show_specific_survey":0,"_uf_disable_surveys":false,"site-sidebar-layout":"default","site-content-layout":"","ast-site-content-layout":"default","site-content-style":"default","site-sidebar-style":"default","ast-global-header-display":"","ast-banner-title-visibility":"","ast-main-header-display":"","ast-hfb-above-header-display":"","ast-hfb-below-header-display":"","ast-hfb-mobile-header-display":"","site-post-title":"","ast-breadcrumbs-content":"","ast-featured-img":"","footer-sml-layout":"","theme-transparent-header-meta":"default","adv-header-id-meta":"","stick-header-meta":"","header-above-stick-meta":"","header-main-stick-meta":"","header-below-stick-meta":"","astra-migrate-meta-layouts":"set","ast-page-background-enabled":"default","ast-page-background-meta":{"desktop":{"background-color":"var(--ast-global-color-4)","background-image":"","background-repeat":"repeat","background-position":"center center","background-size":"auto","background-attachment":"scroll","background-type":"","background-media":"","overlay-type":"","overlay-color":"","overlay-opacity":"","overlay-gradient":""},"tablet":{"background-color":"","background-image":"","background-repeat":"repeat","background-position":"center center","background-size":"auto","background-attachment":"scroll","background-type":"","background-media":"","overlay-type":"","overlay-color":"","overlay-opacity":"","overlay-gradient":""},"mobile":{"background-color":"","background-image":"","background-repeat":"repeat","background-position":"center center","background-size":"auto","background-attachment":"scroll","background-type":"","background-media":"","overlay-type":"","overlay-color":"","overlay-opacity":"","overlay-gradient":""}},"ast-content-background-meta":{"desktop":{"background-color":"var(--ast-global-color-5)","background-image":"","background-repeat":"repeat","background-position":"center center","background-size":"auto","background-attachment":"scroll","background-type":"","background-media":"","overlay-type":"","overlay-color":"","overlay-opacity":"","overlay-gradient":""},"tablet":{"background-color":"var(--ast-global-color-5)","background-image":"","background-repeat":"repeat","background-position":"center center","background-size":"auto","background-attachment":"scroll","background-type":"","background-media":"","overlay-type":"","overlay-color":"","overlay-opacity":"","overlay-gradient":""},"mobile":{"background-color":"var(--ast-global-color-5)","background-image":"","background-repeat":"repeat","background-position":"center center","background-size":"auto","background-attachment":"scroll","background-type":"","background-media":"","overlay-type":"","overlay-color":"","overlay-opacity":"","overlay-gradient":""}}},"product_brand":[],"product_cat":[526,432,320],"product_tag":[],"class_list":{"0":"post-53890","1":"product","2":"type-product","3":"status-publish","4":"has-post-thumbnail","6":"product_cat-abc-dizains","7":"product_cat-cisternu","8":"product_cat-uncategorized-lv","9":"desktop-align-left","10":"tablet-align-left","11":"mobile-align-left","13":"first","14":"instock","15":"taxable","16":"shipping-taxable","17":"purchasable","18":"product-type-simple"},"acf":[],"aioseo_notices":[],"_links":{"self":[{"href":"https:\/\/hummy.ee\/lv\/wp-json\/wp\/v2\/product\/53890","targetHints":{"allow":["GET"]}}],"collection":[{"href":"https:\/\/hummy.ee\/lv\/wp-json\/wp\/v2\/product"}],"about":[{"href":"https:\/\/hummy.ee\/lv\/wp-json\/wp\/v2\/types\/product"}],"replies":[{"embeddable":true,"href":"https:\/\/hummy.ee\/lv\/wp-json\/wp\/v2\/comments?post=53890"}],"version-history":[{"count":10,"href":"https:\/\/hummy.ee\/lv\/wp-json\/wp\/v2\/product\/53890\/revisions"}],"predecessor-version":[{"id":84880,"href":"https:\/\/hummy.ee\/lv\/wp-json\/wp\/v2\/product\/53890\/revisions\/84880"}],"wp:featuredmedia":[{"embeddable":true,"href":"https:\/\/hummy.ee\/lv\/wp-json\/wp\/v2\/media\/37689"}],"wp:attachment":[{"href":"https:\/\/hummy.ee\/lv\/wp-json\/wp\/v2\/media?parent=53890"}],"wp:term":[{"taxonomy":"product_brand","embeddable":true,"href":"https:\/\/hummy.ee\/lv\/wp-json\/wp\/v2\/product_brand?post=53890"},{"taxonomy":"product_cat","embeddable":true,"href":"https:\/\/hummy.ee\/lv\/wp-json\/wp\/v2\/product_cat?post=53890"},{"taxonomy":"product_tag","embeddable":true,"href":"https:\/\/hummy.ee\/lv\/wp-json\/wp\/v2\/product_tag?post=53890"}],"curies":[{"name":"wp","href":"https:\/\/api.w.org\/{rel}","templated":true}]}}