{"id":53826,"date":"2024-10-01T11:54:26","date_gmt":"2024-10-01T11:54:26","guid":{"rendered":"https:\/\/hummy.ee\/product\/abc-design-avus-2-air-ratini\/"},"modified":"2026-02-26T11:27:43","modified_gmt":"2026-02-26T11:27:43","slug":"abc-design-avus-2-air-ratini","status":"publish","type":"product","link":"https:\/\/hummy.ee\/lv\/product\/abc-design-avus-2-air-ratini\/","title":{"rendered":"ABC Design ratini Avus 2 Air"},"content":{"rendered":"<h6 data-start=\"508\" data-end=\"538\"><strong><em>Komplekt\u0101 ietilpst:<\/em><\/strong><\/h6>\n<ul data-start=\"539\" data-end=\"590\">\n<li data-start=\"539\" data-end=\"553\">\n<h6>S\u0113dvietas<\/h6>\n<\/li>\n<li data-start=\"554\" data-end=\"567\">\n<h6>Dro\u0161\u012bbas stienis<\/h6>\n<\/li>\n<li data-start=\"568\" data-end=\"590\">\n<h6>XXL saulessargs (UPF 50+) - aizsarg\u0101 b\u0113rnu no saules un v\u0113ja<\/h6>\n<\/li>\n<\/ul>\n<h6 data-start=\"592\" data-end=\"643\"><strong><em>Maksim\u0101ls komforts un \u0113rta lieto\u0161ana<\/em><\/strong><\/h6>\n<h6 data-start=\"644\" data-end=\"937\">Groz\u0101mie priek\u0161\u0113jie rite\u0146i atvieglo manevr\u0113\u0161anu pat \u0161aur\u0101s iel\u0101s. Turkl\u0101t atzveltne un k\u0101ju balsts ir piln\u012bb\u0101 regul\u0113jami, \u013caujot j\u016bsu mazulim izbaud\u012bt braucienu gan s\u0113\u017eot, gan gu\u013cot.<\/h6>\n<h6 data-start=\"939\" data-end=\"1255\">Vec\u0101kiem Avus 2 Air rati\u0146i ir \u013coti praktiski - st\u0101vbremze atrodas tie\u0161i uz aizmugur\u0113j\u0101 rite\u0146a, atst\u0101jot vair\u0101k vietas k\u0101j\u0101m un padarot pastaigas \u0113rt\u0101kas. B\u0113rnu rati\u0146i ir \u0101tri un viegli saliekami - sl\u0113ptais rokturis \u013cauj tos saloc\u012bt tikai ar vienu roku. T\u0101 kompaktais dizains \u013cauj to viegli ievietot automa\u0161\u012bn\u0101 vai noliktav\u0101.<\/h6>\n<p>&nbsp;<\/p>\n<h6 data-start=\"1257\" data-end=\"1307\"><strong><em>Ce\u013co\u0161anas sist\u0113ma un vied\u0101s papildier\u012bces<\/em><\/strong><\/h6>\n<h6 data-start=\"1308\" data-end=\"1588\">Autos\u0113dekl\u012bti Avus 2 Air var p\u0101rveidot par ce\u013cojumu sist\u0113mu, kas piem\u0113rota lieto\u0161anai no dzim\u0161anas, izmantojot \u0161\u016bpu\u013ca adapterus. ABC Design univers\u0101lie stiprin\u0101jumi \u013cauj viegli pievienot t\u0101dus piederumus k\u0101 auti\u0146biks\u012b\u0161u soma, kr\u016bz\u012b\u0161u tur\u0113t\u0101js vai lampi\u0146a, padarot ikdienas dz\u012bvi v\u0113l \u0113rt\u0101ku.<\/h6>\n<p>&nbsp;<\/p>\n<h6 data-start=\"1590\" data-end=\"1628\"><strong><em>Galven\u0101s iez\u012bmes un priek\u0161roc\u012bbas:<\/em><\/strong><\/h6>\n<ul>\n<li data-start=\"1629\" data-end=\"2044\">\n<h6>Piekare ar liel\u0101m pneimatiskaj\u0101m atsper\u0113m<\/h6>\n<\/li>\n<li data-start=\"1629\" data-end=\"2044\">\n<h6>Salok\u0101ms ar vienu roku - \u0101tra un vienk\u0101r\u0161a uzglab\u0101\u0161ana<\/h6>\n<\/li>\n<li data-start=\"1629\" data-end=\"2044\">\n<h6>XXL saulessargs (UPF 50+) - aizsarg\u0101 b\u0113rnu no saules un v\u0113ja<\/h6>\n<\/li>\n<li data-start=\"1629\" data-end=\"2044\">\n<h6>Regul\u0113jams atzveltnes un k\u0101ju balsts - b\u0113rna komfortam jebkur\u0101 st\u0101vokl\u012b<\/h6>\n<\/li>\n<li data-start=\"1629\" data-end=\"2044\">\n<h6>Savietojam\u012bba ar dro\u0161\u012bbas jomu - piel\u0101gojama ce\u013co\u0161anai no dzim\u0161anas<\/h6>\n<\/li>\n<li data-start=\"1629\" data-end=\"2044\">\n<h6>\u016adensnecaurlaid\u012bgs audums - iztur\u012bgs un viegli kopjams<\/h6>\n<\/li>\n<\/ul>\n<h6><\/h6>\n<h6 data-start=\"2046\" data-end=\"2074\"><strong><em>Tehniskie dati:<\/em><\/strong><\/h6>\n<ul data-start=\"2075\" data-end=\"2482\">\n<li data-start=\"2075\" data-end=\"2115\">\n<h6>Piem\u0113rots vecumam: no dzim\u0161anas<\/h6>\n<\/li>\n<li data-start=\"2116\" data-end=\"2146\">\n<h6>Kop\u0113j\u0101 kravnes\u012bba: 27 kg<\/h6>\n<\/li>\n<li data-start=\"2147\" data-end=\"2189\">\n<h6>Maksim\u0101lais b\u0113rna svars: l\u012bdz 22 kg<\/h6>\n<\/li>\n<li data-start=\"2190\" data-end=\"2235\">\n<h6>Liels grozs: ietilp\u012bba l\u012bdz 5 kg<\/h6>\n<\/li>\n<li data-start=\"2236\" data-end=\"2279\">\n<h6>Izm\u0113ri atv\u0113rt\u0101 st\u0101vokl\u012b (P x D): 80 x 54 cm<\/h6>\n<\/li>\n<li data-start=\"2280\" data-end=\"2322\">\n<h6>St\u016bres stie\u0146a augstums: 76,5 - 108,5 cm<\/h6>\n<\/li>\n<li data-start=\"2323\" data-end=\"2384\">\n<h6>Izm\u0113ri saloc\u012bt\u0101 veid\u0101 (garums x platums x augstums): 69 x 55,5 x 28,5 cm<\/h6>\n<\/li>\n<li data-start=\"2385\" data-end=\"2419\">\n<h6>Priek\u0161\u0113j\u0101 rite\u0146a izm\u0113rs: 19,5 cm<\/h6>\n<\/li>\n<li data-start=\"2420\" data-end=\"2455\">\n<h6>Aizmugur\u0113j\u0101 rite\u0146a izm\u0113rs: 26,5 cm<\/h6>\n<\/li>\n<li data-start=\"2456\" data-end=\"2482\">\n<h6>Izstr\u0101d\u0101juma svars: 9,3 kg<\/h6>\n<\/li>\n<\/ul>\n<h6 data-start=\"2484\" data-end=\"2519\"><strong><em>Savietojam\u012bba ar dro\u0161\u012bbas palikt\u0146iem:<\/em><\/strong><\/h6>\n<h6 data-start=\"2520\" data-end=\"2567\">Avus 2 Air ir sader\u012bgs ar \u0161\u0101diem \u0161\u016bpu\u013ciem:<\/h6>\n<ul>\n<li>\n<h6><b>ABC Design:<\/b> Tulip<\/h6>\n<\/li>\n<li>\n<h6><b>Maxi-Cosi:<\/b> City, Convertible-Fix, Coral, Pebble, Pebble Plus, Pebble Pro, Pebble 360, Pebble 360 Pro, Pebble 360 Pro 2.<\/h6>\n<\/li>\n<li>\n<h6><b>Cybex:<\/b> Aton, Aton 5, Aton M, Aton M i-size, Aton Q, Aton Q Plus, Aton Q i-size, Cloud T, Cloud Q, Cloud Q Plus, Cloud Z i-size, Cloud Z2 i-size.<\/h6>\n<\/li>\n<li>\n<h6><b>Joie:<\/b> i-Gemm<\/h6>\n<\/li>\n<li>\n<h6><b>BeSafe: <\/b>iZi Go Modular X1 i-Size<\/h6>\n<\/li>\n<li>\n<h6><b>Avionaut:<\/b> Cosmo, Pixel, Pro<\/h6>\n<\/li>\n<\/ul>\n<h6 data-start=\"2845\" data-end=\"2972\">Avus 2 Air klaidonis apvieno stilu, komfortu un praktiskumu, padarot to par ide\u0101lu izv\u0113li ikdienas lieto\u0161anai pils\u0113t\u0101 vai laukos.<\/h6>\n<p>&nbsp;<\/p>\n<h6><em>Noskatieties iepaz\u012b\u0161an\u0101s <a href=\"https:\/\/www.youtube.com\/watch?v=2eV_ZwPoM7U\">videoklipu<\/a>, lai uzzin\u0101tu vair\u0101k.<\/em><\/h6>\n<h6 class=\"wp-block-column\"><em>Pareizie rite\u0146i padara b\u0113rnu rati\u0146u lieto\u0161anu daudz \u0113rt\u0101ku! Uzziniet, k\u0101 izv\u0113l\u0113ties sev piem\u0113rot\u0101ko risin\u0101jumu, Hummy <a href=\"https:\/\/hummy.ee\/lv\/kuru-bernu-ratinus-ar-riteniem-izveleties\/\" target=\"_blank\" rel=\"nofollow noopener\">blog\u0101.<\/a> <\/em><\/h6>\n","protected":false},"excerpt":{"rendered":"<h6 class=\"wp-block-heading\">Avus 2 Air ir ide\u0101ls rati\u0146i lieto\u0161anai pils\u0113t\u0101 un laukos! Avus 2 Air ir iztur\u012bgs un daudzpus\u012bgs rati\u0146kr\u0113sls ar integr\u0113tu balstiek\u0101rtu un \u0113rt\u0101m pneimatiskaj\u0101m riep\u0101m. Liel\u0101s pneimatisk\u0101s riepas uz priek\u0161\u0113jiem un aizmugur\u0113jiem rite\u0146iem nodro\u0161ina vienm\u0113r\u012bgu brauk\u0161anu neatkar\u012bgi no reljefa vai zemes apst\u0101k\u013ciem. Pateicoties groz\u0101majiem priek\u0161\u0113jiem rite\u0146iem, Avus 2 Air ir \u012bpa\u0161i manevr\u0113tsp\u0113j\u012bgs, t\u0101p\u0113c ar to ir viegli un \u0113rti p\u0101rvietoties pa \u0161auraj\u0101m pils\u0113tas iel\u0101m vai bedrainiem parka ce\u013ciem.<\/h6>\n<h6><\/h6>\n","protected":false},"featured_media":83082,"comment_status":"closed","ping_status":"closed","template":"","meta":{"_acf_changed":false,"om_disable_all_campaigns":false,"_monsterinsights_skip_tracking":false,"_monsterinsights_sitenote_active":false,"_monsterinsights_sitenote_note":"","_monsterinsights_sitenote_category":0,"_uf_show_specific_survey":0,"_uf_disable_surveys":false,"site-sidebar-layout":"default","site-content-layout":"","ast-site-content-layout":"default","site-content-style":"default","site-sidebar-style":"default","ast-global-header-display":"","ast-banner-title-visibility":"","ast-main-header-display":"","ast-hfb-above-header-display":"","ast-hfb-below-header-display":"","ast-hfb-mobile-header-display":"","site-post-title":"","ast-breadcrumbs-content":"","ast-featured-img":"","footer-sml-layout":"","theme-transparent-header-meta":"default","adv-header-id-meta":"","stick-header-meta":"","header-above-stick-meta":"","header-main-stick-meta":"","header-below-stick-meta":"","astra-migrate-meta-layouts":"set","ast-page-background-enabled":"default","ast-page-background-meta":{"desktop":{"background-color":"var(--ast-global-color-4)","background-image":"","background-repeat":"repeat","background-position":"center center","background-size":"auto","background-attachment":"scroll","background-type":"","background-media":"","overlay-type":"","overlay-color":"","overlay-opacity":"","overlay-gradient":""},"tablet":{"background-color":"","background-image":"","background-repeat":"repeat","background-position":"center center","background-size":"auto","background-attachment":"scroll","background-type":"","background-media":"","overlay-type":"","overlay-color":"","overlay-opacity":"","overlay-gradient":""},"mobile":{"background-color":"","background-image":"","background-repeat":"repeat","background-position":"center center","background-size":"auto","background-attachment":"scroll","background-type":"","background-media":"","overlay-type":"","overlay-color":"","overlay-opacity":"","overlay-gradient":""}},"ast-content-background-meta":{"desktop":{"background-color":"var(--ast-global-color-5)","background-image":"","background-repeat":"repeat","background-position":"center center","background-size":"auto","background-attachment":"scroll","background-type":"","background-media":"","overlay-type":"","overlay-color":"","overlay-opacity":"","overlay-gradient":""},"tablet":{"background-color":"var(--ast-global-color-5)","background-image":"","background-repeat":"repeat","background-position":"center center","background-size":"auto","background-attachment":"scroll","background-type":"","background-media":"","overlay-type":"","overlay-color":"","overlay-opacity":"","overlay-gradient":""},"mobile":{"background-color":"var(--ast-global-color-5)","background-image":"","background-repeat":"repeat","background-position":"center center","background-size":"auto","background-attachment":"scroll","background-type":"","background-media":"","overlay-type":"","overlay-color":"","overlay-opacity":"","overlay-gradient":""}}},"product_brand":[],"product_cat":[526,548,432],"product_tag":[],"class_list":{"0":"post-53826","1":"product","2":"type-product","3":"status-publish","4":"has-post-thumbnail","6":"product_cat-abc-dizains","7":"product_cat-bernu-ratini","8":"product_cat-cisternu","9":"desktop-align-left","10":"tablet-align-left","11":"mobile-align-left","13":"first","14":"instock","15":"taxable","16":"shipping-taxable","17":"purchasable","18":"product-type-variable"},"acf":[],"aioseo_notices":[],"_links":{"self":[{"href":"https:\/\/hummy.ee\/lv\/wp-json\/wp\/v2\/product\/53826","targetHints":{"allow":["GET"]}}],"collection":[{"href":"https:\/\/hummy.ee\/lv\/wp-json\/wp\/v2\/product"}],"about":[{"href":"https:\/\/hummy.ee\/lv\/wp-json\/wp\/v2\/types\/product"}],"replies":[{"embeddable":true,"href":"https:\/\/hummy.ee\/lv\/wp-json\/wp\/v2\/comments?post=53826"}],"version-history":[{"count":6,"href":"https:\/\/hummy.ee\/lv\/wp-json\/wp\/v2\/product\/53826\/revisions"}],"predecessor-version":[{"id":84845,"href":"https:\/\/hummy.ee\/lv\/wp-json\/wp\/v2\/product\/53826\/revisions\/84845"}],"wp:featuredmedia":[{"embeddable":true,"href":"https:\/\/hummy.ee\/lv\/wp-json\/wp\/v2\/media\/83082"}],"wp:attachment":[{"href":"https:\/\/hummy.ee\/lv\/wp-json\/wp\/v2\/media?parent=53826"}],"wp:term":[{"taxonomy":"product_brand","embeddable":true,"href":"https:\/\/hummy.ee\/lv\/wp-json\/wp\/v2\/product_brand?post=53826"},{"taxonomy":"product_cat","embeddable":true,"href":"https:\/\/hummy.ee\/lv\/wp-json\/wp\/v2\/product_cat?post=53826"},{"taxonomy":"product_tag","embeddable":true,"href":"https:\/\/hummy.ee\/lv\/wp-json\/wp\/v2\/product_tag?post=53826"}],"curies":[{"name":"wp","href":"https:\/\/api.w.org\/{rel}","templated":true}]}}