{"id":53777,"date":"2025-03-02T20:43:30","date_gmt":"2025-03-02T20:43:30","guid":{"rendered":"https:\/\/hummy.ee\/product\/beanbag-soma-riks-originals\/"},"modified":"2026-04-30T09:56:19","modified_gmt":"2026-04-30T09:56:19","slug":"beanbag-soma-riks-originals","status":"publish","type":"product","link":"https:\/\/hummy.ee\/lv\/product\/beanbag-soma-riks-originals\/","title":{"rendered":"Beanbag maisa kr\u0113sls - Ori\u0123in\u0101ls"},"content":{"rendered":"<h6 data-start=\"0\" data-end=\"149\"><em><strong>Piem\u0113rots jebkurai telpai<\/strong><\/em><\/h6>\n<h6 data-start=\"0\" data-end=\"149\">Laika gait\u0101 nemain\u012bgs dizains un daudzveid\u012bgas kr\u0101su izv\u0113les padara beanbag jeb s\u0113\u017eammaisu par ide\u0101lu papildin\u0101jumu gan modernam, gan klasiskam interjeram.<\/h6>\n<p>&nbsp;<\/p>\n<h6><em><strong>Jauks las\u012b\u0161anas st\u016br\u012btis mazajiem<\/strong><\/em><\/h6>\n<h6>Izveidojiet m\u0101j\u012bgu vietu, kur b\u0113rni var iek\u0101rtoties ar m\u012b\u013c\u0101ko gr\u0101matu un iem\u012bl\u0113t las\u012b\u0161anu uz m\u016b\u017eu.<\/h6>\n<p>&nbsp;<\/p>\n<h6 data-start=\"302\" data-end=\"472\"><em><strong>Maiga est\u0113tika, iztur\u012bgs dizains<\/strong><\/em><\/h6>\n<h6 data-start=\"302\" data-end=\"472\">M\u0113s esam r\u016bp\u012bgi izv\u0113l\u0113ju\u0161ies augstas kvalit\u0101tes un iztur\u012bgus materi\u0101lus, lai nodro\u0161in\u0101tu, ka j\u016bsu somas kr\u0113sls kalpos ilgi un sniegs jums daudzus gadus ilgu prieku.<\/h6>\n<p>&nbsp;<\/p>\n<h6><b><i>Vienk\u0101r\u0161a kop\u0161ana<\/i><\/b><b><i><\/i><\/b><\/h6>\n<h6>Pateicoties r\u0101v\u0113jsl\u0113dz\u0113ja aizdarei, p\u0101rvalku ir viegli no\u0146emt un mazg\u0101t. Mazg\u0101jiet p\u0101rvalku ar rok\u0101m (30\u00b0C) kop\u0101 ar l\u012bdz\u012bg\u0101m kr\u0101s\u0101m un pakariniet \u017e\u0101v\u0113ties. <\/h6>\n<p>&nbsp;<\/p>\n<h6><strong><em>Ar m\u012blest\u012bbu un r\u016bp\u012bbu darin\u0101ts roku darbs<\/em><\/strong><\/h6>\n<h6 data-start=\"38\" data-end=\"329\">Ar vair\u0101k nek\u0101 desmit gadu pieredzi m\u0113s lepojamies, ka pieg\u0101d\u0101jam Eiropas Savien\u012bbas liel\u0101kajiem mazumtirgot\u0101jiem produktus, kas ar r\u016bp\u012bbu un m\u012blest\u012bbu tiek ra\u017eoti m\u016bsu pa\u0161u r\u016bpn\u012bc\u0101 Latvij\u0101. M\u0113s pa\u0161i kontrol\u0113jam katru ra\u017eo\u0161anas posmu, piev\u0113r\u0161am uzman\u012bbu pat vismaz\u0101kaj\u0101m deta\u013c\u0101m un nep\u0101rtraukti att\u012bst\u0101m un pilnveidojam savus produktus <\/h6>\n","protected":false},"excerpt":{"rendered":"<h6 data-start=\"0\" data-end=\"145\">Ikvienam ir nepiecie\u0161ama klusa vieta, kur atp\u016bsties un izlas\u012bt m\u012b\u013c\u0101ko gr\u0101matu p\u0113c garas dienas - m\u016bsu somas kr\u0113sls ir ide\u0101la izv\u0113le! T\u0101 aicino\u0161\u0101 forma \u013cauj iegrimt m\u012bkst\u0101s EPS p\u0113rl\u012bt\u0113s un patiesi atp\u016bsties. <\/h6>\n","protected":false},"featured_media":44489,"comment_status":"open","ping_status":"closed","template":"","meta":{"_acf_changed":false,"om_disable_all_campaigns":false,"_monsterinsights_skip_tracking":false,"_monsterinsights_sitenote_active":false,"_monsterinsights_sitenote_note":"","_monsterinsights_sitenote_category":0,"_uf_show_specific_survey":0,"_uf_disable_surveys":false,"site-sidebar-layout":"default","site-content-layout":"","ast-site-content-layout":"default","site-content-style":"default","site-sidebar-style":"default","ast-global-header-display":"","ast-banner-title-visibility":"","ast-main-header-display":"","ast-hfb-above-header-display":"","ast-hfb-below-header-display":"","ast-hfb-mobile-header-display":"","site-post-title":"","ast-breadcrumbs-content":"","ast-featured-img":"","footer-sml-layout":"","theme-transparent-header-meta":"default","adv-header-id-meta":"","stick-header-meta":"","header-above-stick-meta":"","header-main-stick-meta":"","header-below-stick-meta":"","astra-migrate-meta-layouts":"set","ast-page-background-enabled":"default","ast-page-background-meta":{"desktop":{"background-color":"var(--ast-global-color-4)","background-image":"","background-repeat":"repeat","background-position":"center center","background-size":"auto","background-attachment":"scroll","background-type":"","background-media":"","overlay-type":"","overlay-color":"","overlay-opacity":"","overlay-gradient":""},"tablet":{"background-color":"","background-image":"","background-repeat":"repeat","background-position":"center center","background-size":"auto","background-attachment":"scroll","background-type":"","background-media":"","overlay-type":"","overlay-color":"","overlay-opacity":"","overlay-gradient":""},"mobile":{"background-color":"","background-image":"","background-repeat":"repeat","background-position":"center center","background-size":"auto","background-attachment":"scroll","background-type":"","background-media":"","overlay-type":"","overlay-color":"","overlay-opacity":"","overlay-gradient":""}},"ast-content-background-meta":{"desktop":{"background-color":"var(--ast-global-color-5)","background-image":"","background-repeat":"repeat","background-position":"center center","background-size":"auto","background-attachment":"scroll","background-type":"","background-media":"","overlay-type":"","overlay-color":"","overlay-opacity":"","overlay-gradient":""},"tablet":{"background-color":"var(--ast-global-color-5)","background-image":"","background-repeat":"repeat","background-position":"center center","background-size":"auto","background-attachment":"scroll","background-type":"","background-media":"","overlay-type":"","overlay-color":"","overlay-opacity":"","overlay-gradient":""},"mobile":{"background-color":"var(--ast-global-color-5)","background-image":"","background-repeat":"repeat","background-position":"center center","background-size":"auto","background-attachment":"scroll","background-type":"","background-media":"","overlay-type":"","overlay-color":"","overlay-opacity":"","overlay-gradient":""}}},"product_brand":[],"product_cat":[985],"product_tag":[],"class_list":{"0":"post-53777","1":"product","2":"type-product","3":"status-publish","4":"has-post-thumbnail","6":"product_cat-wigiwama-lv","7":"desktop-align-left","8":"tablet-align-left","9":"mobile-align-left","11":"first","12":"instock","13":"taxable","14":"shipping-taxable","15":"purchasable","16":"product-type-variable"},"acf":[],"aioseo_notices":[],"_links":{"self":[{"href":"https:\/\/hummy.ee\/lv\/wp-json\/wp\/v2\/product\/53777","targetHints":{"allow":["GET"]}}],"collection":[{"href":"https:\/\/hummy.ee\/lv\/wp-json\/wp\/v2\/product"}],"about":[{"href":"https:\/\/hummy.ee\/lv\/wp-json\/wp\/v2\/types\/product"}],"replies":[{"embeddable":true,"href":"https:\/\/hummy.ee\/lv\/wp-json\/wp\/v2\/comments?post=53777"}],"version-history":[{"count":3,"href":"https:\/\/hummy.ee\/lv\/wp-json\/wp\/v2\/product\/53777\/revisions"}],"predecessor-version":[{"id":88220,"href":"https:\/\/hummy.ee\/lv\/wp-json\/wp\/v2\/product\/53777\/revisions\/88220"}],"wp:featuredmedia":[{"embeddable":true,"href":"https:\/\/hummy.ee\/lv\/wp-json\/wp\/v2\/media\/44489"}],"wp:attachment":[{"href":"https:\/\/hummy.ee\/lv\/wp-json\/wp\/v2\/media?parent=53777"}],"wp:term":[{"taxonomy":"product_brand","embeddable":true,"href":"https:\/\/hummy.ee\/lv\/wp-json\/wp\/v2\/product_brand?post=53777"},{"taxonomy":"product_cat","embeddable":true,"href":"https:\/\/hummy.ee\/lv\/wp-json\/wp\/v2\/product_cat?post=53777"},{"taxonomy":"product_tag","embeddable":true,"href":"https:\/\/hummy.ee\/lv\/wp-json\/wp\/v2\/product_tag?post=53777"}],"curies":[{"name":"wp","href":"https:\/\/api.w.org\/{rel}","templated":true}]}}