{"id":53689,"date":"2024-04-07T18:23:36","date_gmt":"2024-04-07T18:23:36","guid":{"rendered":"https:\/\/hummy.ee\/product\/leclercbaby-ietekmetajs-viegls-svars\/"},"modified":"2026-02-28T19:38:49","modified_gmt":"2026-02-28T19:38:49","slug":"leclercbaby-influencer-ratini","status":"publish","type":"product","link":"https:\/\/hummy.ee\/lv\/product\/leclercbaby-influencer-ratini\/","title":{"rendered":"Leclercbaby ratini Influencer"},"content":{"rendered":"<h6><strong><em>Komplekt\u0101 iek\u013cauts:<\/em><\/strong><\/h6>\n<ul>\n<li>\n<h6>Kr\u016b\u017eu tur\u0113t\u0101js<\/h6>\n<\/li>\n<li>\n<h6>Dro\u0161\u012bbas stienis<\/h6>\n<\/li>\n<li>\n<h6>P\u0101rvad\u0101\u0161anas soma<\/h6>\n<\/li>\n<\/ul>\n<h6><strong><em>K\u0101p\u0113c izv\u0113l\u0113ties Leclercbaby rati\u0146us?<\/em><\/strong><\/h6>\n<h6>K\u0101p\u0113c izmantot sare\u017e\u0123\u012btus un smagus parastos rati\u0146us, ja vari izv\u0113l\u0113ties kaut ko vienk\u0101r\u0161\u0101ku un praktisk\u0101ku? Paties\u012bb\u0101 Leclercbaby rati\u0146us ir \u0101rk\u0101rt\u012bgi viegli lietot \u2013 tos var saloc\u012bt un atv\u0113rt ar vienu roku. Tas noz\u012bm\u0113, ka, turot b\u0113rnu vien\u0101 rok\u0101, vari ar otru roku rati\u0146us sagatavot lieto\u0161anai.<\/p>\n<\/h6>\n<p>&nbsp;<\/p>\n<h6>V\u0113l vair\u0101k \u2013 salik\u0161ana notiek tikai ar vienu kust\u012bbu, izmantojot gravit\u0101cijas pal\u012bdz\u012bbu. At\u0161\u0137ir\u012bb\u0101 no daudz\u0101m cit\u0101m rati\u0146u sist\u0113m\u0101m m\u0113s neesam izmantoju\u0161i trauslas atsperes vai gaisa spilvenus, kas padara visu meh\u0101nismu v\u0113l iztur\u012bg\u0101ku. Protams, tas viss ietilpst ar\u012b m\u016bsu garantij\u0101!  <\/h6>\n<p>&nbsp;<\/p>\n<h6><strong><em>\u0112rt\u012bba gan jums, gan b\u0113rnam:<\/em><\/strong><\/h6>\n<ul>\n<li>\n<h6>Pirmk\u0101rt \u2013 ar magn\u0113tisku stiprin\u0101jumu aizsargsaules\/apmales p\u0101rsegs, kas nodro\u0161ina lielisku aizsardz\u012bbu.<\/h6>\n<\/li>\n<li>\n<h6>Otrk\u0101rt \u2013 tr\u012bs poz\u012bcij\u0101s regul\u0113jama atzveltne, tostarp gul\u0113\u0161anas poz\u012bcija.<\/h6>\n<\/li>\n<li>\n<h6>Tre\u0161k\u0101rt \u2013 regul\u0113jams k\u0101ju balsts maksim\u0101lai \u0113rt\u012bbai.<\/h6>\n<\/li>\n<\/ul>\n<h6><strong><em>\u0112rta lieto\u0161ana jebkur\u0101 situ\u0101cij\u0101:<\/em><\/strong><\/h6>\n<ul>\n<li>\n<h6>No\u0146emams dro\u0161\u012bbas stienis \u2013 \u0113rts un praktisks, nodro\u0161inot vieglu piek\u013cuvi b\u0113rnam.<\/h6>\n<\/li>\n<li>\n<h6>Magn\u0113tisk\u0101 piecu punktu dro\u0161\u012bbas josta \u2013 nodro\u0161ina b\u0113rna dro\u0161\u012bbu un vienlaikus ir \u0101tri un viegli lietojama vec\u0101kiem.<\/h6>\n<\/li>\n<li>\n<h6>Amortiz\u0101cija visiem \u010detriem rite\u0146iem \u2013 gluda un m\u012bksta brauk\u0161ana pat nevienm\u0113r\u012bg\u0101 virsm\u0101.<\/h6>\n<\/li>\n<li>\n<h6>Liela k\u0101ju bremze \u2013 nodro\u0161ina dro\u0161\u012bbu un \u0113rtu lieto\u0161anu.<\/h6>\n<\/li>\n<li>\n<h6>Auti\u0146somu stiprin\u0101\u0161anas vietas \u2013 \u013cauj viegli piestiprin\u0101t somu pie rati\u0146iem.<\/h6>\n<\/li>\n<\/ul>\n<h6><em><strong>Uzticama aizsardz\u012bba jebk\u0101dos laika apst\u0101k\u013cos:<\/strong><\/em><\/h6>\n<ul>\n<li>\n<h6>Gar\u0161 saules p\u0101rsegs ar SPF 50+ aizsardz\u012bbu \u2013 aizsarg\u0101 b\u0113rnu no kait\u012bgajiem UV stariem un tie\u0161iem saules stariem.<\/h6>\n<\/li>\n<li>\n<h6>600D \u016bdensiztur\u012bgs audums \u2013 iztur\u012bgs un laikapst\u0101k\u013cu iztur\u012bgs materi\u0101ls, kas aizsarg\u0101 pret lietu un mitrumu.<\/h6>\n<\/li>\n<li>\n<h6>Kvalitat\u012bvi materi\u0101li:<\/h6>\n<\/li>\n<li>\n<h6>Rokturis un dro\u0161\u012bbas stien\u012b\u0161i ar m\u0101ksl\u012bg\u0101s \u0101das p\u0101rkl\u0101jumu \u2013 m\u012bksti, iztur\u012bgi un elegant\u0101 izskat\u0101.<\/h6>\n<\/li>\n<li>\n<h6>Stipra un iztur\u012bga ce\u013cojumu soma \u2013 atvieglo rati\u0146u uzglab\u0101\u0161anu un p\u0101rvad\u0101\u0161anu.<\/h6>\n<\/li>\n<li>\n<h6>100% PU rite\u0146i \u2013 iztur\u012bgi un gludi ripojo\u0161i, nodro\u0161inot lielisku vad\u0101m\u012bbu.<\/h6>\n<\/li>\n<\/ul>\n<h6><em><strong>Tehniskie dati un lieto\u0161anas inform\u0101cija:<\/strong><\/em><\/h6>\n<ul>\n<li>\n<h6>Ar vienu kust\u012bbu salok\u0101ms un atverams \u2013 \u0101trs un vienk\u0101r\u0161s meh\u0101nisms, kas taupa laiku un p\u016bles.<\/h6>\n<\/li>\n<li>\n<h6>Rokas bag\u0101\u017eas izm\u0113ra \u2013 iederas lidma\u0161\u012bnas salon\u0101 bag\u0101\u017eas plaukt\u0101.<\/h6>\n<\/li>\n<li>\n<h6>Piem\u0113rots no 6 m\u0113ne\u0161u vecuma l\u012bdz 22\u202fkg (aptuveni l\u012bdz 5 gadu  vecumam<\/h6>\n<\/li>\n<li>\n<h6>Pieejami da\u017e\u0101di mode\u013ci, k\u0101 ar\u012b komplekti ar rati\u0146u grozu.<\/h6>\n<\/li>\n<li>\n<h6>Izm\u0113ri saloc\u012bt\u0101 veid\u0101: 56 x 47 x 24 cm.<\/h6>\n<\/li>\n<li>\n<h6>Svars: 6,6 kg<\/h6>\n<\/li>\n<\/ul>\n<h6><em>Las\u012bt vair\u0101k par to, k\u0101 izv\u0113l\u0113ties vieglo rati\u0146u Hummy <a href=\"https:\/\/hummy.ee\/lv\/ka-izveleties-vieglus-ratinus\/\" target=\"_blank\" rel=\"noopener\">blog\u0101<\/a>.<\/em><\/h6>\n<h6><em>Apskatiet Infuencer rati\u0146us <a href=\"https:\/\/www.youtube.com\/watch?v=g6HBcJQz3l8\" target=\"_blank\" rel=\"noopener\">\u0161eit.<\/a><\/em><\/h6>\n","protected":false},"excerpt":{"rendered":"<h6>Ar saviem \u0161okol\u0101des br\u016bnajiem un roz\u0101 akcentiem Leclercbaby Influencer rati\u0146i tirg\u016b noteikti ir trendu veidot\u0101ji. Tajos apvienotas skaistas kr\u0101sas, pat\u012bkami materi\u0101li un m\u016bsu \u012bpa\u0161i \u0113rt\u0101 autom\u0101tisk\u0101 saloc\u012b\u0161anas meh\u0101nisma sist\u0113ma ar vienu kust\u012bbu. M\u016bsu jaunaj\u0101 trendu veidot\u0101ju s\u0113rij\u0101 ietilpst \u010detri moderni un pievilc\u012bgi mode\u013ci ar melnu vai met\u0101liski to\u0146iem r\u0101mjiem.<br \/>  <\/h6>\n","protected":false},"featured_media":78634,"comment_status":"closed","ping_status":"closed","template":"","meta":{"_acf_changed":false,"om_disable_all_campaigns":false,"_monsterinsights_skip_tracking":false,"_monsterinsights_sitenote_active":false,"_monsterinsights_sitenote_note":"","_monsterinsights_sitenote_category":0,"_uf_show_specific_survey":0,"_uf_disable_surveys":false,"site-sidebar-layout":"default","site-content-layout":"","ast-site-content-layout":"default","site-content-style":"default","site-sidebar-style":"default","ast-global-header-display":"","ast-banner-title-visibility":"","ast-main-header-display":"","ast-hfb-above-header-display":"","ast-hfb-below-header-display":"","ast-hfb-mobile-header-display":"","site-post-title":"","ast-breadcrumbs-content":"","ast-featured-img":"","footer-sml-layout":"","theme-transparent-header-meta":"default","adv-header-id-meta":"","stick-header-meta":"","header-above-stick-meta":"","header-main-stick-meta":"","header-below-stick-meta":"","astra-migrate-meta-layouts":"set","ast-page-background-enabled":"default","ast-page-background-meta":{"desktop":{"background-color":"var(--ast-global-color-4)","background-image":"","background-repeat":"repeat","background-position":"center center","background-size":"auto","background-attachment":"scroll","background-type":"","background-media":"","overlay-type":"","overlay-color":"","overlay-opacity":"","overlay-gradient":""},"tablet":{"background-color":"","background-image":"","background-repeat":"repeat","background-position":"center center","background-size":"auto","background-attachment":"scroll","background-type":"","background-media":"","overlay-type":"","overlay-color":"","overlay-opacity":"","overlay-gradient":""},"mobile":{"background-color":"","background-image":"","background-repeat":"repeat","background-position":"center center","background-size":"auto","background-attachment":"scroll","background-type":"","background-media":"","overlay-type":"","overlay-color":"","overlay-opacity":"","overlay-gradient":""}},"ast-content-background-meta":{"desktop":{"background-color":"var(--ast-global-color-5)","background-image":"","background-repeat":"repeat","background-position":"center center","background-size":"auto","background-attachment":"scroll","background-type":"","background-media":"","overlay-type":"","overlay-color":"","overlay-opacity":"","overlay-gradient":""},"tablet":{"background-color":"var(--ast-global-color-5)","background-image":"","background-repeat":"repeat","background-position":"center center","background-size":"auto","background-attachment":"scroll","background-type":"","background-media":"","overlay-type":"","overlay-color":"","overlay-opacity":"","overlay-gradient":""},"mobile":{"background-color":"var(--ast-global-color-5)","background-image":"","background-repeat":"repeat","background-position":"center center","background-size":"auto","background-attachment":"scroll","background-type":"","background-media":"","overlay-type":"","overlay-color":"","overlay-opacity":"","overlay-gradient":""}}},"product_brand":[],"product_cat":[431,351,432],"product_tag":[],"class_list":{"0":"post-53689","1":"product","2":"type-product","3":"status-publish","4":"has-post-thumbnail","6":"product_cat-ratini","7":"product_cat-leclercbaby-lv","8":"product_cat-cisternu","9":"desktop-align-left","10":"tablet-align-left","11":"mobile-align-left","13":"first","14":"instock","15":"sale","16":"taxable","17":"shipping-taxable","18":"purchasable","19":"product-type-variable"},"acf":[],"aioseo_notices":[],"_links":{"self":[{"href":"https:\/\/hummy.ee\/lv\/wp-json\/wp\/v2\/product\/53689","targetHints":{"allow":["GET"]}}],"collection":[{"href":"https:\/\/hummy.ee\/lv\/wp-json\/wp\/v2\/product"}],"about":[{"href":"https:\/\/hummy.ee\/lv\/wp-json\/wp\/v2\/types\/product"}],"replies":[{"embeddable":true,"href":"https:\/\/hummy.ee\/lv\/wp-json\/wp\/v2\/comments?post=53689"}],"version-history":[{"count":22,"href":"https:\/\/hummy.ee\/lv\/wp-json\/wp\/v2\/product\/53689\/revisions"}],"predecessor-version":[{"id":85046,"href":"https:\/\/hummy.ee\/lv\/wp-json\/wp\/v2\/product\/53689\/revisions\/85046"}],"wp:featuredmedia":[{"embeddable":true,"href":"https:\/\/hummy.ee\/lv\/wp-json\/wp\/v2\/media\/78634"}],"wp:attachment":[{"href":"https:\/\/hummy.ee\/lv\/wp-json\/wp\/v2\/media?parent=53689"}],"wp:term":[{"taxonomy":"product_brand","embeddable":true,"href":"https:\/\/hummy.ee\/lv\/wp-json\/wp\/v2\/product_brand?post=53689"},{"taxonomy":"product_cat","embeddable":true,"href":"https:\/\/hummy.ee\/lv\/wp-json\/wp\/v2\/product_cat?post=53689"},{"taxonomy":"product_tag","embeddable":true,"href":"https:\/\/hummy.ee\/lv\/wp-json\/wp\/v2\/product_tag?post=53689"}],"curies":[{"name":"wp","href":"https:\/\/api.w.org\/{rel}","templated":true}]}}